{"id":9011,"date":"2024-01-15T07:29:37","date_gmt":"2024-01-15T06:29:37","guid":{"rendered":"https:\/\/www.fwa-ffo.de\/wp2\/?page_id=9011"},"modified":"2024-01-15T07:45:08","modified_gmt":"2024-01-15T06:45:08","slug":"schuelerpraktika","status":"publish","type":"page","link":"https:\/\/www.fwa-ffo.de\/wp2\/ueber-uns\/karriere\/schuelerpraktika\/","title":{"rendered":"Sch\u00fclerpraktika"},"content":{"rendered":"\t\t<div data-elementor-type=\"wp-page\" data-elementor-id=\"9011\" class=\"elementor elementor-9011\" data-elementor-post-type=\"page\">\n\t\t\t\t\t\t<section class=\"elementor-section elementor-top-section elementor-element elementor-element-bf4e561 elementor-section-boxed elementor-section-height-default elementor-section-height-default\" data-id=\"bf4e561\" data-element_type=\"section\" data-e-type=\"section\">\n\t\t\t\t\t\t<div class=\"elementor-container elementor-column-gap-default\">\n\t\t\t\t\t<div class=\"elementor-column elementor-col-100 elementor-top-column elementor-element elementor-element-2cfca7b\" data-id=\"2cfca7b\" data-element_type=\"column\" data-e-type=\"column\">\n\t\t\t<div class=\"elementor-widget-wrap elementor-element-populated\">\n\t\t\t\t\t\t<div class=\"elementor-element elementor-element-7ca7804 elementor-widget elementor-widget-heading\" data-id=\"7ca7804\" data-element_type=\"widget\" data-e-type=\"widget\" data-widget_type=\"heading.default\">\n\t\t\t\t<div class=\"elementor-widget-container\">\n\t\t\t\t\t<h2 class=\"elementor-heading-title elementor-size-default\">Sch\u00fclerpraktika<\/h2>\t\t\t\t<\/div>\n\t\t\t\t<\/div>\n\t\t\t\t<div class=\"elementor-element elementor-element-7414d44 elementor-widget elementor-widget-spacer\" data-id=\"7414d44\" data-element_type=\"widget\" data-e-type=\"widget\" data-widget_type=\"spacer.default\">\n\t\t\t\t<div class=\"elementor-widget-container\">\n\t\t\t\t\t\t\t<div class=\"elementor-spacer\">\n\t\t\t<div class=\"elementor-spacer-inner\"><\/div>\n\t\t<\/div>\n\t\t\t\t\t\t<\/div>\n\t\t\t\t<\/div>\n\t\t\t\t<div class=\"elementor-element elementor-element-6d645d5 elementor-widget elementor-widget-text-editor\" data-id=\"6d645d5\" data-element_type=\"widget\" data-e-type=\"widget\" data-widget_type=\"text-editor.default\">\n\t\t\t\t<div class=\"elementor-widget-container\">\n\t\t\t\t\t\t\t\t\t<b>Du interessierst Dich f\u00fcr Umweltberufe und Technik,<\/b><br><br>\n\n<b>wei\u00dft jedoch noch nicht so richtig, ob das was f\u00fcr Dich ist?<\/b>\t\t\t\t\t\t\t\t<\/div>\n\t\t\t\t<\/div>\n\t\t\t\t<div class=\"elementor-element elementor-element-a146b43 elementor-widget elementor-widget-spacer\" data-id=\"a146b43\" data-element_type=\"widget\" data-e-type=\"widget\" data-widget_type=\"spacer.default\">\n\t\t\t\t<div class=\"elementor-widget-container\">\n\t\t\t\t\t\t\t<div class=\"elementor-spacer\">\n\t\t\t<div class=\"elementor-spacer-inner\"><\/div>\n\t\t<\/div>\n\t\t\t\t\t\t<\/div>\n\t\t\t\t<\/div>\n\t\t\t\t<div class=\"elementor-element elementor-element-e3a28a9 elementor-widget elementor-widget-text-editor\" data-id=\"e3a28a9\" data-element_type=\"widget\" data-e-type=\"widget\" data-widget_type=\"text-editor.default\">\n\t\t\t\t<div class=\"elementor-widget-container\">\n\t\t\t\t\t\t\t\t\t<p>Dann probiere Dich aus und mach bei uns ein Praktikum!<\/p><p>Auf der Kl\u00e4ranlage Frankfurt (Oder), im Bereich Rohrnetz (Trinkwasser) und im Wasserwerk Briesen sind Praktika m\u00f6glich.<\/p><p>Neben den Sch\u00fclerbetriebspraktika in der 9. oder 10. Klasse bieten wir auch individuelle M\u00f6glichkeiten an, um in die Arbeit der Trinkwasserversorgung und Abwasserentsorgung hineinzuschnuppern.<\/p><p>Du hast Interesse? Dann sprich uns einfach an!<\/p><p>Kontakt:<br \/>Birgit Zirr<br \/>Tel.: 0335 55869-328<br \/><a class=\"normal-link\" href=\"mailto:karriere@fwa-ffo.de\">karriere@fwa-ffo.de<\/a><\/p>\t\t\t\t\t\t\t\t<\/div>\n\t\t\t\t<\/div>\n\t\t\t\t<div class=\"elementor-element elementor-element-b0f74b9 elementor-widget elementor-widget-spacer\" data-id=\"b0f74b9\" data-element_type=\"widget\" data-e-type=\"widget\" data-widget_type=\"spacer.default\">\n\t\t\t\t<div class=\"elementor-widget-container\">\n\t\t\t\t\t\t\t<div class=\"elementor-spacer\">\n\t\t\t<div class=\"elementor-spacer-inner\"><\/div>\n\t\t<\/div>\n\t\t\t\t\t\t<\/div>\n\t\t\t\t<\/div>\n\t\t\t\t\t<\/div>\n\t\t<\/div>\n\t\t\t\t\t<\/div>\n\t\t<\/section>\n\t\t\t\t<\/div>\n\t\t","protected":false},"excerpt":{"rendered":"<p>Sch\u00fclerpraktika Du interessierst Dich f\u00fcr Umweltberufe und Technik, wei\u00dft jedoch noch nicht so richtig, ob das was f\u00fcr Dich ist? Dann probiere Dich aus und mach bei uns ein Praktikum! Auf der Kl\u00e4ranlage Frankfurt (Oder), im Bereich Rohrnetz (Trinkwasser) und im Wasserwerk Briesen sind Praktika m\u00f6glich. Neben den Sch\u00fclerbetriebspraktika in der 9. oder 10. Klasse [&hellip;]<\/p>\n","protected":false},"author":1,"featured_media":0,"parent":6585,"menu_order":0,"comment_status":"closed","ping_status":"closed","template":"","meta":{"footnotes":""},"class_list":["post-9011","page","type-page","status-publish","hentry"],"_links":{"self":[{"href":"https:\/\/www.fwa-ffo.de\/wp2\/wp-json\/wp\/v2\/pages\/9011","targetHints":{"allow":["GET"]}}],"collection":[{"href":"https:\/\/www.fwa-ffo.de\/wp2\/wp-json\/wp\/v2\/pages"}],"about":[{"href":"https:\/\/www.fwa-ffo.de\/wp2\/wp-json\/wp\/v2\/types\/page"}],"author":[{"embeddable":true,"href":"https:\/\/www.fwa-ffo.de\/wp2\/wp-json\/wp\/v2\/users\/1"}],"replies":[{"embeddable":true,"href":"https:\/\/www.fwa-ffo.de\/wp2\/wp-json\/wp\/v2\/comments?post=9011"}],"version-history":[{"count":0,"href":"https:\/\/www.fwa-ffo.de\/wp2\/wp-json\/wp\/v2\/pages\/9011\/revisions"}],"up":[{"embeddable":true,"href":"https:\/\/www.fwa-ffo.de\/wp2\/wp-json\/wp\/v2\/pages\/6585"}],"wp:attachment":[{"href":"https:\/\/www.fwa-ffo.de\/wp2\/wp-json\/wp\/v2\/media?parent=9011"}],"curies":[{"name":"wp","href":"https:\/\/api.w.org\/{rel}","templated":true}]}}