{"id":8705,"date":"2023-10-12T09:00:38","date_gmt":"2023-10-12T07:00:38","guid":{"rendered":"https:\/\/www.fwa-ffo.de\/wp2\/?page_id=8705"},"modified":"2024-07-17T09:33:23","modified_gmt":"2024-07-17T07:33:23","slug":"kennzahlen-2020-heute","status":"publish","type":"page","link":"https:\/\/www.fwa-ffo.de\/wp2\/ueber-uns\/kennzahlen\/kennzahlen-2020-heute\/","title":{"rendered":"Kennzahlen 2020 &#8211; Heute"},"content":{"rendered":"\t\t<div data-elementor-type=\"wp-page\" data-elementor-id=\"8705\" class=\"elementor elementor-8705\" data-elementor-post-type=\"page\">\n\t\t\t\t\t\t<section class=\"elementor-section elementor-top-section elementor-element elementor-element-1b1f9de elementor-section-boxed elementor-section-height-default elementor-section-height-default\" data-id=\"1b1f9de\" data-element_type=\"section\" data-e-type=\"section\">\n\t\t\t\t\t\t<div class=\"elementor-container elementor-column-gap-default\">\n\t\t\t\t\t<div class=\"elementor-column elementor-col-100 elementor-top-column elementor-element elementor-element-7d0bbeb\" data-id=\"7d0bbeb\" data-element_type=\"column\" data-e-type=\"column\">\n\t\t\t<div class=\"elementor-widget-wrap elementor-element-populated\">\n\t\t\t\t\t\t<div class=\"elementor-element elementor-element-660f230 elementor-widget elementor-widget-heading\" data-id=\"660f230\" data-element_type=\"widget\" data-e-type=\"widget\" data-widget_type=\"heading.default\">\n\t\t\t\t<div class=\"elementor-widget-container\">\n\t\t\t\t\t<h2 class=\"elementor-heading-title elementor-size-default\">Kennzahlen 2020 - Heute<\/h2>\t\t\t\t<\/div>\n\t\t\t\t<\/div>\n\t\t\t\t<div class=\"elementor-element elementor-element-344e1e3 elementor-widget elementor-widget-spacer\" data-id=\"344e1e3\" data-element_type=\"widget\" data-e-type=\"widget\" data-widget_type=\"spacer.default\">\n\t\t\t\t<div class=\"elementor-widget-container\">\n\t\t\t\t\t\t\t<div class=\"elementor-spacer\">\n\t\t\t<div class=\"elementor-spacer-inner\"><\/div>\n\t\t<\/div>\n\t\t\t\t\t\t<\/div>\n\t\t\t\t<\/div>\n\t\t\t\t<div class=\"elementor-element elementor-element-30aee72 elementor-widget elementor-widget-eael-advanced-data-table\" data-id=\"30aee72\" data-element_type=\"widget\" data-e-type=\"widget\" data-widget_type=\"eael-advanced-data-table.default\">\n\t\t\t\t<div class=\"elementor-widget-container\">\n\t\t\t\t\t<div class=\"ea-advanced-data-table-wrap\" data-id=\"30aee72\"><div class=\"ea-advanced-data-table-wrap-inner\">\n                <table class=\"ea-advanced-data-table ea-advanced-data-table-static ea-advanced-data-table-30aee72\" data-id=\"30aee72\"><thead><tr><th style=\"width: 478px\"><p><br><\/p><\/th><th><p><\/p><\/th><th><p>2020<\/p><\/th><th><p>2021<\/p><\/th><th>2022<\/th><th><p>2023<\/p><\/th><\/tr><\/thead><tbody><tr><td><p><strong>Bilanzzahlen (in Mio. EUR)<\/strong><\/p><\/td><td><\/td><td><\/td><td><\/td><td><\/td><td><p><br><\/p><\/td><\/tr><tr><td>Anlageverm\u00f6gen<\/td><td><\/td><td>93,8<\/td><td><p>94,5<\/p><\/td><td><p>96,5<\/p><\/td><td><p>96,8<\/p><\/td><\/tr><tr><td>Umlaufverm\u00f6gen<\/td><td><\/td><td>8,2<\/td><td><p>8,8<\/p><\/td><td><p>8,1<\/p><\/td><td><p>9,1<\/p><\/td><\/tr><tr><td>Rechnungsabgrenzungsposten<\/td><td><\/td><td>0,016<\/td><td><p>0,014<\/p><\/td><td><p>0,018<\/p><\/td><td><p>0,018<\/p><\/td><\/tr><tr><td>Eigenkapital<\/td><td><\/td><td>33,4<\/td><td><p>34,9<\/p><\/td><td><p>35,8<\/p><\/td><td><p>37,5<\/p><\/td><\/tr><tr><td>Sonderposten Investitionszusch\u00fcsse<\/td><td><\/td><td>12,5<\/td><td><p>12,5<\/p><\/td><td><p>12,7<\/p><\/td><td><p>18,1<\/p><\/td><\/tr><tr><td>Empfangene Ertragszusch\u00fcsse<\/td><td><\/td><td>0,02<\/td><td><p>0,00<\/p><\/td><td><p>0,00<\/p><\/td><td><p>0,00<\/p><\/td><\/tr><tr><td>R\u00fcckstellungen<\/td><td><\/td><td>5,4<\/td><td><p>7,4<\/p><\/td><td><p>7,4<\/p><\/td><td><p>6,3<\/p><\/td><\/tr><tr><td>Verbindlichkeiten<\/td><td><\/td><td>36,5<\/td><td><p>37,5<\/p><\/td><td><p>39,6<\/p><\/td><td><p>36,4<\/p><\/td><\/tr><tr><td>Rechnungsabgrenzungsposten<\/td><td><\/td><td>16,9<\/td><td><p>14,8<\/p><\/td><td><p>12,8<\/p><\/td><td><p>10,7<\/p><\/td><\/tr><tr><td>Bilanzsumme<\/td><td><\/td><td>102,0<\/td><td><p>103,3<\/p><\/td><td><p>104,6<\/p><\/td><td><p>105,9<\/p><\/td><\/tr><tr><td><p><strong>Personal<\/strong><\/p><\/td><td><\/td><td><\/td><td><\/td><td><\/td><td><\/td><\/tr><tr><td>Gesamt<\/td><td>Personen<\/td><td>85<\/td><td>85<\/td><td><p>86<\/p><\/td><td><p>88<\/p><\/td><\/tr><tr><td>Gesamt (mit Azubi)<\/td><td>Personen<\/td><td>86<\/td><td>87<\/td><td><p>87<\/p><\/td><td><p>90<\/p><\/td><\/tr><tr><td>Gesch\u00e4ftsf\u00fchrer<\/td><td>Personen<\/td><td>1<\/td><td>1<\/td><td><p>1<\/p><\/td><td><p>1<\/p><\/td><\/tr><tr><td>Angestellte<\/td><td>Personen<\/td><td>44<\/td><td>42<\/td><td><p>42<\/p><\/td><td><p>43<\/p><\/td><\/tr><tr><td>Gewerblich T\u00e4tige<\/td><td>Personen<\/td><td>40<\/td><td>42<\/td><td><p>43<\/p><\/td><td><p>44<\/p><\/td><\/tr><tr><td>Auszubildende<\/td><td>Personen<\/td><td>1<\/td><td>2<\/td><td><p>1<\/p><\/td><td><p>2<\/p><\/td><\/tr><tr><td><p><strong>Versorgungsgebiet<\/strong><\/p><\/td><td><\/td><td><\/td><td><\/td><td><\/td><td><\/td><\/tr><tr><td>Einwohner des Versorgungsgebietes<\/td><td>Personen<\/td><td>64262<\/td><td>64065<\/td><td><p>65524<\/p><\/td><td><p>65789<\/p><\/td><\/tr><tr><td>St\u00e4dte im Versorgungsgebiet<\/td><td>Anzahl<\/td><td>2<\/td><td>2<\/td><td><p>2<\/p><\/td><td><p>2<\/p><\/td><\/tr><tr><td>Gemeinden im Versorgungsgebiet<\/td><td>Anzahl<\/td><td>2<\/td><td>2<\/td><td><p>2<\/p><\/td><td><p>2<\/p><\/td><\/tr><tr><td>Gesamtfl\u00e4che<\/td><td>ha<\/td><td>27901<\/td><td>27901<\/td><td><p>27901<\/p><\/td><td><p>27901<\/p><\/td><\/tr><tr><td><p><strong>Trinkwasserversorgung<\/strong><\/p><\/td><td><\/td><td><\/td><td><\/td><td><\/td><td><\/td><\/tr><tr><td>mit Trinkwasser versorgte Einwohner<\/td><td>Personen<\/td><td>64230<\/td><td>64033<\/td><td><p>65492<\/p><\/td><td><p>65757<\/p><\/td><\/tr><tr><td>Trinkwasseranschlussgrad<\/td><td>%<\/td><td>100,0<\/td><td>100,0<\/td><td><p>100,0<\/p><\/td><td><p>100,0<\/p><\/td><\/tr><tr><td>Anzahl der Wasserwerke<\/td><td>St\u00fcck<\/td><td>2<\/td><td>2<\/td><td><p>2<\/p><\/td><td><p>2<\/p><\/td><\/tr><tr><td>Kapazit\u00e4t (Q max.) der Wasserwerke<\/td><td>m\u00b3\/Tag<\/td><td>27163<\/td><td>27163<\/td><td><p>27163<\/p><\/td><td><p>26220<\/p><\/td><\/tr><tr><td>Druckerh\u00f6hungsanlagen im Rohrnetz<\/td><td>St\u00fcck<\/td><td>11<\/td><td>11<\/td><td><p>11<\/p><\/td><td><p>10<\/p><\/td><\/tr><tr><td>Trinkwasserbeh\u00e4lter im Rohrnetz - Anzahl<\/td><td>St\u00fcck<\/td><td>6<\/td><td>6<\/td><td><p>6<\/p><\/td><td><p>4<\/p><\/td><\/tr><tr><td>Speichervolumen im Rohrnetz<\/td><td>m\u00b3<\/td><td>22000<\/td><td>22000<\/td><td><p>22000<\/p><\/td><td><p>20000<\/p><\/td><\/tr><tr><td>L\u00e4nge Trinkwassernetz (einschlie\u00dflich Hausanschl\u00fcsse)<\/td><td>km<\/td><td>507,2<\/td><td>504,5<\/td><td><p>503,0<\/p><\/td><td><p>496,1<\/p><\/td><\/tr><tr><td><p><strong>Abwasserentsorgung<\/strong><\/p><\/td><td><\/td><td><\/td><td><\/td><td><\/td><td><\/td><\/tr><tr><td>von Abwasser entsorgte Einwohner<\/td><td>Personen<\/td><td>61913<\/td><td>61758<\/td><td><p>63219<\/p><\/td><td><p>63485<\/p><\/td><\/tr><tr><td><p>Abwasseranschlussgrad<\/p><\/td><td>%<\/td><td>96,3<\/td><td>96,4<\/td><td><p>96,5<\/p><\/td><td><p>96,5<\/p><\/td><\/tr><tr><td>Anzahl Kl\u00e4ranlagen<\/td><td>St\u00fcck<\/td><td>1<\/td><td>1<\/td><td><p>1<\/p><\/td><td><p>1<\/p><\/td><\/tr><tr><td><p>Kapazit\u00e4t Trockenwetterabfluss<\/p><\/td><td>m\u00b3\/h<\/td><td>1117<\/td><td>1178<\/td><td><p>1178<\/p><\/td><td><p>1178<\/p><\/td><\/tr><tr><td><p>Kapazit\u00e4t Regenwetterabfluss<\/p><\/td><td>m\u00b3\/h<\/td><td>1800<\/td><td>1800<\/td><td><p>1800<\/p><\/td><td><p>1800<\/p><\/td><\/tr><tr><td>Pumpwerke im Kanalnetz<\/td><td>St\u00fcck<\/td><td>108<\/td><td>109<\/td><td><p>110<\/p><\/td><td><p>110<\/p><\/td><\/tr><tr><td>L\u00e4nge Kanalnetz (einschl. Hausanschl\u00fcsse und Abwasserdruckleitungen)<\/td><td>km<\/td><td>555,4<\/td><td>557,0<\/td><td><p>555,3<\/p><\/td><td><p>554,7<\/p><\/td><\/tr><\/tbody><\/table>\n            <\/div><\/div>\t\t\t\t<\/div>\n\t\t\t\t<\/div>\n\t\t\t\t<div class=\"elementor-element elementor-element-8c8bf0b elementor-widget elementor-widget-spacer\" data-id=\"8c8bf0b\" data-element_type=\"widget\" data-e-type=\"widget\" data-widget_type=\"spacer.default\">\n\t\t\t\t<div class=\"elementor-widget-container\">\n\t\t\t\t\t\t\t<div class=\"elementor-spacer\">\n\t\t\t<div class=\"elementor-spacer-inner\"><\/div>\n\t\t<\/div>\n\t\t\t\t\t\t<\/div>\n\t\t\t\t<\/div>\n\t\t\t\t\t<\/div>\n\t\t<\/div>\n\t\t\t\t\t<\/div>\n\t\t<\/section>\n\t\t\t\t<\/div>\n\t\t","protected":false},"excerpt":{"rendered":"<p>Kennzahlen 2020 &#8211; Heute 2020 2021 2022 2023 Bilanzzahlen (in Mio. EUR) Anlageverm\u00f6gen 93,8 94,5 96,5 96,8 Umlaufverm\u00f6gen 8,2 8,8 8,1 9,1 Rechnungsabgrenzungsposten 0,016 0,014 0,018 0,018 Eigenkapital 33,4 34,9 35,8 37,5 Sonderposten Investitionszusch\u00fcsse 12,5 12,5 12,7 18,1 Empfangene Ertragszusch\u00fcsse 0,02 0,00 0,00 0,00 R\u00fcckstellungen 5,4 7,4 7,4 6,3 Verbindlichkeiten 36,5 37,5 39,6 36,4 Rechnungsabgrenzungsposten [&hellip;]<\/p>\n","protected":false},"author":1,"featured_media":0,"parent":6589,"menu_order":0,"comment_status":"closed","ping_status":"closed","template":"","meta":{"footnotes":""},"class_list":["post-8705","page","type-page","status-publish","hentry"],"_links":{"self":[{"href":"https:\/\/www.fwa-ffo.de\/wp2\/wp-json\/wp\/v2\/pages\/8705","targetHints":{"allow":["GET"]}}],"collection":[{"href":"https:\/\/www.fwa-ffo.de\/wp2\/wp-json\/wp\/v2\/pages"}],"about":[{"href":"https:\/\/www.fwa-ffo.de\/wp2\/wp-json\/wp\/v2\/types\/page"}],"author":[{"embeddable":true,"href":"https:\/\/www.fwa-ffo.de\/wp2\/wp-json\/wp\/v2\/users\/1"}],"replies":[{"embeddable":true,"href":"https:\/\/www.fwa-ffo.de\/wp2\/wp-json\/wp\/v2\/comments?post=8705"}],"version-history":[{"count":0,"href":"https:\/\/www.fwa-ffo.de\/wp2\/wp-json\/wp\/v2\/pages\/8705\/revisions"}],"up":[{"embeddable":true,"href":"https:\/\/www.fwa-ffo.de\/wp2\/wp-json\/wp\/v2\/pages\/6589"}],"wp:attachment":[{"href":"https:\/\/www.fwa-ffo.de\/wp2\/wp-json\/wp\/v2\/media?parent=8705"}],"curies":[{"name":"wp","href":"https:\/\/api.w.org\/{rel}","templated":true}]}}