{"id":7598,"date":"2022-07-29T06:51:48","date_gmt":"2022-07-29T04:51:48","guid":{"rendered":"https:\/\/www.fwa-ffo.de\/wp2\/?page_id=7598"},"modified":"2022-07-29T07:51:15","modified_gmt":"2022-07-29T05:51:15","slug":"sonnenstrom-fuer-das-wasserwerk-briesen","status":"publish","type":"page","link":"https:\/\/www.fwa-ffo.de\/wp2\/wissenswertes\/wissenswertes-trinkwasser\/sonnenstrom-fuer-das-wasserwerk-briesen\/","title":{"rendered":"Sonnenstrom f\u00fcr das Wasserwerk Briesen"},"content":{"rendered":"\t\t<div data-elementor-type=\"wp-page\" data-elementor-id=\"7598\" class=\"elementor elementor-7598\" data-elementor-post-type=\"page\">\n\t\t\t\t\t\t<section class=\"elementor-section elementor-top-section elementor-element elementor-element-9eef1fc elementor-section-boxed elementor-section-height-default elementor-section-height-default\" data-id=\"9eef1fc\" data-element_type=\"section\" data-e-type=\"section\">\n\t\t\t\t\t\t<div class=\"elementor-container elementor-column-gap-default\">\n\t\t\t\t\t<div class=\"elementor-column elementor-col-100 elementor-top-column elementor-element elementor-element-aaff281\" data-id=\"aaff281\" data-element_type=\"column\" data-e-type=\"column\">\n\t\t\t<div class=\"elementor-widget-wrap elementor-element-populated\">\n\t\t\t\t\t\t<div class=\"elementor-element elementor-element-3b3e916 elementor-widget elementor-widget-heading\" data-id=\"3b3e916\" data-element_type=\"widget\" data-e-type=\"widget\" data-widget_type=\"heading.default\">\n\t\t\t\t<div class=\"elementor-widget-container\">\n\t\t\t\t\t<h2 class=\"elementor-heading-title elementor-size-default\">Sonnenstrom f\u00fcr das Wasserwerk Briesen<\/h2>\t\t\t\t<\/div>\n\t\t\t\t<\/div>\n\t\t\t\t<div class=\"elementor-element elementor-element-868c8a5 elementor-widget elementor-widget-spacer\" data-id=\"868c8a5\" data-element_type=\"widget\" data-e-type=\"widget\" data-widget_type=\"spacer.default\">\n\t\t\t\t<div class=\"elementor-widget-container\">\n\t\t\t\t\t\t\t<div class=\"elementor-spacer\">\n\t\t\t<div class=\"elementor-spacer-inner\"><\/div>\n\t\t<\/div>\n\t\t\t\t\t\t<\/div>\n\t\t\t\t<\/div>\n\t\t\t\t<div class=\"elementor-element elementor-element-9dad23c elementor-widget elementor-widget-heading\" data-id=\"9dad23c\" data-element_type=\"widget\" data-e-type=\"widget\" data-widget_type=\"heading.default\">\n\t\t\t\t<div class=\"elementor-widget-container\">\n\t\t\t\t\t<h2 class=\"elementor-heading-title elementor-size-default\">Neue Photovoltaikanlage erzeugt solaren Strom f\u00fcr den Eigenbedarf<\/h2>\t\t\t\t<\/div>\n\t\t\t\t<\/div>\n\t\t\t\t<div class=\"elementor-element elementor-element-87d7934 elementor-widget elementor-widget-spacer\" data-id=\"87d7934\" data-element_type=\"widget\" data-e-type=\"widget\" data-widget_type=\"spacer.default\">\n\t\t\t\t<div class=\"elementor-widget-container\">\n\t\t\t\t\t\t\t<div class=\"elementor-spacer\">\n\t\t\t<div class=\"elementor-spacer-inner\"><\/div>\n\t\t<\/div>\n\t\t\t\t\t\t<\/div>\n\t\t\t\t<\/div>\n\t\t\t\t<div class=\"elementor-element elementor-element-2d1bb5f elementor-widget elementor-widget-heading\" data-id=\"2d1bb5f\" data-element_type=\"widget\" data-e-type=\"widget\" data-widget_type=\"heading.default\">\n\t\t\t\t<div class=\"elementor-widget-container\">\n\t\t\t\t\t<h2 class=\"elementor-heading-title elementor-size-default\">F\u00f6rderung durch die Europ\u00e4ische Union und das Land Brandenburg<\/h2>\t\t\t\t<\/div>\n\t\t\t\t<\/div>\n\t\t\t\t<div class=\"elementor-element elementor-element-460e81b elementor-widget elementor-widget-spacer\" data-id=\"460e81b\" data-element_type=\"widget\" data-e-type=\"widget\" data-widget_type=\"spacer.default\">\n\t\t\t\t<div class=\"elementor-widget-container\">\n\t\t\t\t\t\t\t<div class=\"elementor-spacer\">\n\t\t\t<div class=\"elementor-spacer-inner\"><\/div>\n\t\t<\/div>\n\t\t\t\t\t\t<\/div>\n\t\t\t\t<\/div>\n\t\t\t\t<section class=\"elementor-section elementor-inner-section elementor-element elementor-element-3a16b9b elementor-section-boxed elementor-section-height-default elementor-section-height-default\" data-id=\"3a16b9b\" data-element_type=\"section\" data-e-type=\"section\">\n\t\t\t\t\t\t<div class=\"elementor-container elementor-column-gap-default\">\n\t\t\t\t\t<div class=\"elementor-column elementor-col-50 elementor-inner-column elementor-element elementor-element-009fbf4\" data-id=\"009fbf4\" data-element_type=\"column\" data-e-type=\"column\">\n\t\t\t<div class=\"elementor-widget-wrap elementor-element-populated\">\n\t\t\t\t\t\t<div class=\"elementor-element elementor-element-c0514ff elementor-widget elementor-widget-image\" data-id=\"c0514ff\" data-element_type=\"widget\" data-e-type=\"widget\" data-widget_type=\"image.default\">\n\t\t\t\t<div class=\"elementor-widget-container\">\n\t\t\t\t\t\t\t\t\t\t\t\t\t\t\t<img fetchpriority=\"high\" decoding=\"async\" width=\"331\" height=\"216\" src=\"https:\/\/www.fwa-ffo.de\/wp2\/wp-content\/uploads\/Flagge_EU.png\" class=\"attachment-medium size-medium wp-image-7601\" alt=\"EU Flagge\" \/>\t\t\t\t\t\t\t\t\t\t\t\t\t\t\t<\/div>\n\t\t\t\t<\/div>\n\t\t\t\t\t<\/div>\n\t\t<\/div>\n\t\t\t\t<div class=\"elementor-column elementor-col-50 elementor-inner-column elementor-element elementor-element-e94cfce\" data-id=\"e94cfce\" data-element_type=\"column\" data-e-type=\"column\">\n\t\t\t<div class=\"elementor-widget-wrap elementor-element-populated\">\n\t\t\t\t\t\t<div class=\"elementor-element elementor-element-67f0326 elementor-widget elementor-widget-image\" data-id=\"67f0326\" data-element_type=\"widget\" data-e-type=\"widget\" data-widget_type=\"image.default\">\n\t\t\t\t<div class=\"elementor-widget-container\">\n\t\t\t\t\t\t\t\t\t\t\t\t\t\t\t<img decoding=\"async\" width=\"421\" height=\"330\" src=\"https:\/\/www.fwa-ffo.de\/wp2\/wp-content\/uploads\/Logo_Land_Brandenburg.png\" class=\"attachment-medium size-medium wp-image-7602\" alt=\"Land Brandenburg Logo\" \/>\t\t\t\t\t\t\t\t\t\t\t\t\t\t\t<\/div>\n\t\t\t\t<\/div>\n\t\t\t\t\t<\/div>\n\t\t<\/div>\n\t\t\t\t\t<\/div>\n\t\t<\/section>\n\t\t\t\t<div class=\"elementor-element elementor-element-4df5152 elementor-widget elementor-widget-text-editor\" data-id=\"4df5152\" data-element_type=\"widget\" data-e-type=\"widget\" data-widget_type=\"text-editor.default\">\n\t\t\t\t<div class=\"elementor-widget-container\">\n\t\t\t\t\t\t\t\t\t<p>Allgemeine Informationen zum Europ\u00e4ischen Fonds f\u00fcr regionale Entwicklung unter efre.brandenburg.de<\/p>\t\t\t\t\t\t\t\t<\/div>\n\t\t\t\t<\/div>\n\t\t\t\t<div class=\"elementor-element elementor-element-e200718 elementor-widget elementor-widget-spacer\" data-id=\"e200718\" data-element_type=\"widget\" data-e-type=\"widget\" data-widget_type=\"spacer.default\">\n\t\t\t\t<div class=\"elementor-widget-container\">\n\t\t\t\t\t\t\t<div class=\"elementor-spacer\">\n\t\t\t<div class=\"elementor-spacer-inner\"><\/div>\n\t\t<\/div>\n\t\t\t\t\t\t<\/div>\n\t\t\t\t<\/div>\n\t\t\t\t<div class=\"elementor-element elementor-element-c876148 elementor-widget elementor-widget-text-editor\" data-id=\"c876148\" data-element_type=\"widget\" data-e-type=\"widget\" data-widget_type=\"text-editor.default\">\n\t\t\t\t<div class=\"elementor-widget-container\">\n\t\t\t\t\t\t\t\t\t<p>Ende Juni 2022 ist eine Photovoltaikanlage auf dem Gel\u00e4nde des Wasserwerks Briesen in den Regelbetrieb gegangen und hat dort die Stromversorgung auf eine neue Basis gestellt. Denn Wasserwerke haben einen hohen Energiebedarf. Energie bildet den gr\u00f6\u00dften Anteil aller technischen Betriebskosten des Wasserwerks und hat einen enormen Einfluss auf den Trinkwasserpreis. Deshalb ist die FWA bestrebt, den Energiebedarf m\u00f6glichst gering zu halten und g\u00fcnstig zu decken. Dabei spielen auch Nachhaltigkeit und Klimafreundlichkeit f\u00fcr das Unternehmen eine gro\u00dfe Rolle.<\/p>\n<p>Bereits 2013 befand sich ein Projekt f\u00fcr den Bau einer Windenergieanlage am Wasserwerk in Planung, musste jedoch aus genehmigungsrechtlichen Gr\u00fcnden eingestellt werden. In den vergangenen Jahren konnte trotzdem mithilfe technologischer Ma\u00dfnahmen die Energieeffizienz gesteigert werden. Wurden 2010 noch f\u00fcr jeden erzeugten Kubikmeter Trinkwasser eine Kilowattstunde Strom und W\u00e4rme ben\u00f6tigt, sind es heute im Jahr 2022 nur noch 0,64 Kilowattstunden. Das ist gut, aber noch nicht zufriedenstellend. Jedoch sind die gro\u00dfen Stellschrauben der Energieeffizienz weitgehend festgezogen, mit den heutigen technologischen M\u00f6glichkeiten lassen sich keine nennenswerten Verbesserungen mehr erzielen.<\/p>\n<p>Deshalb lautet die L\u00f6sung f\u00fcr die FWA, Strom selbst zu produzieren. \u00dcber die Erzeugung und Nutzung von eigenem Strom ist der Hebel beim Energiesparen deutlich gr\u00f6\u00dfer. Als Anlage mit dem h\u00f6chsten Energiebedarf wurde das Wasserwerk ausgew\u00e4hlt. Dabei konnte das Wasserversorgungsunternehmen bereits seit 2012 Erfahrungen mit Photovoltaik (PV) am Hochbeh\u00e4lter in Rosengarten sammeln. Dieser wird zu 40 Prozent mit PV-Strom versorgt, etwa 5.500 kWh pro Jahr gehen dar\u00fcber hinaus ins \u00f6ffentliche Netz. Im Winter 2019\/2020 wurden die solaren M\u00f6glichkeiten f\u00fcr das Wasserwerksgel\u00e4nde bewertet. Die beste L\u00f6sung verspricht eine Freifl\u00e4chenphotovoltaik-Anlage, die abgestimmt ist auf den optimalen Eigenverbrauch und eine geringe \u00dcberschusseinspeisung. Zugute kommt dabei die Technologie, den Betrieb des Wasserwerks flexibel zu steuern: Die energieintensive Produktion kann an die Stromerzeugung angepasst werden.<\/p>\n<p>Die nun errichtete Photovoltaikanlage mit 913 kWp installierter Modulleistung zeichnet sich durch ihre Ost-West-Ausrichtung aus. Sie zielt nicht auf die maximale Energiemenge, sondern auf eine m\u00f6glichst lange Ausnutzung der Tageszeit. So steht schon fr\u00fch am Morgen im Wasserwerk eine ausreichend hohe Leistung zur Verf\u00fcgung, w\u00e4hrend auch die Abendsonne genutzt wird. Die FWA rechnet mit einer j\u00e4hrlichen Stromerzeugung von zirka 800.000 kWh. Eine Netzeinspeisung von \u00dcbersch\u00fcssen erwartet das Unternehmen nur bei hoher Sonnenstrahlung in der Mittagszeit. Bei der technischen Planung stellte sich heraus, dass die Mittelspannungsverteilung des Wasserwerkes nicht den Anforderungen des Netzbetreibers f\u00fcr die Einspeisung entspricht. Also musste auch die Energieverteilung erneuert werden.<br><\/p>\n<p><\/p>\t\t\t\t\t\t\t\t<\/div>\n\t\t\t\t<\/div>\n\t\t\t\t<div class=\"elementor-element elementor-element-0ea6dbc elementor-widget elementor-widget-image\" data-id=\"0ea6dbc\" data-element_type=\"widget\" data-e-type=\"widget\" data-widget_type=\"image.default\">\n\t\t\t\t<div class=\"elementor-widget-container\">\n\t\t\t\t\t\t\t\t\t\t\t\t<figure class=\"wp-caption\">\n\t\t\t\t\t\t\t\t\t\t<img decoding=\"async\" width=\"840\" height=\"445\" src=\"https:\/\/www.fwa-ffo.de\/wp2\/wp-content\/uploads\/PV_Anlage_WWBriesen.png\" class=\"attachment-full size-full wp-image-7610\" alt=\"Solarplatten im Wasserwerk Briesen\" srcset=\"https:\/\/www.fwa-ffo.de\/wp2\/wp-content\/uploads\/PV_Anlage_WWBriesen.png 840w, https:\/\/www.fwa-ffo.de\/wp2\/wp-content\/uploads\/PV_Anlage_WWBriesen-768x407.png 768w, https:\/\/www.fwa-ffo.de\/wp2\/wp-content\/uploads\/PV_Anlage_WWBriesen-600x318.png 600w\" sizes=\"(max-width: 840px) 100vw, 840px\" \/>\t\t\t\t\t\t\t\t\t\t\t<figcaption class=\"widget-image-caption wp-caption-text\">Freifl\u00e4chen PV-Anlage zur Eigenversorgung im Wasserwerk Briesen<\/figcaption>\n\t\t\t\t\t\t\t\t\t\t<\/figure>\n\t\t\t\t\t\t\t\t\t<\/div>\n\t\t\t\t<\/div>\n\t\t\t\t<div class=\"elementor-element elementor-element-825b1a5 elementor-widget elementor-widget-spacer\" data-id=\"825b1a5\" data-element_type=\"widget\" data-e-type=\"widget\" data-widget_type=\"spacer.default\">\n\t\t\t\t<div class=\"elementor-widget-container\">\n\t\t\t\t\t\t\t<div class=\"elementor-spacer\">\n\t\t\t<div class=\"elementor-spacer-inner\"><\/div>\n\t\t<\/div>\n\t\t\t\t\t\t<\/div>\n\t\t\t\t<\/div>\n\t\t\t\t<div class=\"elementor-element elementor-element-2bf03ab elementor-widget elementor-widget-text-editor\" data-id=\"2bf03ab\" data-element_type=\"widget\" data-e-type=\"widget\" data-widget_type=\"text-editor.default\">\n\t\t\t\t<div class=\"elementor-widget-container\">\n\t\t\t\t\t\t\t\t\tDie naturschutzrechtlichen Auflagen der Genehmigung wurden durch ein eigenes Kriechtierhabitat \u2013  einem aufgesch\u00fctteten Schutzraum aus Sand und alten H\u00f6lzern \u2013 und einen aufgewerteten Wald umgesetzt.\t\t\t\t\t\t\t\t<\/div>\n\t\t\t\t<\/div>\n\t\t\t\t<div class=\"elementor-element elementor-element-9bec6f0 elementor-widget elementor-widget-spacer\" data-id=\"9bec6f0\" data-element_type=\"widget\" data-e-type=\"widget\" data-widget_type=\"spacer.default\">\n\t\t\t\t<div class=\"elementor-widget-container\">\n\t\t\t\t\t\t\t<div class=\"elementor-spacer\">\n\t\t\t<div class=\"elementor-spacer-inner\"><\/div>\n\t\t<\/div>\n\t\t\t\t\t\t<\/div>\n\t\t\t\t<\/div>\n\t\t\t\t<div class=\"elementor-element elementor-element-7e7e2d0 elementor-widget elementor-widget-image\" data-id=\"7e7e2d0\" data-element_type=\"widget\" data-e-type=\"widget\" data-widget_type=\"image.default\">\n\t\t\t\t<div class=\"elementor-widget-container\">\n\t\t\t\t\t\t\t\t\t\t\t\t\t\t\t<img loading=\"lazy\" decoding=\"async\" width=\"831\" height=\"427\" src=\"https:\/\/www.fwa-ffo.de\/wp2\/wp-content\/uploads\/Kriechtierhabitat_WWB_1.png\" class=\"attachment-medium size-medium wp-image-7621\" alt=\"Darstellung eines Kriechtierhabitats - Skizze Reptilienstruktur\" srcset=\"https:\/\/www.fwa-ffo.de\/wp2\/wp-content\/uploads\/Kriechtierhabitat_WWB_1.png 831w, https:\/\/www.fwa-ffo.de\/wp2\/wp-content\/uploads\/Kriechtierhabitat_WWB_1-768x395.png 768w, https:\/\/www.fwa-ffo.de\/wp2\/wp-content\/uploads\/Kriechtierhabitat_WWB_1-600x308.png 600w\" sizes=\"(max-width: 831px) 100vw, 831px\" \/>\t\t\t\t\t\t\t\t\t\t\t\t\t\t\t<\/div>\n\t\t\t\t<\/div>\n\t\t\t\t<div class=\"elementor-element elementor-element-d8bbb78 elementor-widget elementor-widget-spacer\" data-id=\"d8bbb78\" data-element_type=\"widget\" data-e-type=\"widget\" data-widget_type=\"spacer.default\">\n\t\t\t\t<div class=\"elementor-widget-container\">\n\t\t\t\t\t\t\t<div class=\"elementor-spacer\">\n\t\t\t<div class=\"elementor-spacer-inner\"><\/div>\n\t\t<\/div>\n\t\t\t\t\t\t<\/div>\n\t\t\t\t<\/div>\n\t\t\t\t<div class=\"elementor-element elementor-element-9f4abd6 elementor-widget elementor-widget-image\" data-id=\"9f4abd6\" data-element_type=\"widget\" data-e-type=\"widget\" data-widget_type=\"image.default\">\n\t\t\t\t<div class=\"elementor-widget-container\">\n\t\t\t\t\t\t\t\t\t\t\t\t\t\t\t<img loading=\"lazy\" decoding=\"async\" width=\"831\" height=\"427\" src=\"https:\/\/www.fwa-ffo.de\/wp2\/wp-content\/uploads\/Kriechtierhabitat_WWB_2.png\" class=\"attachment-medium size-medium wp-image-7622\" alt=\"Darstellung Aufbau eines Kriechtierhabitats\" srcset=\"https:\/\/www.fwa-ffo.de\/wp2\/wp-content\/uploads\/Kriechtierhabitat_WWB_2.png 831w, https:\/\/www.fwa-ffo.de\/wp2\/wp-content\/uploads\/Kriechtierhabitat_WWB_2-768x395.png 768w, https:\/\/www.fwa-ffo.de\/wp2\/wp-content\/uploads\/Kriechtierhabitat_WWB_2-600x308.png 600w\" sizes=\"(max-width: 831px) 100vw, 831px\" \/>\t\t\t\t\t\t\t\t\t\t\t\t\t\t\t<\/div>\n\t\t\t\t<\/div>\n\t\t\t\t<div class=\"elementor-element elementor-element-7b03aa9 elementor-widget elementor-widget-spacer\" data-id=\"7b03aa9\" data-element_type=\"widget\" data-e-type=\"widget\" data-widget_type=\"spacer.default\">\n\t\t\t\t<div class=\"elementor-widget-container\">\n\t\t\t\t\t\t\t<div class=\"elementor-spacer\">\n\t\t\t<div class=\"elementor-spacer-inner\"><\/div>\n\t\t<\/div>\n\t\t\t\t\t\t<\/div>\n\t\t\t\t<\/div>\n\t\t\t\t<div class=\"elementor-element elementor-element-6f1fd16 elementor-widget elementor-widget-text-editor\" data-id=\"6f1fd16\" data-element_type=\"widget\" data-e-type=\"widget\" data-widget_type=\"text-editor.default\">\n\t\t\t\t<div class=\"elementor-widget-container\">\n\t\t\t\t\t\t\t\t\tDie Gesamtinvestition in die Anlage bel\u00e4uft sich auf etwa 1 Million Euro. Dabei wurde das Projekt durch F\u00f6rdermittel der Europ\u00e4ischen Union und des Landes Brandenburg in H\u00f6he von fast 358.000 Euro unterst\u00fctzt. Bereits vor den derzeit drastisch steigenden Energiepreisen konnte die Wirtschaftlichkeit nachgewiesen werden. Die FWA wird auch zuk\u00fcnftig in die klimafreundliche Eigenerzeugung von Strom investieren, um Betriebskosten und den Trinkwasserpreis stabil zu halten.\t\t\t\t\t\t\t\t<\/div>\n\t\t\t\t<\/div>\n\t\t\t\t<div class=\"elementor-element elementor-element-a4e10ae elementor-widget elementor-widget-spacer\" data-id=\"a4e10ae\" data-element_type=\"widget\" data-e-type=\"widget\" data-widget_type=\"spacer.default\">\n\t\t\t\t<div class=\"elementor-widget-container\">\n\t\t\t\t\t\t\t<div class=\"elementor-spacer\">\n\t\t\t<div class=\"elementor-spacer-inner\"><\/div>\n\t\t<\/div>\n\t\t\t\t\t\t<\/div>\n\t\t\t\t<\/div>\n\t\t\t\t\t<\/div>\n\t\t<\/div>\n\t\t\t\t\t<\/div>\n\t\t<\/section>\n\t\t\t\t<\/div>\n\t\t","protected":false},"excerpt":{"rendered":"<p>Sonnenstrom f\u00fcr das Wasserwerk Briesen Neue Photovoltaikanlage erzeugt solaren Strom f\u00fcr den Eigenbedarf F\u00f6rderung durch die Europ\u00e4ische Union und das Land Brandenburg Allgemeine Informationen zum Europ\u00e4ischen Fonds f\u00fcr regionale Entwicklung unter efre.brandenburg.de Ende Juni 2022 ist eine Photovoltaikanlage auf dem Gel\u00e4nde des Wasserwerks Briesen in den Regelbetrieb gegangen und hat dort die Stromversorgung auf eine [&hellip;]<\/p>\n","protected":false},"author":1,"featured_media":0,"parent":4444,"menu_order":0,"comment_status":"closed","ping_status":"closed","template":"","meta":{"footnotes":""},"class_list":["post-7598","page","type-page","status-publish","hentry"],"_links":{"self":[{"href":"https:\/\/www.fwa-ffo.de\/wp2\/wp-json\/wp\/v2\/pages\/7598","targetHints":{"allow":["GET"]}}],"collection":[{"href":"https:\/\/www.fwa-ffo.de\/wp2\/wp-json\/wp\/v2\/pages"}],"about":[{"href":"https:\/\/www.fwa-ffo.de\/wp2\/wp-json\/wp\/v2\/types\/page"}],"author":[{"embeddable":true,"href":"https:\/\/www.fwa-ffo.de\/wp2\/wp-json\/wp\/v2\/users\/1"}],"replies":[{"embeddable":true,"href":"https:\/\/www.fwa-ffo.de\/wp2\/wp-json\/wp\/v2\/comments?post=7598"}],"version-history":[{"count":0,"href":"https:\/\/www.fwa-ffo.de\/wp2\/wp-json\/wp\/v2\/pages\/7598\/revisions"}],"up":[{"embeddable":true,"href":"https:\/\/www.fwa-ffo.de\/wp2\/wp-json\/wp\/v2\/pages\/4444"}],"wp:attachment":[{"href":"https:\/\/www.fwa-ffo.de\/wp2\/wp-json\/wp\/v2\/media?parent=7598"}],"curies":[{"name":"wp","href":"https:\/\/api.w.org\/{rel}","templated":true}]}}