{"id":5166,"date":"2021-12-13T08:29:18","date_gmt":"2021-12-13T07:29:18","guid":{"rendered":"https:\/\/www.fwa-ffo.de\/wp2\/?page_id=5166"},"modified":"2022-03-22T13:55:18","modified_gmt":"2022-03-22T12:55:18","slug":"energieoptimierung-auf-der-klaeranlage-frankfurt-oder","status":"publish","type":"page","link":"https:\/\/www.fwa-ffo.de\/wp2\/wissenswertes\/wissenswertes-archiv\/energieoptimierung-auf-der-klaeranlage-frankfurt-oder\/","title":{"rendered":"Energieoptimierung auf der Kl\u00e4ranlage Frankfurt (Oder)"},"content":{"rendered":"\t\t<div data-elementor-type=\"wp-page\" data-elementor-id=\"5166\" class=\"elementor elementor-5166\" data-elementor-post-type=\"page\">\n\t\t\t\t\t\t<section class=\"elementor-section elementor-top-section elementor-element elementor-element-48ce715 elementor-section-boxed elementor-section-height-default elementor-section-height-default\" data-id=\"48ce715\" data-element_type=\"section\" data-e-type=\"section\">\n\t\t\t\t\t\t<div class=\"elementor-container elementor-column-gap-default\">\n\t\t\t\t\t<div class=\"elementor-column elementor-col-100 elementor-top-column elementor-element elementor-element-f303d20\" data-id=\"f303d20\" data-element_type=\"column\" data-e-type=\"column\">\n\t\t\t<div class=\"elementor-widget-wrap elementor-element-populated\">\n\t\t\t\t\t\t<div class=\"elementor-element elementor-element-5c4df79 elementor-widget elementor-widget-heading\" data-id=\"5c4df79\" data-element_type=\"widget\" data-e-type=\"widget\" data-widget_type=\"heading.default\">\n\t\t\t\t<div class=\"elementor-widget-container\">\n\t\t\t\t\t<h2 class=\"elementor-heading-title elementor-size-default\">Energieoptimierung auf <br>der Kl\u00e4ranlage Frankfurt (Oder)<\/h2>\t\t\t\t<\/div>\n\t\t\t\t<\/div>\n\t\t\t\t<div class=\"elementor-element elementor-element-6dad5ea elementor-widget elementor-widget-spacer\" data-id=\"6dad5ea\" data-element_type=\"widget\" data-e-type=\"widget\" data-widget_type=\"spacer.default\">\n\t\t\t\t<div class=\"elementor-widget-container\">\n\t\t\t\t\t\t\t<div class=\"elementor-spacer\">\n\t\t\t<div class=\"elementor-spacer-inner\"><\/div>\n\t\t<\/div>\n\t\t\t\t\t\t<\/div>\n\t\t\t\t<\/div>\n\t\t\t\t<div class=\"elementor-element elementor-element-4d35507 elementor-widget elementor-widget-text-editor\" data-id=\"4d35507\" data-element_type=\"widget\" data-e-type=\"widget\" data-widget_type=\"text-editor.default\">\n\t\t\t\t<div class=\"elementor-widget-container\">\n\t\t\t\t\t\t\t\t\t<p>Die FWA setzt bereits verschiedene Ma\u00dfnahmen zur Energieoptimierung ein. So wird auf der Kl\u00e4ranlage Frankfurt (Oder) das anfallende Kl\u00e4rgas im Blockheizkraftwerk zu W\u00e4rme- und Elektroenergie verwertet. Dar\u00fcber hinaus passt das Unternehmen Verfahrensabl\u00e4ufe an und wechselt energieintensive Aggregate und Anlagenteile durch sparsamere Modelle aus.<\/p><div><b>Montagearbeiten an den Belebungsbecken abgeschlossen<\/b><\/div><div><b>\u00a0<\/b><\/div><div>Die im August 2012 begonnene Erneuerung des Bel\u00fcftungssystems in den Belebungsbecken 2 &#8211; 4 auf der Kl\u00e4ranlage Frankfurt (Oder) ist nun abgeschlossen. Am 20.08.2013 wurde das neue Fl\u00e4chenbel\u00fcftersystem erfolgreich in Betrieb genommen.<\/div><div>\u00a0<\/div><div>W\u00e4hrend der Bauarbeiten an den Belebungsbecken der biologischen Reinigungsstufe konnte durchgehend eine st\u00f6rungsfreie Reinigungsleistung der Kl\u00e4ranlage gew\u00e4hrleistet werden.<\/div><div>\u00a0<\/div><div>Durch den Ersatz des alten Tellerbel\u00fcftungssystems in eine Fl\u00e4chenbel\u00fcftung erfolgt nun ein optimaler, gro\u00dffl\u00e4chiger, feinperliger Lufteintrag, der sich positiv auf den Abbauprozess auswirkt und damit insgesamt positiv auf die Bioz\u00f6nose wirkt. Zus\u00e4tzlich wurde die Messtechnik stark erweitert und ein neues Regelsystem in die Steuerung implementiert, so dass sich das Bel\u00fcftungssystem schnell auf ver\u00e4nderte Bedingungen einstellen kann.<\/div><div>\u00a0<\/div><div>Das neue Fl\u00e4chenbel\u00fcftersystem arbeitet im Vergleich zur Tellerbel\u00fcftung energieeffizienter und hat eine l\u00e4ngere Nutzungsdauer. Insgesamt wurden in die Erneuerung des Bel\u00fcftungssystems 720,- T\u20ac brutto investiert.<\/div>\t\t\t\t\t\t\t\t<\/div>\n\t\t\t\t<\/div>\n\t\t\t\t<div class=\"elementor-element elementor-element-b20db86 elementor-widget elementor-widget-spacer\" data-id=\"b20db86\" data-element_type=\"widget\" data-e-type=\"widget\" data-widget_type=\"spacer.default\">\n\t\t\t\t<div class=\"elementor-widget-container\">\n\t\t\t\t\t\t\t<div class=\"elementor-spacer\">\n\t\t\t<div class=\"elementor-spacer-inner\"><\/div>\n\t\t<\/div>\n\t\t\t\t\t\t<\/div>\n\t\t\t\t<\/div>\n\t\t\t\t<div class=\"elementor-element elementor-element-ff7d058 elementor-widget elementor-widget-image\" data-id=\"ff7d058\" data-element_type=\"widget\" data-e-type=\"widget\" data-widget_type=\"image.default\">\n\t\t\t\t<div class=\"elementor-widget-container\">\n\t\t\t\t\t\t\t\t\t\t\t\t<figure class=\"wp-caption\">\n\t\t\t\t\t\t\t\t\t\t<img fetchpriority=\"high\" decoding=\"async\" width=\"310\" height=\"518\" src=\"https:\/\/www.fwa-ffo.de\/wp2\/wp-content\/uploads\/Blasenbild_Plattenbeluefter.jpg\" class=\"attachment-full size-full wp-image-5174\" alt=\"Bild Blasenbild des Plattenbel\u00fcfters auf der Kl\u00e4ranlage\" \/>\t\t\t\t\t\t\t\t\t\t\t<figcaption class=\"widget-image-caption wp-caption-text\">Das Blasenbild der neuen Plattenbel\u00fcfter zeigte<br>bei der Bauabnahme keinerlei St\u00f6rungen.<\/figcaption>\n\t\t\t\t\t\t\t\t\t\t<\/figure>\n\t\t\t\t\t\t\t\t\t<\/div>\n\t\t\t\t<\/div>\n\t\t\t\t<div class=\"elementor-element elementor-element-6987b99 elementor-widget elementor-widget-spacer\" data-id=\"6987b99\" data-element_type=\"widget\" data-e-type=\"widget\" data-widget_type=\"spacer.default\">\n\t\t\t\t<div class=\"elementor-widget-container\">\n\t\t\t\t\t\t\t<div class=\"elementor-spacer\">\n\t\t\t<div class=\"elementor-spacer-inner\"><\/div>\n\t\t<\/div>\n\t\t\t\t\t\t<\/div>\n\t\t\t\t<\/div>\n\t\t\t\t<div class=\"elementor-element elementor-element-65d3256 elementor-widget elementor-widget-image\" data-id=\"65d3256\" data-element_type=\"widget\" data-e-type=\"widget\" data-widget_type=\"image.default\">\n\t\t\t\t<div class=\"elementor-widget-container\">\n\t\t\t\t\t\t\t\t\t\t\t\t<figure class=\"wp-caption\">\n\t\t\t\t\t\t\t\t\t\t<img decoding=\"async\" width=\"538\" height=\"304\" src=\"https:\/\/www.fwa-ffo.de\/wp2\/wp-content\/uploads\/Belebungsbecken_in_Betrieb.jpg\" class=\"attachment-full size-full wp-image-5173\" alt=\"Bild Belebungsbecken auf der Kl\u00e4ranlage in Betrieb\" \/>\t\t\t\t\t\t\t\t\t\t\t<figcaption class=\"widget-image-caption wp-caption-text\">Die Belebungsbecken sind wieder vollst\u00e4ndig in Betrieb.<\/figcaption>\n\t\t\t\t\t\t\t\t\t\t<\/figure>\n\t\t\t\t\t\t\t\t\t<\/div>\n\t\t\t\t<\/div>\n\t\t\t\t<div class=\"elementor-element elementor-element-635ad88 elementor-widget elementor-widget-spacer\" data-id=\"635ad88\" data-element_type=\"widget\" data-e-type=\"widget\" data-widget_type=\"spacer.default\">\n\t\t\t\t<div class=\"elementor-widget-container\">\n\t\t\t\t\t\t\t<div class=\"elementor-spacer\">\n\t\t\t<div class=\"elementor-spacer-inner\"><\/div>\n\t\t<\/div>\n\t\t\t\t\t\t<\/div>\n\t\t\t\t<\/div>\n\t\t\t\t<div class=\"elementor-element elementor-element-440a13a elementor-widget elementor-widget-image\" data-id=\"440a13a\" data-element_type=\"widget\" data-e-type=\"widget\" data-widget_type=\"image.default\">\n\t\t\t\t<div class=\"elementor-widget-container\">\n\t\t\t\t\t\t\t\t\t\t\t\t<figure class=\"wp-caption\">\n\t\t\t\t\t\t\t\t\t\t<img decoding=\"async\" width=\"400\" height=\"267\" src=\"https:\/\/www.fwa-ffo.de\/wp2\/wp-content\/uploads\/Ka_frankfurt_belebungsbecken.jpg\" class=\"attachment-full size-full wp-image-5172\" alt=\"Bild Belebungsbecken der Kl\u00e4ranlage Frankfurt (Oder)\" \/>\t\t\t\t\t\t\t\t\t\t\t<figcaption class=\"widget-image-caption wp-caption-text\">Belebungsbecken der Kl\u00e4ranlage Frankfurt (Oder)<\/figcaption>\n\t\t\t\t\t\t\t\t\t\t<\/figure>\n\t\t\t\t\t\t\t\t\t<\/div>\n\t\t\t\t<\/div>\n\t\t\t\t<div class=\"elementor-element elementor-element-aac0867 elementor-widget elementor-widget-spacer\" data-id=\"aac0867\" data-element_type=\"widget\" data-e-type=\"widget\" data-widget_type=\"spacer.default\">\n\t\t\t\t<div class=\"elementor-widget-container\">\n\t\t\t\t\t\t\t<div class=\"elementor-spacer\">\n\t\t\t<div class=\"elementor-spacer-inner\"><\/div>\n\t\t<\/div>\n\t\t\t\t\t\t<\/div>\n\t\t\t\t<\/div>\n\t\t\t\t<div class=\"elementor-element elementor-element-5b21889 elementor-widget elementor-widget-image\" data-id=\"5b21889\" data-element_type=\"widget\" data-e-type=\"widget\" data-widget_type=\"image.default\">\n\t\t\t\t<div class=\"elementor-widget-container\">\n\t\t\t\t\t\t\t\t\t\t\t\t<figure class=\"wp-caption\">\n\t\t\t\t\t\t\t\t\t\t<img loading=\"lazy\" decoding=\"async\" width=\"400\" height=\"300\" src=\"https:\/\/www.fwa-ffo.de\/wp2\/wp-content\/uploads\/Auswechslung_belueftung_1.jpg\" class=\"attachment-full size-full wp-image-5171\" alt=\"Bild Alte Tellerbel\u00fcftung nach Entleerung der Belebungsbecken\" \/>\t\t\t\t\t\t\t\t\t\t\t<figcaption class=\"widget-image-caption wp-caption-text\">Alte Tellerbel\u00fcftung nach Entleerung der Belebungsbecken<\/figcaption>\n\t\t\t\t\t\t\t\t\t\t<\/figure>\n\t\t\t\t\t\t\t\t\t<\/div>\n\t\t\t\t<\/div>\n\t\t\t\t<div class=\"elementor-element elementor-element-6fd5616 elementor-widget elementor-widget-spacer\" data-id=\"6fd5616\" data-element_type=\"widget\" data-e-type=\"widget\" data-widget_type=\"spacer.default\">\n\t\t\t\t<div class=\"elementor-widget-container\">\n\t\t\t\t\t\t\t<div class=\"elementor-spacer\">\n\t\t\t<div class=\"elementor-spacer-inner\"><\/div>\n\t\t<\/div>\n\t\t\t\t\t\t<\/div>\n\t\t\t\t<\/div>\n\t\t\t\t<div class=\"elementor-element elementor-element-2b15af9 elementor-widget elementor-widget-image\" data-id=\"2b15af9\" data-element_type=\"widget\" data-e-type=\"widget\" data-widget_type=\"image.default\">\n\t\t\t\t<div class=\"elementor-widget-container\">\n\t\t\t\t\t\t\t\t\t\t\t\t<figure class=\"wp-caption\">\n\t\t\t\t\t\t\t\t\t\t<img loading=\"lazy\" decoding=\"async\" width=\"400\" height=\"533\" src=\"https:\/\/www.fwa-ffo.de\/wp2\/wp-content\/uploads\/Auswechslung_belueftung_2.jpg\" class=\"attachment-full size-full wp-image-5170\" alt=\"Bild Demontage der alten Bel\u00fcftung\" \/>\t\t\t\t\t\t\t\t\t\t\t<figcaption class=\"widget-image-caption wp-caption-text\">Demontage der alten Bel\u00fcftung<\/figcaption>\n\t\t\t\t\t\t\t\t\t\t<\/figure>\n\t\t\t\t\t\t\t\t\t<\/div>\n\t\t\t\t<\/div>\n\t\t\t\t<div class=\"elementor-element elementor-element-d4b5245 elementor-widget elementor-widget-spacer\" data-id=\"d4b5245\" data-element_type=\"widget\" data-e-type=\"widget\" data-widget_type=\"spacer.default\">\n\t\t\t\t<div class=\"elementor-widget-container\">\n\t\t\t\t\t\t\t<div class=\"elementor-spacer\">\n\t\t\t<div class=\"elementor-spacer-inner\"><\/div>\n\t\t<\/div>\n\t\t\t\t\t\t<\/div>\n\t\t\t\t<\/div>\n\t\t\t\t<div class=\"elementor-element elementor-element-92cb8ec elementor-widget elementor-widget-image\" data-id=\"92cb8ec\" data-element_type=\"widget\" data-e-type=\"widget\" data-widget_type=\"image.default\">\n\t\t\t\t<div class=\"elementor-widget-container\">\n\t\t\t\t\t\t\t\t\t\t\t\t<figure class=\"wp-caption\">\n\t\t\t\t\t\t\t\t\t\t<img loading=\"lazy\" decoding=\"async\" width=\"400\" height=\"300\" src=\"https:\/\/www.fwa-ffo.de\/wp2\/wp-content\/uploads\/Auswechslung_belueftung_3.jpg\" class=\"attachment-full size-full wp-image-5169\" alt=\"Bild Einbau der neuen Bel\u00fcftungsanlage\" \/>\t\t\t\t\t\t\t\t\t\t\t<figcaption class=\"widget-image-caption wp-caption-text\">Einbau der neuen Bel\u00fcftungsanlage<\/figcaption>\n\t\t\t\t\t\t\t\t\t\t<\/figure>\n\t\t\t\t\t\t\t\t\t<\/div>\n\t\t\t\t<\/div>\n\t\t\t\t<div class=\"elementor-element elementor-element-6159af4 elementor-widget elementor-widget-spacer\" data-id=\"6159af4\" data-element_type=\"widget\" data-e-type=\"widget\" data-widget_type=\"spacer.default\">\n\t\t\t\t<div class=\"elementor-widget-container\">\n\t\t\t\t\t\t\t<div class=\"elementor-spacer\">\n\t\t\t<div class=\"elementor-spacer-inner\"><\/div>\n\t\t<\/div>\n\t\t\t\t\t\t<\/div>\n\t\t\t\t<\/div>\n\t\t\t\t<div class=\"elementor-element elementor-element-4843ee6 elementor-widget elementor-widget-image\" data-id=\"4843ee6\" data-element_type=\"widget\" data-e-type=\"widget\" data-widget_type=\"image.default\">\n\t\t\t\t<div class=\"elementor-widget-container\">\n\t\t\t\t\t\t\t\t\t\t\t\t<figure class=\"wp-caption\">\n\t\t\t\t\t\t\t\t\t\t<img loading=\"lazy\" decoding=\"async\" width=\"400\" height=\"300\" src=\"https:\/\/www.fwa-ffo.de\/wp2\/wp-content\/uploads\/Auswechslung_belueftung_4.jpg\" class=\"attachment-full size-full wp-image-5168\" alt=\"Bild Montage der Luftleitungen der neuen Fl\u00e4chenbel\u00fcftung\" \/>\t\t\t\t\t\t\t\t\t\t\t<figcaption class=\"widget-image-caption wp-caption-text\">Montage der Luftleitungen der neuen Fl\u00e4chenbel\u00fcftung<\/figcaption>\n\t\t\t\t\t\t\t\t\t\t<\/figure>\n\t\t\t\t\t\t\t\t\t<\/div>\n\t\t\t\t<\/div>\n\t\t\t\t<div class=\"elementor-element elementor-element-18aa9f2 elementor-widget elementor-widget-spacer\" data-id=\"18aa9f2\" data-element_type=\"widget\" data-e-type=\"widget\" data-widget_type=\"spacer.default\">\n\t\t\t\t<div class=\"elementor-widget-container\">\n\t\t\t\t\t\t\t<div class=\"elementor-spacer\">\n\t\t\t<div class=\"elementor-spacer-inner\"><\/div>\n\t\t<\/div>\n\t\t\t\t\t\t<\/div>\n\t\t\t\t<\/div>\n\t\t\t\t\t<\/div>\n\t\t<\/div>\n\t\t\t\t\t<\/div>\n\t\t<\/section>\n\t\t\t\t<\/div>\n\t\t","protected":false},"excerpt":{"rendered":"<p>Energieoptimierung auf der Kl\u00e4ranlage Frankfurt (Oder) Die FWA setzt bereits verschiedene Ma\u00dfnahmen zur Energieoptimierung ein. So wird auf der Kl\u00e4ranlage Frankfurt (Oder) das anfallende Kl\u00e4rgas im Blockheizkraftwerk zu W\u00e4rme- und Elektroenergie verwertet. Dar\u00fcber hinaus passt das Unternehmen Verfahrensabl\u00e4ufe an und wechselt energieintensive Aggregate und Anlagenteile durch sparsamere Modelle aus. Montagearbeiten an den Belebungsbecken abgeschlossen\u00a0Die im [&hellip;]<\/p>\n","protected":false},"author":1,"featured_media":0,"parent":4449,"menu_order":0,"comment_status":"closed","ping_status":"closed","template":"","meta":{"footnotes":""},"class_list":["post-5166","page","type-page","status-publish","hentry"],"_links":{"self":[{"href":"https:\/\/www.fwa-ffo.de\/wp2\/wp-json\/wp\/v2\/pages\/5166","targetHints":{"allow":["GET"]}}],"collection":[{"href":"https:\/\/www.fwa-ffo.de\/wp2\/wp-json\/wp\/v2\/pages"}],"about":[{"href":"https:\/\/www.fwa-ffo.de\/wp2\/wp-json\/wp\/v2\/types\/page"}],"author":[{"embeddable":true,"href":"https:\/\/www.fwa-ffo.de\/wp2\/wp-json\/wp\/v2\/users\/1"}],"replies":[{"embeddable":true,"href":"https:\/\/www.fwa-ffo.de\/wp2\/wp-json\/wp\/v2\/comments?post=5166"}],"version-history":[{"count":0,"href":"https:\/\/www.fwa-ffo.de\/wp2\/wp-json\/wp\/v2\/pages\/5166\/revisions"}],"up":[{"embeddable":true,"href":"https:\/\/www.fwa-ffo.de\/wp2\/wp-json\/wp\/v2\/pages\/4449"}],"wp:attachment":[{"href":"https:\/\/www.fwa-ffo.de\/wp2\/wp-json\/wp\/v2\/media?parent=5166"}],"curies":[{"name":"wp","href":"https:\/\/api.w.org\/{rel}","templated":true}]}}