{"id":4971,"date":"2021-12-09T13:48:50","date_gmt":"2021-12-09T12:48:50","guid":{"rendered":"https:\/\/www.fwa-ffo.de\/wp2\/?page_id=4971"},"modified":"2022-03-22T13:52:16","modified_gmt":"2022-03-22T12:52:16","slug":"reiner-sauerstoff-im-wasser-bessere-qualitaet","status":"publish","type":"page","link":"https:\/\/www.fwa-ffo.de\/wp2\/wissenswertes\/wissenswertes-trinkwasser\/reiner-sauerstoff-im-wasser-bessere-qualitaet\/","title":{"rendered":"Reiner Sauerstoff im Wasser &#8211; bessere Qualit\u00e4t"},"content":{"rendered":"\t\t<div data-elementor-type=\"wp-page\" data-elementor-id=\"4971\" class=\"elementor elementor-4971\" data-elementor-post-type=\"page\">\n\t\t\t\t\t\t<section class=\"elementor-section elementor-top-section elementor-element elementor-element-272d7af elementor-section-boxed elementor-section-height-default elementor-section-height-default\" data-id=\"272d7af\" data-element_type=\"section\" data-e-type=\"section\">\n\t\t\t\t\t\t<div class=\"elementor-container elementor-column-gap-default\">\n\t\t\t\t\t<div class=\"elementor-column elementor-col-100 elementor-top-column elementor-element elementor-element-f8eedb5\" data-id=\"f8eedb5\" data-element_type=\"column\" data-e-type=\"column\">\n\t\t\t<div class=\"elementor-widget-wrap elementor-element-populated\">\n\t\t\t\t\t\t<div class=\"elementor-element elementor-element-51f3ade elementor-widget elementor-widget-heading\" data-id=\"51f3ade\" data-element_type=\"widget\" data-e-type=\"widget\" data-widget_type=\"heading.default\">\n\t\t\t\t<div class=\"elementor-widget-container\">\n\t\t\t\t\t<h2 class=\"elementor-heading-title elementor-size-default\">Reiner Sauerstoff im Wasser - bessere Qualit\u00e4t<\/h2>\t\t\t\t<\/div>\n\t\t\t\t<\/div>\n\t\t\t\t<div class=\"elementor-element elementor-element-0b42b53 elementor-widget elementor-widget-spacer\" data-id=\"0b42b53\" data-element_type=\"widget\" data-e-type=\"widget\" data-widget_type=\"spacer.default\">\n\t\t\t\t<div class=\"elementor-widget-container\">\n\t\t\t\t\t\t\t<div class=\"elementor-spacer\">\n\t\t\t<div class=\"elementor-spacer-inner\"><\/div>\n\t\t<\/div>\n\t\t\t\t\t\t<\/div>\n\t\t\t\t<\/div>\n\t\t\t\t<section class=\"elementor-section elementor-inner-section elementor-element elementor-element-cbeb23b elementor-section-boxed elementor-section-height-default elementor-section-height-default\" data-id=\"cbeb23b\" data-element_type=\"section\" data-e-type=\"section\">\n\t\t\t\t\t\t<div class=\"elementor-container elementor-column-gap-no\">\n\t\t\t\t\t<div class=\"elementor-column elementor-col-50 elementor-inner-column elementor-element elementor-element-3b83855\" data-id=\"3b83855\" data-element_type=\"column\" data-e-type=\"column\">\n\t\t\t<div class=\"elementor-widget-wrap elementor-element-populated\">\n\t\t\t\t\t\t<div class=\"elementor-element elementor-element-061b5de elementor-widget elementor-widget-text-editor\" data-id=\"061b5de\" data-element_type=\"widget\" data-e-type=\"widget\" data-widget_type=\"text-editor.default\">\n\t\t\t\t<div class=\"elementor-widget-container\">\n\t\t\t\t\t\t\t\t\t<p>Durch die Zugabe von reinem fl\u00fcssigen Sauerstoff wird das Rohwasser im Wasserwerk Briesen effektiver aufbreitet.<\/p>Ziel ist, dabei m\u00f6glichst viele oxydierbare Stoffe in den Filtern umzuwandeln, denn sp\u00e4ter ablaufende Umwandlungsprozesse im Netz bedeuten Qualit\u00e4tsverschlechterungen. Diese weitergehende Aufbereitung der Wasserinhaltsstoffe sichert eine stabilere Trinkwasserqualit\u00e4t. Durch gezielte Beprobungen im Versorgungsnetz wurde ein stabiles und h\u00f6heres Sauerstoffniveau nachgewiesen. Dieses seit Dezember 2000 eingesetzte Verfahren ist eine kosteng\u00fcnstigere Variante im Vergleich zum vorherigen Sauerstoff-Eintrag durch Luft. Abschlie\u00dfende Ergebnisse weiterer verfahrenstechnischer Arbeiten zur Sicherung und Optimierung der Trinkwassserqualit\u00e4t gilt es nun umzusetzen.\t\t\t\t\t\t\t\t<\/div>\n\t\t\t\t<\/div>\n\t\t\t\t\t<\/div>\n\t\t<\/div>\n\t\t\t\t<div class=\"elementor-column elementor-col-50 elementor-inner-column elementor-element elementor-element-1334ff1\" data-id=\"1334ff1\" data-element_type=\"column\" data-e-type=\"column\">\n\t\t\t<div class=\"elementor-widget-wrap elementor-element-populated\">\n\t\t\t\t\t\t<div class=\"elementor-element elementor-element-87912e1 elementor-widget elementor-widget-image\" data-id=\"87912e1\" data-element_type=\"widget\" data-e-type=\"widget\" data-widget_type=\"image.default\">\n\t\t\t\t<div class=\"elementor-widget-container\">\n\t\t\t\t\t\t\t\t\t\t\t\t\t\t\t<img fetchpriority=\"high\" decoding=\"async\" width=\"271\" height=\"400\" src=\"https:\/\/www.fwa-ffo.de\/wp2\/wp-content\/uploads\/O2_g.jpg\" class=\"attachment-full size-full wp-image-4973\" alt=\"Bild Sauerstoffbeh\u00e4lter auf Betonsockel im Wasserwerk Briesen\" \/>\t\t\t\t\t\t\t\t\t\t\t\t\t\t\t<\/div>\n\t\t\t\t<\/div>\n\t\t\t\t\t<\/div>\n\t\t<\/div>\n\t\t\t\t\t<\/div>\n\t\t<\/section>\n\t\t\t\t<div class=\"elementor-element elementor-element-63f7892 elementor-widget elementor-widget-text-editor\" data-id=\"63f7892\" data-element_type=\"widget\" data-e-type=\"widget\" data-widget_type=\"text-editor.default\">\n\t\t\t\t<div class=\"elementor-widget-container\">\n\t\t\t\t\t\t\t\t\t<p><u><b>Technische Parameter\/Beschreibung der Anlage<\/b><\/u><\/p><ul><li>6.000 Liter Fl\u00fcssigkeitstank (fl\u00fcssiger Sauerstoff hat eine bl\u00e4uliche Farbe,hat eine Temperatur von etwa minus 180 Grad Celsius)<\/li><li>1 Liter fl\u00fcssiger Sauerstoff ergibt 854 Liter gasf\u00f6rmigen Sauerstoff<\/li><li>1 Tankf\u00fcllung reicht ca. 10 Wochen f\u00fcr diese Art der Sauerstoffzufuhr.<\/li><\/ul>\t\t\t\t\t\t\t\t<\/div>\n\t\t\t\t<\/div>\n\t\t\t\t<div class=\"elementor-element elementor-element-7ca185d elementor-widget elementor-widget-spacer\" data-id=\"7ca185d\" data-element_type=\"widget\" data-e-type=\"widget\" data-widget_type=\"spacer.default\">\n\t\t\t\t<div class=\"elementor-widget-container\">\n\t\t\t\t\t\t\t<div class=\"elementor-spacer\">\n\t\t\t<div class=\"elementor-spacer-inner\"><\/div>\n\t\t<\/div>\n\t\t\t\t\t\t<\/div>\n\t\t\t\t<\/div>\n\t\t\t\t\t<\/div>\n\t\t<\/div>\n\t\t\t\t\t<\/div>\n\t\t<\/section>\n\t\t\t\t<\/div>\n\t\t","protected":false},"excerpt":{"rendered":"<p>Reiner Sauerstoff im Wasser &#8211; bessere Qualit\u00e4t Durch die Zugabe von reinem fl\u00fcssigen Sauerstoff wird das Rohwasser im Wasserwerk Briesen effektiver aufbreitet. Ziel ist, dabei m\u00f6glichst viele oxydierbare Stoffe in den Filtern umzuwandeln, denn sp\u00e4ter ablaufende Umwandlungsprozesse im Netz bedeuten Qualit\u00e4tsverschlechterungen. Diese weitergehende Aufbereitung der Wasserinhaltsstoffe sichert eine stabilere Trinkwasserqualit\u00e4t. Durch gezielte Beprobungen im Versorgungsnetz [&hellip;]<\/p>\n","protected":false},"author":1,"featured_media":0,"parent":4444,"menu_order":0,"comment_status":"closed","ping_status":"closed","template":"","meta":{"footnotes":""},"class_list":["post-4971","page","type-page","status-publish","hentry"],"_links":{"self":[{"href":"https:\/\/www.fwa-ffo.de\/wp2\/wp-json\/wp\/v2\/pages\/4971","targetHints":{"allow":["GET"]}}],"collection":[{"href":"https:\/\/www.fwa-ffo.de\/wp2\/wp-json\/wp\/v2\/pages"}],"about":[{"href":"https:\/\/www.fwa-ffo.de\/wp2\/wp-json\/wp\/v2\/types\/page"}],"author":[{"embeddable":true,"href":"https:\/\/www.fwa-ffo.de\/wp2\/wp-json\/wp\/v2\/users\/1"}],"replies":[{"embeddable":true,"href":"https:\/\/www.fwa-ffo.de\/wp2\/wp-json\/wp\/v2\/comments?post=4971"}],"version-history":[{"count":0,"href":"https:\/\/www.fwa-ffo.de\/wp2\/wp-json\/wp\/v2\/pages\/4971\/revisions"}],"up":[{"embeddable":true,"href":"https:\/\/www.fwa-ffo.de\/wp2\/wp-json\/wp\/v2\/pages\/4444"}],"wp:attachment":[{"href":"https:\/\/www.fwa-ffo.de\/wp2\/wp-json\/wp\/v2\/media?parent=4971"}],"curies":[{"name":"wp","href":"https:\/\/api.w.org\/{rel}","templated":true}]}}