{"id":4959,"date":"2021-12-09T13:44:55","date_gmt":"2021-12-09T12:44:55","guid":{"rendered":"https:\/\/www.fwa-ffo.de\/wp2\/?page_id=4959"},"modified":"2022-03-22T13:52:53","modified_gmt":"2022-03-22T12:52:53","slug":"wasserfilter-in-der-trinkwasserhausinstallation","status":"publish","type":"page","link":"https:\/\/www.fwa-ffo.de\/wp2\/wissenswertes\/wissenswertes-trinkwasser\/wasserfilter-in-der-trinkwasserhausinstallation\/","title":{"rendered":"Wasserfilter in der Trinkwasserhausinstallation"},"content":{"rendered":"\t\t<div data-elementor-type=\"wp-page\" data-elementor-id=\"4959\" class=\"elementor elementor-4959\" data-elementor-post-type=\"page\">\n\t\t\t\t\t\t<section class=\"elementor-section elementor-top-section elementor-element elementor-element-5610a20 elementor-section-boxed elementor-section-height-default elementor-section-height-default\" data-id=\"5610a20\" data-element_type=\"section\" data-e-type=\"section\">\n\t\t\t\t\t\t<div class=\"elementor-container elementor-column-gap-default\">\n\t\t\t\t\t<div class=\"elementor-column elementor-col-100 elementor-top-column elementor-element elementor-element-cc90bb1\" data-id=\"cc90bb1\" data-element_type=\"column\" data-e-type=\"column\">\n\t\t\t<div class=\"elementor-widget-wrap elementor-element-populated\">\n\t\t\t\t\t\t<div class=\"elementor-element elementor-element-74f5aa7 elementor-widget elementor-widget-heading\" data-id=\"74f5aa7\" data-element_type=\"widget\" data-e-type=\"widget\" data-widget_type=\"heading.default\">\n\t\t\t\t<div class=\"elementor-widget-container\">\n\t\t\t\t\t<h2 class=\"elementor-heading-title elementor-size-default\">Wasserfilter in der Trinkwasserhausinstallation<\/h2>\t\t\t\t<\/div>\n\t\t\t\t<\/div>\n\t\t\t\t<div class=\"elementor-element elementor-element-310485b elementor-widget elementor-widget-spacer\" data-id=\"310485b\" data-element_type=\"widget\" data-e-type=\"widget\" data-widget_type=\"spacer.default\">\n\t\t\t\t<div class=\"elementor-widget-container\">\n\t\t\t\t\t\t\t<div class=\"elementor-spacer\">\n\t\t\t<div class=\"elementor-spacer-inner\"><\/div>\n\t\t<\/div>\n\t\t\t\t\t\t<\/div>\n\t\t\t\t<\/div>\n\t\t\t\t<section class=\"elementor-section elementor-inner-section elementor-element elementor-element-06146a2 elementor-section-boxed elementor-section-height-default elementor-section-height-default\" data-id=\"06146a2\" data-element_type=\"section\" data-e-type=\"section\">\n\t\t\t\t\t\t<div class=\"elementor-container elementor-column-gap-default\">\n\t\t\t\t\t<div class=\"elementor-column elementor-col-50 elementor-inner-column elementor-element elementor-element-fbba548\" data-id=\"fbba548\" data-element_type=\"column\" data-e-type=\"column\">\n\t\t\t<div class=\"elementor-widget-wrap elementor-element-populated\">\n\t\t\t\t\t\t<div class=\"elementor-element elementor-element-d6c363f elementor-widget elementor-widget-image\" data-id=\"d6c363f\" data-element_type=\"widget\" data-e-type=\"widget\" data-widget_type=\"image.default\">\n\t\t\t\t<div class=\"elementor-widget-container\">\n\t\t\t\t\t\t\t\t\t\t\t\t\t\t\t<img fetchpriority=\"high\" decoding=\"async\" width=\"350\" height=\"468\" src=\"https:\/\/www.fwa-ffo.de\/wp2\/wp-content\/uploads\/Filter.jpg\" class=\"attachment-full size-full wp-image-4961\" alt=\"Bild Wasserfilter in der Trinkwasserhausinstallation\" \/>\t\t\t\t\t\t\t\t\t\t\t\t\t\t\t<\/div>\n\t\t\t\t<\/div>\n\t\t\t\t\t<\/div>\n\t\t<\/div>\n\t\t\t\t<div class=\"elementor-column elementor-col-50 elementor-inner-column elementor-element elementor-element-0b6b7ff\" data-id=\"0b6b7ff\" data-element_type=\"column\" data-e-type=\"column\">\n\t\t\t<div class=\"elementor-widget-wrap elementor-element-populated\">\n\t\t\t\t\t\t<div class=\"elementor-element elementor-element-c0ece01 elementor-widget elementor-widget-text-editor\" data-id=\"c0ece01\" data-element_type=\"widget\" data-e-type=\"widget\" data-widget_type=\"text-editor.default\">\n\t\t\t\t<div class=\"elementor-widget-container\">\n\t\t\t\t\t\t\t\t\t<p>Sie stehen unter der Dusche und das Wasser tr\u00f6pfelt pl\u00f6tzlich nur noch oder bleibt sogar ganz aus. So mancher hat diese ungl\u00fcckliche Situation schon am eigenen Leib erlebt. H\u00e4ufige Ursache sind zugesetzte Filter.<\/p><div>Filter sind Ger\u00e4te, die dem Trinkwasser ungel\u00f6ste Stoffe entziehen sollen, die zu\u00a0 St\u00f6rungen in der Hausinstallation f\u00fchren k\u00f6nnen. Gelegentlich werden mit dem Trinkwasser kleine Feststoffpartikel in die Hausinstallation eingesp\u00fclt. Diese sind nicht gesundheitssch\u00e4digend, k\u00f6nnen jedoch den Korrosionsablauf, vor allem in metallenen Leitungen, beeinflussen. <\/div><p>Gem\u00e4\u00df DIN 1988,Teil 2 sind Filter vorgeschrieben, wenn die Hausinstallation aus metallenen Leitungen besteht. Bei Kunststoffleitungen wird der Einbau eines Filters empfohlen. Filter mit Durchlassweiten kleiner 80 \u00b5m d\u00fcrfen nicht in die Trinkwasser-Hausinstallation eingebaut werden.<\/p><p>Um nachteilige Auswirkungen wie Druckverlust, Wassermangel oder Verkeimung zu vermeiden, d\u00fcrfen nur Filter mit DIN &#8211; DVGW-Pr\u00fcfzeichen eingebaut werden. Dar\u00fcber hinaus ist die regelm\u00e4\u00dfige Wartung nach DIN 1988, Teil 8 erforderlich. DVGW steht f\u00fcr &#8222;Deutscher Verein des Gas- und Wasserfaches e.V.&#8220;.<\/p>\t\t\t\t\t\t\t\t<\/div>\n\t\t\t\t<\/div>\n\t\t\t\t\t<\/div>\n\t\t<\/div>\n\t\t\t\t\t<\/div>\n\t\t<\/section>\n\t\t\t\t<div class=\"elementor-element elementor-element-10858ed elementor-widget elementor-widget-text-editor\" data-id=\"10858ed\" data-element_type=\"widget\" data-e-type=\"widget\" data-widget_type=\"text-editor.default\">\n\t\t\t\t<div class=\"elementor-widget-container\">\n\t\t\t\t\t\t\t\t\t<p>Filter dienen nicht der Verbesserung der Trinkwasserqualit\u00e4t. Ihr bestimmungem\u00e4\u00dfer Zweck ist &#8222;filtern&#8220;. Diese Funktion bringt es\u00a0 zwangsl\u00e4ufig mit sich, dass die Filter von Zeit zu Zeit gereinigt oder aber erneuert werden m\u00fcssen.<\/p><div>Die Wartungsanleitung des jeweiligen Herstellers ist unbedingt zu beachten. Sp\u00e4testens alle zwei Monate sollte eine Filterreinigung stattfinden. Steht Ihnen die Wartungsanleitung nicht zur Verf\u00fcgung, fordern Sie diese von Ihrem Installationsunternehmen ab oder besser, Sie vereinbaren einen Wartungsvertrag. <\/div><p>Neben dem Druckabfall bei ungewarteten Filtern ist insbesondere die Gefahr der Verkeimung von erheblicher Bedeutung.<\/p><div>Wie andere Lebensmittel, so ist auch Trinkwasser nicht steril, d. h., es kann eine Vielzahl von Mikroorganismen enthalten, ohne dass dadurch seine Eignung f\u00fcr den menschlichen Verzehr eingeschr\u00e4nkt ist. Dies ist erst dann besorgniserregend, wenn es sich bei diesen Mikroorganismen um Krankheitserreger handelt. Um dieser Sorge Rechnung zu tragen, hat der Gesetzgeber in der TVO &#8211; Trinkwasserverordnung &#8211; Grenzwerte f\u00fcr bestimmte Bakterien festgesetzt, deren Einhaltung eine Gef\u00e4hrdung des Verbrauchers ausschlie\u00dft. <\/div><p>Trinkwasser kann im Rahmen zul\u00e4ssiger Grenzwerte gen\u00fcgend N\u00e4hrstoffe enthalten, welche die Vermehrung dieser Bakterien\u00a0 erm\u00f6glichen. Mangelhaft gewartete Filter bilden daher eine regelrechte Brutst\u00e4tte f\u00fcr Bakterien. Bei der Wartung der Filter sollte also prim\u00e4r auf die Erhaltung der Trinkwasserqualit\u00e4t geachtet werden. Vermeidung von Stagnation, regelm\u00e4\u00dfige Sp\u00fclungen, insbesondere nach l\u00e4ngerer Entnahmepausen, helfen die Risiken hinsichtlich der Beeintr\u00e4chtigung der Wasserbeschaffenheit einzugrenzen.<\/p><p>Das Gesetz zur Verh\u00fctung und Bek\u00e4mpfung \u00fcbertragbarer Krankheiten beim Menschen (Bundes-Seuchengesetz) sagt aus, &#8222;dass Trinkwasser so beschaffen sein muss, dass durch seinen Genuss oder Gebrauch eine Sch\u00e4digung der menschlichen Gesundheit, insbesondere durch Krankheitserreger, nicht zu bef\u00fcrchten ist&#8220;. Wassergewinnungs- und Wasserversorgungsanlagen unterliegen insoweit der st\u00e4ndigen \u00dcberwachung durch das Gesundheitsamt.<\/p><p>Filter bilden eine sinnvolle Erg\u00e4nzung in der Hausinstallation. Das DVGW-Pr\u00fcfzeichen garantiert, dass durch Pr\u00fcfung die Funktionsf\u00e4higkeit sowie die hygienische und sicherheitstechnische Unbedenklichkeit nachgewiesen sind.<\/p><p>Der Genuss von erfrischendem Trinkwasser aus der Leitung setzt sich wieder immer mehr durch. Die Frankfurter Wasser- und Abwassergesellschaft mbH ist bestrebt, jeder Zeit Wasser in Qualit\u00e4t, Druck und Menge am Entnahmehahn zu sichern. Unterst\u00fctzen Sie uns u. a. durch den fachgerechten Umgang mit Wasserfiltern. Selbstverst\u00e4ndlich k\u00f6nnen Sie sich mit Ihren Fragen in dieser Angelegenheit direkt an uns oder auch an Ihr Installationsunternehmen wenden.<\/p>\t\t\t\t\t\t\t\t<\/div>\n\t\t\t\t<\/div>\n\t\t\t\t<div class=\"elementor-element elementor-element-ee63b3e elementor-widget elementor-widget-spacer\" data-id=\"ee63b3e\" data-element_type=\"widget\" data-e-type=\"widget\" data-widget_type=\"spacer.default\">\n\t\t\t\t<div class=\"elementor-widget-container\">\n\t\t\t\t\t\t\t<div class=\"elementor-spacer\">\n\t\t\t<div class=\"elementor-spacer-inner\"><\/div>\n\t\t<\/div>\n\t\t\t\t\t\t<\/div>\n\t\t\t\t<\/div>\n\t\t\t\t\t<\/div>\n\t\t<\/div>\n\t\t\t\t\t<\/div>\n\t\t<\/section>\n\t\t\t\t<\/div>\n\t\t","protected":false},"excerpt":{"rendered":"<p>Wasserfilter in der Trinkwasserhausinstallation Sie stehen unter der Dusche und das Wasser tr\u00f6pfelt pl\u00f6tzlich nur noch oder bleibt sogar ganz aus. So mancher hat diese ungl\u00fcckliche Situation schon am eigenen Leib erlebt. H\u00e4ufige Ursache sind zugesetzte Filter. Filter sind Ger\u00e4te, die dem Trinkwasser ungel\u00f6ste Stoffe entziehen sollen, die zu\u00a0 St\u00f6rungen in der Hausinstallation f\u00fchren k\u00f6nnen. [&hellip;]<\/p>\n","protected":false},"author":1,"featured_media":0,"parent":4444,"menu_order":0,"comment_status":"closed","ping_status":"closed","template":"","meta":{"footnotes":""},"class_list":["post-4959","page","type-page","status-publish","hentry"],"_links":{"self":[{"href":"https:\/\/www.fwa-ffo.de\/wp2\/wp-json\/wp\/v2\/pages\/4959","targetHints":{"allow":["GET"]}}],"collection":[{"href":"https:\/\/www.fwa-ffo.de\/wp2\/wp-json\/wp\/v2\/pages"}],"about":[{"href":"https:\/\/www.fwa-ffo.de\/wp2\/wp-json\/wp\/v2\/types\/page"}],"author":[{"embeddable":true,"href":"https:\/\/www.fwa-ffo.de\/wp2\/wp-json\/wp\/v2\/users\/1"}],"replies":[{"embeddable":true,"href":"https:\/\/www.fwa-ffo.de\/wp2\/wp-json\/wp\/v2\/comments?post=4959"}],"version-history":[{"count":0,"href":"https:\/\/www.fwa-ffo.de\/wp2\/wp-json\/wp\/v2\/pages\/4959\/revisions"}],"up":[{"embeddable":true,"href":"https:\/\/www.fwa-ffo.de\/wp2\/wp-json\/wp\/v2\/pages\/4444"}],"wp:attachment":[{"href":"https:\/\/www.fwa-ffo.de\/wp2\/wp-json\/wp\/v2\/media?parent=4959"}],"curies":[{"name":"wp","href":"https:\/\/api.w.org\/{rel}","templated":true}]}}