{"id":4880,"date":"2021-12-09T13:13:40","date_gmt":"2021-12-09T12:13:40","guid":{"rendered":"https:\/\/www.fwa-ffo.de\/wp2\/?page_id=4880"},"modified":"2022-03-22T13:51:47","modified_gmt":"2022-03-22T12:51:47","slug":"information-zum-sulfatgehalt-im-frankfurter-trinkwasser","status":"publish","type":"page","link":"https:\/\/www.fwa-ffo.de\/wp2\/wissenswertes\/wissenswertes-trinkwasser\/information-zum-sulfatgehalt-im-frankfurter-trinkwasser\/","title":{"rendered":"Information zum Sulfatgehalt im Frankfurter Trinkwasser"},"content":{"rendered":"\t\t<div data-elementor-type=\"wp-page\" data-elementor-id=\"4880\" class=\"elementor elementor-4880\" data-elementor-post-type=\"page\">\n\t\t\t\t\t\t<section class=\"elementor-section elementor-top-section elementor-element elementor-element-449cb99 elementor-section-boxed elementor-section-height-default elementor-section-height-default\" data-id=\"449cb99\" data-element_type=\"section\" data-e-type=\"section\">\n\t\t\t\t\t\t<div class=\"elementor-container elementor-column-gap-default\">\n\t\t\t\t\t<div class=\"elementor-column elementor-col-100 elementor-top-column elementor-element elementor-element-c0b422c\" data-id=\"c0b422c\" data-element_type=\"column\" data-e-type=\"column\">\n\t\t\t<div class=\"elementor-widget-wrap elementor-element-populated\">\n\t\t\t\t\t\t<div class=\"elementor-element elementor-element-2e5e12d elementor-widget elementor-widget-heading\" data-id=\"2e5e12d\" data-element_type=\"widget\" data-e-type=\"widget\" data-widget_type=\"heading.default\">\n\t\t\t\t<div class=\"elementor-widget-container\">\n\t\t\t\t\t<h2 class=\"elementor-heading-title elementor-size-default\">Information zum Sulfatgehalt<br>im Frankfurter Trinkwasser<\/h2>\t\t\t\t<\/div>\n\t\t\t\t<\/div>\n\t\t\t\t<div class=\"elementor-element elementor-element-0cee1c2 elementor-widget elementor-widget-spacer\" data-id=\"0cee1c2\" data-element_type=\"widget\" data-e-type=\"widget\" data-widget_type=\"spacer.default\">\n\t\t\t\t<div class=\"elementor-widget-container\">\n\t\t\t\t\t\t\t<div class=\"elementor-spacer\">\n\t\t\t<div class=\"elementor-spacer-inner\"><\/div>\n\t\t<\/div>\n\t\t\t\t\t\t<\/div>\n\t\t\t\t<\/div>\n\t\t\t\t<div class=\"elementor-element elementor-element-58566f6 elementor-widget elementor-widget-text-editor\" data-id=\"58566f6\" data-element_type=\"widget\" data-e-type=\"widget\" data-widget_type=\"text-editor.default\">\n\t\t\t\t<div class=\"elementor-widget-container\">\n\t\t\t\t\t\t\t\t\t<p><b>Das Frankfurter Trinkwasser kann bedenkenlos genossen werden und ist auch ohne Einschr\u00e4nkung f\u00fcr die Zubereitung von Speisen und Getr\u00e4nken f\u00fcr S\u00e4uglinge und Kleinkinder zu empfehlen. Noch!<\/b><\/p>\t\t\t\t\t\t\t\t<\/div>\n\t\t\t\t<\/div>\n\t\t\t\t<section class=\"elementor-section elementor-inner-section elementor-element elementor-element-6301833 elementor-section-boxed elementor-section-height-default elementor-section-height-default\" data-id=\"6301833\" data-element_type=\"section\" data-e-type=\"section\">\n\t\t\t\t\t\t<div class=\"elementor-container elementor-column-gap-no\">\n\t\t\t\t\t<div class=\"elementor-column elementor-col-50 elementor-inner-column elementor-element elementor-element-ce4c4c9\" data-id=\"ce4c4c9\" data-element_type=\"column\" data-e-type=\"column\">\n\t\t\t<div class=\"elementor-widget-wrap elementor-element-populated\">\n\t\t\t\t\t\t<div class=\"elementor-element elementor-element-89f168a elementor-widget elementor-widget-text-editor\" data-id=\"89f168a\" data-element_type=\"widget\" data-e-type=\"widget\" data-widget_type=\"text-editor.default\">\n\t\t\t\t<div class=\"elementor-widget-container\">\n\t\t\t\t\t\t\t\t\t<p>Die Belastung der Spree mit Bergbaureststoffen stellt uns vor neue Herausforderungen, denn die H\u00e4lfte unseres Trinkwassers gewinnen wir aus Spreewasser und reichern damit das vorhandene Grundwasser an.<\/p><p>Eine steigende Sulfatkonzentration im Rohwasser (Spreewasser) hat jedoch eine steigende Sulfatkonzentration im Reinwasser (Trinkwasser) zur Folge, da Sulfate sich nicht durch einfache Filter, sondern nur durch technologisch sehr aufwendige und teure Verfahren aus dem Wasser entfernen lassen.<\/p><p><b>Hintergrund<\/b><\/p>\t\t\t\t\t\t\t\t<\/div>\n\t\t\t\t<\/div>\n\t\t\t\t\t<\/div>\n\t\t<\/div>\n\t\t\t\t<div class=\"elementor-column elementor-col-50 elementor-inner-column elementor-element elementor-element-4f47ca2\" data-id=\"4f47ca2\" data-element_type=\"column\" data-e-type=\"column\">\n\t\t\t<div class=\"elementor-widget-wrap elementor-element-populated\">\n\t\t\t\t\t\t<div class=\"elementor-element elementor-element-62cc966 elementor-widget elementor-widget-spacer\" data-id=\"62cc966\" data-element_type=\"widget\" data-e-type=\"widget\" data-widget_type=\"spacer.default\">\n\t\t\t\t<div class=\"elementor-widget-container\">\n\t\t\t\t\t\t\t<div class=\"elementor-spacer\">\n\t\t\t<div class=\"elementor-spacer-inner\"><\/div>\n\t\t<\/div>\n\t\t\t\t\t\t<\/div>\n\t\t\t\t<\/div>\n\t\t\t\t<div class=\"elementor-element elementor-element-d06b6b0 elementor-widget elementor-widget-image\" data-id=\"d06b6b0\" data-element_type=\"widget\" data-e-type=\"widget\" data-widget_type=\"image.default\">\n\t\t\t\t<div class=\"elementor-widget-container\">\n\t\t\t\t\t\t\t\t\t\t\t\t<figure class=\"wp-caption\">\n\t\t\t\t\t\t\t\t\t\t<img fetchpriority=\"high\" decoding=\"async\" width=\"300\" height=\"200\" src=\"https:\/\/www.fwa-ffo.de\/wp2\/wp-content\/uploads\/Infiltrationsbecken_klein.jpg\" class=\"attachment-full size-full wp-image-4407\" alt=\"Bild Spreewasser flie\u00dft in die Infiltrationsbecken des Wasserwerkes Briesen\" \/>\t\t\t\t\t\t\t\t\t\t\t<figcaption class=\"widget-image-caption wp-caption-text\">Spreewasser flie\u00dft in die Infiltrationsbecken des Wasserwerkes Briesen<\/figcaption>\n\t\t\t\t\t\t\t\t\t\t<\/figure>\n\t\t\t\t\t\t\t\t\t<\/div>\n\t\t\t\t<\/div>\n\t\t\t\t\t<\/div>\n\t\t<\/div>\n\t\t\t\t\t<\/div>\n\t\t<\/section>\n\t\t\t\t<div class=\"elementor-element elementor-element-d39a4e8 elementor-widget elementor-widget-text-editor\" data-id=\"d39a4e8\" data-element_type=\"widget\" data-e-type=\"widget\" data-widget_type=\"text-editor.default\">\n\t\t\t\t<div class=\"elementor-widget-container\">\n\t\t\t\t\t\t\t\t\t<p>Die Ursache der Sulfatkonzentration im Frankfurter Trinkwasser ist die Sulfatbelastung der Spree, u. a. durch den nun schon mehr als 100 Jahre andauernden Braunkohleabbau in der Lausitz. Im Lausitzer Braunkohlenrevier werden Sulfat und Eisen aus dem Abraum ausgeschwemmt und gelangen in die Spree.<\/p>\n<p>Dies geschieht sowohl beim aktiven Braunkohletagebau durch die Einleitung von S\u00fcmpfungsw\u00e4ssern (zur Absenkung des Grundwasserspiegels), als auch mit dem stetigen Grundwasserwiederanstieg im Sanierungsbergbau.Der Eintrag von Sulfat und Eisen in das Grund- und Oberfl\u00e4chenwasser stellt einen langfristigen Prozess dar und wird \u00fcber mehrere Jahrzehnte in unterschiedlicher Intensit\u00e4t nachwirken.<\/p>\n<p>Bisher ist es uns gelungen, durch die Verd\u00fcnnung mit unbelastetem Grundwasser den Grenzwert der Trinkwasserverordnung f\u00fcr Sulfat in H\u00f6he von 250 mg\/l einzuhalten. Der aktuelle Wert im <b>Trinkwasser<\/b> liegt bei ca. <b>180-200 mg\/l<\/b>.<\/p>\n<p>Da aber das Grundwasser nur begrenzt vorhanden ist, kann nicht beliebig viel zur Verd\u00fcnnung genutzt werden.<\/p>\t\t\t\t\t\t\t\t<\/div>\n\t\t\t\t<\/div>\n\t\t\t\t<section class=\"elementor-section elementor-inner-section elementor-element elementor-element-4f13c34 elementor-section-boxed elementor-section-height-default elementor-section-height-default\" data-id=\"4f13c34\" data-element_type=\"section\" data-e-type=\"section\">\n\t\t\t\t\t\t<div class=\"elementor-container elementor-column-gap-no\">\n\t\t\t\t\t<div class=\"elementor-column elementor-col-50 elementor-inner-column elementor-element elementor-element-973dc9c\" data-id=\"973dc9c\" data-element_type=\"column\" data-e-type=\"column\">\n\t\t\t<div class=\"elementor-widget-wrap elementor-element-populated\">\n\t\t\t\t\t\t<div class=\"elementor-element elementor-element-02a021c elementor-widget elementor-widget-spacer\" data-id=\"02a021c\" data-element_type=\"widget\" data-e-type=\"widget\" data-widget_type=\"spacer.default\">\n\t\t\t\t<div class=\"elementor-widget-container\">\n\t\t\t\t\t\t\t<div class=\"elementor-spacer\">\n\t\t\t<div class=\"elementor-spacer-inner\"><\/div>\n\t\t<\/div>\n\t\t\t\t\t\t<\/div>\n\t\t\t\t<\/div>\n\t\t\t\t<div class=\"elementor-element elementor-element-d2945c4 elementor-widget elementor-widget-image\" data-id=\"d2945c4\" data-element_type=\"widget\" data-e-type=\"widget\" data-widget_type=\"image.default\">\n\t\t\t\t<div class=\"elementor-widget-container\">\n\t\t\t\t\t\t\t\t\t\t\t\t<figure class=\"wp-caption\">\n\t\t\t\t\t\t\t\t\t\t<img decoding=\"async\" width=\"300\" height=\"200\" src=\"https:\/\/www.fwa-ffo.de\/wp2\/wp-content\/uploads\/Infiltrationspumpwerk_Spree_klein.jpg\" class=\"attachment-full size-full wp-image-4884\" alt=\"Bild Infiltrationspumpwerk an der Spree - hier wird das Spreewasser entnommen\" \/>\t\t\t\t\t\t\t\t\t\t\t<figcaption class=\"widget-image-caption wp-caption-text\">Infiltrationspumpwerk an der Spree<br>hier wird das Spreewasser entnommen<\/figcaption>\n\t\t\t\t\t\t\t\t\t\t<\/figure>\n\t\t\t\t\t\t\t\t\t<\/div>\n\t\t\t\t<\/div>\n\t\t\t\t\t<\/div>\n\t\t<\/div>\n\t\t\t\t<div class=\"elementor-column elementor-col-50 elementor-inner-column elementor-element elementor-element-fed2c41\" data-id=\"fed2c41\" data-element_type=\"column\" data-e-type=\"column\">\n\t\t\t<div class=\"elementor-widget-wrap elementor-element-populated\">\n\t\t\t\t\t\t<div class=\"elementor-element elementor-element-a9acccf elementor-widget elementor-widget-text-editor\" data-id=\"a9acccf\" data-element_type=\"widget\" data-e-type=\"widget\" data-widget_type=\"text-editor.default\">\n\t\t\t\t<div class=\"elementor-widget-container\">\n\t\t\t\t\t\t\t\t\t<p>Seit 2007 werden in der <b>Spree<\/b> am Wasserwerk Briesen Sulfatkonzentrationen von 200 mg\/l gemessen, inzwischen erreichen die Werte bis zu <b>345 mg\/l<\/b>.<\/p><div>Die klimatischen Bedingungen versch\u00e4rfen die Situation:<\/div><div>\u00a0<\/div><div>Zum einen steigt der Sulfatgehalt der Spree aufgrund fehlenden Niederschlags weiter, da die entsprechende Verd\u00fcnnung fehlt. Zum anderen ist auch die Grundwasserneubildung in den letzten Jahren nahezu ausgeblieben.<\/div><p>Dies bedeutet f\u00fcr uns, dass wir nicht ausreichend Grundwasser zur Verd\u00fcnnung heranziehen k\u00f6nnen, um eine m\u00f6gliche <b>Versalzung der Brunnen zu vermeiden!<\/b><\/p>\t\t\t\t\t\t\t\t<\/div>\n\t\t\t\t<\/div>\n\t\t\t\t\t<\/div>\n\t\t<\/div>\n\t\t\t\t\t<\/div>\n\t\t<\/section>\n\t\t\t\t<div class=\"elementor-element elementor-element-6c3ec2c elementor-widget elementor-widget-text-editor\" data-id=\"6c3ec2c\" data-element_type=\"widget\" data-e-type=\"widget\" data-widget_type=\"text-editor.default\">\n\t\t\t\t<div class=\"elementor-widget-container\">\n\t\t\t\t\t\t\t\t\t<p>F\u00fcr die Trinkwassergewinnung ben\u00f6tigen wir nun also mehr Spreewasser, welches zudem noch st\u00e4rker belastet ist. Weil wir mit einem weiteren Anstieg der Sulfatkonzentration rechnen, m\u00fcssen nun endlich Vorkehrungen getroffen werden.<\/p>\t\t\t\t\t\t\t\t<\/div>\n\t\t\t\t<\/div>\n\t\t\t\t<section class=\"elementor-section elementor-inner-section elementor-element elementor-element-76d2996 elementor-section-boxed elementor-section-height-default elementor-section-height-default\" data-id=\"76d2996\" data-element_type=\"section\" data-e-type=\"section\">\n\t\t\t\t\t\t<div class=\"elementor-container elementor-column-gap-no\">\n\t\t\t\t\t<div class=\"elementor-column elementor-col-50 elementor-inner-column elementor-element elementor-element-19030f3\" data-id=\"19030f3\" data-element_type=\"column\" data-e-type=\"column\">\n\t\t\t<div class=\"elementor-widget-wrap elementor-element-populated\">\n\t\t\t\t\t\t<div class=\"elementor-element elementor-element-10e2a3d elementor-widget elementor-widget-text-editor\" data-id=\"10e2a3d\" data-element_type=\"widget\" data-e-type=\"widget\" data-widget_type=\"text-editor.default\">\n\t\t\t\t<div class=\"elementor-widget-container\">\n\t\t\t\t\t\t\t\t\t<p><b>Was haben wir bisher getan<\/b><\/p><p>Seit 2005 werden die Sulfatkonzentrationen durch das Wasser- und Umweltlabor der Aqua-Kommunal-Service GmbH zus\u00e4tzlich erfasst. In Folge dessen wurde die Fahrweise des Wasserwerkes angepasst, mehr unbelastetes Grundwasser gef\u00f6rdert und so der<br \/>Sulfatgehalt deutlich gesenkt.<\/p><p>In den Jahren 2009 und 2010 haben wir Konzeptionen zum Umgang mit den erh\u00f6hten Sulfatkonzentrationen in der Spree erarbeiten lassen. Hierbei wurden sowohl Sulfatminderungskonzepte durch die Erschlie\u00dfung neuer Grundwasservorr\u00e4te untersucht, als auch sulfatreduzierende Aufbereitungstechnologien betrachtet. Die Umsetzung scheiterte jedoch bisher an der Finanzierung und zu optimistischen Gutachten zur Entwicklung der Sulfatgehalte der Spree.<\/p>\t\t\t\t\t\t\t\t<\/div>\n\t\t\t\t<\/div>\n\t\t\t\t\t<\/div>\n\t\t<\/div>\n\t\t\t\t<div class=\"elementor-column elementor-col-50 elementor-inner-column elementor-element elementor-element-61c8abe\" data-id=\"61c8abe\" data-element_type=\"column\" data-e-type=\"column\">\n\t\t\t<div class=\"elementor-widget-wrap elementor-element-populated\">\n\t\t\t\t\t\t<div class=\"elementor-element elementor-element-086f75f elementor-widget elementor-widget-spacer\" data-id=\"086f75f\" data-element_type=\"widget\" data-e-type=\"widget\" data-widget_type=\"spacer.default\">\n\t\t\t\t<div class=\"elementor-widget-container\">\n\t\t\t\t\t\t\t<div class=\"elementor-spacer\">\n\t\t\t<div class=\"elementor-spacer-inner\"><\/div>\n\t\t<\/div>\n\t\t\t\t\t\t<\/div>\n\t\t\t\t<\/div>\n\t\t\t\t<div class=\"elementor-element elementor-element-685900c elementor-widget elementor-widget-image\" data-id=\"685900c\" data-element_type=\"widget\" data-e-type=\"widget\" data-widget_type=\"image.default\">\n\t\t\t\t<div class=\"elementor-widget-container\">\n\t\t\t\t\t\t\t\t\t\t\t\t<figure class=\"wp-caption\">\n\t\t\t\t\t\t\t\t\t\t\t<a href=\"https:\/\/www.fwa-ffo.de\/wp2\/wp-content\/uploads\/Funktionsschema_Wasserwerk_Briesen.jpg\" data-elementor-open-lightbox=\"yes\" data-elementor-lightbox-title=\"Funktionsschema_Wasserwerk_Briesen\" data-elementor-lightbox-description=\"Bild Funktionsschema Wasserwerk Briesen\" data-e-action-hash=\"#elementor-action%3Aaction%3Dlightbox%26settings%3DeyJpZCI6NDg4MywidXJsIjoiaHR0cHM6XC9cL3d3dy5md2EtZmZvLmRlXC93cDJcL3dwLWNvbnRlbnRcL3VwbG9hZHNcL0Z1bmt0aW9uc3NjaGVtYV9XYXNzZXJ3ZXJrX0JyaWVzZW4uanBnIn0%3D\">\n\t\t\t\t\t\t\t<img decoding=\"async\" width=\"2094\" height=\"1500\" src=\"https:\/\/www.fwa-ffo.de\/wp2\/wp-content\/uploads\/Funktionsschema_Wasserwerk_Briesen.jpg\" class=\"attachment-full size-full wp-image-4883\" alt=\"Bild Funktionsschema Wasserwerk Briesen\" srcset=\"https:\/\/www.fwa-ffo.de\/wp2\/wp-content\/uploads\/Funktionsschema_Wasserwerk_Briesen.jpg 2094w, https:\/\/www.fwa-ffo.de\/wp2\/wp-content\/uploads\/Funktionsschema_Wasserwerk_Briesen-960x688.jpg 960w, https:\/\/www.fwa-ffo.de\/wp2\/wp-content\/uploads\/Funktionsschema_Wasserwerk_Briesen-1920x1375.jpg 1920w, https:\/\/www.fwa-ffo.de\/wp2\/wp-content\/uploads\/Funktionsschema_Wasserwerk_Briesen-768x550.jpg 768w, https:\/\/www.fwa-ffo.de\/wp2\/wp-content\/uploads\/Funktionsschema_Wasserwerk_Briesen-1536x1100.jpg 1536w, https:\/\/www.fwa-ffo.de\/wp2\/wp-content\/uploads\/Funktionsschema_Wasserwerk_Briesen-2048x1467.jpg 2048w, https:\/\/www.fwa-ffo.de\/wp2\/wp-content\/uploads\/Funktionsschema_Wasserwerk_Briesen-600x430.jpg 600w\" sizes=\"(max-width: 2094px) 100vw, 2094px\" \/>\t\t\t\t\t\t\t\t<\/a>\n\t\t\t\t\t\t\t\t\t\t\t<figcaption class=\"widget-image-caption wp-caption-text\">Funktionsschema Wasserwerk Briesen<\/figcaption>\n\t\t\t\t\t\t\t\t\t\t<\/figure>\n\t\t\t\t\t\t\t\t\t<\/div>\n\t\t\t\t<\/div>\n\t\t\t\t\t<\/div>\n\t\t<\/div>\n\t\t\t\t\t<\/div>\n\t\t<\/section>\n\t\t\t\t<section class=\"elementor-section elementor-inner-section elementor-element elementor-element-f582da8 elementor-section-boxed elementor-section-height-default elementor-section-height-default\" data-id=\"f582da8\" data-element_type=\"section\" data-e-type=\"section\">\n\t\t\t\t\t\t<div class=\"elementor-container elementor-column-gap-no\">\n\t\t\t\t\t<div class=\"elementor-column elementor-col-50 elementor-inner-column elementor-element elementor-element-ad074cd\" data-id=\"ad074cd\" data-element_type=\"column\" data-e-type=\"column\">\n\t\t\t<div class=\"elementor-widget-wrap elementor-element-populated\">\n\t\t\t\t\t\t<div class=\"elementor-element elementor-element-356c1b9 elementor-widget elementor-widget-spacer\" data-id=\"356c1b9\" data-element_type=\"widget\" data-e-type=\"widget\" data-widget_type=\"spacer.default\">\n\t\t\t\t<div class=\"elementor-widget-container\">\n\t\t\t\t\t\t\t<div class=\"elementor-spacer\">\n\t\t\t<div class=\"elementor-spacer-inner\"><\/div>\n\t\t<\/div>\n\t\t\t\t\t\t<\/div>\n\t\t\t\t<\/div>\n\t\t\t\t<div class=\"elementor-element elementor-element-f75a017 elementor-widget elementor-widget-image\" data-id=\"f75a017\" data-element_type=\"widget\" data-e-type=\"widget\" data-widget_type=\"image.default\">\n\t\t\t\t<div class=\"elementor-widget-container\">\n\t\t\t\t\t\t\t\t\t\t\t\t<figure class=\"wp-caption\">\n\t\t\t\t\t\t\t\t\t\t<img loading=\"lazy\" decoding=\"async\" width=\"300\" height=\"200\" src=\"https:\/\/www.fwa-ffo.de\/wp2\/wp-content\/uploads\/WW_Muellrose_klein.jpg\" class=\"attachment-full size-full wp-image-4882\" alt=\"Bild Luftaufnahme Wasserwerk M\u00fcllrose\" \/>\t\t\t\t\t\t\t\t\t\t\t<figcaption class=\"widget-image-caption wp-caption-text\">Wasserwerk M\u00fcllrose<\/figcaption>\n\t\t\t\t\t\t\t\t\t\t<\/figure>\n\t\t\t\t\t\t\t\t\t<\/div>\n\t\t\t\t<\/div>\n\t\t\t\t\t<\/div>\n\t\t<\/div>\n\t\t\t\t<div class=\"elementor-column elementor-col-50 elementor-inner-column elementor-element elementor-element-abb4991\" data-id=\"abb4991\" data-element_type=\"column\" data-e-type=\"column\">\n\t\t\t<div class=\"elementor-widget-wrap elementor-element-populated\">\n\t\t\t\t\t\t<div class=\"elementor-element elementor-element-8071778 elementor-widget elementor-widget-text-editor\" data-id=\"8071778\" data-element_type=\"widget\" data-e-type=\"widget\" data-widget_type=\"text-editor.default\">\n\t\t\t\t<div class=\"elementor-widget-container\">\n\t\t\t\t\t\t\t\t\t<p>Zuletzt haben wir eine kurzfristige und effektive Ma\u00dfnahme auf den Tisch gebracht:<\/p><div>Die Ert\u00fcchtigung des Wasserwerkes M\u00fcllrose sowie den Bau einer neuen Trinkwasserleitung bis zu unserer bestehenden Fernleitung nach Frankfurt (Oder). <\/div><p>Das dort gef\u00f6rderte Grundwasser k\u00f6nnte in fr\u00fchestens einem Jahr die entsprechende Menge Spreewasser abl\u00f6sen und damit zur Senkung des Sulfatgehaltes im Frankfurter Trinkwasser beitragen.<\/p>\t\t\t\t\t\t\t\t<\/div>\n\t\t\t\t<\/div>\n\t\t\t\t\t<\/div>\n\t\t<\/div>\n\t\t\t\t\t<\/div>\n\t\t<\/section>\n\t\t\t\t<div class=\"elementor-element elementor-element-4b579d6 elementor-widget elementor-widget-text-editor\" data-id=\"4b579d6\" data-element_type=\"widget\" data-e-type=\"widget\" data-widget_type=\"text-editor.default\">\n\t\t\t\t<div class=\"elementor-widget-container\">\n\t\t\t\t\t\t\t\t\t<p><b>Die FWA setzt bei der L\u00f6sung des Problems auf die Zusammenarbeit mit als auch auf die F\u00f6rderung durch das Ministerium f\u00fcr Umwelt, Gesundheit und Verbraucherschutz sowie eine enge Zusammenarbeit mit dem Bergbauunternehmen Vattenfall und dem Bergbausanierer LMBV, um m\u00f6gliche Kosten f\u00fcr die Kunden der FWA gering zu halten.<\/b><\/p><p><b>Erstere haben ihre Unterst\u00fctzung bereits zugesagt. Die bundeseigene LMBV lehnt eine finanzielle Beteiligung bisher allerdings ab. <\/b><\/p>\t\t\t\t\t\t\t\t<\/div>\n\t\t\t\t<\/div>\n\t\t\t\t<div class=\"elementor-element elementor-element-71835b5 elementor-widget elementor-widget-spacer\" data-id=\"71835b5\" data-element_type=\"widget\" data-e-type=\"widget\" data-widget_type=\"spacer.default\">\n\t\t\t\t<div class=\"elementor-widget-container\">\n\t\t\t\t\t\t\t<div class=\"elementor-spacer\">\n\t\t\t<div class=\"elementor-spacer-inner\"><\/div>\n\t\t<\/div>\n\t\t\t\t\t\t<\/div>\n\t\t\t\t<\/div>\n\t\t\t\t\t<\/div>\n\t\t<\/div>\n\t\t\t\t\t<\/div>\n\t\t<\/section>\n\t\t\t\t<\/div>\n\t\t","protected":false},"excerpt":{"rendered":"<p>Information zum Sulfatgehaltim Frankfurter Trinkwasser Das Frankfurter Trinkwasser kann bedenkenlos genossen werden und ist auch ohne Einschr\u00e4nkung f\u00fcr die Zubereitung von Speisen und Getr\u00e4nken f\u00fcr S\u00e4uglinge und Kleinkinder zu empfehlen. Noch! Die Belastung der Spree mit Bergbaureststoffen stellt uns vor neue Herausforderungen, denn die H\u00e4lfte unseres Trinkwassers gewinnen wir aus Spreewasser und reichern damit das [&hellip;]<\/p>\n","protected":false},"author":1,"featured_media":0,"parent":4444,"menu_order":0,"comment_status":"closed","ping_status":"closed","template":"","meta":{"footnotes":""},"class_list":["post-4880","page","type-page","status-publish","hentry"],"_links":{"self":[{"href":"https:\/\/www.fwa-ffo.de\/wp2\/wp-json\/wp\/v2\/pages\/4880","targetHints":{"allow":["GET"]}}],"collection":[{"href":"https:\/\/www.fwa-ffo.de\/wp2\/wp-json\/wp\/v2\/pages"}],"about":[{"href":"https:\/\/www.fwa-ffo.de\/wp2\/wp-json\/wp\/v2\/types\/page"}],"author":[{"embeddable":true,"href":"https:\/\/www.fwa-ffo.de\/wp2\/wp-json\/wp\/v2\/users\/1"}],"replies":[{"embeddable":true,"href":"https:\/\/www.fwa-ffo.de\/wp2\/wp-json\/wp\/v2\/comments?post=4880"}],"version-history":[{"count":0,"href":"https:\/\/www.fwa-ffo.de\/wp2\/wp-json\/wp\/v2\/pages\/4880\/revisions"}],"up":[{"embeddable":true,"href":"https:\/\/www.fwa-ffo.de\/wp2\/wp-json\/wp\/v2\/pages\/4444"}],"wp:attachment":[{"href":"https:\/\/www.fwa-ffo.de\/wp2\/wp-json\/wp\/v2\/media?parent=4880"}],"curies":[{"name":"wp","href":"https:\/\/api.w.org\/{rel}","templated":true}]}}