{"id":4843,"date":"2021-12-09T12:41:13","date_gmt":"2021-12-09T11:41:13","guid":{"rendered":"https:\/\/www.fwa-ffo.de\/wp2\/?page_id=4843"},"modified":"2022-03-22T13:59:57","modified_gmt":"2022-03-22T12:59:57","slug":"leichtfluessigkeitsabscheider","status":"publish","type":"page","link":"https:\/\/www.fwa-ffo.de\/wp2\/wissenswertes\/wissenswertes-abwasser\/leichtfluessigkeitsabscheider\/","title":{"rendered":"Leichtfl\u00fcssigkeitsabscheider"},"content":{"rendered":"\t\t<div data-elementor-type=\"wp-page\" data-elementor-id=\"4843\" class=\"elementor elementor-4843\" data-elementor-post-type=\"page\">\n\t\t\t\t\t\t<section class=\"elementor-section elementor-top-section elementor-element elementor-element-afa6fad elementor-section-boxed elementor-section-height-default elementor-section-height-default\" data-id=\"afa6fad\" data-element_type=\"section\" data-e-type=\"section\">\n\t\t\t\t\t\t<div class=\"elementor-container elementor-column-gap-default\">\n\t\t\t\t\t<div class=\"elementor-column elementor-col-100 elementor-top-column elementor-element elementor-element-9fa52e1\" data-id=\"9fa52e1\" data-element_type=\"column\" data-e-type=\"column\">\n\t\t\t<div class=\"elementor-widget-wrap elementor-element-populated\">\n\t\t\t\t\t\t<div class=\"elementor-element elementor-element-8667434 elementor-widget elementor-widget-heading\" data-id=\"8667434\" data-element_type=\"widget\" data-e-type=\"widget\" data-widget_type=\"heading.default\">\n\t\t\t\t<div class=\"elementor-widget-container\">\n\t\t\t\t\t<h2 class=\"elementor-heading-title elementor-size-default\">Leichtfl\u00fcssigkeitsabscheider<\/h2>\t\t\t\t<\/div>\n\t\t\t\t<\/div>\n\t\t\t\t<div class=\"elementor-element elementor-element-cf33a44 elementor-widget elementor-widget-spacer\" data-id=\"cf33a44\" data-element_type=\"widget\" data-e-type=\"widget\" data-widget_type=\"spacer.default\">\n\t\t\t\t<div class=\"elementor-widget-container\">\n\t\t\t\t\t\t\t<div class=\"elementor-spacer\">\n\t\t\t<div class=\"elementor-spacer-inner\"><\/div>\n\t\t<\/div>\n\t\t\t\t\t\t<\/div>\n\t\t\t\t<\/div>\n\t\t\t\t<section class=\"elementor-section elementor-inner-section elementor-element elementor-element-122d78f elementor-section-boxed elementor-section-height-default elementor-section-height-default\" data-id=\"122d78f\" data-element_type=\"section\" data-e-type=\"section\">\n\t\t\t\t\t\t<div class=\"elementor-container elementor-column-gap-no\">\n\t\t\t\t\t<div class=\"elementor-column elementor-col-50 elementor-inner-column elementor-element elementor-element-d840037\" data-id=\"d840037\" data-element_type=\"column\" data-e-type=\"column\">\n\t\t\t<div class=\"elementor-widget-wrap elementor-element-populated\">\n\t\t\t\t\t\t<div class=\"elementor-element elementor-element-09351bb elementor-widget elementor-widget-text-editor\" data-id=\"09351bb\" data-element_type=\"widget\" data-e-type=\"widget\" data-widget_type=\"text-editor.default\">\n\t\t\t\t<div class=\"elementor-widget-container\">\n\t\t\t\t\t\t\t\t\t<p><b>Rechtliche Grundlagen:<\/b><\/p><p>Leichtfl\u00fcssigkeiten sind Fl\u00fcssigkeiten mit geringerer Dichte als Wasser (bis 0,95 g\/cm\u00b3), die in Wasser nur in geringem Ma\u00dfe l\u00f6slich sind.<\/p><p>Anschlussnehmer, auf deren Grundst\u00fcck Leichtfl\u00fcssigkeiten wie Benzin, Diesel, Biodiesel, Benzol, Heiz\u00f6l oder\u00a0 \u00e4hnliches aus betrieblicher, gewerblicher oder industrieller Nutzung anfallen oder auf denen derartige Stoffe gelagert werden (z.B. Tankstellen, Waschanlagen, Betankungslager- oder Umf\u00fcllanlagen, Kfz-Werkst\u00e4tten, Recyclingh\u00f6fe, KFZ-Waschpl\u00e4tze etc.) m\u00fcssen bei der unteren Wasserbeh\u00f6rde einen \u201eAntrag auf Erteilung einer Genehmigung \/ Anzeige f\u00fcr das Einleiten von gewerblichen, mineral\u00f6lhaltigen Abw\u00e4ssern in \u00f6ffentliche \/ private Abwasseranlagen nach Indirekteinleiterverordnung (IndV)\u201c einreichen.<\/p>\t\t\t\t\t\t\t\t<\/div>\n\t\t\t\t<\/div>\n\t\t\t\t\t<\/div>\n\t\t<\/div>\n\t\t\t\t<div class=\"elementor-column elementor-col-50 elementor-inner-column elementor-element elementor-element-1dacf46\" data-id=\"1dacf46\" data-element_type=\"column\" data-e-type=\"column\">\n\t\t\t<div class=\"elementor-widget-wrap elementor-element-populated\">\n\t\t\t\t\t\t<div class=\"elementor-element elementor-element-d03b7e1 elementor-widget elementor-widget-spacer\" data-id=\"d03b7e1\" data-element_type=\"widget\" data-e-type=\"widget\" data-widget_type=\"spacer.default\">\n\t\t\t\t<div class=\"elementor-widget-container\">\n\t\t\t\t\t\t\t<div class=\"elementor-spacer\">\n\t\t\t<div class=\"elementor-spacer-inner\"><\/div>\n\t\t<\/div>\n\t\t\t\t\t\t<\/div>\n\t\t\t\t<\/div>\n\t\t\t\t<div class=\"elementor-element elementor-element-a66c195 elementor-view-default elementor-widget elementor-widget-icon\" data-id=\"a66c195\" data-element_type=\"widget\" data-e-type=\"widget\" data-widget_type=\"icon.default\">\n\t\t\t\t<div class=\"elementor-widget-container\">\n\t\t\t\t\t\t\t<div class=\"elementor-icon-wrapper\">\n\t\t\t<a class=\"elementor-icon\" href=\"\/wp2\/wp-content\/uploads\/Merkblatt_Leichtfluessigkeitsabscheider.pdf\">\n\t\t\t<i aria-hidden=\"true\" class=\"far fa-file-pdf\"><\/i>\t\t\t<\/a>\n\t\t<\/div>\n\t\t\t\t\t\t<\/div>\n\t\t\t\t<\/div>\n\t\t\t\t<div class=\"elementor-element elementor-element-39b0a63 elementor-widget elementor-widget-text-editor\" data-id=\"39b0a63\" data-element_type=\"widget\" data-e-type=\"widget\" data-widget_type=\"text-editor.default\">\n\t\t\t\t<div class=\"elementor-widget-container\">\n\t\t\t\t\t\t\t\t\t<p><a href=\"\/wp2\/wp-content\/uploads\/Merkblatt_Leichtfluessigkeitsabscheider.pdf\">Merkblatt<br \/>im PDF<br \/>Format<\/a><\/p>\t\t\t\t\t\t\t\t<\/div>\n\t\t\t\t<\/div>\n\t\t\t\t\t<\/div>\n\t\t<\/div>\n\t\t\t\t\t<\/div>\n\t\t<\/section>\n\t\t\t\t<div class=\"elementor-element elementor-element-a0155ac elementor-widget elementor-widget-text-editor\" data-id=\"a0155ac\" data-element_type=\"widget\" data-e-type=\"widget\" data-widget_type=\"text-editor.default\">\n\t\t\t\t<div class=\"elementor-widget-container\">\n\t\t\t\t\t\t\t\t\t<p>Es ist nach den geltenden Abwasserentsorgungsbedingungen (AEB) \u00a7 9 und Anlage 1 eine Vorrichtung zur Abscheidung dieser o.g. Stoffe aus dem Abwasser einzubauen.<\/p><p>Weitere geltende Gesetze\/Verordnungen:<\/p><ul><li>Wasserhaushaltsgesetz \u00a7 23 WHG in Verbindung mit \u00a7 62 WHG<\/li><li>Verordnung \u00fcber Anlagen zum Umgang mit wassergef\u00e4hrdenden Stoffen<\/li><li>Verordnung \u00fcber das Einleiten oder Einbringen von Abwasser in \u00f6ffentliche Abwasseranlagen (Indirekteinleiterverordnung)<\/li><li>Abwasserverordnung \u2013 Anhang 49 \u201dMineral\u00f6lhaltiges Abwasser\u201d<\/li><\/ul><p>Technische Regeln:<\/p><ul><li>DIN EN 858 \u201dAbscheideranlagen f\u00fcr Leichtfl\u00fcssigkeiten\u201d<\/li><li>DIN 1999-100 \u201dAbscheideranlagen f\u00fcr Leichtfl\u00fcssigkeiten\u201d<\/li><li>DWA-M 771 \u201dAbwasser aus der Fahrzeuginstandhaltung und -pflege\u201d<\/li><\/ul><p><b>Anforderungen an den Einbau einer Abscheideranlage:<\/b><\/p><p>Der Einbau der Abscheideranlage ist durch eine Fachfirma entsprechend den Anforderungen des Herstellers auszuf\u00fchren. Eine Abscheideranlage besteht in Flie\u00dfrichtung gesehen aus Schlammfang, Leichtfl\u00fcssigkeitsabscheider sowie einem Probenahmeschacht.<\/p><p>Wird Oberfl\u00e4chenwasser \u00fcber einen Abscheider geleitet, so ist bei der Bemessung von einer Regenspende von 186,7 l\/(s*ha) auszugehen (5-j\u00e4hriges Niederschlagsereignis).<\/p><p>Leichtfl\u00fcssigkeitsabscheider sind an die Schmutzwasser- oder Mischwasserkanalisation, oder bei einer dezentralen Abwasserentsorgung an die Schmutzwassersammelgrube anzuschlie\u00dfen. Eine entsprechende Antragstellung zur Einleitung ist bei der FWA mbH einzureichen.<\/p><div>Abscheideranlagen k\u00f6nnen entweder ins Erdreich eingebaut oder in frostsicheren R\u00e4umen frei aufgestellt werden.<\/div><p>F\u00fcr die Probenahme muss eine Probeentnahmem\u00f6glichkeit unmittelbar am Ablauf der Anlage und vor der Vermischung mit anderem Abwasser eingebaut werden. Die Probenahmestelle bzw. \u2013einrichtung der Abscheideranlage muss frei zug\u00e4nglich und so angeordnet sein, dass nur Abwasser aus dem Abscheider entnommen wird.<\/p><div>Leichtfl\u00fcssigkeitsabscheider m\u00fcssen vor R\u00fcckstau gesch\u00fctzt werden. Abscheideranlagen, deren Ruhewasserspiegel unterhalb der R\u00fcckstauebene liegt und deren Zulauf nicht unterbrochen werden kann, sind \u00fcber eine nachgeschaltete Abwasserhebeanlage zu entw\u00e4ssern.<\/div><p>Abwasser aus Handwaschbecken und sonstiges mineral\u00f6lfreies Abwasser darf erst hinter dem Probenahmeschacht mit dem vorbehandelten Abwasser zusammengef\u00fchrt werden.<\/p><div>Nach dem Einbau und vor der Inbetriebnahme ist die Abscheideranlage durch einen fachkundigen Betrieb auf ihren ordnungsgem\u00e4\u00dfen Zustand (Generalinspektion) und auf Dichtheit gem\u00e4\u00df der DIN 858 zu pr\u00fcfen. Zu- und Ablaufleitungen sind nach DIN 1986-100 bzw. DIN EN 1610 auf Dichtheit zu pr\u00fcfen.<\/div><p>Die Fertigstellung der Abscheideranlage bzw. \u00c4nderungen an der Anlage sind der FWA mbH anzuzeigen.<\/p><p><b>Anforderungen an den Betrieb einer Abscheideranlage:<\/b><\/p><p>Um den Betrieb dieser Anlagen sicherzustellen, m\u00fcssen die Abscheider bedarfsorientiert entleert werden. <\/p><p>Voraussetzungen hierf\u00fcr sind:<\/p><ul><li>Monatliche Eigenkontrolle und halbj\u00e4hrliche Wartung durch eine sachkundige Person.<\/li><li>Mindestens alle 5 Jahre eine Generalinspektion und Dichtheitspr\u00fcfung durch eine fachkundige Person.<\/li><\/ul><p>Die Entleerung der Abscheideranlagen erstreckt sich auf den Abscheider und dem zugeh\u00f6rigen Schlammfang und schlie\u00dft die Reinigung der Anlagen sowie die Entsorgung der abgeschiedenen Stoffe ein.<\/p><p>Die Entsorgung der Abscheiderinhalte muss durch ein zugelassenes Entsorgungsunternehmen erfolgen.<\/p><p>Gem\u00e4\u00df der DIN 1999-100 ist die im Abscheider zur\u00fcckgehaltene Leichtfl\u00fcssigkeit sp\u00e4testens zu entnehmen, wenn die Menge der abgeschiedenen Leichtfl\u00fcssigkeit 80 % der maximalen Speichermenge erreicht hat. Die Speichermenge ist im Typenschild bzw. in den technischen Unterlagen zum Abscheider aufgef\u00fchrt.<\/p><p>Die Entsorgung des im Schlammfang\/Schlammsammelraum enthaltenen Schlammes muss sp\u00e4testens erfolgen, wenn die abgeschiedene Schlammmenge die H\u00e4lfte des Schlammfangvolumens erreicht hat bzw. der Schlammsammelraum gef\u00fcllt ist.<\/p><p>Das Wiederbef\u00fcllen der Abscheideranlage muss mit Wasser (z.B. Trinkwasser, Betriebswasser, aufbereitetes Abwasser aus der Abscheideranlage) erfolgen.<\/p><p>Es d\u00fcrfen nur abscheiderfreundliche Reinigungsmittel eingesetzt werden, die mit Leichtfl\u00fcssigkeiten nur tempor\u00e4r stabile Emulsionen bilden und die nachfolgende Abtrennung der Leichtfl\u00fcssigkeit im Abscheider erm\u00f6glichen. Die Eignung der Einsatzstoffe ist vom Hersteller zu best\u00e4tigen. Bei der Anwendung verschiedener Reinigungsmittel sind von den Herstellern Ausk\u00fcnfte \u00fcber die Vertr\u00e4glichkeit einzuholen.<\/p><p>Zur Vermeidung von stabilen Emulsionen sollte bei Einsatz eines Hochdruckreinigers der Wasserdruck nicht \u00fcber 60 bar und die Wassertemperatur nicht \u00fcber 60 \u00b0C liegen.<\/p><p>Es d\u00fcrfen keine Stoffe eingeleitet werden, die Substanz und Funktion der Leichtfl\u00fcssigkeitsabscheideranlage beeintr\u00e4chtigen (z. B. Batteries\u00e4ure, gebrauchte K\u00fchlerschutzmittel o. \u00e4.).<\/p><p>Es ist ein Betriebstagebuch zu f\u00fchren, in dem die Ergebnisse der Eigenkontrollen, der Wartungen und Generalinspektionen, die Entsorgung entnommener Inhaltsstoffe sowie die Beseitigung festgestellter M\u00e4ngel zu dokumentieren sind. Das Betriebstagebuch ist der entsprechenden Beh\u00f6rde auf Verlangen vorzulegen.<\/p>\t\t\t\t\t\t\t\t<\/div>\n\t\t\t\t<\/div>\n\t\t\t\t<div class=\"elementor-element elementor-element-a4e7f55 elementor-widget elementor-widget-spacer\" data-id=\"a4e7f55\" data-element_type=\"widget\" data-e-type=\"widget\" data-widget_type=\"spacer.default\">\n\t\t\t\t<div class=\"elementor-widget-container\">\n\t\t\t\t\t\t\t<div class=\"elementor-spacer\">\n\t\t\t<div class=\"elementor-spacer-inner\"><\/div>\n\t\t<\/div>\n\t\t\t\t\t\t<\/div>\n\t\t\t\t<\/div>\n\t\t\t\t\t<\/div>\n\t\t<\/div>\n\t\t\t\t\t<\/div>\n\t\t<\/section>\n\t\t\t\t<\/div>\n\t\t","protected":false},"excerpt":{"rendered":"<p>Leichtfl\u00fcssigkeitsabscheider Rechtliche Grundlagen: Leichtfl\u00fcssigkeiten sind Fl\u00fcssigkeiten mit geringerer Dichte als Wasser (bis 0,95 g\/cm\u00b3), die in Wasser nur in geringem Ma\u00dfe l\u00f6slich sind. Anschlussnehmer, auf deren Grundst\u00fcck Leichtfl\u00fcssigkeiten wie Benzin, Diesel, Biodiesel, Benzol, Heiz\u00f6l oder\u00a0 \u00e4hnliches aus betrieblicher, gewerblicher oder industrieller Nutzung anfallen oder auf denen derartige Stoffe gelagert werden (z.B. Tankstellen, Waschanlagen, Betankungslager- oder [&hellip;]<\/p>\n","protected":false},"author":1,"featured_media":0,"parent":4417,"menu_order":0,"comment_status":"closed","ping_status":"closed","template":"","meta":{"footnotes":""},"class_list":["post-4843","page","type-page","status-publish","hentry"],"_links":{"self":[{"href":"https:\/\/www.fwa-ffo.de\/wp2\/wp-json\/wp\/v2\/pages\/4843","targetHints":{"allow":["GET"]}}],"collection":[{"href":"https:\/\/www.fwa-ffo.de\/wp2\/wp-json\/wp\/v2\/pages"}],"about":[{"href":"https:\/\/www.fwa-ffo.de\/wp2\/wp-json\/wp\/v2\/types\/page"}],"author":[{"embeddable":true,"href":"https:\/\/www.fwa-ffo.de\/wp2\/wp-json\/wp\/v2\/users\/1"}],"replies":[{"embeddable":true,"href":"https:\/\/www.fwa-ffo.de\/wp2\/wp-json\/wp\/v2\/comments?post=4843"}],"version-history":[{"count":0,"href":"https:\/\/www.fwa-ffo.de\/wp2\/wp-json\/wp\/v2\/pages\/4843\/revisions"}],"up":[{"embeddable":true,"href":"https:\/\/www.fwa-ffo.de\/wp2\/wp-json\/wp\/v2\/pages\/4417"}],"wp:attachment":[{"href":"https:\/\/www.fwa-ffo.de\/wp2\/wp-json\/wp\/v2\/media?parent=4843"}],"curies":[{"name":"wp","href":"https:\/\/api.w.org\/{rel}","templated":true}]}}