{"id":4808,"date":"2021-12-09T12:26:15","date_gmt":"2021-12-09T11:26:15","guid":{"rendered":"https:\/\/www.fwa-ffo.de\/wp2\/?page_id=4808"},"modified":"2026-03-06T11:03:14","modified_gmt":"2026-03-06T10:03:14","slug":"strom-und-waerme-selbst-erzeugt","status":"publish","type":"page","link":"https:\/\/www.fwa-ffo.de\/wp2\/wissenswertes\/wissenswertes-abwasser\/strom-und-waerme-selbst-erzeugt\/","title":{"rendered":"Strom und W\u00e4rme selbst erzeugt"},"content":{"rendered":"\t\t<div data-elementor-type=\"wp-page\" data-elementor-id=\"4808\" class=\"elementor elementor-4808\" data-elementor-post-type=\"page\">\n\t\t\t\t\t\t<section class=\"elementor-section elementor-top-section elementor-element elementor-element-9eef1fc elementor-section-boxed elementor-section-height-default elementor-section-height-default\" data-id=\"9eef1fc\" data-element_type=\"section\" data-e-type=\"section\">\n\t\t\t\t\t\t<div class=\"elementor-container elementor-column-gap-default\">\n\t\t\t\t\t<div class=\"elementor-column elementor-col-100 elementor-top-column elementor-element elementor-element-aaff281\" data-id=\"aaff281\" data-element_type=\"column\" data-e-type=\"column\">\n\t\t\t<div class=\"elementor-widget-wrap elementor-element-populated\">\n\t\t\t\t\t\t<div class=\"elementor-element elementor-element-3b3e916 elementor-widget elementor-widget-heading\" data-id=\"3b3e916\" data-element_type=\"widget\" data-e-type=\"widget\" data-widget_type=\"heading.default\">\n\t\t\t\t<div class=\"elementor-widget-container\">\n\t\t\t\t\t<h2 class=\"elementor-heading-title elementor-size-default\">Strom und W\u00e4rme selbst erzeugt<\/h2>\t\t\t\t<\/div>\n\t\t\t\t<\/div>\n\t\t\t\t<div class=\"elementor-element elementor-element-868c8a5 elementor-widget elementor-widget-spacer\" data-id=\"868c8a5\" data-element_type=\"widget\" data-e-type=\"widget\" data-widget_type=\"spacer.default\">\n\t\t\t\t<div class=\"elementor-widget-container\">\n\t\t\t\t\t\t\t<div class=\"elementor-spacer\">\n\t\t\t<div class=\"elementor-spacer-inner\"><\/div>\n\t\t<\/div>\n\t\t\t\t\t\t<\/div>\n\t\t\t\t<\/div>\n\t\t\t\t<div class=\"elementor-element elementor-element-9dad23c elementor-widget elementor-widget-heading\" data-id=\"9dad23c\" data-element_type=\"widget\" data-e-type=\"widget\" data-widget_type=\"heading.default\">\n\t\t\t\t<div class=\"elementor-widget-container\">\n\t\t\t\t\t<h2 class=\"elementor-heading-title elementor-size-default\">Blockheizkraftwerk (BHKW) der Kl\u00e4ranlage Frankfurt (Oder)<\/h2>\t\t\t\t<\/div>\n\t\t\t\t<\/div>\n\t\t\t\t<div class=\"elementor-element elementor-element-460e81b elementor-widget elementor-widget-spacer\" data-id=\"460e81b\" data-element_type=\"widget\" data-e-type=\"widget\" data-widget_type=\"spacer.default\">\n\t\t\t\t<div class=\"elementor-widget-container\">\n\t\t\t\t\t\t\t<div class=\"elementor-spacer\">\n\t\t\t<div class=\"elementor-spacer-inner\"><\/div>\n\t\t<\/div>\n\t\t\t\t\t\t<\/div>\n\t\t\t\t<\/div>\n\t\t\t\t<div class=\"elementor-element elementor-element-4df5152 elementor-widget elementor-widget-text-editor\" data-id=\"4df5152\" data-element_type=\"widget\" data-e-type=\"widget\" data-widget_type=\"text-editor.default\">\n\t\t\t\t<div class=\"elementor-widget-container\">\n\t\t\t\t\t\t\t\t\t<p>Das im Gesch\u00e4ftsjahr 2025 angefallene Kl\u00e4rgas wurde mit dem BHKW in Elektro- und W\u00e4rmeenergie umgewandelt. Aus 945.387 m\u00b3 Kl\u00e4rgas (98,7 % des Anfalls) wurden 2.056.754 kWh Elektroenergie und 2.266.220 kWh W\u00e4rmeenergie erzeugt. 2024 wurden aus 898.923 m\u00b3 Kl\u00e4rgas (98 % des Anfalls), 1.967.296 kWh Elektroenergie und 2.185.820 kWh W\u00e4rmeenergie erzeugt.<\/p><p>Die \u00fcber ein Blockheizkraftwerk durch Kl\u00e4rgas erzeugte Energie wird f\u00fcr den Eigenbedarf genutzt. Die Kl\u00e4ranlage konnte in 2025 im Durchschnitt zu 77 % mit Eigenenergie versorgt werden.\u00a0<\/p>\t\t\t\t\t\t\t\t<\/div>\n\t\t\t\t<\/div>\n\t\t\t\t<div class=\"elementor-element elementor-element-a6835b6 elementor-widget elementor-widget-spacer\" data-id=\"a6835b6\" data-element_type=\"widget\" data-e-type=\"widget\" data-widget_type=\"spacer.default\">\n\t\t\t\t<div class=\"elementor-widget-container\">\n\t\t\t\t\t\t\t<div class=\"elementor-spacer\">\n\t\t\t<div class=\"elementor-spacer-inner\"><\/div>\n\t\t<\/div>\n\t\t\t\t\t\t<\/div>\n\t\t\t\t<\/div>\n\t\t\t\t<div class=\"elementor-element elementor-element-0ea6dbc elementor-widget elementor-widget-image\" data-id=\"0ea6dbc\" data-element_type=\"widget\" data-e-type=\"widget\" data-widget_type=\"image.default\">\n\t\t\t\t<div class=\"elementor-widget-container\">\n\t\t\t\t\t\t\t\t\t\t\t\t<figure class=\"wp-caption\">\n\t\t\t\t\t\t\t\t\t\t<img fetchpriority=\"high\" decoding=\"async\" width=\"450\" height=\"253\" src=\"https:\/\/www.fwa-ffo.de\/wp2\/wp-content\/uploads\/Aggregat_neu.jpg\" class=\"attachment-full size-full wp-image-4810\" alt=\"Bild Das neue Aggregat in den R\u00e4umlichkeiten der Kl\u00e4ranlage\" \/>\t\t\t\t\t\t\t\t\t\t\t<figcaption class=\"widget-image-caption wp-caption-text\">Das 2017 erneuerte BHKW. Vollst\u00e4ndig gekapselt<br>zur Ger\u00e4usch- und W\u00e4rmereduktion. <\/figcaption>\n\t\t\t\t\t\t\t\t\t\t<\/figure>\n\t\t\t\t\t\t\t\t\t<\/div>\n\t\t\t\t<\/div>\n\t\t\t\t<div class=\"elementor-element elementor-element-a4e10ae elementor-widget elementor-widget-spacer\" data-id=\"a4e10ae\" data-element_type=\"widget\" data-e-type=\"widget\" data-widget_type=\"spacer.default\">\n\t\t\t\t<div class=\"elementor-widget-container\">\n\t\t\t\t\t\t\t<div class=\"elementor-spacer\">\n\t\t\t<div class=\"elementor-spacer-inner\"><\/div>\n\t\t<\/div>\n\t\t\t\t\t\t<\/div>\n\t\t\t\t<\/div>\n\t\t\t\t\t<\/div>\n\t\t<\/div>\n\t\t\t\t\t<\/div>\n\t\t<\/section>\n\t\t\t\t<\/div>\n\t\t","protected":false},"excerpt":{"rendered":"<p>Strom und W\u00e4rme selbst erzeugt Blockheizkraftwerk (BHKW) der Kl\u00e4ranlage Frankfurt (Oder) Das im Gesch\u00e4ftsjahr 2025 angefallene Kl\u00e4rgas wurde mit dem BHKW in Elektro- und W\u00e4rmeenergie umgewandelt. Aus 945.387 m\u00b3 Kl\u00e4rgas (98,7 % des Anfalls) wurden 2.056.754 kWh Elektroenergie und 2.266.220 kWh W\u00e4rmeenergie erzeugt. 2024 wurden aus 898.923 m\u00b3 Kl\u00e4rgas (98 % des Anfalls), 1.967.296 kWh [&hellip;]<\/p>\n","protected":false},"author":1,"featured_media":0,"parent":4417,"menu_order":0,"comment_status":"closed","ping_status":"closed","template":"","meta":{"footnotes":""},"class_list":["post-4808","page","type-page","status-publish","hentry"],"_links":{"self":[{"href":"https:\/\/www.fwa-ffo.de\/wp2\/wp-json\/wp\/v2\/pages\/4808","targetHints":{"allow":["GET"]}}],"collection":[{"href":"https:\/\/www.fwa-ffo.de\/wp2\/wp-json\/wp\/v2\/pages"}],"about":[{"href":"https:\/\/www.fwa-ffo.de\/wp2\/wp-json\/wp\/v2\/types\/page"}],"author":[{"embeddable":true,"href":"https:\/\/www.fwa-ffo.de\/wp2\/wp-json\/wp\/v2\/users\/1"}],"replies":[{"embeddable":true,"href":"https:\/\/www.fwa-ffo.de\/wp2\/wp-json\/wp\/v2\/comments?post=4808"}],"version-history":[{"count":3,"href":"https:\/\/www.fwa-ffo.de\/wp2\/wp-json\/wp\/v2\/pages\/4808\/revisions"}],"predecessor-version":[{"id":11342,"href":"https:\/\/www.fwa-ffo.de\/wp2\/wp-json\/wp\/v2\/pages\/4808\/revisions\/11342"}],"up":[{"embeddable":true,"href":"https:\/\/www.fwa-ffo.de\/wp2\/wp-json\/wp\/v2\/pages\/4417"}],"wp:attachment":[{"href":"https:\/\/www.fwa-ffo.de\/wp2\/wp-json\/wp\/v2\/media?parent=4808"}],"curies":[{"name":"wp","href":"https:\/\/api.w.org\/{rel}","templated":true}]}}