{"id":4787,"date":"2021-12-09T12:12:41","date_gmt":"2021-12-09T11:12:41","guid":{"rendered":"https:\/\/www.fwa-ffo.de\/wp2\/?page_id=4787"},"modified":"2026-03-06T11:08:23","modified_gmt":"2026-03-06T10:08:23","slug":"reinigungsleistung-der-klaeranlage-frankfurt-oder","status":"publish","type":"page","link":"https:\/\/www.fwa-ffo.de\/wp2\/wissenswertes\/wissenswertes-abwasser\/reinigungsleistung-der-klaeranlage-frankfurt-oder\/","title":{"rendered":"Reinigungsleistung der Kl\u00e4ranlage Frankfurt (Oder)"},"content":{"rendered":"\t\t<div data-elementor-type=\"wp-page\" data-elementor-id=\"4787\" class=\"elementor elementor-4787\" data-elementor-post-type=\"page\">\n\t\t\t\t\t\t<section class=\"elementor-section elementor-top-section elementor-element elementor-element-6f12a73 elementor-section-boxed elementor-section-height-default elementor-section-height-default\" data-id=\"6f12a73\" data-element_type=\"section\" data-e-type=\"section\">\n\t\t\t\t\t\t<div class=\"elementor-container elementor-column-gap-default\">\n\t\t\t\t\t<div class=\"elementor-column elementor-col-100 elementor-top-column elementor-element elementor-element-65d0351\" data-id=\"65d0351\" data-element_type=\"column\" data-e-type=\"column\">\n\t\t\t<div class=\"elementor-widget-wrap elementor-element-populated\">\n\t\t\t\t\t\t<div class=\"elementor-element elementor-element-9adc1b5 elementor-widget elementor-widget-heading\" data-id=\"9adc1b5\" data-element_type=\"widget\" data-e-type=\"widget\" data-widget_type=\"heading.default\">\n\t\t\t\t<div class=\"elementor-widget-container\">\n\t\t\t\t\t<h2 class=\"elementor-heading-title elementor-size-default\">Reinigungsleistung der Kl\u00e4ranlage<br>Frankfurt (Oder) im Jahr 2025<\/h2>\t\t\t\t<\/div>\n\t\t\t\t<\/div>\n\t\t\t\t<div class=\"elementor-element elementor-element-7fd87ae elementor-widget elementor-widget-spacer\" data-id=\"7fd87ae\" data-element_type=\"widget\" data-e-type=\"widget\" data-widget_type=\"spacer.default\">\n\t\t\t\t<div class=\"elementor-widget-container\">\n\t\t\t\t\t\t\t<div class=\"elementor-spacer\">\n\t\t\t<div class=\"elementor-spacer-inner\"><\/div>\n\t\t<\/div>\n\t\t\t\t\t\t<\/div>\n\t\t\t\t<\/div>\n\t\t\t\t<div class=\"elementor-element elementor-element-3cfbfc8 elementor-widget elementor-widget-text-editor\" data-id=\"3cfbfc8\" data-element_type=\"widget\" data-e-type=\"widget\" data-widget_type=\"text-editor.default\">\n\t\t\t\t<div class=\"elementor-widget-container\">\n\t\t\t\t\t\t\t\t\t<p>F\u00fcr die Abwasserreinigung wird in Frankfurt (Oder) eine mehrstufige vollbiologische Kl\u00e4ranlage, einschlie\u00dflich geschlossener Schlammfaulung und maschineller Schlammentw\u00e4sserung, mit einer Kapazit\u00e4t von 120.000 EW f\u00fcr 1.117 m\u00b3\/h Trockenwetterzufluss betrieben. Die Kl\u00e4ranlage entspricht dem h\u00f6chsten EU\u2013Standard, da sie \u00fcber eine biologische Reinigung mit N\u00e4hrstoffelimination verf\u00fcgt, d. h. \u00fcber die dritte Reinigungsstufe nach der EU\u2013Richtlinie \u201eKommunales Abwasser\u201c.<\/p><div>Auf der Kl\u00e4ranlage werden das im Entsorgungsgebiet anfallende Schmutzwasser, einschlie\u00dflich der F\u00e4kalien aus den abflusslosen Sammelgruben und das in Frankfurt (Oder) in der Mischwasserkanalisation gefasste Niederschlagswasser gereinigt.<\/div><p>Bezogen auf die Gesamtschmutzfracht konnte im Berichtsjahr eine Reinigungsleistung von 99,19 % erreicht werden.<\/p><p>Als Schadstoffe wurden 2025 u. a. zur\u00fcckgehalten:<\/p>\t\t\t\t\t\t\t\t<\/div>\n\t\t\t\t<\/div>\n\t\t\t\t<div class=\"elementor-element elementor-element-98a0516 elementor-widget elementor-widget-spacer\" data-id=\"98a0516\" data-element_type=\"widget\" data-e-type=\"widget\" data-widget_type=\"spacer.default\">\n\t\t\t\t<div class=\"elementor-widget-container\">\n\t\t\t\t\t\t\t<div class=\"elementor-spacer\">\n\t\t\t<div class=\"elementor-spacer-inner\"><\/div>\n\t\t<\/div>\n\t\t\t\t\t\t<\/div>\n\t\t\t\t<\/div>\n\t\t\t\t<div class=\"elementor-element elementor-element-ddc3fb9 elementor-widget elementor-widget-eael-advanced-data-table\" data-id=\"ddc3fb9\" data-element_type=\"widget\" data-e-type=\"widget\" data-widget_type=\"eael-advanced-data-table.default\">\n\t\t\t\t<div class=\"elementor-widget-container\">\n\t\t\t\t\t<div class=\"ea-advanced-data-table-wrap\" data-id=\"ddc3fb9\"><div class=\"ea-advanced-data-table-wrap-inner\">\n                <table class=\"ea-advanced-data-table ea-advanced-data-table-static ea-advanced-data-table-ddc3fb9\" data-id=\"ddc3fb9\"><tbody><tr><td>Rohschlamm:<\/td><td><\/td><td><p>36.161 m\u00b3\/a<\/p><\/td><td><p>(2024: 39.428 m\u00b3\/a)<\/p><\/td><\/tr><tr><td>N\u00e4hrstoffe:<\/td><td>Phospor gesamt<\/td><td><p>45.180 kg\/a<\/p><\/td><td><p>(2024: 44.451 kg\/a)<\/p><\/td><\/tr><tr><td><\/td><td>Ammoniumstickstoff<\/td><td><p>223.688 kg\/a<\/p><\/td><td><p>(2024: 235.932 kg\/a)<\/p><\/td><\/tr><\/tbody><\/table>\n            <\/div><\/div>\t\t\t\t<\/div>\n\t\t\t\t<\/div>\n\t\t\t\t<div class=\"elementor-element elementor-element-01d7465 elementor-widget elementor-widget-spacer\" data-id=\"01d7465\" data-element_type=\"widget\" data-e-type=\"widget\" data-widget_type=\"spacer.default\">\n\t\t\t\t<div class=\"elementor-widget-container\">\n\t\t\t\t\t\t\t<div class=\"elementor-spacer\">\n\t\t\t<div class=\"elementor-spacer-inner\"><\/div>\n\t\t<\/div>\n\t\t\t\t\t\t<\/div>\n\t\t\t\t<\/div>\n\t\t\t\t<div class=\"elementor-element elementor-element-aa3a920 elementor-widget elementor-widget-text-editor\" data-id=\"aa3a920\" data-element_type=\"widget\" data-e-type=\"widget\" data-widget_type=\"text-editor.default\">\n\t\t\t\t<div class=\"elementor-widget-container\">\n\t\t\t\t\t\t\t\t\tWeiterhin wurden nachfolgende Reststoffe entsorgt:\t\t\t\t\t\t\t\t<\/div>\n\t\t\t\t<\/div>\n\t\t\t\t<div class=\"elementor-element elementor-element-867186c elementor-widget elementor-widget-spacer\" data-id=\"867186c\" data-element_type=\"widget\" data-e-type=\"widget\" data-widget_type=\"spacer.default\">\n\t\t\t\t<div class=\"elementor-widget-container\">\n\t\t\t\t\t\t\t<div class=\"elementor-spacer\">\n\t\t\t<div class=\"elementor-spacer-inner\"><\/div>\n\t\t<\/div>\n\t\t\t\t\t\t<\/div>\n\t\t\t\t<\/div>\n\t\t\t\t<div class=\"elementor-element elementor-element-513c2a9 elementor-widget elementor-widget-eael-advanced-data-table\" data-id=\"513c2a9\" data-element_type=\"widget\" data-e-type=\"widget\" data-widget_type=\"eael-advanced-data-table.default\">\n\t\t\t\t<div class=\"elementor-widget-container\">\n\t\t\t\t\t<div class=\"ea-advanced-data-table-wrap\" data-id=\"513c2a9\"><div class=\"ea-advanced-data-table-wrap-inner\">\n                <table class=\"ea-advanced-data-table ea-advanced-data-table-static ea-advanced-data-table-513c2a9\" data-id=\"513c2a9\"><tbody><tr><td><\/td><td><p><u>bis 31.12.2025<\/u><\/p><\/td><td><p><u>bis 31.12.2024<\/u><\/p><\/td><\/tr><tr><td>Kl\u00e4rschlamm<\/td><td><p>7.204,54 t<\/p><\/td><td><p>7.486,29 t<\/p><\/td><\/tr><tr><td>Rechengut<\/td><td><p>76,29 t<\/p><\/td><td><p>78,44 t<\/p><\/td><\/tr><tr><td>Sandfanggut<\/td><td><p>43,66 t<\/p><\/td><td><p>33,83 t<\/p><\/td><\/tr><\/tbody><\/table>\n            <\/div><\/div>\t\t\t\t<\/div>\n\t\t\t\t<\/div>\n\t\t\t\t<div class=\"elementor-element elementor-element-02cc51e elementor-widget elementor-widget-spacer\" data-id=\"02cc51e\" data-element_type=\"widget\" data-e-type=\"widget\" data-widget_type=\"spacer.default\">\n\t\t\t\t<div class=\"elementor-widget-container\">\n\t\t\t\t\t\t\t<div class=\"elementor-spacer\">\n\t\t\t<div class=\"elementor-spacer-inner\"><\/div>\n\t\t<\/div>\n\t\t\t\t\t\t<\/div>\n\t\t\t\t<\/div>\n\t\t\t\t<div class=\"elementor-element elementor-element-8868f79 elementor-widget elementor-widget-text-editor\" data-id=\"8868f79\" data-element_type=\"widget\" data-e-type=\"widget\" data-widget_type=\"text-editor.default\">\n\t\t\t\t<div class=\"elementor-widget-container\">\n\t\t\t\t\t\t\t\t\t<p>Der maschinell entw\u00e4sserte Kl\u00e4rschlamm wurde durch ein Entsorgungsunternehmen abgenommen und komplett landwirtschaftlich verwertet.<\/p><p>Der Kl\u00e4rschlamm wurde im Rahmen der Verordnung 6-mal beprobt. Es traten keine \u00dcberschreitungen entsprechend der Kl\u00e4rschlammverordnung auf.<\/p><p>Das angefallene Rechengut und der Sandanfall werden \u00fcber ein \u00f6rtliches Entsorgungsunternehmen in einer Abfallaufbereitungsanlage entsorgt.<\/p>\t\t\t\t\t\t\t\t<\/div>\n\t\t\t\t<\/div>\n\t\t\t\t<div class=\"elementor-element elementor-element-ad95f79 elementor-widget elementor-widget-spacer\" data-id=\"ad95f79\" data-element_type=\"widget\" data-e-type=\"widget\" data-widget_type=\"spacer.default\">\n\t\t\t\t<div class=\"elementor-widget-container\">\n\t\t\t\t\t\t\t<div class=\"elementor-spacer\">\n\t\t\t<div class=\"elementor-spacer-inner\"><\/div>\n\t\t<\/div>\n\t\t\t\t\t\t<\/div>\n\t\t\t\t<\/div>\n\t\t\t\t<section class=\"elementor-section elementor-inner-section elementor-element elementor-element-2be9d4a elementor-section-boxed elementor-section-height-default elementor-section-height-default\" data-id=\"2be9d4a\" data-element_type=\"section\" data-e-type=\"section\">\n\t\t\t\t\t\t<div class=\"elementor-container elementor-column-gap-default\">\n\t\t\t\t\t<div class=\"elementor-column elementor-col-50 elementor-inner-column elementor-element elementor-element-8c3d251\" data-id=\"8c3d251\" data-element_type=\"column\" data-e-type=\"column\">\n\t\t\t<div class=\"elementor-widget-wrap elementor-element-populated\">\n\t\t\t\t\t\t<div class=\"elementor-element elementor-element-23a5637 elementor-widget elementor-widget-image\" data-id=\"23a5637\" data-element_type=\"widget\" data-e-type=\"widget\" data-widget_type=\"image.default\">\n\t\t\t\t<div class=\"elementor-widget-container\">\n\t\t\t\t\t\t\t\t\t\t\t\t\t\t\t<img fetchpriority=\"high\" decoding=\"async\" width=\"400\" height=\"276\" src=\"https:\/\/www.fwa-ffo.de\/wp2\/wp-content\/uploads\/Klaerwerk1_g.jpg\" class=\"attachment-full size-full wp-image-4801\" alt=\"Bild Nachkl\u00e4rbecken auf der Kl\u00e4ranlage\" \/>\t\t\t\t\t\t\t\t\t\t\t\t\t\t\t<\/div>\n\t\t\t\t<\/div>\n\t\t\t\t\t<\/div>\n\t\t<\/div>\n\t\t\t\t<div class=\"elementor-column elementor-col-50 elementor-inner-column elementor-element elementor-element-132f770\" data-id=\"132f770\" data-element_type=\"column\" data-e-type=\"column\">\n\t\t\t<div class=\"elementor-widget-wrap elementor-element-populated\">\n\t\t\t\t\t\t<div class=\"elementor-element elementor-element-8fc92ac elementor-widget elementor-widget-image\" data-id=\"8fc92ac\" data-element_type=\"widget\" data-e-type=\"widget\" data-widget_type=\"image.default\">\n\t\t\t\t<div class=\"elementor-widget-container\">\n\t\t\t\t\t\t\t\t\t\t\t\t\t\t\t<img decoding=\"async\" width=\"400\" height=\"273\" src=\"https:\/\/www.fwa-ffo.de\/wp2\/wp-content\/uploads\/Klaerwerk2_g.jpg\" class=\"attachment-full size-full wp-image-4800\" alt=\"Bild Luftbild der Belebungsbecken auf der Kl\u00e4ranlage\" \/>\t\t\t\t\t\t\t\t\t\t\t\t\t\t\t<\/div>\n\t\t\t\t<\/div>\n\t\t\t\t\t<\/div>\n\t\t<\/div>\n\t\t\t\t\t<\/div>\n\t\t<\/section>\n\t\t\t\t<div class=\"elementor-element elementor-element-78e2108 elementor-widget elementor-widget-spacer\" data-id=\"78e2108\" data-element_type=\"widget\" data-e-type=\"widget\" data-widget_type=\"spacer.default\">\n\t\t\t\t<div class=\"elementor-widget-container\">\n\t\t\t\t\t\t\t<div class=\"elementor-spacer\">\n\t\t\t<div class=\"elementor-spacer-inner\"><\/div>\n\t\t<\/div>\n\t\t\t\t\t\t<\/div>\n\t\t\t\t<\/div>\n\t\t\t\t\t<\/div>\n\t\t<\/div>\n\t\t\t\t\t<\/div>\n\t\t<\/section>\n\t\t\t\t<\/div>\n\t\t","protected":false},"excerpt":{"rendered":"<p>Reinigungsleistung der Kl\u00e4ranlageFrankfurt (Oder) im Jahr 2025 F\u00fcr die Abwasserreinigung wird in Frankfurt (Oder) eine mehrstufige vollbiologische Kl\u00e4ranlage, einschlie\u00dflich geschlossener Schlammfaulung und maschineller Schlammentw\u00e4sserung, mit einer Kapazit\u00e4t von 120.000 EW f\u00fcr 1.117 m\u00b3\/h Trockenwetterzufluss betrieben. Die Kl\u00e4ranlage entspricht dem h\u00f6chsten EU\u2013Standard, da sie \u00fcber eine biologische Reinigung mit N\u00e4hrstoffelimination verf\u00fcgt, d. h. \u00fcber die dritte [&hellip;]<\/p>\n","protected":false},"author":1,"featured_media":0,"parent":4417,"menu_order":0,"comment_status":"closed","ping_status":"closed","template":"","meta":{"footnotes":""},"class_list":["post-4787","page","type-page","status-publish","hentry"],"_links":{"self":[{"href":"https:\/\/www.fwa-ffo.de\/wp2\/wp-json\/wp\/v2\/pages\/4787","targetHints":{"allow":["GET"]}}],"collection":[{"href":"https:\/\/www.fwa-ffo.de\/wp2\/wp-json\/wp\/v2\/pages"}],"about":[{"href":"https:\/\/www.fwa-ffo.de\/wp2\/wp-json\/wp\/v2\/types\/page"}],"author":[{"embeddable":true,"href":"https:\/\/www.fwa-ffo.de\/wp2\/wp-json\/wp\/v2\/users\/1"}],"replies":[{"embeddable":true,"href":"https:\/\/www.fwa-ffo.de\/wp2\/wp-json\/wp\/v2\/comments?post=4787"}],"version-history":[{"count":3,"href":"https:\/\/www.fwa-ffo.de\/wp2\/wp-json\/wp\/v2\/pages\/4787\/revisions"}],"predecessor-version":[{"id":11345,"href":"https:\/\/www.fwa-ffo.de\/wp2\/wp-json\/wp\/v2\/pages\/4787\/revisions\/11345"}],"up":[{"embeddable":true,"href":"https:\/\/www.fwa-ffo.de\/wp2\/wp-json\/wp\/v2\/pages\/4417"}],"wp:attachment":[{"href":"https:\/\/www.fwa-ffo.de\/wp2\/wp-json\/wp\/v2\/media?parent=4787"}],"curies":[{"name":"wp","href":"https:\/\/api.w.org\/{rel}","templated":true}]}}