{"id":4726,"date":"2021-12-09T09:09:40","date_gmt":"2021-12-09T08:09:40","guid":{"rendered":"https:\/\/www.fwa-ffo.de\/wp2\/?page_id=4726"},"modified":"2022-03-22T13:58:25","modified_gmt":"2022-03-22T12:58:25","slug":"rueckstau-bei-starkregenfaellen","status":"publish","type":"page","link":"https:\/\/www.fwa-ffo.de\/wp2\/wissenswertes\/wissenswertes-abwasser\/rueckstau-bei-starkregenfaellen\/","title":{"rendered":"R\u00fcckstau bei Starkregenf\u00e4llen"},"content":{"rendered":"\t\t<div data-elementor-type=\"wp-page\" data-elementor-id=\"4726\" class=\"elementor elementor-4726\" data-elementor-post-type=\"page\">\n\t\t\t\t\t\t<section class=\"elementor-section elementor-top-section elementor-element elementor-element-82f9a1a elementor-section-boxed elementor-section-height-default elementor-section-height-default\" data-id=\"82f9a1a\" data-element_type=\"section\" data-e-type=\"section\">\n\t\t\t\t\t\t<div class=\"elementor-container elementor-column-gap-default\">\n\t\t\t\t\t<div class=\"elementor-column elementor-col-100 elementor-top-column elementor-element elementor-element-5b0bc5d\" data-id=\"5b0bc5d\" data-element_type=\"column\" data-e-type=\"column\">\n\t\t\t<div class=\"elementor-widget-wrap elementor-element-populated\">\n\t\t\t\t\t\t<div class=\"elementor-element elementor-element-ad9f75f elementor-widget elementor-widget-heading\" data-id=\"ad9f75f\" data-element_type=\"widget\" data-e-type=\"widget\" data-widget_type=\"heading.default\">\n\t\t\t\t<div class=\"elementor-widget-container\">\n\t\t\t\t\t<h2 class=\"elementor-heading-title elementor-size-default\">R\u00fcckstau bei Starkregenf\u00e4llen<\/h2>\t\t\t\t<\/div>\n\t\t\t\t<\/div>\n\t\t\t\t<div class=\"elementor-element elementor-element-bb20672 elementor-widget elementor-widget-spacer\" data-id=\"bb20672\" data-element_type=\"widget\" data-e-type=\"widget\" data-widget_type=\"spacer.default\">\n\t\t\t\t<div class=\"elementor-widget-container\">\n\t\t\t\t\t\t\t<div class=\"elementor-spacer\">\n\t\t\t<div class=\"elementor-spacer-inner\"><\/div>\n\t\t<\/div>\n\t\t\t\t\t\t<\/div>\n\t\t\t\t<\/div>\n\t\t\t\t<div class=\"elementor-element elementor-element-03d4159 elementor-widget elementor-widget-text-editor\" data-id=\"03d4159\" data-element_type=\"widget\" data-e-type=\"widget\" data-widget_type=\"text-editor.default\">\n\t\t\t\t<div class=\"elementor-widget-container\">\n\t\t\t\t\t\t\t\t\t<p><b>Wie kommt es zu einem R\u00fcckstau?<\/b><\/p><p>R\u00fcckstau kann bei extremen Niederschl\u00e4gen, Rohrbr\u00fcchen, Verstopfungen, Rohrsp\u00fclungen und bei anderen au\u00dfergew\u00f6hnlichen Ereignissen entstehen.<\/p>\t\t\t\t\t\t\t\t<\/div>\n\t\t\t\t<\/div>\n\t\t\t\t<section class=\"elementor-section elementor-inner-section elementor-element elementor-element-ca9d9d8 elementor-section-boxed elementor-section-height-default elementor-section-height-default\" data-id=\"ca9d9d8\" data-element_type=\"section\" data-e-type=\"section\">\n\t\t\t\t\t\t<div class=\"elementor-container elementor-column-gap-no\">\n\t\t\t\t\t<div class=\"elementor-column elementor-col-50 elementor-inner-column elementor-element elementor-element-38f0a67\" data-id=\"38f0a67\" data-element_type=\"column\" data-e-type=\"column\">\n\t\t\t<div class=\"elementor-widget-wrap elementor-element-populated\">\n\t\t\t\t\t\t<div class=\"elementor-element elementor-element-d9e2054 elementor-widget elementor-widget-text-editor\" data-id=\"d9e2054\" data-element_type=\"widget\" data-e-type=\"widget\" data-widget_type=\"text-editor.default\">\n\t\t\t\t<div class=\"elementor-widget-container\">\n\t\t\t\t\t\t\t\t\t<p>Das Kanalnetz ist aus technischer und wirtschaftlicher Sicht nicht auf die Ableitung<br \/>von au\u00dfergew\u00f6hnlichen Wassermassen ausgelegt. Bei solchen Ereignissen muss<br \/>mit Stau in den Kan\u00e4len gerechnet werden.<\/p><p>Das Abwasser steigt dann in den Kanalsch\u00e4chten bis zur Stra\u00dfenoberfl\u00e4che<br \/>(sog. R\u00fcckstauebene) und flie\u00dft dort ab.<\/p><p>Liegen nun Entw\u00e4sserungsobjekte (WC, Waschbecken usw.) unter der<br \/>R\u00fcckstauebene, wird dort das Wasser austreten und die umliegenden R\u00e4ume<br \/>\u00fcberfluten. Die \u00dcberflutungen lassen sich durch den Einbau von geeigneten<br \/>R\u00fcckstausicherungen vermeiden.<\/p>\t\t\t\t\t\t\t\t<\/div>\n\t\t\t\t<\/div>\n\t\t\t\t\t<\/div>\n\t\t<\/div>\n\t\t\t\t<div class=\"elementor-column elementor-col-50 elementor-inner-column elementor-element elementor-element-2b0281f\" data-id=\"2b0281f\" data-element_type=\"column\" data-e-type=\"column\">\n\t\t\t<div class=\"elementor-widget-wrap elementor-element-populated\">\n\t\t\t\t\t\t<div class=\"elementor-element elementor-element-aeb3675 elementor-widget elementor-widget-image\" data-id=\"aeb3675\" data-element_type=\"widget\" data-e-type=\"widget\" data-widget_type=\"image.default\">\n\t\t\t\t<div class=\"elementor-widget-container\">\n\t\t\t\t\t\t\t\t\t\t\t\t\t\t\t\t<a href=\"https:\/\/www.fwa-ffo.de\/wp2\/wp-content\/uploads\/Rueckstauebene.jpg\" data-elementor-open-lightbox=\"yes\" data-elementor-lightbox-title=\"Rueckstauebene\" data-elementor-lightbox-description=\"Bild Schemenbild R\u00fcckstauebene bei Starkregenf\u00e4llen\" data-e-action-hash=\"#elementor-action%3Aaction%3Dlightbox%26settings%3DeyJpZCI6NDcyOSwidXJsIjoiaHR0cHM6XC9cL3d3dy5md2EtZmZvLmRlXC93cDJcL3dwLWNvbnRlbnRcL3VwbG9hZHNcL1J1ZWNrc3RhdWViZW5lLmpwZyJ9\">\n\t\t\t\t\t\t\t<img decoding=\"async\" src=\"https:\/\/www.fwa-ffo.de\/wp2\/wp-content\/uploads\/elementor\/thumbs\/Rueckstauebene-ph933bb5bds6yqwxqcjqt1yjj11dometnl8k0lh92s.jpg\" title=\"Rueckstauebene\" alt=\"Bild Schemenbild R\u00fcckstauebene bei Starkregenf\u00e4llen\" loading=\"lazy\" \/>\t\t\t\t\t\t\t\t<\/a>\n\t\t\t\t\t\t\t\t\t\t\t\t\t\t\t<\/div>\n\t\t\t\t<\/div>\n\t\t\t\t\t<\/div>\n\t\t<\/div>\n\t\t\t\t\t<\/div>\n\t\t<\/section>\n\t\t\t\t<div class=\"elementor-element elementor-element-804b53a elementor-widget elementor-widget-spacer\" data-id=\"804b53a\" data-element_type=\"widget\" data-e-type=\"widget\" data-widget_type=\"spacer.default\">\n\t\t\t\t<div class=\"elementor-widget-container\">\n\t\t\t\t\t\t\t<div class=\"elementor-spacer\">\n\t\t\t<div class=\"elementor-spacer-inner\"><\/div>\n\t\t<\/div>\n\t\t\t\t\t\t<\/div>\n\t\t\t\t<\/div>\n\t\t\t\t<div class=\"elementor-element elementor-element-9c8d153 elementor-widget elementor-widget-text-editor\" data-id=\"9c8d153\" data-element_type=\"widget\" data-e-type=\"widget\" data-widget_type=\"text-editor.default\">\n\t\t\t\t<div class=\"elementor-widget-container\">\n\t\t\t\t\t\t\t\t\t<p><b>Welche Schutzma\u00dfnahmen gibt es?<\/b><\/p><p>Bei der R\u00fcckstausicherung k\u00f6nnen zwei Typen unterschieden werden. Diese sind vollautomatische Abwasserhebeanlagen und R\u00fcckstauverschl\u00fcsse.<\/p><p>Toilettenanlagen und h\u00e4ufig benutzte Entw\u00e4sserungsanlagen m\u00fcssen nach DIN EN 12056 mit einer Hebeanlage gesch\u00fctzt werden. R\u00fcckstauverschl\u00fcsse d\u00fcrfen, laut DIN EN 12056-4, nur bei<\/p><p>\u2022 freiem Gef\u00e4lle zum Abwasserkanal<br \/>\u2022 kleinem Benutzerkreis<br \/>\u2022 R\u00e4umen untergeordneter Nutzung<br \/>\u2022 Vorhandensein eines weiteren WC\u00b4s oberhalb der R\u00fcckstauebene<br \/>\u2022 nicht Benutzung der Ablaufstelle bei R\u00fcckstau<\/p><p>eingesetzt werden.<\/p><p>Hebeanlagen f\u00f6rdern das anfallende Abwasser \u00fcber die R\u00fccklaufschleife in den Abwasserkanal. Das funktioniert auch bei R\u00fcckstau. Aufgrund der R\u00fccklaufschleife, welche oberhalb der R\u00fcckstauebene liegt, kann kein Abwasser \u00fcber die Einl\u00e4ufe in den Keller eindringen.<\/p>\t\t\t\t\t\t\t\t<\/div>\n\t\t\t\t<\/div>\n\t\t\t\t<div class=\"elementor-element elementor-element-c8d4dd8 elementor-widget elementor-widget-spacer\" data-id=\"c8d4dd8\" data-element_type=\"widget\" data-e-type=\"widget\" data-widget_type=\"spacer.default\">\n\t\t\t\t<div class=\"elementor-widget-container\">\n\t\t\t\t\t\t\t<div class=\"elementor-spacer\">\n\t\t\t<div class=\"elementor-spacer-inner\"><\/div>\n\t\t<\/div>\n\t\t\t\t\t\t<\/div>\n\t\t\t\t<\/div>\n\t\t\t\t<div class=\"elementor-element elementor-element-7294bac elementor-widget elementor-widget-image\" data-id=\"7294bac\" data-element_type=\"widget\" data-e-type=\"widget\" data-widget_type=\"image.default\">\n\t\t\t\t<div class=\"elementor-widget-container\">\n\t\t\t\t\t\t\t\t\t\t\t\t<figure class=\"wp-caption\">\n\t\t\t\t\t\t\t\t\t\t<img fetchpriority=\"high\" decoding=\"async\" width=\"683\" height=\"496\" src=\"https:\/\/www.fwa-ffo.de\/wp2\/wp-content\/uploads\/Aufbau_Hebeanlage.jpg\" class=\"attachment-full size-full wp-image-4728\" alt=\"Bild Schemenbild Aufbau einer Hebeanlage\" srcset=\"https:\/\/www.fwa-ffo.de\/wp2\/wp-content\/uploads\/Aufbau_Hebeanlage.jpg 683w, https:\/\/www.fwa-ffo.de\/wp2\/wp-content\/uploads\/Aufbau_Hebeanlage-600x436.jpg 600w\" sizes=\"(max-width: 683px) 100vw, 683px\" \/>\t\t\t\t\t\t\t\t\t\t\t<figcaption class=\"widget-image-caption wp-caption-text\">schematischer Aufbau einer Hebeanlage<\/figcaption>\n\t\t\t\t\t\t\t\t\t\t<\/figure>\n\t\t\t\t\t\t\t\t\t<\/div>\n\t\t\t\t<\/div>\n\t\t\t\t<div class=\"elementor-element elementor-element-f723bfa elementor-widget elementor-widget-spacer\" data-id=\"f723bfa\" data-element_type=\"widget\" data-e-type=\"widget\" data-widget_type=\"spacer.default\">\n\t\t\t\t<div class=\"elementor-widget-container\">\n\t\t\t\t\t\t\t<div class=\"elementor-spacer\">\n\t\t\t<div class=\"elementor-spacer-inner\"><\/div>\n\t\t<\/div>\n\t\t\t\t\t\t<\/div>\n\t\t\t\t<\/div>\n\t\t\t\t<div class=\"elementor-element elementor-element-e79fe6f elementor-widget elementor-widget-text-editor\" data-id=\"e79fe6f\" data-element_type=\"widget\" data-e-type=\"widget\" data-widget_type=\"text-editor.default\">\n\t\t\t\t<div class=\"elementor-widget-container\">\n\t\t\t\t\t\t\t\t\t<p>R\u00fcckstauverschl\u00fcsse hingegen blockieren bei einem R\u00fcckstau das Ablaufrohr. Dabei k\u00f6nnen die Einl\u00e4ufe nicht genutzt werden.<\/p><p><b>Wer haftet f\u00fcr R\u00fcckstausch\u00e4den?<\/b><\/p><p>Nach aktueller Gesetzeslage haftet allein der Grundst\u00fcckseigent\u00fcmer bei R\u00fcckstausch\u00e4den (vgl. dazu \u00a710\u00a0 Abwasserentsorgungsbedingungen der FWA).<\/p><p>Laut DIN EN 12056 und DIN 1986 ist der Grundst\u00fcckseigent\u00fcmer verpflichtet R\u00fcckstausicherungen einzusetzen, wenn bei ihm Abwasser unterhalb der R\u00fcckstauebene anf\u00e4llt.<\/p><p><u><b>Deshalb empfehlen wir ihnen, sich bei einem Fachmann beraten zu lassen.<\/b><\/u><\/p>\t\t\t\t\t\t\t\t<\/div>\n\t\t\t\t<\/div>\n\t\t\t\t<div class=\"elementor-element elementor-element-a83ce12 elementor-widget elementor-widget-spacer\" data-id=\"a83ce12\" data-element_type=\"widget\" data-e-type=\"widget\" data-widget_type=\"spacer.default\">\n\t\t\t\t<div class=\"elementor-widget-container\">\n\t\t\t\t\t\t\t<div class=\"elementor-spacer\">\n\t\t\t<div class=\"elementor-spacer-inner\"><\/div>\n\t\t<\/div>\n\t\t\t\t\t\t<\/div>\n\t\t\t\t<\/div>\n\t\t\t\t\t<\/div>\n\t\t<\/div>\n\t\t\t\t\t<\/div>\n\t\t<\/section>\n\t\t\t\t<\/div>\n\t\t","protected":false},"excerpt":{"rendered":"<p>R\u00fcckstau bei Starkregenf\u00e4llen Wie kommt es zu einem R\u00fcckstau? R\u00fcckstau kann bei extremen Niederschl\u00e4gen, Rohrbr\u00fcchen, Verstopfungen, Rohrsp\u00fclungen und bei anderen au\u00dfergew\u00f6hnlichen Ereignissen entstehen. Das Kanalnetz ist aus technischer und wirtschaftlicher Sicht nicht auf die Ableitungvon au\u00dfergew\u00f6hnlichen Wassermassen ausgelegt. Bei solchen Ereignissen mussmit Stau in den Kan\u00e4len gerechnet werden. Das Abwasser steigt dann in den Kanalsch\u00e4chten [&hellip;]<\/p>\n","protected":false},"author":1,"featured_media":0,"parent":4417,"menu_order":0,"comment_status":"closed","ping_status":"closed","template":"","meta":{"footnotes":""},"class_list":["post-4726","page","type-page","status-publish","hentry"],"_links":{"self":[{"href":"https:\/\/www.fwa-ffo.de\/wp2\/wp-json\/wp\/v2\/pages\/4726","targetHints":{"allow":["GET"]}}],"collection":[{"href":"https:\/\/www.fwa-ffo.de\/wp2\/wp-json\/wp\/v2\/pages"}],"about":[{"href":"https:\/\/www.fwa-ffo.de\/wp2\/wp-json\/wp\/v2\/types\/page"}],"author":[{"embeddable":true,"href":"https:\/\/www.fwa-ffo.de\/wp2\/wp-json\/wp\/v2\/users\/1"}],"replies":[{"embeddable":true,"href":"https:\/\/www.fwa-ffo.de\/wp2\/wp-json\/wp\/v2\/comments?post=4726"}],"version-history":[{"count":0,"href":"https:\/\/www.fwa-ffo.de\/wp2\/wp-json\/wp\/v2\/pages\/4726\/revisions"}],"up":[{"embeddable":true,"href":"https:\/\/www.fwa-ffo.de\/wp2\/wp-json\/wp\/v2\/pages\/4417"}],"wp:attachment":[{"href":"https:\/\/www.fwa-ffo.de\/wp2\/wp-json\/wp\/v2\/media?parent=4726"}],"curies":[{"name":"wp","href":"https:\/\/api.w.org\/{rel}","templated":true}]}}