{"id":4648,"date":"2021-12-08T15:00:05","date_gmt":"2021-12-08T14:00:05","guid":{"rendered":"https:\/\/www.fwa-ffo.de\/wp2\/?page_id=4648"},"modified":"2026-03-06T10:54:34","modified_gmt":"2026-03-06T09:54:34","slug":"achtung-kanalnetzspuelung-hinweise-zur-kanalnetzspuelung","status":"publish","type":"page","link":"https:\/\/www.fwa-ffo.de\/wp2\/wissenswertes\/wissenswertes-abwasser\/achtung-kanalnetzspuelung-hinweise-zur-kanalnetzspuelung\/","title":{"rendered":"Achtung Kanalnetzsp\u00fclung &#8211; Hinweise zur Kanalnetzsp\u00fclung"},"content":{"rendered":"\t\t<div data-elementor-type=\"wp-page\" data-elementor-id=\"4648\" class=\"elementor elementor-4648\" data-elementor-post-type=\"page\">\n\t\t\t\t\t\t<section class=\"elementor-section elementor-top-section elementor-element elementor-element-80d9997 elementor-section-boxed elementor-section-height-default elementor-section-height-default\" data-id=\"80d9997\" data-element_type=\"section\" data-e-type=\"section\">\n\t\t\t\t\t\t<div class=\"elementor-container elementor-column-gap-default\">\n\t\t\t\t\t<div class=\"elementor-column elementor-col-100 elementor-top-column elementor-element elementor-element-97ee9d0\" data-id=\"97ee9d0\" data-element_type=\"column\" data-e-type=\"column\">\n\t\t\t<div class=\"elementor-widget-wrap elementor-element-populated\">\n\t\t\t\t\t\t<div class=\"elementor-element elementor-element-ea504a9 elementor-widget elementor-widget-heading\" data-id=\"ea504a9\" data-element_type=\"widget\" data-e-type=\"widget\" data-widget_type=\"heading.default\">\n\t\t\t\t<div class=\"elementor-widget-container\">\n\t\t\t\t\t<h2 class=\"elementor-heading-title elementor-size-default\">Achtung Kanalnetzsp\u00fclung<\/h2>\t\t\t\t<\/div>\n\t\t\t\t<\/div>\n\t\t\t\t<div class=\"elementor-element elementor-element-ca80ad3 elementor-widget elementor-widget-spacer\" data-id=\"ca80ad3\" data-element_type=\"widget\" data-e-type=\"widget\" data-widget_type=\"spacer.default\">\n\t\t\t\t<div class=\"elementor-widget-container\">\n\t\t\t\t\t\t\t<div class=\"elementor-spacer\">\n\t\t\t<div class=\"elementor-spacer-inner\"><\/div>\n\t\t<\/div>\n\t\t\t\t\t\t<\/div>\n\t\t\t\t<\/div>\n\t\t\t\t<div class=\"elementor-element elementor-element-2c5c2af elementor-widget elementor-widget-heading\" data-id=\"2c5c2af\" data-element_type=\"widget\" data-e-type=\"widget\" data-widget_type=\"heading.default\">\n\t\t\t\t<div class=\"elementor-widget-container\">\n\t\t\t\t\t<h2 class=\"elementor-heading-title elementor-size-default\">Hinweise zur Kanalnetzsp\u00fclung\u200b<\/h2>\t\t\t\t<\/div>\n\t\t\t\t<\/div>\n\t\t\t\t<div class=\"elementor-element elementor-element-7be5170 elementor-widget elementor-widget-spacer\" data-id=\"7be5170\" data-element_type=\"widget\" data-e-type=\"widget\" data-widget_type=\"spacer.default\">\n\t\t\t\t<div class=\"elementor-widget-container\">\n\t\t\t\t\t\t\t<div class=\"elementor-spacer\">\n\t\t\t<div class=\"elementor-spacer-inner\"><\/div>\n\t\t<\/div>\n\t\t\t\t\t\t<\/div>\n\t\t\t\t<\/div>\n\t\t\t\t<div class=\"elementor-element elementor-element-ce63ee0 elementor-widget elementor-widget-text-editor\" data-id=\"ce63ee0\" data-element_type=\"widget\" data-e-type=\"widget\" data-widget_type=\"text-editor.default\">\n\t\t\t\t<div class=\"elementor-widget-container\">\n\t\t\t\t\t\t\t\t\t<p>In unserem Einzugsgebiet liegen \u00fcber 555,1 km Abwasserleitungen. Um die Funktionsf\u00e4higkeit der Abwasserkanalisation zu\u00a0 gew\u00e4hrleisten, ist es notwendig, die Kan\u00e4le in bestimmten Abst\u00e4nden mit einem Kanalsp\u00fclger\u00e4t zu reinigen. Die Reinigungsarbeiten werden durch unser Unternehmen im Rahmen eines Sp\u00fclplanes, entsprechend des Verschmutzungsgrades der Kanalleitungen, durchgef\u00fchrt. In 2025 wurden insgesamt 40,3 km Kanalleitungen gereinigt. Dabei wurden 49,06 t Kanalsand aus den Leitungen geholt und entsorgt.<\/p>\t\t\t\t\t\t\t\t<\/div>\n\t\t\t\t<\/div>\n\t\t\t\t<section class=\"elementor-section elementor-inner-section elementor-element elementor-element-f6e10b3 elementor-section-boxed elementor-section-height-default elementor-section-height-default\" data-id=\"f6e10b3\" data-element_type=\"section\" data-e-type=\"section\">\n\t\t\t\t\t\t<div class=\"elementor-container elementor-column-gap-no\">\n\t\t\t\t\t<div class=\"elementor-column elementor-col-50 elementor-inner-column elementor-element elementor-element-a515be1\" data-id=\"a515be1\" data-element_type=\"column\" data-e-type=\"column\">\n\t\t\t<div class=\"elementor-widget-wrap elementor-element-populated\">\n\t\t\t\t\t\t<div class=\"elementor-element elementor-element-37961de elementor-widget elementor-widget-text-editor\" data-id=\"37961de\" data-element_type=\"widget\" data-e-type=\"widget\" data-widget_type=\"text-editor.default\">\n\t\t\t\t<div class=\"elementor-widget-container\">\n\t\t\t\t\t\t\t\t\t<p>Bevor wir die Reinigungsarbeiten mittels Sp\u00fclfahrzeug verrichten, werden die <br \/>betroffenen Anwohner mit einem Flyer &#8222;Achtung Kanalnetzsp\u00fclung&#8220; informiert.<\/p><div>Da bei der Durchf\u00fchrung der Kanalsp\u00fclarbeiten unbeabsichtigte, aber im <br \/>Einzelfall nicht zu vermeidende R\u00fcckstauungen von Schmutzwasser in den<br \/>Schmutzwasserhausanschlussleitungen auftreten k\u00f6nnen, empfehlen wir Ihnen, <br \/>Folgendes unbedingt zu beachten.<\/div><p>\u00dcberpr\u00fcfen Sie die L\u00fcftung Ihres Schmutzwasserabflusses auf ordnungsgem\u00e4\u00dfe Funktionsf\u00e4higkeit (nach DIN 1986)!<\/p>\t\t\t\t\t\t\t\t<\/div>\n\t\t\t\t<\/div>\n\t\t\t\t\t<\/div>\n\t\t<\/div>\n\t\t\t\t<div class=\"elementor-column elementor-col-50 elementor-inner-column elementor-element elementor-element-cd4f228\" data-id=\"cd4f228\" data-element_type=\"column\" data-e-type=\"column\">\n\t\t\t<div class=\"elementor-widget-wrap elementor-element-populated\">\n\t\t\t\t\t\t<div class=\"elementor-element elementor-element-ac05f43 elementor-widget elementor-widget-image\" data-id=\"ac05f43\" data-element_type=\"widget\" data-e-type=\"widget\" data-widget_type=\"image.default\">\n\t\t\t\t<div class=\"elementor-widget-container\">\n\t\t\t\t\t\t\t\t\t\t\t\t\t\t\t<img fetchpriority=\"high\" decoding=\"async\" width=\"300\" height=\"223\" src=\"https:\/\/www.fwa-ffo.de\/wp2\/wp-content\/uploads\/Spuelfahrzeug_gross.jpg\" class=\"attachment-full size-full wp-image-4650\" alt=\"Bild Einsatz eines Sp\u00fclfahrzeugs\" \/>\t\t\t\t\t\t\t\t\t\t\t\t\t\t\t<\/div>\n\t\t\t\t<\/div>\n\t\t\t\t\t<\/div>\n\t\t<\/div>\n\t\t\t\t\t<\/div>\n\t\t<\/section>\n\t\t\t\t<div class=\"elementor-element elementor-element-2a838b9 elementor-widget elementor-widget-text-editor\" data-id=\"2a838b9\" data-element_type=\"widget\" data-e-type=\"widget\" data-widget_type=\"text-editor.default\">\n\t\t\t\t<div class=\"elementor-widget-container\">\n\t\t\t\t\t\t\t\t\t<p>Die DIN 1986 schreibt vor, dass die Hausinstallation der Schmutzwasserleitung am Ende als L\u00fcftungsleitung bis \u00fcber das Dach zu f\u00fchren ist. Die L\u00fcftungsleitung darf sich im Querschnitt nicht verj\u00fcngen, ist nach oben zu f\u00fchren und muss am Ende offen sein, um die Bel\u00fcftung der Hausanschl\u00fcsse, z. B. bei Kanalsp\u00fclarbeiten, zu gew\u00e4hrleisten (Bei nicht intakter L\u00fcftungsleitung ist ein Austritt von Abwasser aus den Geruchsverschl\u00fcssen m\u00f6glich.).<\/p><div>Des Weiteren ist es sinnvoll, vorhandene R\u00fcckstausicherungen (falls vorhanden) zu verschlie\u00dfen, ebenso wie die Abl\u00e4ufe in der K\u00fcchensp\u00fcle, den Waschbecken sowie der Badewanne mit Abflussst\u00f6pseln. Bei Geruchsproblemen bitten wir Sie, nach den Reinigungsarbeiten Ihre eventuell leergezogenen Geruchsverschl\u00fcsse (Trapse) wieder mit Wasser zu f\u00fcllen.<\/div><p>F\u00fcr Sch\u00e4den, deren Ursache eine nicht fachgerechte Hausinstallation ist, haftet der Grundst\u00fcckseigent\u00fcmer selbst.<\/p>\t\t\t\t\t\t\t\t<\/div>\n\t\t\t\t<\/div>\n\t\t\t\t<div class=\"elementor-element elementor-element-baa0d15 elementor-widget elementor-widget-spacer\" data-id=\"baa0d15\" data-element_type=\"widget\" data-e-type=\"widget\" data-widget_type=\"spacer.default\">\n\t\t\t\t<div class=\"elementor-widget-container\">\n\t\t\t\t\t\t\t<div class=\"elementor-spacer\">\n\t\t\t<div class=\"elementor-spacer-inner\"><\/div>\n\t\t<\/div>\n\t\t\t\t\t\t<\/div>\n\t\t\t\t<\/div>\n\t\t\t\t<div class=\"elementor-element elementor-element-c90bdfa elementor-widget elementor-widget-heading\" data-id=\"c90bdfa\" data-element_type=\"widget\" data-e-type=\"widget\" data-widget_type=\"heading.default\">\n\t\t\t\t<div class=\"elementor-widget-container\">\n\t\t\t\t\t<h2 class=\"elementor-heading-title elementor-size-default\"><b>Was passiert bei der Hochdruck-Kanalreinigung?<\/b><\/h2>\t\t\t\t<\/div>\n\t\t\t\t<\/div>\n\t\t\t\t<div class=\"elementor-element elementor-element-0c379a8 elementor-widget elementor-widget-spacer\" data-id=\"0c379a8\" data-element_type=\"widget\" data-e-type=\"widget\" data-widget_type=\"spacer.default\">\n\t\t\t\t<div class=\"elementor-widget-container\">\n\t\t\t\t\t\t\t<div class=\"elementor-spacer\">\n\t\t\t<div class=\"elementor-spacer-inner\"><\/div>\n\t\t<\/div>\n\t\t\t\t\t\t<\/div>\n\t\t\t\t<\/div>\n\t\t\t\t<div class=\"elementor-element elementor-element-35a50ae elementor-widget elementor-widget-text-editor\" data-id=\"35a50ae\" data-element_type=\"widget\" data-e-type=\"widget\" data-widget_type=\"text-editor.default\">\n\t\t\t\t<div class=\"elementor-widget-container\">\n\t\t\t\t\t\t\t\t\tBei der Hochdruck-Kanalreinigung wird ein Schlauch in den Abwasserkanal eingef\u00fchrt und mit Wasserdruck, der aus einer Reinigungsd\u00fcse austritt, durch den Kanal vorangetrieben. Am anderen Schacht angekommen, wird der Schlauch mit einer Motorwinde zur\u00fcckgezogen. Die im Kanal befindlichen Ablagerungen werden herausgesp\u00fclt und durch das Sp\u00fclfahrzeug \u00fcber den Schacht abgesaugt.\nDieser Vorgang erzeugt im Bereich vor der D\u00fcse einen Unterdruck und hinter der D\u00fcse (zum Sp\u00fclwagen hin) einen \u00dcberdruck. Dieser Druck wird durch die Luftzufuhr im Hauptkanal zum gr\u00f6\u00dften Teil ausgeglichen. In seltenen F\u00e4llen reicht dies jedoch nicht aus, so dass der Ausgleich dann \u00fcber die Grundst\u00fccksentw\u00e4sserung erfolgt.\n\nSind die sanit\u00e4ren Anlagen fachgerecht ausgef\u00fchrt und in einem ordnungsgem\u00e4\u00dfen Zustand, ist hier der Druckausgleich durch die Dachentl\u00fcftung gew\u00e4hrleistet. Soweit der Normalfall.\nAufgrund verschiedener Ursachen k\u00f6nnen nun folgende Ereignisse durch die Kanalsp\u00fclung ausgel\u00f6st werden:\t\t\t\t\t\t\t\t<\/div>\n\t\t\t\t<\/div>\n\t\t\t\t<div class=\"elementor-element elementor-element-b99405d elementor-widget elementor-widget-text-editor\" data-id=\"b99405d\" data-element_type=\"widget\" data-e-type=\"widget\" data-widget_type=\"text-editor.default\">\n\t\t\t\t<div class=\"elementor-widget-container\">\n\t\t\t\t\t\t\t\t\t<p><b>\u2022 Ein beunruhigendes Rauschen ist durch den Geruchsverschluss der Toilette, Dusche, etc. zu h\u00f6ren.<\/b><\/p>\n<p>In diesem Fall brauchen Sie sich nicht weiter zu sorgen. Im Gegenteil, Sie k\u00f6nnen sicher sein, dass Ihre Hausleitung frei von Verstopfungen ist und sich in einem ordnungsgem\u00e4\u00dfen Zustand befindet.<\/p>\n<p><b>\u2022 Es kommt zu Wasseraustritt aus dem Geruchsverschluss.<\/b><\/p>\n<div>Das l\u00e4sst darauf schlie\u00dfen, dass sich Ihre Dachentl\u00fcftung in einem nicht ordnungsgem\u00e4\u00dfen Zustand befindet. Die DIN 1986 schreibt vor, dass die Hausinstallation der Schmutzwasserleitung am Ende als L\u00fcftungsleitung bis \u00fcber das Dach zu f\u00fchren ist. Die L\u00fcftungsleitung darf sich im Querschnitt nicht verj\u00fcngen, ist nach oben zu f\u00fchren und muss am Ende offen sein.Wir raten Ihnen zu pr\u00fcfen, ob die Hausinstallation \u00fcber eine entsprechende Entl\u00fcftung verf\u00fcgt und ob alle Sanit\u00e4rgegenst\u00e4nde (Waschbecken, Toilette usw.) an diese angeschlossen sind.<\/div>\n<p>Des Weiteren ist es sinnvoll, bei angek\u00fcndigter Kanalreinigung die vorhandene R\u00fcckstausicherungen (falls vorhanden) zu verschlie\u00dfen, ebenso wie die Abl\u00e4ufe in der K\u00fcchensp\u00fcle, den Waschbecken sowie der Badewanne mit Abflussst\u00f6pseln.<\/p>\n<p><b>\u2022 Es kommt zu einem Wasseraustritt mit F\u00e4kalien.<\/b><\/p>\n<p>In einem ordnungsgem\u00e4\u00df funktionierenden Entw\u00e4sserungssystem werden durch die Toilettensp\u00fclung die F\u00e4kalien direkt durch die Fall- bzw. Grundleitung in das Hauptkanalsystem gesp\u00fclt. In den h\u00e4uslichen Entw\u00e4sserungsleitungen d\u00fcrfen sich also keine F\u00e4kalien befinden. Sollten dennoch F\u00e4kalien aus der Toilette in das Badezimmer gedr\u00fcckt worden sein, so m\u00fcssen sich diese bereits im (Haus-) System angesammelt haben, also eine Verstopfung vorgelegen haben. Anzeichen hierf\u00fcr sind nicht mehr ganz so leicht abflie\u00dfendes Wasser oder ein \u201eGluckern\u201c in den Leitungen.<\/p>\n<p>Eine Verstopfung bedeutet nicht zwingend, dass das Wasser \u00fcberhaupt nicht abflie\u00dfen kann. Es ist m\u00f6glich, dass sich die \u201eFeststoffe\u201c an einem Hindernis zur\u00fcckstauen, das Wasser selbst aber durch den verbliebenen Abflussquerschnitt abl\u00e4uft. Durch die Ablagerungen verringert sich der Querschnitt der Entl\u00fcftung naturgem\u00e4\u00df ebenfalls, so dass durch die Sp\u00fclung des Hauptkanals die F\u00e4kalien herausgedr\u00fcckt werden.<\/p>\n<p><b>\u2022 Nach der Kanalsp\u00fclung ist ein \u00fcbler Geruch bemerkbar.<\/b><\/p>\n<div>In diesem Fall konnte der Unterdruck nicht ausgeglichen werden. Dabei wurde das Wasser des Geruchverschlusses ganz oder teilweise herausgesaugt. Dadurch kann nun die Kanalatmosph\u00e4re ungehindert in Ihre sanit\u00e4ren Anlagen einstr\u00f6men.<\/div>\n<p>Lassen Sie einfach wieder Wasser in die Becken laufen, bzw. bet\u00e4tigen Sie die Sp\u00fclung der Toiletten. Dadurch wird der Geruchsverschluss wieder geschlossen und es kann keine weitere Kanalluft eintreten. Auch hier gilt die Ursachenbeschreibung wie im vorhergehenden Fall.<\/p>\n<p>Dies gilt \u00fcbrigens auch, wenn Sie \u00f6fters Geruchsprobleme im Hause haben. Bei Badewannen, z.B. die sehr selten benutzt werden, lassen Sie einfach wieder Wasser nachlaufen. Hier k\u00f6nnte das Wasser des Geruchsverschlusses auch \u201everdunstet&#8220; sein.<\/p>\n<p><b>\u2022 Kann es sein, dass der Sp\u00fclschlauch f\u00e4lschlicherweise in den Grundst\u00fccksanschluss l\u00e4uft?<\/b><\/p>\n<div>Das ist sehr unwahrscheinlich! Sollte es dennoch dazu kommen, w\u00e4re lediglich das Wasser aus den Geruchsverschl\u00fcssen herausgesaugt worden, denn vor der D\u00fcse entsteht ein Unterdruck.<\/div>\n<p><b>\u2022 K\u00f6nnen F\u00e4kalien aus dem Hauptkanal in den Grundst\u00fccksanschluss hineingedr\u00fcckt werden?<\/b><\/p>\n<div>Nein, das ist praktisch ausgeschlossen! Die f\u00fcr das Fluten des Grundst\u00fccksanschlusses und der sanit\u00e4ren Anlagen notwendige Abwassermenge ist im Hauptkanal nicht vorhanden. <\/div><br>\t\t\t\t\t\t\t\t<\/div>\n\t\t\t\t<\/div>\n\t\t\t\t<div class=\"elementor-element elementor-element-1b6d0c8 elementor-widget elementor-widget-spacer\" data-id=\"1b6d0c8\" data-element_type=\"widget\" data-e-type=\"widget\" data-widget_type=\"spacer.default\">\n\t\t\t\t<div class=\"elementor-widget-container\">\n\t\t\t\t\t\t\t<div class=\"elementor-spacer\">\n\t\t\t<div class=\"elementor-spacer-inner\"><\/div>\n\t\t<\/div>\n\t\t\t\t\t\t<\/div>\n\t\t\t\t<\/div>\n\t\t\t\t\t<\/div>\n\t\t<\/div>\n\t\t\t\t\t<\/div>\n\t\t<\/section>\n\t\t\t\t<\/div>\n\t\t","protected":false},"excerpt":{"rendered":"<p>Achtung Kanalnetzsp\u00fclung Hinweise zur Kanalnetzsp\u00fclung\u200b In unserem Einzugsgebiet liegen \u00fcber 555,1 km Abwasserleitungen. Um die Funktionsf\u00e4higkeit der Abwasserkanalisation zu\u00a0 gew\u00e4hrleisten, ist es notwendig, die Kan\u00e4le in bestimmten Abst\u00e4nden mit einem Kanalsp\u00fclger\u00e4t zu reinigen. Die Reinigungsarbeiten werden durch unser Unternehmen im Rahmen eines Sp\u00fclplanes, entsprechend des Verschmutzungsgrades der Kanalleitungen, durchgef\u00fchrt. In 2025 wurden insgesamt 40,3 km [&hellip;]<\/p>\n","protected":false},"author":1,"featured_media":0,"parent":4417,"menu_order":0,"comment_status":"closed","ping_status":"closed","template":"","meta":{"footnotes":""},"class_list":["post-4648","page","type-page","status-publish","hentry"],"_links":{"self":[{"href":"https:\/\/www.fwa-ffo.de\/wp2\/wp-json\/wp\/v2\/pages\/4648","targetHints":{"allow":["GET"]}}],"collection":[{"href":"https:\/\/www.fwa-ffo.de\/wp2\/wp-json\/wp\/v2\/pages"}],"about":[{"href":"https:\/\/www.fwa-ffo.de\/wp2\/wp-json\/wp\/v2\/types\/page"}],"author":[{"embeddable":true,"href":"https:\/\/www.fwa-ffo.de\/wp2\/wp-json\/wp\/v2\/users\/1"}],"replies":[{"embeddable":true,"href":"https:\/\/www.fwa-ffo.de\/wp2\/wp-json\/wp\/v2\/comments?post=4648"}],"version-history":[{"count":3,"href":"https:\/\/www.fwa-ffo.de\/wp2\/wp-json\/wp\/v2\/pages\/4648\/revisions"}],"predecessor-version":[{"id":11339,"href":"https:\/\/www.fwa-ffo.de\/wp2\/wp-json\/wp\/v2\/pages\/4648\/revisions\/11339"}],"up":[{"embeddable":true,"href":"https:\/\/www.fwa-ffo.de\/wp2\/wp-json\/wp\/v2\/pages\/4417"}],"wp:attachment":[{"href":"https:\/\/www.fwa-ffo.de\/wp2\/wp-json\/wp\/v2\/media?parent=4648"}],"curies":[{"name":"wp","href":"https:\/\/api.w.org\/{rel}","templated":true}]}}