{"id":4591,"date":"2021-12-08T14:14:41","date_gmt":"2021-12-08T13:14:41","guid":{"rendered":"https:\/\/www.fwa-ffo.de\/wp2\/?page_id=4591"},"modified":"2022-03-22T13:57:18","modified_gmt":"2022-03-22T12:57:18","slug":"starkregenschutz-an-privatgrundstuecken","status":"publish","type":"page","link":"https:\/\/www.fwa-ffo.de\/wp2\/wissenswertes\/wissenswertes-abwasser\/starkregenschutz-an-privatgrundstuecken\/","title":{"rendered":"Starkregenschutz an Privatgrundst\u00fccken"},"content":{"rendered":"\t\t<div data-elementor-type=\"wp-page\" data-elementor-id=\"4591\" class=\"elementor elementor-4591\" data-elementor-post-type=\"page\">\n\t\t\t\t\t\t<section class=\"elementor-section elementor-top-section elementor-element elementor-element-209e30a elementor-section-boxed elementor-section-height-default elementor-section-height-default\" data-id=\"209e30a\" data-element_type=\"section\" data-e-type=\"section\">\n\t\t\t\t\t\t<div class=\"elementor-container elementor-column-gap-default\">\n\t\t\t\t\t<div class=\"elementor-column elementor-col-100 elementor-top-column elementor-element elementor-element-376f411\" data-id=\"376f411\" data-element_type=\"column\" data-e-type=\"column\">\n\t\t\t<div class=\"elementor-widget-wrap elementor-element-populated\">\n\t\t\t\t\t\t<div class=\"elementor-element elementor-element-67c16d1 elementor-widget elementor-widget-heading\" data-id=\"67c16d1\" data-element_type=\"widget\" data-e-type=\"widget\" data-widget_type=\"heading.default\">\n\t\t\t\t<div class=\"elementor-widget-container\">\n\t\t\t\t\t<h2 class=\"elementor-heading-title elementor-size-default\">Starkregenschutz an Privatgrundst\u00fccken<\/h2>\t\t\t\t<\/div>\n\t\t\t\t<\/div>\n\t\t\t\t<div class=\"elementor-element elementor-element-b532192 elementor-widget elementor-widget-spacer\" data-id=\"b532192\" data-element_type=\"widget\" data-e-type=\"widget\" data-widget_type=\"spacer.default\">\n\t\t\t\t<div class=\"elementor-widget-container\">\n\t\t\t\t\t\t\t<div class=\"elementor-spacer\">\n\t\t\t<div class=\"elementor-spacer-inner\"><\/div>\n\t\t<\/div>\n\t\t\t\t\t\t<\/div>\n\t\t\t\t<\/div>\n\t\t\t\t<div class=\"elementor-element elementor-element-d730c96 elementor-widget elementor-widget-text-editor\" data-id=\"d730c96\" data-element_type=\"widget\" data-e-type=\"widget\" data-widget_type=\"text-editor.default\">\n\t\t\t\t<div class=\"elementor-widget-container\">\n\t\t\t\t\t\t\t\t\t<p>Der Klimawandel f\u00fchrt in einigen Teilen Deutschlands zu einer Ver\u00e4nderung der Niederschlagsverh\u00e4ltnisse, immer h\u00e4ufiger kommt es zu Starkregenereignissen. Neben den Betreibern der Abwasseranlagen sind bei dieser Problematik auch die Hauseigent\u00fcmer, Bauherren und Architekten gefragt. Mittels objektbezogenen Schutzma\u00dfnahmen lassen sich H\u00e4user und Grundst\u00fccke vor Wassereintritt sichern.<\/p>\t\t\t\t\t\t\t\t<\/div>\n\t\t\t\t<\/div>\n\t\t\t\t<div class=\"elementor-element elementor-element-adfba50 elementor-widget elementor-widget-spacer\" data-id=\"adfba50\" data-element_type=\"widget\" data-e-type=\"widget\" data-widget_type=\"spacer.default\">\n\t\t\t\t<div class=\"elementor-widget-container\">\n\t\t\t\t\t\t\t<div class=\"elementor-spacer\">\n\t\t\t<div class=\"elementor-spacer-inner\"><\/div>\n\t\t<\/div>\n\t\t\t\t\t\t<\/div>\n\t\t\t\t<\/div>\n\t\t\t\t<section class=\"elementor-section elementor-inner-section elementor-element elementor-element-9e31f0b elementor-section-boxed elementor-section-height-default elementor-section-height-default\" data-id=\"9e31f0b\" data-element_type=\"section\" data-e-type=\"section\">\n\t\t\t\t\t\t<div class=\"elementor-container elementor-column-gap-no\">\n\t\t\t\t\t<div class=\"elementor-column elementor-col-50 elementor-inner-column elementor-element elementor-element-a55545b\" data-id=\"a55545b\" data-element_type=\"column\" data-e-type=\"column\">\n\t\t\t<div class=\"elementor-widget-wrap elementor-element-populated\">\n\t\t\t\t\t\t<div class=\"elementor-element elementor-element-0e30ef1 elementor-widget elementor-widget-text-editor\" data-id=\"0e30ef1\" data-element_type=\"widget\" data-e-type=\"widget\" data-widget_type=\"text-editor.default\">\n\t\t\t\t<div class=\"elementor-widget-container\">\n\t\t\t\t\t\t\t\t\tDurch eine genauere Begutachtung der \u00d6rtlichkeiten lassen sich oft schon die Arten der m\u00f6glichen Gef\u00e4hrdungen erkennen.\n\nGrunds\u00e4tzlich k\u00f6nnen Sch\u00e4den durch\n<ul>\n \t<li>Oberfl\u00e4chenwasser,<\/li>\n \t<li>Bodenfeuchtigkeit und Sickerwasser,<\/li>\n \t<li>Grundwasser und Stauwasser sowie<\/li>\n \t<li>R\u00fcckstau aus dem Kanalnetz<\/li>\n<\/ul>\nentstehen.\t\t\t\t\t\t\t\t<\/div>\n\t\t\t\t<\/div>\n\t\t\t\t\t<\/div>\n\t\t<\/div>\n\t\t\t\t<div class=\"elementor-column elementor-col-50 elementor-inner-column elementor-element elementor-element-6435315\" data-id=\"6435315\" data-element_type=\"column\" data-e-type=\"column\">\n\t\t\t<div class=\"elementor-widget-wrap elementor-element-populated\">\n\t\t\t\t\t\t<div class=\"elementor-element elementor-element-9ba759d elementor-widget elementor-widget-image\" data-id=\"9ba759d\" data-element_type=\"widget\" data-e-type=\"widget\" data-widget_type=\"image.default\">\n\t\t\t\t<div class=\"elementor-widget-container\">\n\t\t\t\t\t\t\t\t\t\t\t\t\t\t\t<img fetchpriority=\"high\" decoding=\"async\" width=\"300\" height=\"245\" src=\"https:\/\/www.fwa-ffo.de\/wp2\/wp-content\/uploads\/Starkregen_sandsack.jpg\" class=\"attachment-full size-full wp-image-4593\" alt=\"Bild \u00dcberflutung einer Grundst\u00fcckseinfahrt nach Starkregen\" \/>\t\t\t\t\t\t\t\t\t\t\t\t\t\t\t<\/div>\n\t\t\t\t<\/div>\n\t\t\t\t\t<\/div>\n\t\t<\/div>\n\t\t\t\t\t<\/div>\n\t\t<\/section>\n\t\t\t\t<div class=\"elementor-element elementor-element-be60b2b elementor-widget elementor-widget-spacer\" data-id=\"be60b2b\" data-element_type=\"widget\" data-e-type=\"widget\" data-widget_type=\"spacer.default\">\n\t\t\t\t<div class=\"elementor-widget-container\">\n\t\t\t\t\t\t\t<div class=\"elementor-spacer\">\n\t\t\t<div class=\"elementor-spacer-inner\"><\/div>\n\t\t<\/div>\n\t\t\t\t\t\t<\/div>\n\t\t\t\t<\/div>\n\t\t\t\t<div class=\"elementor-element elementor-element-129288d elementor-widget elementor-widget-text-editor\" data-id=\"129288d\" data-element_type=\"widget\" data-e-type=\"widget\" data-widget_type=\"text-editor.default\">\n\t\t\t\t<div class=\"elementor-widget-container\">\n\t\t\t\t\t\t\t\t\tDurch verschiedene Ma\u00dfnahmen lassen sich bei der Beplanung eines Grundst\u00fcckes bzw. dem Neubau eines Geb\u00e4udes, aber auch bei bereits bestehender Bebauung entsprechende Schutzma\u00dfnahmen gegen die einzelnen Wasserarten treffen.\t\t\t\t\t\t\t\t<\/div>\n\t\t\t\t<\/div>\n\t\t\t\t<div class=\"elementor-element elementor-element-40d89a9 elementor-widget elementor-widget-spacer\" data-id=\"40d89a9\" data-element_type=\"widget\" data-e-type=\"widget\" data-widget_type=\"spacer.default\">\n\t\t\t\t<div class=\"elementor-widget-container\">\n\t\t\t\t\t\t\t<div class=\"elementor-spacer\">\n\t\t\t<div class=\"elementor-spacer-inner\"><\/div>\n\t\t<\/div>\n\t\t\t\t\t\t<\/div>\n\t\t\t\t<\/div>\n\t\t\t\t<div class=\"elementor-element elementor-element-a975aba elementor-widget elementor-widget-text-editor\" data-id=\"a975aba\" data-element_type=\"widget\" data-e-type=\"widget\" data-widget_type=\"text-editor.default\">\n\t\t\t\t<div class=\"elementor-widget-container\">\n\t\t\t\t\t\t\t\t\t<p>Als elementarste Ma\u00dfnahme wird dabei der Einbau eines Verschlusses zur Sicherung gegen R\u00fcckstau aus der Kanalisation angesehen. In den AEB der FWA mbH ist die Eigenpflicht aller Kunden zum Schutz vor sch\u00e4dlichem R\u00fcckstau aus der Kanalisation unterhalb der R\u00fcckstauebene verankert.<\/p><div>Gegen den Eintritt von Oberfl\u00e4chenwasser k\u00f6nnen Bodensenken bzw. Bodenschwellen auf dem Grundst\u00fcck helfen. Ggf. sind Aufkantungen an Lichtsch\u00e4chten und Kellereing\u00e4ngen sinnvoll. Als mobile Schutzelemente lassen sich Barrieresysteme und Fensterklappen einbauen bzw. nachr\u00fcsten.<\/div><p>Bereits durch einfache Verhaltensregeln k\u00f6nnen Sie Sch\u00e4den vorsorgen. Beispielsweise sollten \u00fcberschwemmungsgef\u00e4hrdete Keller nicht als Wohnraum ausgestaltet werden. Bei der Einrichtung sollten wasserbest\u00e4ndige Materialen, wie z. B. Fliesen, verwendet werden. Heizungsanlagen und elektrischen Installationen sind sinnvoller Weise eher in Obergeschossen unterzubringen. Heiz\u00f6ltanks m\u00fcssen gegen Wassereintritt und Auftrieb gesichert werden.<\/p>\t\t\t\t\t\t\t\t<\/div>\n\t\t\t\t<\/div>\n\t\t\t\t<div class=\"elementor-element elementor-element-41d90b8 elementor-widget elementor-widget-html\" data-id=\"41d90b8\" data-element_type=\"widget\" data-e-type=\"widget\" data-widget_type=\"html.default\">\n\t\t\t\t<div class=\"elementor-widget-container\">\n\t\t\t\t\t<table border=\"0\" cellpadding=\"5\" frame=\"all\" style=\"border: #000000 0px solid;\" width=\"667\">\n<tbody>\n<tr>\n<td style=\"width: 330px;\"><strong>Schadensursache<\/strong><\/td>\n<td style=\"width: 330px;\"><strong>Ma&szlig;nahmen<\/strong><\/td>\n<\/tr>\n<tr>\n<td><\/td>\n<td><\/td>\n<\/tr>\n<tr>\n<td>Wassereintritt &uuml;ber Fenster\/T&uuml;ren\/<br \/>Kellereing&auml;nge\/tief liegende Garagen<\/td>\n<td rowspan=\"2\">Mobile Schutzelemente<br \/>(Barrierensysteme, Fensterklappen)<br \/>--------------------------------------------------------------------<br \/>Konstruktive Ma&szlig;nahmen<br \/>(Bodensenken, Bodenschwellen, Aufkantungen)<\/td>\n<\/tr>\n<tr>\n<td>Wassereintritt &uuml;ber (Keller-) Lichtsch&auml;chte<\/td>\n<\/tr>\n<tr>\n<td colspan=\"2\">______________________________________________________________________________________<\/td>\n<\/tr>\n<tr>\n<td>nicht stauendes Sickerwasser durch undichte W&auml;nde<\/td>\n<td rowspan=\"2\">Ma&szlig;nahmen bei Neu- und Bestandsbauten<br \/>(Abdichtung, Dr&auml;nung)&nbsp;<\/td>\n<\/tr>\n<tr>\n<td>in der Wand aufsteigendes Kapillarwasser<\/td>\n<\/tr>\n<tr>\n<td colspan=\"2\">______________________________________________________________________________________<\/td>\n<\/tr>\n<tr>\n<td>Wassereintritt durch Kellersohle\/-w&auml;nde<br \/>verursacht durch Grundwasser\/aufstauendes<br \/>Sickerwasser<\/td>\n<td rowspan=\"2\">Ma&szlig;nahmen bei Neu- und Bestandsbauten<br \/>(Wei&szlig;e Wanne, Schwarze Wanne, nachtr&auml;gliche<br \/>Kellersanierung)<\/td>\n<\/tr>\n<tr>\n<td>Wassereintritt &uuml;ber undichte Rohrdurchf&uuml;hrungen<br \/>(Strom, Gas, &Ouml;l, Abwasser)<\/td>\n<\/tr>\n<tr>\n<td colspan=\"2\">______________________________________________________________________________________<\/td>\n<\/tr>\n<tr>\n<td>Wassereintritt auf Grund von R&uuml;ckstau im Kanalnetz<\/td>\n<td>R&uuml;ckstausicherung<br \/>(Hebeanlage, R&uuml;ckstauverschluss)<\/td>\n<\/tr>\n<\/tbody>\n<\/table>\t\t\t\t<\/div>\n\t\t\t\t<\/div>\n\t\t\t\t<div class=\"elementor-element elementor-element-2a53138 elementor-widget elementor-widget-spacer\" data-id=\"2a53138\" data-element_type=\"widget\" data-e-type=\"widget\" data-widget_type=\"spacer.default\">\n\t\t\t\t<div class=\"elementor-widget-container\">\n\t\t\t\t\t\t\t<div class=\"elementor-spacer\">\n\t\t\t<div class=\"elementor-spacer-inner\"><\/div>\n\t\t<\/div>\n\t\t\t\t\t\t<\/div>\n\t\t\t\t<\/div>\n\t\t\t\t<div class=\"elementor-element elementor-element-c0a6869 elementor-widget elementor-widget-spacer\" data-id=\"c0a6869\" data-element_type=\"widget\" data-e-type=\"widget\" data-widget_type=\"spacer.default\">\n\t\t\t\t<div class=\"elementor-widget-container\">\n\t\t\t\t\t\t\t<div class=\"elementor-spacer\">\n\t\t\t<div class=\"elementor-spacer-inner\"><\/div>\n\t\t<\/div>\n\t\t\t\t\t\t<\/div>\n\t\t\t\t<\/div>\n\t\t\t\t\t<\/div>\n\t\t<\/div>\n\t\t\t\t\t<\/div>\n\t\t<\/section>\n\t\t\t\t<\/div>\n\t\t","protected":false},"excerpt":{"rendered":"<p>Starkregenschutz an Privatgrundst\u00fccken Der Klimawandel f\u00fchrt in einigen Teilen Deutschlands zu einer Ver\u00e4nderung der Niederschlagsverh\u00e4ltnisse, immer h\u00e4ufiger kommt es zu Starkregenereignissen. Neben den Betreibern der Abwasseranlagen sind bei dieser Problematik auch die Hauseigent\u00fcmer, Bauherren und Architekten gefragt. Mittels objektbezogenen Schutzma\u00dfnahmen lassen sich H\u00e4user und Grundst\u00fccke vor Wassereintritt sichern. Durch eine genauere Begutachtung der \u00d6rtlichkeiten lassen [&hellip;]<\/p>\n","protected":false},"author":1,"featured_media":0,"parent":4417,"menu_order":0,"comment_status":"closed","ping_status":"closed","template":"","meta":{"footnotes":""},"class_list":["post-4591","page","type-page","status-publish","hentry"],"_links":{"self":[{"href":"https:\/\/www.fwa-ffo.de\/wp2\/wp-json\/wp\/v2\/pages\/4591","targetHints":{"allow":["GET"]}}],"collection":[{"href":"https:\/\/www.fwa-ffo.de\/wp2\/wp-json\/wp\/v2\/pages"}],"about":[{"href":"https:\/\/www.fwa-ffo.de\/wp2\/wp-json\/wp\/v2\/types\/page"}],"author":[{"embeddable":true,"href":"https:\/\/www.fwa-ffo.de\/wp2\/wp-json\/wp\/v2\/users\/1"}],"replies":[{"embeddable":true,"href":"https:\/\/www.fwa-ffo.de\/wp2\/wp-json\/wp\/v2\/comments?post=4591"}],"version-history":[{"count":0,"href":"https:\/\/www.fwa-ffo.de\/wp2\/wp-json\/wp\/v2\/pages\/4591\/revisions"}],"up":[{"embeddable":true,"href":"https:\/\/www.fwa-ffo.de\/wp2\/wp-json\/wp\/v2\/pages\/4417"}],"wp:attachment":[{"href":"https:\/\/www.fwa-ffo.de\/wp2\/wp-json\/wp\/v2\/media?parent=4591"}],"curies":[{"name":"wp","href":"https:\/\/api.w.org\/{rel}","templated":true}]}}