{"id":4573,"date":"2021-12-08T14:04:19","date_gmt":"2021-12-08T13:04:19","guid":{"rendered":"https:\/\/www.fwa-ffo.de\/wp2\/?page_id=4573"},"modified":"2022-03-22T13:57:55","modified_gmt":"2022-03-22T12:57:55","slug":"saugstutzen-verbessern-mobile-entsorgung","status":"publish","type":"page","link":"https:\/\/www.fwa-ffo.de\/wp2\/wissenswertes\/wissenswertes-abwasser\/saugstutzen-verbessern-mobile-entsorgung\/","title":{"rendered":"Saugstutzen verbessern mobile Entsorgung"},"content":{"rendered":"\t\t<div data-elementor-type=\"wp-page\" data-elementor-id=\"4573\" class=\"elementor elementor-4573\" data-elementor-post-type=\"page\">\n\t\t\t\t\t\t<section class=\"elementor-section elementor-top-section elementor-element elementor-element-e48f599 elementor-section-boxed elementor-section-height-default elementor-section-height-default\" data-id=\"e48f599\" data-element_type=\"section\" data-e-type=\"section\">\n\t\t\t\t\t\t<div class=\"elementor-container elementor-column-gap-default\">\n\t\t\t\t\t<div class=\"elementor-column elementor-col-100 elementor-top-column elementor-element elementor-element-b16675e\" data-id=\"b16675e\" data-element_type=\"column\" data-e-type=\"column\">\n\t\t\t<div class=\"elementor-widget-wrap elementor-element-populated\">\n\t\t\t\t\t\t<div class=\"elementor-element elementor-element-1bec9d0 elementor-widget elementor-widget-heading\" data-id=\"1bec9d0\" data-element_type=\"widget\" data-e-type=\"widget\" data-widget_type=\"heading.default\">\n\t\t\t\t<div class=\"elementor-widget-container\">\n\t\t\t\t\t<h2 class=\"elementor-heading-title elementor-size-default\">Saugstutzen verbessern mobile Entsorgung<\/h2>\t\t\t\t<\/div>\n\t\t\t\t<\/div>\n\t\t\t\t<div class=\"elementor-element elementor-element-7d42cc2 elementor-widget elementor-widget-spacer\" data-id=\"7d42cc2\" data-element_type=\"widget\" data-e-type=\"widget\" data-widget_type=\"spacer.default\">\n\t\t\t\t<div class=\"elementor-widget-container\">\n\t\t\t\t\t\t\t<div class=\"elementor-spacer\">\n\t\t\t<div class=\"elementor-spacer-inner\"><\/div>\n\t\t<\/div>\n\t\t\t\t\t\t<\/div>\n\t\t\t\t<\/div>\n\t\t\t\t<div class=\"elementor-element elementor-element-de05307 elementor-widget elementor-widget-text-editor\" data-id=\"de05307\" data-element_type=\"widget\" data-e-type=\"widget\" data-widget_type=\"text-editor.default\">\n\t\t\t\t<div class=\"elementor-widget-container\">\n\t\t\t\t\t\t\t\t\t<p>Sie sind ein \u00c4rgernis f\u00fcr die Fahrer der Entsorgungsfahrzeuge: elektronisch verriegelte Tore und freilaufende Hunde. Oder der Slalomparcours mit dem riesigen Fahrzeug um B\u00fcsche und Beete bis zur Grube. Unsere Mitarbeiter k\u00e4mpfen immer wieder mit Problemen bei der mobilen Entsorgung.<\/p><p>Dabei ist mit einer einfachen Ma\u00dfnahme allen geholfen: der Anbringung eines Saugstutzens am \u00f6ffentlichen Stra\u00dfenraum. Grundst\u00fcckseigner m\u00fcssen dann nicht mehr zum Entsorgungstermin zu Hause sein, um die Zufahrt zur Grube (3,5 Meter breit, 25 Tonnen Belastung) zu gew\u00e4hrleisten.<\/p>\t\t\t\t\t\t\t\t<\/div>\n\t\t\t\t<\/div>\n\t\t\t\t<div class=\"elementor-element elementor-element-49a7ae6 elementor-widget elementor-widget-spacer\" data-id=\"49a7ae6\" data-element_type=\"widget\" data-e-type=\"widget\" data-widget_type=\"spacer.default\">\n\t\t\t\t<div class=\"elementor-widget-container\">\n\t\t\t\t\t\t\t<div class=\"elementor-spacer\">\n\t\t\t<div class=\"elementor-spacer-inner\"><\/div>\n\t\t<\/div>\n\t\t\t\t\t\t<\/div>\n\t\t\t\t<\/div>\n\t\t\t\t<div class=\"elementor-element elementor-element-1cdfeb7 elementor-widget elementor-widget-image\" data-id=\"1cdfeb7\" data-element_type=\"widget\" data-e-type=\"widget\" data-widget_type=\"image.default\">\n\t\t\t\t<div class=\"elementor-widget-container\">\n\t\t\t\t\t\t\t\t\t\t\t\t\t\t\t<img fetchpriority=\"high\" decoding=\"async\" width=\"1780\" height=\"721\" src=\"https:\/\/www.fwa-ffo.de\/wp2\/wp-content\/uploads\/Saugleitung_abflusslose_Sammelgrube.png\" class=\"attachment-full size-full wp-image-4575\" alt=\"Bild Aufbau einer abflusslosen Sammelgrube mit Saugleitung und Saugstutzen\" srcset=\"https:\/\/www.fwa-ffo.de\/wp2\/wp-content\/uploads\/Saugleitung_abflusslose_Sammelgrube.png 1780w, https:\/\/www.fwa-ffo.de\/wp2\/wp-content\/uploads\/Saugleitung_abflusslose_Sammelgrube-960x389.png 960w, https:\/\/www.fwa-ffo.de\/wp2\/wp-content\/uploads\/Saugleitung_abflusslose_Sammelgrube-768x311.png 768w, https:\/\/www.fwa-ffo.de\/wp2\/wp-content\/uploads\/Saugleitung_abflusslose_Sammelgrube-1536x622.png 1536w, https:\/\/www.fwa-ffo.de\/wp2\/wp-content\/uploads\/Saugleitung_abflusslose_Sammelgrube-600x243.png 600w\" sizes=\"(max-width: 1780px) 100vw, 1780px\" \/>\t\t\t\t\t\t\t\t\t\t\t\t\t\t\t<\/div>\n\t\t\t\t<\/div>\n\t\t\t\t<div class=\"elementor-element elementor-element-72d8989 elementor-widget elementor-widget-spacer\" data-id=\"72d8989\" data-element_type=\"widget\" data-e-type=\"widget\" data-widget_type=\"spacer.default\">\n\t\t\t\t<div class=\"elementor-widget-container\">\n\t\t\t\t\t\t\t<div class=\"elementor-spacer\">\n\t\t\t<div class=\"elementor-spacer-inner\"><\/div>\n\t\t<\/div>\n\t\t\t\t\t\t<\/div>\n\t\t\t\t<\/div>\n\t\t\t\t<div class=\"elementor-element elementor-element-116a982 elementor-widget elementor-widget-text-editor\" data-id=\"116a982\" data-element_type=\"widget\" data-e-type=\"widget\" data-widget_type=\"text-editor.default\">\n\t\t\t\t<div class=\"elementor-widget-container\">\n\t\t\t\t\t\t\t\t\t<p>Die Fahrer wiederum m\u00fcssen sich nicht mehr mit Rangieren und zus\u00e4tzlichen Schl\u00e4uchen abm\u00fchen, was selten ohne Folgen f\u00fcr den Garten bleibt. Mittlerweile fordert die FWA ihre Kunden dazu auf, an der Grundst\u00fccksgrenze einen Saugstutzen mit Anschluss eines Saugschlauches zur Entsorgung der Schmutzwasserf\u00e4kalien anzubringen. Dabei verweist der Wasserver- und -entsorger auf \u00a7 8 (8) der geltenden Abwasserentsorgungsbedingungen (AEB).<\/p>\t\t\t\t\t\t\t\t<\/div>\n\t\t\t\t<\/div>\n\t\t\t\t<div class=\"elementor-element elementor-element-ed47de2 elementor-widget elementor-widget-spacer\" data-id=\"ed47de2\" data-element_type=\"widget\" data-e-type=\"widget\" data-widget_type=\"spacer.default\">\n\t\t\t\t<div class=\"elementor-widget-container\">\n\t\t\t\t\t\t\t<div class=\"elementor-spacer\">\n\t\t\t<div class=\"elementor-spacer-inner\"><\/div>\n\t\t<\/div>\n\t\t\t\t\t\t<\/div>\n\t\t\t\t<\/div>\n\t\t\t\t<section class=\"elementor-section elementor-inner-section elementor-element elementor-element-aa3375e elementor-section-boxed elementor-section-height-default elementor-section-height-default\" data-id=\"aa3375e\" data-element_type=\"section\" data-e-type=\"section\">\n\t\t\t\t\t\t<div class=\"elementor-container elementor-column-gap-default\">\n\t\t\t\t\t<div class=\"elementor-column elementor-col-50 elementor-inner-column elementor-element elementor-element-93c9873\" data-id=\"93c9873\" data-element_type=\"column\" data-e-type=\"column\">\n\t\t\t<div class=\"elementor-widget-wrap elementor-element-populated\">\n\t\t\t\t\t\t<div class=\"elementor-element elementor-element-6b794f9 elementor-widget elementor-widget-image\" data-id=\"6b794f9\" data-element_type=\"widget\" data-e-type=\"widget\" data-widget_type=\"image.default\">\n\t\t\t\t<div class=\"elementor-widget-container\">\n\t\t\t\t\t\t\t\t\t\t\t\t<figure class=\"wp-caption\">\n\t\t\t\t\t\t\t\t\t\t<img decoding=\"async\" width=\"553\" height=\"673\" src=\"https:\/\/www.fwa-ffo.de\/wp2\/wp-content\/uploads\/Saugleitung_abflusslose_Sammelgrube_Tor.jpg\" class=\"attachment-full size-full wp-image-3050\" alt=\"Grundst\u00fcckeinfahrt mit ordnungsgem\u00e4\u00df installierten Saugstutzen\" srcset=\"https:\/\/www.fwa-ffo.de\/wp2\/wp-content\/uploads\/Saugleitung_abflusslose_Sammelgrube_Tor.jpg 553w, https:\/\/www.fwa-ffo.de\/wp2\/wp-content\/uploads\/Saugleitung_abflusslose_Sammelgrube_Tor-493x600.jpg 493w\" sizes=\"(max-width: 553px) 100vw, 553px\" \/>\t\t\t\t\t\t\t\t\t\t\t<figcaption class=\"widget-image-caption wp-caption-text\">So soll es aussehen: Wenn die mobile Abfuhr kommt, kann dieses Tor geschlossen bleiben.<\/figcaption>\n\t\t\t\t\t\t\t\t\t\t<\/figure>\n\t\t\t\t\t\t\t\t\t<\/div>\n\t\t\t\t<\/div>\n\t\t\t\t\t<\/div>\n\t\t<\/div>\n\t\t\t\t<div class=\"elementor-column elementor-col-50 elementor-inner-column elementor-element elementor-element-db58c69\" data-id=\"db58c69\" data-element_type=\"column\" data-e-type=\"column\">\n\t\t\t<div class=\"elementor-widget-wrap elementor-element-populated\">\n\t\t\t\t\t\t<div class=\"elementor-element elementor-element-22c2402 elementor-widget elementor-widget-text-editor\" data-id=\"22c2402\" data-element_type=\"widget\" data-e-type=\"widget\" data-widget_type=\"text-editor.default\">\n\t\t\t\t<div class=\"elementor-widget-container\">\n\t\t\t\t\t\t\t\t\t<b>Checkliste: So funktioniert es!<\/b>\n<ul><li>Eine Saugleitung mit 10 cm Innendurchmesser wird von der Grube bis zur \u00f6ffentlichen Stra\u00dfe verlegt. Die Saugleitung braucht ein Gef\u00e4lle zur Grube hin und sollte dort an der tiefsten Stelle platziert sein.\n<\/li><li>Achtung: Grubendeckel nicht vollst\u00e4ndig mit Boden u. a. bedecken!<\/li><li>In der Grube sollte am Schlauchanfang eine B\u00fcgelt\u00fclle angebracht sein.<\/li><li>Die maximale Saugtiefe liegt bei 3,50 Metern.<\/li><li>Die maximale L\u00e4nge darf unter Ber\u00fccksichtigung der Pumpenleistung der F\u00e4kalienfahrzeuge ca. 60 Meter nicht \u00fcberschreiten.<\/li><li>    Je nach \u00f6rtlichen Bedingungen kann die Schlauchleitung oberirdisch oder im Erdreich verlegt werden.<\/li><li>Zum Absaugen ist am Schlauchende eine sog. Kardan-Kupplung (Perrot-Kupplung, DN 80 oder 100) mit Blinddeckel mittels Schellen zu befestigen. Hilfreich ist eine richtig befestigte Aufst\u00e4nderung. Der Saugstutzen muss frei zug\u00e4nglich sein!<\/li><li>   Damit die Anfahrbarkeit des Grundst\u00fcckes bzw. Saugstutzens gew\u00e4hrleistet ist, m\u00fcssen die Wege ausreichend befestigt sein (ca. 25 Tonnen Belastung), eine Breite von ca. 3,5 m haben und eine lichte H\u00f6he von ca. 4,0 m gew\u00e4hrleisten (Beschneiden von Hecken und B\u00e4umen). Es d\u00fcrfen keine engen Kurven vorhanden sein und die Wege m\u00fcssen schnee- und eisfrei sein.\n\t\t\t\t\t\t\t\t<\/div>\n\t\t\t\t<\/div>\n\t\t\t\t\t<\/div>\n\t\t<\/div>\n\t\t\t\t\t<\/div>\n\t\t<\/section>\n\t\t\t\t<div class=\"elementor-element elementor-element-d697723 elementor-widget elementor-widget-spacer\" data-id=\"d697723\" data-element_type=\"widget\" data-e-type=\"widget\" data-widget_type=\"spacer.default\">\n\t\t\t\t<div class=\"elementor-widget-container\">\n\t\t\t\t\t\t\t<div class=\"elementor-spacer\">\n\t\t\t<div class=\"elementor-spacer-inner\"><\/div>\n\t\t<\/div>\n\t\t\t\t\t\t<\/div>\n\t\t\t\t<\/div>\n\t\t\t\t\t<\/div>\n\t\t<\/div>\n\t\t\t\t\t<\/div>\n\t\t<\/section>\n\t\t\t\t<\/div>\n\t\t","protected":false},"excerpt":{"rendered":"<p>Saugstutzen verbessern mobile Entsorgung Sie sind ein \u00c4rgernis f\u00fcr die Fahrer der Entsorgungsfahrzeuge: elektronisch verriegelte Tore und freilaufende Hunde. Oder der Slalomparcours mit dem riesigen Fahrzeug um B\u00fcsche und Beete bis zur Grube. Unsere Mitarbeiter k\u00e4mpfen immer wieder mit Problemen bei der mobilen Entsorgung. Dabei ist mit einer einfachen Ma\u00dfnahme allen geholfen: der Anbringung eines [&hellip;]<\/p>\n","protected":false},"author":1,"featured_media":0,"parent":4417,"menu_order":0,"comment_status":"closed","ping_status":"closed","template":"","meta":{"footnotes":""},"class_list":["post-4573","page","type-page","status-publish","hentry"],"_links":{"self":[{"href":"https:\/\/www.fwa-ffo.de\/wp2\/wp-json\/wp\/v2\/pages\/4573","targetHints":{"allow":["GET"]}}],"collection":[{"href":"https:\/\/www.fwa-ffo.de\/wp2\/wp-json\/wp\/v2\/pages"}],"about":[{"href":"https:\/\/www.fwa-ffo.de\/wp2\/wp-json\/wp\/v2\/types\/page"}],"author":[{"embeddable":true,"href":"https:\/\/www.fwa-ffo.de\/wp2\/wp-json\/wp\/v2\/users\/1"}],"replies":[{"embeddable":true,"href":"https:\/\/www.fwa-ffo.de\/wp2\/wp-json\/wp\/v2\/comments?post=4573"}],"version-history":[{"count":0,"href":"https:\/\/www.fwa-ffo.de\/wp2\/wp-json\/wp\/v2\/pages\/4573\/revisions"}],"up":[{"embeddable":true,"href":"https:\/\/www.fwa-ffo.de\/wp2\/wp-json\/wp\/v2\/pages\/4417"}],"wp:attachment":[{"href":"https:\/\/www.fwa-ffo.de\/wp2\/wp-json\/wp\/v2\/media?parent=4573"}],"curies":[{"name":"wp","href":"https:\/\/api.w.org\/{rel}","templated":true}]}}