{"id":3208,"date":"2021-12-01T10:27:02","date_gmt":"2021-12-01T09:27:02","guid":{"rendered":"https:\/\/www.fwa-ffo.de\/wp2\/?page_id=3208"},"modified":"2022-03-22T14:03:45","modified_gmt":"2022-03-22T13:03:45","slug":"faekalienentsorgung","status":"publish","type":"page","link":"https:\/\/www.fwa-ffo.de\/wp2\/abwasser\/faekalienentsorgung\/","title":{"rendered":"F\u00e4kalienentsorgung"},"content":{"rendered":"\t\t<div data-elementor-type=\"wp-page\" data-elementor-id=\"3208\" class=\"elementor elementor-3208\" data-elementor-post-type=\"page\">\n\t\t\t\t\t\t<section class=\"elementor-section elementor-top-section elementor-element elementor-element-221d9ac elementor-section-boxed elementor-section-height-default elementor-section-height-default\" data-id=\"221d9ac\" data-element_type=\"section\" data-e-type=\"section\">\n\t\t\t\t\t\t<div class=\"elementor-container elementor-column-gap-default\">\n\t\t\t\t\t<div class=\"elementor-column elementor-col-100 elementor-top-column elementor-element elementor-element-87d0763\" data-id=\"87d0763\" data-element_type=\"column\" data-e-type=\"column\">\n\t\t\t<div class=\"elementor-widget-wrap elementor-element-populated\">\n\t\t\t\t\t\t<div class=\"elementor-element elementor-element-049dbfb elementor-widget elementor-widget-heading\" data-id=\"049dbfb\" data-element_type=\"widget\" data-e-type=\"widget\" data-widget_type=\"heading.default\">\n\t\t\t\t<div class=\"elementor-widget-container\">\n\t\t\t\t\t<h2 class=\"elementor-heading-title elementor-size-default\">F\u00e4kalienentsorgung<\/h2>\t\t\t\t<\/div>\n\t\t\t\t<\/div>\n\t\t\t\t<div class=\"elementor-element elementor-element-53f54a2 elementor-widget elementor-widget-spacer\" data-id=\"53f54a2\" data-element_type=\"widget\" data-e-type=\"widget\" data-widget_type=\"spacer.default\">\n\t\t\t\t<div class=\"elementor-widget-container\">\n\t\t\t\t\t\t\t<div class=\"elementor-spacer\">\n\t\t\t<div class=\"elementor-spacer-inner\"><\/div>\n\t\t<\/div>\n\t\t\t\t\t\t<\/div>\n\t\t\t\t<\/div>\n\t\t\t\t<section class=\"elementor-section elementor-inner-section elementor-element elementor-element-778726d elementor-section-boxed elementor-section-height-default elementor-section-height-default\" data-id=\"778726d\" data-element_type=\"section\" data-e-type=\"section\">\n\t\t\t\t\t\t<div class=\"elementor-container elementor-column-gap-default\">\n\t\t\t\t\t<div class=\"elementor-column elementor-col-33 elementor-inner-column elementor-element elementor-element-8287cc9\" data-id=\"8287cc9\" data-element_type=\"column\" data-e-type=\"column\">\n\t\t\t<div class=\"elementor-widget-wrap elementor-element-populated\">\n\t\t\t\t\t\t<div class=\"elementor-element elementor-element-2cf81f4 elementor-widget elementor-widget-image\" data-id=\"2cf81f4\" data-element_type=\"widget\" data-e-type=\"widget\" data-widget_type=\"image.default\">\n\t\t\t\t<div class=\"elementor-widget-container\">\n\t\t\t\t\t\t\t\t\t\t\t\t\t\t\t<img decoding=\"async\" width=\"250\" height=\"141\" src=\"https:\/\/www.fwa-ffo.de\/wp2\/wp-content\/uploads\/Faekalienabfuhr.jpg\" class=\"attachment-full size-full wp-image-3210\" alt=\"\" \/>\t\t\t\t\t\t\t\t\t\t\t\t\t\t\t<\/div>\n\t\t\t\t<\/div>\n\t\t\t\t\t<\/div>\n\t\t<\/div>\n\t\t\t\t<div class=\"elementor-column elementor-col-33 elementor-inner-column elementor-element elementor-element-b59b8de\" data-id=\"b59b8de\" data-element_type=\"column\" data-e-type=\"column\">\n\t\t\t<div class=\"elementor-widget-wrap elementor-element-populated\">\n\t\t\t\t\t\t<div class=\"elementor-element elementor-element-38071d8 elementor-view-default elementor-widget elementor-widget-icon\" data-id=\"38071d8\" data-element_type=\"widget\" data-e-type=\"widget\" data-widget_type=\"icon.default\">\n\t\t\t\t<div class=\"elementor-widget-container\">\n\t\t\t\t\t\t\t<div class=\"elementor-icon-wrapper\">\n\t\t\t<a class=\"elementor-icon\" href=\"\/wp2\/wissenswertes\/wissenswertes-abwasser\/saugstutzen-verbessern-mobile-entsorgung\/\" target=\"_blank\">\n\t\t\t<i aria-hidden=\"true\" class=\"fas fa-info-circle\"><\/i>\t\t\t<\/a>\n\t\t<\/div>\n\t\t\t\t\t\t<\/div>\n\t\t\t\t<\/div>\n\t\t\t\t<div class=\"elementor-element elementor-element-760ebd0 elementor-widget elementor-widget-text-editor\" data-id=\"760ebd0\" data-element_type=\"widget\" data-e-type=\"widget\" data-widget_type=\"text-editor.default\">\n\t\t\t\t<div class=\"elementor-widget-container\">\n\t\t\t\t\t\t\t\t\t<p><a href=\"\/wp2\/wissenswertes\/wissenswertes-abwasser\/saugstutzen-verbessern-mobile-entsorgung\/\" target=\"_blank\" rel=\"noopener\">Informationen zu Saugstutzen<br \/>f\u00fcr die Entsorgung von<br \/>ablusslosen Sammelgruben<\/a><\/p>\t\t\t\t\t\t\t\t<\/div>\n\t\t\t\t<\/div>\n\t\t\t\t\t<\/div>\n\t\t<\/div>\n\t\t\t\t<div class=\"elementor-column elementor-col-33 elementor-inner-column elementor-element elementor-element-81716ca\" data-id=\"81716ca\" data-element_type=\"column\" data-e-type=\"column\">\n\t\t\t<div class=\"elementor-widget-wrap elementor-element-populated\">\n\t\t\t\t\t\t<div class=\"elementor-element elementor-element-6b322a5 elementor-view-default elementor-widget elementor-widget-icon\" data-id=\"6b322a5\" data-element_type=\"widget\" data-e-type=\"widget\" data-widget_type=\"icon.default\">\n\t\t\t\t<div class=\"elementor-widget-container\">\n\t\t\t\t\t\t\t<div class=\"elementor-icon-wrapper\">\n\t\t\t<a class=\"elementor-icon\" href=\"\/wp2\/wissenswertes\/wissenswertes-abwasser\/abwasserbeseitigung-in-kleingartenanlagen\/\" target=\"_blank\">\n\t\t\t<i aria-hidden=\"true\" class=\"fas fa-info-circle\"><\/i>\t\t\t<\/a>\n\t\t<\/div>\n\t\t\t\t\t\t<\/div>\n\t\t\t\t<\/div>\n\t\t\t\t<div class=\"elementor-element elementor-element-092bccb elementor-widget elementor-widget-text-editor\" data-id=\"092bccb\" data-element_type=\"widget\" data-e-type=\"widget\" data-widget_type=\"text-editor.default\">\n\t\t\t\t<div class=\"elementor-widget-container\">\n\t\t\t\t\t\t\t\t\t<p><a href=\"\/wp2\/wissenswertes\/wissenswertes-abwasser\/abwasserbeseitigung-in-kleingartenanlagen\/\" target=\"_blank\" rel=\"noopener\">Abwasserbeseitigung<br \/>in Kleingartenanlagen<\/a><\/p>\t\t\t\t\t\t\t\t<\/div>\n\t\t\t\t<\/div>\n\t\t\t\t\t<\/div>\n\t\t<\/div>\n\t\t\t\t\t<\/div>\n\t\t<\/section>\n\t\t\t\t<div class=\"elementor-element elementor-element-53ae799 elementor-widget elementor-widget-spacer\" data-id=\"53ae799\" data-element_type=\"widget\" data-e-type=\"widget\" data-widget_type=\"spacer.default\">\n\t\t\t\t<div class=\"elementor-widget-container\">\n\t\t\t\t\t\t\t<div class=\"elementor-spacer\">\n\t\t\t<div class=\"elementor-spacer-inner\"><\/div>\n\t\t<\/div>\n\t\t\t\t\t\t<\/div>\n\t\t\t\t<\/div>\n\t\t\t\t<div class=\"elementor-element elementor-element-4ab9d19 elementor-widget elementor-widget-text-editor\" data-id=\"4ab9d19\" data-element_type=\"widget\" data-e-type=\"widget\" data-widget_type=\"text-editor.default\">\n\t\t\t\t<div class=\"elementor-widget-container\">\n\t\t\t\t\t\t\t\t\t<p>Seit Januar 2020 wird die mobile Entsorgung der dezentralen Schmutzwassergruben sowie der Kleinkl\u00e4ranlagen durch die Frankfurter Wasser- und Abwassergesellschaft mbH in Eigenleistung durchgef\u00fchrt.<\/p><p>Zur terminlichen Abstimmung der Entsorgung Ihrer Gruben oder Kleinkl\u00e4ranlagen erreichen Sie unsere <b>Disponenten<\/b> Anja Heinl und Michael Bley von <b>Montag-Donnerstag<\/b> in der Zeit <b>von 7:00 bis 16:00 Uhr<\/b> und am <b>Freitag von 7:00 bis 14:00 Uhr<\/b> unter der Telefonnummer <b>0335 55869-605<\/b>.<\/p><p>Bitte unterst\u00fctzen Sie uns bei einer problemlosen und kosteng\u00fcnstigen Entsorgung, indem Sie an Ihrer Grundst\u00fccksgrenze, soweit noch nicht vorhanden, einen Saugstutzen nachr\u00fcsten (<a href=\"\/wp2\/abwasser\/abwassersammelgruben\/\" target=\"_blank\" rel=\"noopener\">siehe Flyer Abflusslose Sammelgruben \u2013 Hinweise f\u00fcr die Errichtung und den Betrieb<\/a>).<\/p><p>Mit freundlichen Gr\u00fc\u00dfen<\/p><p>Ihre<br \/>Frankfurter Wasser- und Abwassergesellschaft<\/p>\t\t\t\t\t\t\t\t<\/div>\n\t\t\t\t<\/div>\n\t\t\t\t<div class=\"elementor-element elementor-element-6858894 elementor-widget elementor-widget-spacer\" data-id=\"6858894\" data-element_type=\"widget\" data-e-type=\"widget\" data-widget_type=\"spacer.default\">\n\t\t\t\t<div class=\"elementor-widget-container\">\n\t\t\t\t\t\t\t<div class=\"elementor-spacer\">\n\t\t\t<div class=\"elementor-spacer-inner\"><\/div>\n\t\t<\/div>\n\t\t\t\t\t\t<\/div>\n\t\t\t\t<\/div>\n\t\t\t\t\t<\/div>\n\t\t<\/div>\n\t\t\t\t\t<\/div>\n\t\t<\/section>\n\t\t\t\t<\/div>\n\t\t","protected":false},"excerpt":{"rendered":"<p>F\u00e4kalienentsorgung Informationen zu Saugstutzenf\u00fcr die Entsorgung vonablusslosen Sammelgruben Abwasserbeseitigungin Kleingartenanlagen Seit Januar 2020 wird die mobile Entsorgung der dezentralen Schmutzwassergruben sowie der Kleinkl\u00e4ranlagen durch die Frankfurter Wasser- und Abwassergesellschaft mbH in Eigenleistung durchgef\u00fchrt. Zur terminlichen Abstimmung der Entsorgung Ihrer Gruben oder Kleinkl\u00e4ranlagen erreichen Sie unsere Disponenten Anja Heinl und Michael Bley von Montag-Donnerstag in der [&hellip;]<\/p>\n","protected":false},"author":1,"featured_media":0,"parent":6571,"menu_order":0,"comment_status":"closed","ping_status":"closed","template":"","meta":{"footnotes":""},"class_list":["post-3208","page","type-page","status-publish","hentry"],"_links":{"self":[{"href":"https:\/\/www.fwa-ffo.de\/wp2\/wp-json\/wp\/v2\/pages\/3208","targetHints":{"allow":["GET"]}}],"collection":[{"href":"https:\/\/www.fwa-ffo.de\/wp2\/wp-json\/wp\/v2\/pages"}],"about":[{"href":"https:\/\/www.fwa-ffo.de\/wp2\/wp-json\/wp\/v2\/types\/page"}],"author":[{"embeddable":true,"href":"https:\/\/www.fwa-ffo.de\/wp2\/wp-json\/wp\/v2\/users\/1"}],"replies":[{"embeddable":true,"href":"https:\/\/www.fwa-ffo.de\/wp2\/wp-json\/wp\/v2\/comments?post=3208"}],"version-history":[{"count":0,"href":"https:\/\/www.fwa-ffo.de\/wp2\/wp-json\/wp\/v2\/pages\/3208\/revisions"}],"up":[{"embeddable":true,"href":"https:\/\/www.fwa-ffo.de\/wp2\/wp-json\/wp\/v2\/pages\/6571"}],"wp:attachment":[{"href":"https:\/\/www.fwa-ffo.de\/wp2\/wp-json\/wp\/v2\/media?parent=3208"}],"curies":[{"name":"wp","href":"https:\/\/api.w.org\/{rel}","templated":true}]}}