{"id":2888,"date":"2021-11-25T11:33:18","date_gmt":"2021-11-25T10:33:18","guid":{"rendered":"https:\/\/www.fwa-ffo.de\/wp2\/?page_id=2888"},"modified":"2026-01-15T15:08:12","modified_gmt":"2026-01-15T14:08:12","slug":"stoerungen-was-tun","status":"publish","type":"page","link":"https:\/\/www.fwa-ffo.de\/wp2\/stoerungen-was-tun\/","title":{"rendered":"St\u00f6rungen was tun"},"content":{"rendered":"\t\t<div data-elementor-type=\"wp-page\" data-elementor-id=\"2888\" class=\"elementor elementor-2888\" data-elementor-post-type=\"page\">\n\t\t\t\t\t\t<section class=\"elementor-section elementor-top-section elementor-element elementor-element-ac830c1 elementor-section-boxed elementor-section-height-default elementor-section-height-default\" data-id=\"ac830c1\" data-element_type=\"section\" data-e-type=\"section\">\n\t\t\t\t\t\t<div class=\"elementor-container elementor-column-gap-default\">\n\t\t\t\t\t<div class=\"elementor-column elementor-col-100 elementor-top-column elementor-element elementor-element-5075a7a\" data-id=\"5075a7a\" data-element_type=\"column\" data-e-type=\"column\">\n\t\t\t<div class=\"elementor-widget-wrap elementor-element-populated\">\n\t\t\t\t\t\t<div class=\"elementor-element elementor-element-f4ba702 elementor-widget elementor-widget-heading\" data-id=\"f4ba702\" data-element_type=\"widget\" data-e-type=\"widget\" data-widget_type=\"heading.default\">\n\t\t\t\t<div class=\"elementor-widget-container\">\n\t\t\t\t\t<h2 class=\"elementor-heading-title elementor-size-default\">St\u00f6rungen - Was tun?<\/h2>\t\t\t\t<\/div>\n\t\t\t\t<\/div>\n\t\t\t\t<section class=\"elementor-section elementor-inner-section elementor-element elementor-element-5945205 elementor-section-boxed elementor-section-height-default elementor-section-height-default\" data-id=\"5945205\" data-element_type=\"section\" data-e-type=\"section\">\n\t\t\t\t\t\t<div class=\"elementor-container elementor-column-gap-default\">\n\t\t\t\t\t<div class=\"elementor-column elementor-col-50 elementor-inner-column elementor-element elementor-element-be19aa8\" data-id=\"be19aa8\" data-element_type=\"column\" data-e-type=\"column\">\n\t\t\t<div class=\"elementor-widget-wrap elementor-element-populated\">\n\t\t\t\t\t\t<div class=\"elementor-element elementor-element-d530635 elementor-widget-tablet__width-initial elementor-hidden-mobile elementor-widget elementor-widget-spacer\" data-id=\"d530635\" data-element_type=\"widget\" data-e-type=\"widget\" data-widget_type=\"spacer.default\">\n\t\t\t\t<div class=\"elementor-widget-container\">\n\t\t\t\t\t\t\t<div class=\"elementor-spacer\">\n\t\t\t<div class=\"elementor-spacer-inner\"><\/div>\n\t\t<\/div>\n\t\t\t\t\t\t<\/div>\n\t\t\t\t<\/div>\n\t\t\t\t\t<\/div>\n\t\t<\/div>\n\t\t\t\t<div class=\"elementor-column elementor-col-50 elementor-inner-column elementor-element elementor-element-d6b6b88\" data-id=\"d6b6b88\" data-element_type=\"column\" data-e-type=\"column\">\n\t\t\t<div class=\"elementor-widget-wrap elementor-element-populated\">\n\t\t\t\t\t\t<div class=\"elementor-element elementor-element-0280cdb elementor-align-center elementor-mobile-align-left elementor-widget elementor-widget-button\" data-id=\"0280cdb\" data-element_type=\"widget\" data-e-type=\"widget\" data-widget_type=\"button.default\">\n\t\t\t\t<div class=\"elementor-widget-container\">\n\t\t\t\t\t\t\t\t\t<div class=\"elementor-button-wrapper\">\n\t\t\t\t\t<a class=\"elementor-button elementor-button-link elementor-size-sm\" href=\"https:\/\/www.fwa-ffo.de\/wp2\/aktuelles\/stoerungen\/\">\n\t\t\t\t\t\t<span class=\"elementor-button-content-wrapper\">\n\t\t\t\t\t\t<span class=\"elementor-button-icon\">\n\t\t\t\t<i aria-hidden=\"true\" class=\"fas fa-arrow-alt-circle-right\"><\/i>\t\t\t<\/span>\n\t\t\t\t\t\t\t\t\t<span class=\"elementor-button-text\">Aktuelle St\u00f6rungen<\/span>\n\t\t\t\t\t<\/span>\n\t\t\t\t\t<\/a>\n\t\t\t\t<\/div>\n\t\t\t\t\t\t\t\t<\/div>\n\t\t\t\t<\/div>\n\t\t\t\t\t<\/div>\n\t\t<\/div>\n\t\t\t\t\t<\/div>\n\t\t<\/section>\n\t\t\t\t<div class=\"elementor-element elementor-element-e9eb731 elementor-hidden-desktop elementor-hidden-tablet elementor-widget elementor-widget-spacer\" data-id=\"e9eb731\" data-element_type=\"widget\" data-e-type=\"widget\" data-widget_type=\"spacer.default\">\n\t\t\t\t<div class=\"elementor-widget-container\">\n\t\t\t\t\t\t\t<div class=\"elementor-spacer\">\n\t\t\t<div class=\"elementor-spacer-inner\"><\/div>\n\t\t<\/div>\n\t\t\t\t\t\t<\/div>\n\t\t\t\t<\/div>\n\t\t\t\t<div class=\"elementor-element elementor-element-6e7fa92 elementor-widget elementor-widget-heading\" data-id=\"6e7fa92\" data-element_type=\"widget\" data-e-type=\"widget\" data-widget_type=\"heading.default\">\n\t\t\t\t<div class=\"elementor-widget-container\">\n\t\t\t\t\t<h2 class=\"elementor-heading-title elementor-size-default\"><b>Braunes Wasser flie\u00dft aus dem Wasserhahn?<\/b><\/h2>\t\t\t\t<\/div>\n\t\t\t\t<\/div>\n\t\t\t\t<div class=\"elementor-element elementor-element-fe8cc25 elementor-widget elementor-widget-spacer\" data-id=\"fe8cc25\" data-element_type=\"widget\" data-e-type=\"widget\" data-widget_type=\"spacer.default\">\n\t\t\t\t<div class=\"elementor-widget-container\">\n\t\t\t\t\t\t\t<div class=\"elementor-spacer\">\n\t\t\t<div class=\"elementor-spacer-inner\"><\/div>\n\t\t<\/div>\n\t\t\t\t\t\t<\/div>\n\t\t\t\t<\/div>\n\t\t\t\t<div class=\"elementor-element elementor-element-0fbe7d4 elementor-widget elementor-widget-text-editor\" data-id=\"0fbe7d4\" data-element_type=\"widget\" data-e-type=\"widget\" data-widget_type=\"text-editor.default\">\n\t\t\t\t<div class=\"elementor-widget-container\">\n\t\t\t\t\t\t\t\t\tNach Rohrnetzsp\u00fclungen oder Bauarbeiten am Rohrnetz kann es zu einer ungef\u00e4hrlichen Eintr\u00fcbung, wie z.B. einer Braunf\u00e4rbung, des Trinkwassers kommen. Die Beeintr\u00e4chtigung ist jedoch nur kurzfristig. Achten Sie deshalb bitte auf aktuelle Mitteilungen in den Medien oder in Aush\u00e4ngen.<br><br>Hier hilft oft eine Sp\u00fclung des Wasserfilters. Wenn ein Wasserfilter vorhanden ist, befindet sich dieser direkt hinter dem Wasserz\u00e4hler.<br><br>Bestehen doch einmal Zweifel an der Genusstauglichkeit des Trinkwassers, seien es sichtbare Tr\u00fcbungen, Geruchs- oder Geschmacksver\u00e4nderungen, informieren sie uns bitte unverz\u00fcglich. Unser Trinkwasser ist von hervorragender Qualit\u00e4t. Alle gesetzlich vorgeschriebenen Grenzwerte werden unterschritten. Mit regelm\u00e4\u00dfigen Kontrollen \u00fcberwachen wir die einwandfreie Trinkwasserqualit\u00e4t.\t\t\t\t\t\t\t\t<\/div>\n\t\t\t\t<\/div>\n\t\t\t\t<div class=\"elementor-element elementor-element-215c857 elementor-widget elementor-widget-spacer\" data-id=\"215c857\" data-element_type=\"widget\" data-e-type=\"widget\" data-widget_type=\"spacer.default\">\n\t\t\t\t<div class=\"elementor-widget-container\">\n\t\t\t\t\t\t\t<div class=\"elementor-spacer\">\n\t\t\t<div class=\"elementor-spacer-inner\"><\/div>\n\t\t<\/div>\n\t\t\t\t\t\t<\/div>\n\t\t\t\t<\/div>\n\t\t\t\t<div class=\"elementor-element elementor-element-b8d633c elementor-widget elementor-widget-heading\" data-id=\"b8d633c\" data-element_type=\"widget\" data-e-type=\"widget\" data-widget_type=\"heading.default\">\n\t\t\t\t<div class=\"elementor-widget-container\">\n\t\t\t\t\t<h2 class=\"elementor-heading-title elementor-size-default\"><b>Druckmangel beim kalten Wasser aus dem Wasserhahn?<\/b><\/h2>\t\t\t\t<\/div>\n\t\t\t\t<\/div>\n\t\t\t\t<div class=\"elementor-element elementor-element-ac8b140 elementor-widget elementor-widget-spacer\" data-id=\"ac8b140\" data-element_type=\"widget\" data-e-type=\"widget\" data-widget_type=\"spacer.default\">\n\t\t\t\t<div class=\"elementor-widget-container\">\n\t\t\t\t\t\t\t<div class=\"elementor-spacer\">\n\t\t\t<div class=\"elementor-spacer-inner\"><\/div>\n\t\t<\/div>\n\t\t\t\t\t\t<\/div>\n\t\t\t\t<\/div>\n\t\t\t\t<div class=\"elementor-element elementor-element-5bc540f elementor-widget elementor-widget-text-editor\" data-id=\"5bc540f\" data-element_type=\"widget\" data-e-type=\"widget\" data-widget_type=\"text-editor.default\">\n\t\t\t\t<div class=\"elementor-widget-container\">\n\t\t\t\t\t\t\t\t\t<p>Wenn deutlich weniger oder kein kaltes Wasser aus dem Wasserhahn kommt, kann die Ursache ein Rohrbruch oder ein Ausfall einer Druckerh\u00f6hungsstation sein. Aber auch ein verstopfter Wasserf\u00edlter ist oft Ursache von Druckmangel. Wenn ein Wasserfilter vorhanden ist, befindet sich dieser direkt hinter dem Wasserz\u00e4hler.<br \/><br \/>Bitte pr\u00fcfen Sie Ihren Wasserfilter und sp\u00fclen Sie ihn ggf. zur\u00fcck bzw. reinigen Sie ihn. <br \/><br \/>Ist der Wasserfilter nicht Ursache des Druckmangels, informieren sie uns bitte unverz\u00fcglich.<br \/><br \/>Haben Sie jedoch nur Einschr\u00e4nkungen bei der Versorgung mit warmem Wasser, dann liegt die Ursache nicht bei den Anlagen der FWA mbH. Hier wenden Sie sich bitte an Ihre Hausverwaltung oder pr\u00fcfen Sie ihre Warmwasseraufbereitung.<\/p>\t\t\t\t\t\t\t\t<\/div>\n\t\t\t\t<\/div>\n\t\t\t\t<div class=\"elementor-element elementor-element-0b1ad4c elementor-widget elementor-widget-spacer\" data-id=\"0b1ad4c\" data-element_type=\"widget\" data-e-type=\"widget\" data-widget_type=\"spacer.default\">\n\t\t\t\t<div class=\"elementor-widget-container\">\n\t\t\t\t\t\t\t<div class=\"elementor-spacer\">\n\t\t\t<div class=\"elementor-spacer-inner\"><\/div>\n\t\t<\/div>\n\t\t\t\t\t\t<\/div>\n\t\t\t\t<\/div>\n\t\t\t\t<div class=\"elementor-element elementor-element-d2049dc elementor-widget elementor-widget-heading\" data-id=\"d2049dc\" data-element_type=\"widget\" data-e-type=\"widget\" data-widget_type=\"heading.default\">\n\t\t\t\t<div class=\"elementor-widget-container\">\n\t\t\t\t\t<h2 class=\"elementor-heading-title elementor-size-default\"><b>Was tun bei einem Rohrbruch?<\/b><\/h2>\t\t\t\t<\/div>\n\t\t\t\t<\/div>\n\t\t\t\t<div class=\"elementor-element elementor-element-65dfb5f elementor-widget elementor-widget-spacer\" data-id=\"65dfb5f\" data-element_type=\"widget\" data-e-type=\"widget\" data-widget_type=\"spacer.default\">\n\t\t\t\t<div class=\"elementor-widget-container\">\n\t\t\t\t\t\t\t<div class=\"elementor-spacer\">\n\t\t\t<div class=\"elementor-spacer-inner\"><\/div>\n\t\t<\/div>\n\t\t\t\t\t\t<\/div>\n\t\t\t\t<\/div>\n\t\t\t\t<div class=\"elementor-element elementor-element-6afdda4 elementor-widget elementor-widget-text-editor\" data-id=\"6afdda4\" data-element_type=\"widget\" data-e-type=\"widget\" data-widget_type=\"text-editor.default\">\n\t\t\t\t<div class=\"elementor-widget-container\">\n\t\t\t\t\t\t\t\t\t<p><b>Pr\u00fcfen Sie bitte zuerst, wo der Schaden aufgetreten ist:<\/b><\/p><ol><li>Liegt die Leckage im Bereich Ihrer eigenen Hausinstallation, (hinter der Absperrarmatur mit R\u00fcckflussverhinderer und evtl. eingebautem Druckminderer) sind Sie selbst f\u00fcr die Reparatur verantwortlich.Beauftragen Sie bitte f\u00fcr die Arbeiten an der Hausinstallation einen zugelassenen Installateur. siehe <a href=\"\/wp2\/trinkwasser\/installateurverzeichnis\/\" target=\"_blank\" rel=\"noopener\">Installateurverzeichnis<\/a>.<\/li><li>Befindet sich der festgestellte Schaden im Bereich der Hausanschlussleitung, zwischen der Versorgungs-<br \/>leitung und der Wasserz\u00e4hleranlage, ist die FWA mbH f\u00fcr die Schadensbehebung verantwortlich.<br \/>Die Kosten f\u00fcr die Beseitigung des Schadens vor der Grundst\u00fcckgrenze werden von der FWA mbH getragen.<br \/>F\u00fcr die Schadensbeseitigung auf dem privaten Grundst\u00fcck muss der Grundst\u00fcckseigent\u00fcmer die Kosten<br \/>\u00fcbernehmen.<\/li><\/ol><p><b>So k\u00f6nnen Sie pr\u00fcfen, ob Ihre Hausinstallation versteckte Leckstellen oder Austritte hat:<\/b><\/p><p>Stellen Sie alle Wasserh\u00e4hne und andere Entnahmestellen im Haus ab. Dreht sich dann das kleine R\u00e4dchen im<br \/>Wasserz\u00e4hler noch immer, muss es irgendwo ein Leck geben.<\/p>\t\t\t\t\t\t\t\t<\/div>\n\t\t\t\t<\/div>\n\t\t\t\t<div class=\"elementor-element elementor-element-93aaf13 elementor-widget elementor-widget-spacer\" data-id=\"93aaf13\" data-element_type=\"widget\" data-e-type=\"widget\" data-widget_type=\"spacer.default\">\n\t\t\t\t<div class=\"elementor-widget-container\">\n\t\t\t\t\t\t\t<div class=\"elementor-spacer\">\n\t\t\t<div class=\"elementor-spacer-inner\"><\/div>\n\t\t<\/div>\n\t\t\t\t\t\t<\/div>\n\t\t\t\t<\/div>\n\t\t\t\t<div class=\"elementor-element elementor-element-c36718d elementor-widget elementor-widget-heading\" data-id=\"c36718d\" data-element_type=\"widget\" data-e-type=\"widget\" data-widget_type=\"heading.default\">\n\t\t\t\t<div class=\"elementor-widget-container\">\n\t\t\t\t\t<h2 class=\"elementor-heading-title elementor-size-default\"><b>St\u00f6rungen an der Schmutzwasserleitung?<\/b><\/h2>\t\t\t\t<\/div>\n\t\t\t\t<\/div>\n\t\t\t\t<div class=\"elementor-element elementor-element-1303b8e elementor-widget elementor-widget-spacer\" data-id=\"1303b8e\" data-element_type=\"widget\" data-e-type=\"widget\" data-widget_type=\"spacer.default\">\n\t\t\t\t<div class=\"elementor-widget-container\">\n\t\t\t\t\t\t\t<div class=\"elementor-spacer\">\n\t\t\t<div class=\"elementor-spacer-inner\"><\/div>\n\t\t<\/div>\n\t\t\t\t\t\t<\/div>\n\t\t\t\t<\/div>\n\t\t\t\t<div class=\"elementor-element elementor-element-e47b91d elementor-widget elementor-widget-text-editor\" data-id=\"e47b91d\" data-element_type=\"widget\" data-e-type=\"widget\" data-widget_type=\"text-editor.default\">\n\t\t\t\t<div class=\"elementor-widget-container\">\n\t\t\t\t\t\t\t\t\t<p><b>Pr\u00fcfen Sie bitte, wo der Schaden bzw. die Verstopfung aufgetreten ist.<\/b><\/p><ol><li><b>Sch\u00e4den im \u00f6ffentlichen Kanalnetz<\/b>. Die Anlagen der FWA mbH enden an der Grundst\u00fccksgrenze. Treten Sch\u00e4den oder Verstopfungen in diesem Bereich auf, ist die FWA mbH f\u00fcr die Schadensbehebung verantwortlich.<\/li><li><b>Sch\u00e4den auf dem privaten Grundst\u00fcck<\/b>. Stellen Sie eine Verstopfung hinter der Grundst\u00fccksgrenze, auf Ihrem privaten Grundst\u00fcck fest, obliegt Ihnen als Eigent\u00fcmer die Beseitigung der St\u00f6rung der Grundst\u00fccksentw\u00e4sserungsanlage. Wir empfehlen dazu die Beauftragung eines Fachunternehmens. siehe <a href=\"\/wp2\/trinkwasser\/installateurverzeichnis\/\" target=\"_blank\" rel=\"noopener\">Installateurverzeichnis<\/a>.<\/li><\/ol><p>Da man meist nicht gleich erkennen kann, wo genau der Kanal verstopft ist, raten wir immer erst bei der FWA anzurufen. Stellen unsere Mitarbeiter vor Ort fest, dass sich die Verstopfung auf dem Privatgel\u00e4nde befindet, dann wird der Kunde informiert, dass die Beseitigung der Verstopfung kostenpflichtig ist. Erst wenn der Kunde den Auftrag erteilt, werden unsere Mitarbeiter t\u00e4tig.<\/p><p>Wenn der Kunde aber erst eine Fremdfirma anruft und diese stellt fest, dass die Verstopfung im \u00f6ffentlichen Bereich liegt, k\u00f6nnen wir im Nachgang nicht die Kosten, die dem Grundst\u00fcckseigent\u00fcmer f\u00fcr diese Beauftragung berechnet wurde, zur\u00fcckerstatten.<\/p><p>Leider werden h\u00e4ufig Feststoffe, wie z. B. K\u00fcchenabf\u00e4lle oder Hygieneartikel, \u00fcber die Toilette entsorgt. Bitte beachten Sie, dass damit das Abwasser unn\u00f6tig verschmutzt wird und diese Art von M\u00fcllentsorgung Ursache von Kanalverstopfungen sein kann. Eine professionelle Reinigung des Kanalnetzes kann teuer werden!<\/p>\t\t\t\t\t\t\t\t<\/div>\n\t\t\t\t<\/div>\n\t\t\t\t<div class=\"elementor-element elementor-element-876d20e elementor-widget elementor-widget-spacer\" data-id=\"876d20e\" data-element_type=\"widget\" data-e-type=\"widget\" data-widget_type=\"spacer.default\">\n\t\t\t\t<div class=\"elementor-widget-container\">\n\t\t\t\t\t\t\t<div class=\"elementor-spacer\">\n\t\t\t<div class=\"elementor-spacer-inner\"><\/div>\n\t\t<\/div>\n\t\t\t\t\t\t<\/div>\n\t\t\t\t<\/div>\n\t\t\t\t<div class=\"elementor-element elementor-element-49dea0a elementor-widget elementor-widget-heading\" data-id=\"49dea0a\" data-element_type=\"widget\" data-e-type=\"widget\" data-widget_type=\"heading.default\">\n\t\t\t\t<div class=\"elementor-widget-container\">\n\t\t\t\t\t<h2 class=\"elementor-heading-title elementor-size-default\"><b>Wenn Abwasserpumpwerke blinken\u2026<\/b><\/h2>\t\t\t\t<\/div>\n\t\t\t\t<\/div>\n\t\t\t\t<div class=\"elementor-element elementor-element-720f7c6 elementor-widget elementor-widget-spacer\" data-id=\"720f7c6\" data-element_type=\"widget\" data-e-type=\"widget\" data-widget_type=\"spacer.default\">\n\t\t\t\t<div class=\"elementor-widget-container\">\n\t\t\t\t\t\t\t<div class=\"elementor-spacer\">\n\t\t\t<div class=\"elementor-spacer-inner\"><\/div>\n\t\t<\/div>\n\t\t\t\t\t\t<\/div>\n\t\t\t\t<\/div>\n\t\t\t\t<div class=\"elementor-element elementor-element-767d395 elementor-widget elementor-widget-text-editor\" data-id=\"767d395\" data-element_type=\"widget\" data-e-type=\"widget\" data-widget_type=\"text-editor.default\">\n\t\t\t\t<div class=\"elementor-widget-container\">\n\t\t\t\t\t\t\t\t\t<p>Nicht alle Pumpwerke sind mit dem Leitsystem der FWA mbH verbunden. Eine St\u00f6rung ist nur durch ein Blinken der Leuchte am\u00a0 Schaltschrank zu erkennen. Sollten Sie diese Warnungen bemerken, bitten wir Sie, es der FWA mbH unbedingt zu melden. Eine rasche telefonische Meldung kann Sch\u00e4den durch R\u00fcckstau im Schmutzwasserkanal und damit auch \u00dcberschwemmungen in den Kellern vermeiden.<\/p>\t\t\t\t\t\t\t\t<\/div>\n\t\t\t\t<\/div>\n\t\t\t\t<div class=\"elementor-element elementor-element-2cfce9d elementor-widget elementor-widget-spacer\" data-id=\"2cfce9d\" data-element_type=\"widget\" data-e-type=\"widget\" data-widget_type=\"spacer.default\">\n\t\t\t\t<div class=\"elementor-widget-container\">\n\t\t\t\t\t\t\t<div class=\"elementor-spacer\">\n\t\t\t<div class=\"elementor-spacer-inner\"><\/div>\n\t\t<\/div>\n\t\t\t\t\t\t<\/div>\n\t\t\t\t<\/div>\n\t\t\t\t<div class=\"elementor-element elementor-element-64b7681 elementor-widget elementor-widget-heading\" data-id=\"64b7681\" data-element_type=\"widget\" data-e-type=\"widget\" data-widget_type=\"heading.default\">\n\t\t\t\t<div class=\"elementor-widget-container\">\n\t\t\t\t\t<h2 class=\"elementor-heading-title elementor-size-default\"><b>Schadstoffeinleitung<\/b><\/h2>\t\t\t\t<\/div>\n\t\t\t\t<\/div>\n\t\t\t\t<div class=\"elementor-element elementor-element-1f055f0 elementor-widget elementor-widget-spacer\" data-id=\"1f055f0\" data-element_type=\"widget\" data-e-type=\"widget\" data-widget_type=\"spacer.default\">\n\t\t\t\t<div class=\"elementor-widget-container\">\n\t\t\t\t\t\t\t<div class=\"elementor-spacer\">\n\t\t\t<div class=\"elementor-spacer-inner\"><\/div>\n\t\t<\/div>\n\t\t\t\t\t\t<\/div>\n\t\t\t\t<\/div>\n\t\t\t\t<div class=\"elementor-element elementor-element-5cd5d26 elementor-widget elementor-widget-text-editor\" data-id=\"5cd5d26\" data-element_type=\"widget\" data-e-type=\"widget\" data-widget_type=\"text-editor.default\">\n\t\t\t\t<div class=\"elementor-widget-container\">\n\t\t\t\t\t\t\t\t\t<p>Sind versehentlich Schadstoffe ins Kanalnetz gelangt, muss das so schnell wie m\u00f6glich gemeldet werden, um die Verschmutzung gr\u00f6\u00dferer Wassermengen, z.B. in den Kl\u00e4ranlagen, zu verhindern. Bitte melden Sie jegliche St\u00f6rung unverz\u00fcglich! Unser <b>24h-Bereitschaftsdienst<\/b> ist das ganze Jahr f\u00fcr Sie unter <b>0335 55869-335<\/b> erreichbar.<br \/><br \/>Unter Schadstoffeinleitung ist die Einleitung von Sonderm\u00fcll zu verstehen. Das k\u00f6nnen z. B. sein: umgekippte Farbeimer, \u00e4tzende Spezialreiniger, \u00d6le, \u00fcbergelaufene \u00d6labscheider, Medikamente, Chemikalien. Werden Schadstoffeinleitungen im Kanalnetz nachgewiesen, wird mit modernen Untersuchungsmethoden nach dem Verursacher gefahndet.<br \/><br \/><br \/><b>Wir raten jedem Grundst\u00fcckseigent\u00fcmer und Mieter, sich f\u00fcr m\u00f6gliche Havarien (auch au\u00dferhalb der Leistungsgrenzen der FWA), entsprechende Ansprechpartner und Bereitschaftsnummern griffbereit zu notieren.<\/b><\/p>\t\t\t\t\t\t\t\t<\/div>\n\t\t\t\t<\/div>\n\t\t\t\t<div class=\"elementor-element elementor-element-9b89336 elementor-widget elementor-widget-spacer\" data-id=\"9b89336\" data-element_type=\"widget\" data-e-type=\"widget\" data-widget_type=\"spacer.default\">\n\t\t\t\t<div class=\"elementor-widget-container\">\n\t\t\t\t\t\t\t<div class=\"elementor-spacer\">\n\t\t\t<div class=\"elementor-spacer-inner\"><\/div>\n\t\t<\/div>\n\t\t\t\t\t\t<\/div>\n\t\t\t\t<\/div>\n\t\t\t\t\t<\/div>\n\t\t<\/div>\n\t\t\t\t\t<\/div>\n\t\t<\/section>\n\t\t\t\t<\/div>\n\t\t","protected":false},"excerpt":{"rendered":"<p>St\u00f6rungen &#8211; Was tun? Aktuelle St\u00f6rungen Braunes Wasser flie\u00dft aus dem Wasserhahn? Nach Rohrnetzsp\u00fclungen oder Bauarbeiten am Rohrnetz kann es zu einer ungef\u00e4hrlichen Eintr\u00fcbung, wie z.B. einer Braunf\u00e4rbung, des Trinkwassers kommen. Die Beeintr\u00e4chtigung ist jedoch nur kurzfristig. Achten Sie deshalb bitte auf aktuelle Mitteilungen in den Medien oder in Aush\u00e4ngen. Hier hilft oft eine Sp\u00fclung [&hellip;]<\/p>\n","protected":false},"author":1,"featured_media":0,"parent":0,"menu_order":0,"comment_status":"closed","ping_status":"closed","template":"","meta":{"footnotes":""},"class_list":["post-2888","page","type-page","status-publish","hentry"],"_links":{"self":[{"href":"https:\/\/www.fwa-ffo.de\/wp2\/wp-json\/wp\/v2\/pages\/2888","targetHints":{"allow":["GET"]}}],"collection":[{"href":"https:\/\/www.fwa-ffo.de\/wp2\/wp-json\/wp\/v2\/pages"}],"about":[{"href":"https:\/\/www.fwa-ffo.de\/wp2\/wp-json\/wp\/v2\/types\/page"}],"author":[{"embeddable":true,"href":"https:\/\/www.fwa-ffo.de\/wp2\/wp-json\/wp\/v2\/users\/1"}],"replies":[{"embeddable":true,"href":"https:\/\/www.fwa-ffo.de\/wp2\/wp-json\/wp\/v2\/comments?post=2888"}],"version-history":[{"count":0,"href":"https:\/\/www.fwa-ffo.de\/wp2\/wp-json\/wp\/v2\/pages\/2888\/revisions"}],"wp:attachment":[{"href":"https:\/\/www.fwa-ffo.de\/wp2\/wp-json\/wp\/v2\/media?parent=2888"}],"curies":[{"name":"wp","href":"https:\/\/api.w.org\/{rel}","templated":true}]}}