{"id":2458,"date":"2021-11-22T11:27:44","date_gmt":"2021-11-22T10:27:44","guid":{"rendered":"https:\/\/www.fwa-ffo.de\/wp2\/?page_id=2458"},"modified":"2022-03-21T11:51:12","modified_gmt":"2022-03-21T10:51:12","slug":"trinkwasserverordnung","status":"publish","type":"page","link":"https:\/\/www.fwa-ffo.de\/wp2\/trinkwasser\/rechtsgrundlagen\/trinkwasserverordnung\/","title":{"rendered":"Trinkwasserverordnung"},"content":{"rendered":"\t\t<div data-elementor-type=\"wp-page\" data-elementor-id=\"2458\" class=\"elementor elementor-2458\" data-elementor-post-type=\"page\">\n\t\t\t\t\t\t<section class=\"elementor-section elementor-top-section elementor-element elementor-element-4dac050 elementor-section-boxed elementor-section-height-default elementor-section-height-default\" data-id=\"4dac050\" data-element_type=\"section\" data-e-type=\"section\">\n\t\t\t\t\t\t<div class=\"elementor-container elementor-column-gap-default\">\n\t\t\t\t\t<div class=\"elementor-column elementor-col-100 elementor-top-column elementor-element elementor-element-6ff8748\" data-id=\"6ff8748\" data-element_type=\"column\" data-e-type=\"column\">\n\t\t\t<div class=\"elementor-widget-wrap elementor-element-populated\">\n\t\t\t\t\t\t<div class=\"elementor-element elementor-element-9f67dc5 elementor-widget elementor-widget-heading\" data-id=\"9f67dc5\" data-element_type=\"widget\" data-e-type=\"widget\" data-widget_type=\"heading.default\">\n\t\t\t\t<div class=\"elementor-widget-container\">\n\t\t\t\t\t<h2 class=\"elementor-heading-title elementor-size-default\">Trinkwasserverordnung (TrinkwV2001)<\/h2>\t\t\t\t<\/div>\n\t\t\t\t<\/div>\n\t\t\t\t<div class=\"elementor-element elementor-element-68d1254 elementor-widget elementor-widget-spacer\" data-id=\"68d1254\" data-element_type=\"widget\" data-e-type=\"widget\" data-widget_type=\"spacer.default\">\n\t\t\t\t<div class=\"elementor-widget-container\">\n\t\t\t\t\t\t\t<div class=\"elementor-spacer\">\n\t\t\t<div class=\"elementor-spacer-inner\"><\/div>\n\t\t<\/div>\n\t\t\t\t\t\t<\/div>\n\t\t\t\t<\/div>\n\t\t\t\t<div class=\"elementor-element elementor-element-869d7d5 elementor-widget elementor-widget-heading\" data-id=\"869d7d5\" data-element_type=\"widget\" data-e-type=\"widget\" data-widget_type=\"heading.default\">\n\t\t\t\t<div class=\"elementor-widget-container\">\n\t\t\t\t\t<h2 class=\"elementor-heading-title elementor-size-default\">mit erster und zweiter Verordnung zur \u00c4nderung der Trinkwasserverordnung<\/h2>\t\t\t\t<\/div>\n\t\t\t\t<\/div>\n\t\t\t\t<div class=\"elementor-element elementor-element-6fbead7 elementor-widget elementor-widget-spacer\" data-id=\"6fbead7\" data-element_type=\"widget\" data-e-type=\"widget\" data-widget_type=\"spacer.default\">\n\t\t\t\t<div class=\"elementor-widget-container\">\n\t\t\t\t\t\t\t<div class=\"elementor-spacer\">\n\t\t\t<div class=\"elementor-spacer-inner\"><\/div>\n\t\t<\/div>\n\t\t\t\t\t\t<\/div>\n\t\t\t\t<\/div>\n\t\t\t\t<div class=\"elementor-element elementor-element-7c55eaf elementor-widget elementor-widget-text-editor\" data-id=\"7c55eaf\" data-element_type=\"widget\" data-e-type=\"widget\" data-widget_type=\"text-editor.default\">\n\t\t\t\t<div class=\"elementor-widget-container\">\n\t\t\t\t\t\t\t\t\t<p>Mit der am 28. Mai 2001 erfolgten Ver\u00f6ffentlichung der \u201eVerordnung \u00fcber die Qualit\u00e4t von Wasser f\u00fcr den menschlichen Gebrauch\u201c hat Deutschland die europ\u00e4ische Trinkwasserrichtlinie in nationales Recht umgesetzt.<\/p><p>Mit dieser Verordnung wurde ein wichtiger Beitrag zur weiteren Verbesserung der Gesundheitsvorsorge und des Schutzes des Menschen geleistet. Es wird eindeutig festgelegt, dass die Stelle der Einhaltung der Grenzwerte die Zapfstellen sind, die der Entnahme von Trinkwasser dienen. Damit unterliegt auch die Hausinstallation im vollen Umfang der Trinkwasserverordnung.<\/p><p>Bei der Festlegung der Grenzwerte der chemischen Inhaltsstoffe ber\u00fccksichtigt die Verordnung den wissenschaftlichen und technischen Erkenntnisfortschritt. <b>Neben der stufenweisen Absenkung des Grenzwertes f\u00fcr Blei wurde ein Grenzwert f\u00fcr Kupfer (vorher nur Richtwert) eingef\u00fchrt.<\/b> Die Verordnung sorgt f\u00fcr eine klare und eindeutige Zuordnung von Zust\u00e4ndigkeiten und Aufgaben der Wasserversorger, sowie der \u00fcberwachenden Landesbeh\u00f6rden. <b>Die \u00dcberwachungsanforderungen im h\u00e4uslichen Bereich werden verst\u00e4rkt<\/b> \u2013 erstmalig untersteht z. B. die \u00dcberwachung der Hausinstallationen in Schulen, Krankenh\u00e4usern und anderen \u00f6ffentlichen Einrichtungen den \u00f6rtlichen Gesundheits\u00e4mtern.<\/p><p>Der Verbraucher erh\u00e4lt als Beitrag zur Transparenz durch die Regelungen der neuen Verordnung das Recht, \u00fcber die Qualit\u00e4t des ihm bereitgestellten Wassers aktuell und umfassend informiert zu werden. Die Verordnung trat im Einklang mit dem EU-Recht nach einer \u00dcbergangsfrist am 01. Januar 2003 in Kraft.<\/p><p>Am 1. November 2011 trat die Erste Verordnung zur \u00c4nderung der Trinkwasserverordnung in Kraft. Die \u00c4nderungen der seit 2001 geltenden Trinkwasserverordnung ber\u00fccksichtigen neue wissenschaftliche Erkenntnisse in den Bereichen Trinkwasserhygiene und Verbraucherschutz. So werden ein <b>Grenzwert f\u00fcr Uran<\/b> im Trinkwasser und ein <b>technischer Ma\u00dfnahmenwert f\u00fcr die Konzentration an Legionellen<\/b> im Warmwasser festgelegt. Mit 0,010 Milligramm (= 10 Mikrogramm) Uran pro Liter ist er aktuell der weltweit niedrigste Grenzwert und bietet allen Bev\u00f6lkerungsgruppen \u2013S\u00e4uglinge eingeschlossen\u2013 lebenslang gesundheitliche Sicherheit vor einer m\u00f6glichen stofflichen Giftwirkung.\u00a0 Legionellen k\u00f6nnen schwere Lungenentz\u00fcndungen hervorrufen, die t\u00f6dlich verlaufen k\u00f6nnen. Deshalb wurde die Untersuchungspflicht und -h\u00e4ufigkeit auf Legionellen f\u00fcr Betreiber von Gro\u00dfanlagen von WarmwasserInstallationen klar geregelt. Auch Installationen von gr\u00f6\u00dferen Wohngeb\u00e4uden werden in Zukunft untersucht. Damit k\u00f6nnen die gesundheitlichen Gefahren, die mit Legionelleninfektionen verbunden sind, minimiert werden. Gro\u00dfanlagen zur Trinkwassererw\u00e4rmung sind Speicher-Trinkwassererw\u00e4rmer oder zentrale Durchfluss-Trinkwassererw\u00e4rmer mit einem Inhalt von mehr als 400 l und\/oder 3 l in jeder Rohrleitung zwischen dem Abgang des Trinkwassererw\u00e4rmers und der Entnahmestelle. Die Untersuchungspflicht besteht f\u00fcr Anlagen in denen es zu einer Vernebelung des Trinkwassers kommt. Generell nicht betroffen sind Eigenheime sowie alle Ein- und Zweifamilienh\u00e4user.<\/p><p>Zur St\u00e4rkung des Verbraucherschutzes <b>m\u00fcssen ab 2013 die Inhaber von Wasserversorgungsanlagen, Verbraucherinnen und Verbraucher \u00fcber das Vorhandensein von Bleileitungen in ihrer Anlage informieren.<\/b> Dies k\u00f6nnen Hausanschlussleitungen des Wasserversorgungsunternehmens sein, aber auch Trinkwasserinstallationen in einem Mietshaus.<\/p><p>Gesundheits\u00e4mter erhalten gr\u00f6\u00dftm\u00f6glichen Entscheidungsspielraum bei der \u00dcberwachung des Trinkwassers aus Eigenversorgungsanlagen (sogenannten Hausbrunnen) in Bezug auf nicht gesundheitsrelevante Abweichungen. Optimiert wurden die Regelungen f\u00fcr mobile und zeitweise betriebene Anlagen.<\/p><p>Am 14.12.2012 trat die Zweite Verordnung zur \u00c4nderung der Trinkwasserverordnung (TrinkwV 2001) in Kraft. Durch die \u00c4nderungen werden die Gesundheitsbeh\u00f6rden der L\u00e4nder durch den Wegfall von Meldepflichten entlastet, ohne dass dadurch das gesundheitliche Schutzniveau vermindert wird. Weiterhin werden Vollzugserleichterungen bei der <b>\u00dcberwachung von Trinkwasser-Installationen in Wohngeb\u00e4uden im Hinblick auf Legionellen vorgenommen.<\/b><\/p><p>Auch die Betreiber gro\u00dfer Trinkwassererw\u00e4rmungsanlagen werden deutlich entlastet. Die bisher geforderte generelle Anzeigepflicht solcher Anlagen entf\u00e4llt. Die Frist f\u00fcr die erste Untersuchung von gewerblichen, nicht \u00f6ffentlichen Gro\u00dfanlagen zur Trinkwassererw\u00e4rmung \u2013 dies betrifft vor allem Anlagen in Mehrfamilienh\u00e4usern mit Mietwohnungen \u2013<br \/>wurde bis zum 31. Dezember 2013 verl\u00e4ngert. <b>Ferner wird das Untersuchungsintervall f\u00fcr die routinem\u00e4\u00dfige Betreiberuntersuchung dieser Anlagen (gewerbliche, nicht \u00f6ffentliche Gro\u00dfanlagen zur Trinkwassererw\u00e4rmung) auf Legionellen von j\u00e4hrlich auf alle drei Jahre erweitert.<\/b><\/p><p>Dem Gesundheitsamt m\u00fcssen k\u00fcnftig die Ergebnisse der Legionellenuntersuchung nur noch dann gemeldet werden, wenn die Anlage Auff\u00e4lligkeiten zeigt. Wird bei einer solchen Untersuchung ein erh\u00f6hter Wert gemessen, muss der Betreiber zur Ermittlung der Ursache t\u00e4tig werden und Gegenma\u00dfnahmen veranlassen. Das Umweltbundesamt erh\u00e4lt die neue Aufgabe, verbindliche und eindeutige hygienische Anforderungen an die Materialien und Stoffe festzulegen, die Kontakt mit Trinkwasser haben. Dadurch soll sichergestellt werden, dass die Stoffe und Materialien in den Anlagen keine unerw\u00fcnschten Substanzen in das Trinkwasser abgeben oder das Wachstum von Mikroorganismen f\u00f6rdern. Bislang gibt es hierzu lediglich Leitlinien, die rechtlich nicht verbindlich sind.<\/p><p>\u00a0________________________<br \/>\u00c4nderungen im Fettgedruckten<\/p>\t\t\t\t\t\t\t\t<\/div>\n\t\t\t\t<\/div>\n\t\t\t\t<div class=\"elementor-element elementor-element-8b88a3e elementor-widget elementor-widget-text-editor\" data-id=\"8b88a3e\" data-element_type=\"widget\" data-e-type=\"widget\" data-widget_type=\"text-editor.default\">\n\t\t\t\t<div class=\"elementor-widget-container\">\n\t\t\t\t\t\t\t\t\t<p>Im Bundesgesetzblatt Teil1-61\/2011 finden Sie auf den Seiten 2370 \u2013 2396 die Neufassung der Trinkwasserverordnung.<br>Im Bundesgesetzblatt Teil1-58\/2012 finden Sie auf den Seiten 2562 \u2013 2567 die zweite Verordnung zur \u00c4nderung der Trinkwasserverordnung.<\/p>\t\t\t\t\t\t\t\t<\/div>\n\t\t\t\t<\/div>\n\t\t\t\t<div class=\"elementor-element elementor-element-7dea5a5 elementor-widget elementor-widget-spacer\" data-id=\"7dea5a5\" data-element_type=\"widget\" data-e-type=\"widget\" data-widget_type=\"spacer.default\">\n\t\t\t\t<div class=\"elementor-widget-container\">\n\t\t\t\t\t\t\t<div class=\"elementor-spacer\">\n\t\t\t<div class=\"elementor-spacer-inner\"><\/div>\n\t\t<\/div>\n\t\t\t\t\t\t<\/div>\n\t\t\t\t<\/div>\n\t\t\t\t\t<\/div>\n\t\t<\/div>\n\t\t\t\t\t<\/div>\n\t\t<\/section>\n\t\t\t\t<\/div>\n\t\t","protected":false},"excerpt":{"rendered":"<p>Trinkwasserverordnung (TrinkwV2001) mit erster und zweiter Verordnung zur \u00c4nderung der Trinkwasserverordnung Mit der am 28. Mai 2001 erfolgten Ver\u00f6ffentlichung der \u201eVerordnung \u00fcber die Qualit\u00e4t von Wasser f\u00fcr den menschlichen Gebrauch\u201c hat Deutschland die europ\u00e4ische Trinkwasserrichtlinie in nationales Recht umgesetzt. Mit dieser Verordnung wurde ein wichtiger Beitrag zur weiteren Verbesserung der Gesundheitsvorsorge und des Schutzes des [&hellip;]<\/p>\n","protected":false},"author":1,"featured_media":0,"parent":6569,"menu_order":0,"comment_status":"closed","ping_status":"closed","template":"","meta":{"footnotes":""},"class_list":["post-2458","page","type-page","status-publish","hentry"],"_links":{"self":[{"href":"https:\/\/www.fwa-ffo.de\/wp2\/wp-json\/wp\/v2\/pages\/2458","targetHints":{"allow":["GET"]}}],"collection":[{"href":"https:\/\/www.fwa-ffo.de\/wp2\/wp-json\/wp\/v2\/pages"}],"about":[{"href":"https:\/\/www.fwa-ffo.de\/wp2\/wp-json\/wp\/v2\/types\/page"}],"author":[{"embeddable":true,"href":"https:\/\/www.fwa-ffo.de\/wp2\/wp-json\/wp\/v2\/users\/1"}],"replies":[{"embeddable":true,"href":"https:\/\/www.fwa-ffo.de\/wp2\/wp-json\/wp\/v2\/comments?post=2458"}],"version-history":[{"count":0,"href":"https:\/\/www.fwa-ffo.de\/wp2\/wp-json\/wp\/v2\/pages\/2458\/revisions"}],"up":[{"embeddable":true,"href":"https:\/\/www.fwa-ffo.de\/wp2\/wp-json\/wp\/v2\/pages\/6569"}],"wp:attachment":[{"href":"https:\/\/www.fwa-ffo.de\/wp2\/wp-json\/wp\/v2\/media?parent=2458"}],"curies":[{"name":"wp","href":"https:\/\/api.w.org\/{rel}","templated":true}]}}