{"id":2380,"date":"2021-11-22T10:39:23","date_gmt":"2021-11-22T09:39:23","guid":{"rendered":"https:\/\/www.fwa-ffo.de\/wp2\/?page_id=2380"},"modified":"2022-03-21T11:51:38","modified_gmt":"2022-03-21T10:51:38","slug":"altanschliesserbeitraege","status":"publish","type":"page","link":"https:\/\/www.fwa-ffo.de\/wp2\/trinkwasser\/altanschliesserbeitraege\/","title":{"rendered":"Altanschlie\u00dferbeitr\u00e4ge"},"content":{"rendered":"\t\t<div data-elementor-type=\"wp-page\" data-elementor-id=\"2380\" class=\"elementor elementor-2380\" data-elementor-post-type=\"page\">\n\t\t\t\t\t\t<section class=\"elementor-section elementor-top-section elementor-element elementor-element-729af2b elementor-section-boxed elementor-section-height-default elementor-section-height-default\" data-id=\"729af2b\" data-element_type=\"section\" data-e-type=\"section\">\n\t\t\t\t\t\t<div class=\"elementor-container elementor-column-gap-default\">\n\t\t\t\t\t<div class=\"elementor-column elementor-col-100 elementor-top-column elementor-element elementor-element-eb3b3b1\" data-id=\"eb3b3b1\" data-element_type=\"column\" data-e-type=\"column\">\n\t\t\t<div class=\"elementor-widget-wrap elementor-element-populated\">\n\t\t\t\t\t\t<div class=\"elementor-element elementor-element-54e1477 elementor-widget elementor-widget-heading\" data-id=\"54e1477\" data-element_type=\"widget\" data-e-type=\"widget\" data-widget_type=\"heading.default\">\n\t\t\t\t<div class=\"elementor-widget-container\">\n\t\t\t\t\t<h2 class=\"elementor-heading-title elementor-size-default\">Altanschlie\u00dferbeitr\u00e4ge<\/h2>\t\t\t\t<\/div>\n\t\t\t\t<\/div>\n\t\t\t\t<div class=\"elementor-element elementor-element-c7475f6 elementor-widget elementor-widget-spacer\" data-id=\"c7475f6\" data-element_type=\"widget\" data-e-type=\"widget\" data-widget_type=\"spacer.default\">\n\t\t\t\t<div class=\"elementor-widget-container\">\n\t\t\t\t\t\t\t<div class=\"elementor-spacer\">\n\t\t\t<div class=\"elementor-spacer-inner\"><\/div>\n\t\t<\/div>\n\t\t\t\t\t\t<\/div>\n\t\t\t\t<\/div>\n\t\t\t\t<div class=\"elementor-element elementor-element-2fe4a88 elementor-widget elementor-widget-text-editor\" data-id=\"2fe4a88\" data-element_type=\"widget\" data-e-type=\"widget\" data-widget_type=\"text-editor.default\">\n\t\t\t\t<div class=\"elementor-widget-container\">\n\t\t\t\t\t\t\t\t\t<p>Des \u00d6fteren berichtet die Tagespresse \u00fcber so genannte Altanschlie\u00dferbeitr\u00e4ge. Auf den Punkt gebracht geht es darum, dass all jene Grundst\u00fcckseigent\u00fcmer, die f\u00fcr ihren Anschluss noch keinen Anschlussbeitrag gezahlt haben, die jedoch die \u00f6ffentlichen Ver- und Entsorgungsanlagen mitnutzen, f\u00fcr Investitionen nach 1990 nachtr\u00e4glich einen Anschlussbeitrag entrichten sollen. Das haben die neu angeschlossenen Grundst\u00fcckseigent\u00fcmer bereits getan.<br><br>Die FWA stellt ausdr\u00fccklich klar: <b>Kunden der FWA werden keine Altanschlie\u00dferbeitr\u00e4ge in Rechnung gestellt.<\/b> Das hat folgenden Hintergrund: Mit der Kommunalisierung wurden der FWA 1993 durch ihre Gesellschaftergemeinden die Anlagen der zentralen \u00f6ffentlichen Trinkwasserver- und Abwasserentsorgung zur Erf\u00fcllung der Daseinsvorsorge \u00fcbergeben. Der Anschlussgrad an das \u00f6ffentliche Trinkwassernetz lag damals bereits bei 98 % und an das Abwassernetz bei 90,8 %. Dank dieses hohen Anschlussgrades entschied die FWA dem Solidarprinzip folgend, auf Anschlussbeitr\u00e4ge bzw. Baukostenzusch\u00fcsse zu verzichten. Weitere Erschlie\u00dfungsinvestitionen f\u00fcr die \u00f6ffentlichen Trink- und Abwasseranlagen werden ausschlie\u00dflich \u00fcber Entgelte finanziert. Dem Grundst\u00fcckseigent\u00fcmer wurden und werden f\u00fcr einen Neuanschluss lediglich die Kosten f\u00fcr die Herstellung seines Grundst\u00fccksanschlusses in H\u00f6he einer j\u00e4hrlich neu ermittelten Pauschale berechnet. Diesen Betrag erheben grunds\u00e4tzlich alle Wasser- und Abwasserverb\u00e4nde.<br><br>Auszug aus der Frankfurter Wasser Zeitung, Ausgabe 1\/2009<\/p>\t\t\t\t\t\t\t\t<\/div>\n\t\t\t\t<\/div>\n\t\t\t\t<div class=\"elementor-element elementor-element-5a5991b elementor-widget elementor-widget-spacer\" data-id=\"5a5991b\" data-element_type=\"widget\" data-e-type=\"widget\" data-widget_type=\"spacer.default\">\n\t\t\t\t<div class=\"elementor-widget-container\">\n\t\t\t\t\t\t\t<div class=\"elementor-spacer\">\n\t\t\t<div class=\"elementor-spacer-inner\"><\/div>\n\t\t<\/div>\n\t\t\t\t\t\t<\/div>\n\t\t\t\t<\/div>\n\t\t\t\t\t<\/div>\n\t\t<\/div>\n\t\t\t\t\t<\/div>\n\t\t<\/section>\n\t\t\t\t<\/div>\n\t\t","protected":false},"excerpt":{"rendered":"<p>Altanschlie\u00dferbeitr\u00e4ge Des \u00d6fteren berichtet die Tagespresse \u00fcber so genannte Altanschlie\u00dferbeitr\u00e4ge. Auf den Punkt gebracht geht es darum, dass all jene Grundst\u00fcckseigent\u00fcmer, die f\u00fcr ihren Anschluss noch keinen Anschlussbeitrag gezahlt haben, die jedoch die \u00f6ffentlichen Ver- und Entsorgungsanlagen mitnutzen, f\u00fcr Investitionen nach 1990 nachtr\u00e4glich einen Anschlussbeitrag entrichten sollen. Das haben die neu angeschlossenen Grundst\u00fcckseigent\u00fcmer bereits getan. [&hellip;]<\/p>\n","protected":false},"author":1,"featured_media":0,"parent":6567,"menu_order":0,"comment_status":"closed","ping_status":"closed","template":"","meta":{"footnotes":""},"class_list":["post-2380","page","type-page","status-publish","hentry"],"_links":{"self":[{"href":"https:\/\/www.fwa-ffo.de\/wp2\/wp-json\/wp\/v2\/pages\/2380","targetHints":{"allow":["GET"]}}],"collection":[{"href":"https:\/\/www.fwa-ffo.de\/wp2\/wp-json\/wp\/v2\/pages"}],"about":[{"href":"https:\/\/www.fwa-ffo.de\/wp2\/wp-json\/wp\/v2\/types\/page"}],"author":[{"embeddable":true,"href":"https:\/\/www.fwa-ffo.de\/wp2\/wp-json\/wp\/v2\/users\/1"}],"replies":[{"embeddable":true,"href":"https:\/\/www.fwa-ffo.de\/wp2\/wp-json\/wp\/v2\/comments?post=2380"}],"version-history":[{"count":0,"href":"https:\/\/www.fwa-ffo.de\/wp2\/wp-json\/wp\/v2\/pages\/2380\/revisions"}],"up":[{"embeddable":true,"href":"https:\/\/www.fwa-ffo.de\/wp2\/wp-json\/wp\/v2\/pages\/6567"}],"wp:attachment":[{"href":"https:\/\/www.fwa-ffo.de\/wp2\/wp-json\/wp\/v2\/media?parent=2380"}],"curies":[{"name":"wp","href":"https:\/\/api.w.org\/{rel}","templated":true}]}}