{"id":2293,"date":"2021-11-22T09:24:44","date_gmt":"2021-11-22T08:24:44","guid":{"rendered":"https:\/\/www.fwa-ffo.de\/wp2\/?page_id=2293"},"modified":"2025-12-18T08:11:26","modified_gmt":"2025-12-18T07:11:26","slug":"gartenwasserzaehler","status":"publish","type":"page","link":"https:\/\/www.fwa-ffo.de\/wp2\/trinkwasser\/gartenwasserzaehler\/","title":{"rendered":"Gartenwasserz\u00e4hler"},"content":{"rendered":"\t\t<div data-elementor-type=\"wp-page\" data-elementor-id=\"2293\" class=\"elementor elementor-2293\" data-elementor-post-type=\"page\">\n\t\t\t\t\t\t<section class=\"elementor-section elementor-top-section elementor-element elementor-element-6d7e4be elementor-section-boxed elementor-section-height-default elementor-section-height-default\" data-id=\"6d7e4be\" data-element_type=\"section\" data-e-type=\"section\">\n\t\t\t\t\t\t<div class=\"elementor-container elementor-column-gap-default\">\n\t\t\t\t\t<div class=\"elementor-column elementor-col-100 elementor-top-column elementor-element elementor-element-e0cae9b\" data-id=\"e0cae9b\" data-element_type=\"column\" data-e-type=\"column\">\n\t\t\t<div class=\"elementor-widget-wrap elementor-element-populated\">\n\t\t\t\t\t\t<div class=\"elementor-element elementor-element-3b62e2a elementor-widget elementor-widget-heading\" data-id=\"3b62e2a\" data-element_type=\"widget\" data-e-type=\"widget\" data-widget_type=\"heading.default\">\n\t\t\t\t<div class=\"elementor-widget-container\">\n\t\t\t\t\t<h2 class=\"elementor-heading-title elementor-size-default\">Gartenwasserz\u00e4hler<\/h2>\t\t\t\t<\/div>\n\t\t\t\t<\/div>\n\t\t\t\t<div class=\"elementor-element elementor-element-78d78af elementor-widget elementor-widget-spacer\" data-id=\"78d78af\" data-element_type=\"widget\" data-e-type=\"widget\" data-widget_type=\"spacer.default\">\n\t\t\t\t<div class=\"elementor-widget-container\">\n\t\t\t\t\t\t\t<div class=\"elementor-spacer\">\n\t\t\t<div class=\"elementor-spacer-inner\"><\/div>\n\t\t<\/div>\n\t\t\t\t\t\t<\/div>\n\t\t\t\t<\/div>\n\t\t\t\t<div class=\"elementor-element elementor-element-ec046fa elementor-widget elementor-widget-text-editor\" data-id=\"ec046fa\" data-element_type=\"widget\" data-e-type=\"widget\" data-widget_type=\"text-editor.default\">\n\t\t\t\t<div class=\"elementor-widget-container\">\n\t\t\t\t\t\t\t\t\t<p>Das Abwasserentgelt wird nach dem Trinkwasserverbrauch berechnet. Trinkwasser, das f\u00fcr die Gartenbew\u00e4sserung genutzt und deshalb nicht als Abwasser in die Kanalisation eingeleitet wird, kann bei der Berechnung des Entw\u00e4sserungsentgelts auf Antrag abgesetzt werden. Der Nachweis hierf\u00fcr ist \u00fcber einen kundeneigenen Gartenwasserz\u00e4hler zu erbringen, der den Bestimmungen des Eichgesetzes entsprechen muss.<\/p><p>Die Kosten f\u00fcr die Anschaffung, Installation und Wartung tr\u00e4gt der Kunde. Der Einbau des Gartenwasserz\u00e4hlers ist durch ein Formblatt \u201e<a href=\"https:\/\/www.fwa-ffo.de\/wp2\/wp-content\/uploads\/Formular_Installation_Wechsel_kundeneigener_Zaehler.pdf\">Installationsanzeige\/Z\u00e4hlerwechselbeleg f\u00fcr kundeneigene Wasserz\u00e4hler<\/a>\u201c bei der FWA mbH anzumelden.<br \/>Die Zwischenz\u00e4hler sind durch die FWA mbH oder durch zugelassene Installationsunternehmen zu plombieren.<\/p>\t\t\t\t\t\t\t\t<\/div>\n\t\t\t\t<\/div>\n\t\t\t\t<div class=\"elementor-element elementor-element-80f4d78 elementor-widget elementor-widget-spacer\" data-id=\"80f4d78\" data-element_type=\"widget\" data-e-type=\"widget\" data-widget_type=\"spacer.default\">\n\t\t\t\t<div class=\"elementor-widget-container\">\n\t\t\t\t\t\t\t<div class=\"elementor-spacer\">\n\t\t\t<div class=\"elementor-spacer-inner\"><\/div>\n\t\t<\/div>\n\t\t\t\t\t\t<\/div>\n\t\t\t\t<\/div>\n\t\t\t\t<div class=\"elementor-element elementor-element-05b1a60 elementor-widget elementor-widget-heading\" data-id=\"05b1a60\" data-element_type=\"widget\" data-e-type=\"widget\" data-widget_type=\"heading.default\">\n\t\t\t\t<div class=\"elementor-widget-container\">\n\t\t\t\t\t<h2 class=\"elementor-heading-title elementor-size-default\">Wer kann den Ersteinbau oder die Wechslung von Gartenwasserz\u00e4hlern vornehmen?<\/h2>\t\t\t\t<\/div>\n\t\t\t\t<\/div>\n\t\t\t\t<div class=\"elementor-element elementor-element-c8d53f9 elementor-widget elementor-widget-spacer\" data-id=\"c8d53f9\" data-element_type=\"widget\" data-e-type=\"widget\" data-widget_type=\"spacer.default\">\n\t\t\t\t<div class=\"elementor-widget-container\">\n\t\t\t\t\t\t\t<div class=\"elementor-spacer\">\n\t\t\t<div class=\"elementor-spacer-inner\"><\/div>\n\t\t<\/div>\n\t\t\t\t\t\t<\/div>\n\t\t\t\t<\/div>\n\t\t\t\t<div class=\"elementor-element elementor-element-ca684b6 elementor-widget elementor-widget-eael-advanced-data-table\" data-id=\"ca684b6\" data-element_type=\"widget\" data-e-type=\"widget\" data-widget_type=\"eael-advanced-data-table.default\">\n\t\t\t\t<div class=\"elementor-widget-container\">\n\t\t\t\t\t<div class=\"ea-advanced-data-table-wrap\" data-id=\"ca684b6\"><div class=\"ea-advanced-data-table-wrap-inner\">\n                <table class=\"ea-advanced-data-table ea-advanced-data-table-static ea-advanced-data-table-ca684b6\" data-id=\"ca684b6\"><tbody><tr><td>Ersteinbau grunds\u00e4tzlich zul\u00e4ssig durch:<\/td><td>\u2013 Installationsunternehmen*<\/td><\/tr><tr><td><\/td><td>\u2013 FWA mbH<\/td><\/tr><tr><td><\/td><td><\/td><\/tr><tr><td>Wechsel grunds\u00e4tzlich zul\u00e4ssig durch:<\/td><td>\u2013 Kunde<\/td><\/tr><tr><td><\/td><td>\u2013 Installationsunternehmen<\/td><\/tr><tr><td><\/td><td>\u2013 FWA mbH<\/td><\/tr><\/tbody><\/table>\n            <\/div><\/div>\t\t\t\t<\/div>\n\t\t\t\t<\/div>\n\t\t\t\t<div class=\"elementor-element elementor-element-4e79020 elementor-widget elementor-widget-spacer\" data-id=\"4e79020\" data-element_type=\"widget\" data-e-type=\"widget\" data-widget_type=\"spacer.default\">\n\t\t\t\t<div class=\"elementor-widget-container\">\n\t\t\t\t\t\t\t<div class=\"elementor-spacer\">\n\t\t\t<div class=\"elementor-spacer-inner\"><\/div>\n\t\t<\/div>\n\t\t\t\t\t\t<\/div>\n\t\t\t\t<\/div>\n\t\t\t\t<div class=\"elementor-element elementor-element-3ceb834 elementor-widget elementor-widget-text-editor\" data-id=\"3ceb834\" data-element_type=\"widget\" data-e-type=\"widget\" data-widget_type=\"text-editor.default\">\n\t\t\t\t<div class=\"elementor-widget-container\">\n\t\t\t\t\t\t\t\t\t<p>* das Installationsunternehmen muss im <a href=\"\/wp2\/trinkwasser\/installateurverzeichnis\/\">Installateurverzeichnis<\/a> der FWA mbH eingetragen sein und die Leistung Ersteinbau\/Wechslung der Gartenwasserz\u00e4hler einschlie\u00dflich Plombierung des Gartenwasserz\u00e4hlers anbieten.<\/p>\t\t\t\t\t\t\t\t<\/div>\n\t\t\t\t<\/div>\n\t\t\t\t<div class=\"elementor-element elementor-element-25595f5 elementor-widget elementor-widget-spacer\" data-id=\"25595f5\" data-element_type=\"widget\" data-e-type=\"widget\" data-widget_type=\"spacer.default\">\n\t\t\t\t<div class=\"elementor-widget-container\">\n\t\t\t\t\t\t\t<div class=\"elementor-spacer\">\n\t\t\t<div class=\"elementor-spacer-inner\"><\/div>\n\t\t<\/div>\n\t\t\t\t\t\t<\/div>\n\t\t\t\t<\/div>\n\t\t\t\t<div class=\"elementor-element elementor-element-6bff838 elementor-widget elementor-widget-heading\" data-id=\"6bff838\" data-element_type=\"widget\" data-e-type=\"widget\" data-widget_type=\"heading.default\">\n\t\t\t\t<div class=\"elementor-widget-container\">\n\t\t\t\t\t<h2 class=\"elementor-heading-title elementor-size-default\">Wie lange ist der Gartenwasserz\u00e4hler nutzbar und wird f\u00fcr die Rechnungslegung durch FWA anerkannt?<\/h2>\t\t\t\t<\/div>\n\t\t\t\t<\/div>\n\t\t\t\t<div class=\"elementor-element elementor-element-7cf6b22 elementor-widget elementor-widget-spacer\" data-id=\"7cf6b22\" data-element_type=\"widget\" data-e-type=\"widget\" data-widget_type=\"spacer.default\">\n\t\t\t\t<div class=\"elementor-widget-container\">\n\t\t\t\t\t\t\t<div class=\"elementor-spacer\">\n\t\t\t<div class=\"elementor-spacer-inner\"><\/div>\n\t\t<\/div>\n\t\t\t\t\t\t<\/div>\n\t\t\t\t<\/div>\n\t\t\t\t<div class=\"elementor-element elementor-element-c6bd9b4 elementor-widget elementor-widget-text-editor\" data-id=\"c6bd9b4\" data-element_type=\"widget\" data-e-type=\"widget\" data-widget_type=\"text-editor.default\">\n\t\t\t\t<div class=\"elementor-widget-container\">\n\t\t\t\t\t\t\t\t\t<p>Wasserz\u00e4hler werden von der Eichbeh\u00f6rde oder den staatlich anerkannten Pr\u00fcfstellen als geeicht bzw. beglaubigt gekennzeichnet. Das an zweiter Stelle stehende Zeichen (Jahresbezeichnung) gibt jeweils an, in welchem Jahr die Eichung bzw. Beglaubigung erfolgte.<br \/><br \/>Die <b>Eichung oder Beglaubigung<\/b> gilt nicht unbegrenzt. F\u00fcr die <b>Kaltwasserz\u00e4hler und somit auch f\u00fcr die Gartenwasserz\u00e4hler<\/b> betr\u00e4gt die G\u00fcltigkeitsdauer 6 Jahre.<br \/><br \/>Das bedeutet, dass sp\u00e4testens mit Ablauf dieser Fristen die Wasserz\u00e4hler erneut geeicht oder beglaubigt sein oder durch g\u00fcltig geeichte\/beglaubigte ersetzt werden m\u00fcssen (aus Kostengr\u00fcnden empfiehlt sich nur der Wechsel).<\/p>\t\t\t\t\t\t\t\t<\/div>\n\t\t\t\t<\/div>\n\t\t\t\t<div class=\"elementor-element elementor-element-874ca36 elementor-widget elementor-widget-spacer\" data-id=\"874ca36\" data-element_type=\"widget\" data-e-type=\"widget\" data-widget_type=\"spacer.default\">\n\t\t\t\t<div class=\"elementor-widget-container\">\n\t\t\t\t\t\t\t<div class=\"elementor-spacer\">\n\t\t\t<div class=\"elementor-spacer-inner\"><\/div>\n\t\t<\/div>\n\t\t\t\t\t\t<\/div>\n\t\t\t\t<\/div>\n\t\t\t\t<div class=\"elementor-element elementor-element-d474c2c elementor-widget elementor-widget-heading\" data-id=\"d474c2c\" data-element_type=\"widget\" data-e-type=\"widget\" data-widget_type=\"heading.default\">\n\t\t\t\t<div class=\"elementor-widget-container\">\n\t\t\t\t\t<h2 class=\"elementor-heading-title elementor-size-default\">Sie wollen Ihren Gartenwasserz\u00e4hler nach Ablauf der Eichfrist von 6 Jahren durch einen g\u00fcltig geeichten\/beglaubigten Wasserz\u00e4hler ersetzen?<\/h2>\t\t\t\t<\/div>\n\t\t\t\t<\/div>\n\t\t\t\t<div class=\"elementor-element elementor-element-5e61437 elementor-widget elementor-widget-spacer\" data-id=\"5e61437\" data-element_type=\"widget\" data-e-type=\"widget\" data-widget_type=\"spacer.default\">\n\t\t\t\t<div class=\"elementor-widget-container\">\n\t\t\t\t\t\t\t<div class=\"elementor-spacer\">\n\t\t\t<div class=\"elementor-spacer-inner\"><\/div>\n\t\t<\/div>\n\t\t\t\t\t\t<\/div>\n\t\t\t\t<\/div>\n\t\t\t\t<div class=\"elementor-element elementor-element-8ab53ab elementor-widget elementor-widget-text-editor\" data-id=\"8ab53ab\" data-element_type=\"widget\" data-e-type=\"widget\" data-widget_type=\"text-editor.default\">\n\t\t\t\t<div class=\"elementor-widget-container\">\n\t\t\t\t\t\t\t\t\t<p><b>So funktioniert der Wechsel:<\/b><br \/><br \/>W\u00e4hlen Sie aus den 4 m\u00f6glichen Varianten, die f\u00fcr Sie beste und preiswerteste Variante aus:<\/p>\t\t\t\t\t\t\t\t<\/div>\n\t\t\t\t<\/div>\n\t\t\t\t<div class=\"elementor-element elementor-element-85b9b6f elementor-widget elementor-widget-spacer\" data-id=\"85b9b6f\" data-element_type=\"widget\" data-e-type=\"widget\" data-widget_type=\"spacer.default\">\n\t\t\t\t<div class=\"elementor-widget-container\">\n\t\t\t\t\t\t\t<div class=\"elementor-spacer\">\n\t\t\t<div class=\"elementor-spacer-inner\"><\/div>\n\t\t<\/div>\n\t\t\t\t\t\t<\/div>\n\t\t\t\t<\/div>\n\t\t\t\t<div class=\"elementor-element elementor-element-ab55f44 elementor-widget elementor-widget-text-editor\" data-id=\"ab55f44\" data-element_type=\"widget\" data-e-type=\"widget\" data-widget_type=\"text-editor.default\">\n\t\t\t\t<div class=\"elementor-widget-container\">\n\t\t\t\t\t\t\t\t\t<p><b><u>Variante 1<\/u><\/b><\/p>\n<p>Sie beauftragen die FWA mbH mit dem Wechsel. Nutzen Sie doch gleich unser Formular \u201e<a href=\"https:\/\/www.fwa-ffo.de\/wp2\/wp-content\/uploads\/Formular_Kostenangebot_Auftragsbestaetigung_kundeneigener_Wasserzaehler.pdf\">Kostenangebot\/Autragsbest\u00e4tigung Wechselung\/Einbau\/Verplombung kundeneigener Wasserz\u00e4hler (Gartenwasserz\u00e4hler, Abwasserz\u00e4hler)<\/a>\u201c. Wir schicken Ihnen das Kostenangebot auf Wunsch auch gerne zu.<\/p>\n<p><b>Kosten:<\/b><\/p>\n<p><\/p>\t\t\t\t\t\t\t\t<\/div>\n\t\t\t\t<\/div>\n\t\t\t\t<div class=\"elementor-element elementor-element-ff13ff1 elementor-widget elementor-widget-eael-advanced-data-table\" data-id=\"ff13ff1\" data-element_type=\"widget\" data-e-type=\"widget\" data-widget_type=\"eael-advanced-data-table.default\">\n\t\t\t\t<div class=\"elementor-widget-container\">\n\t\t\t\t\t<div class=\"ea-advanced-data-table-wrap\" data-id=\"ff13ff1\"><div class=\"ea-advanced-data-table-wrap-inner\">\n                <table class=\"ea-advanced-data-table ea-advanced-data-table-static ea-advanced-data-table-ff13ff1\" data-id=\"ff13ff1\"><tbody><tr><td><p>Wechselung gleichzeitig mit dem Turnuswechsel des Hauptz\u00e4hlers:<\/p><\/td><td><p>37,31 \u20ac netto<\/p><\/td><\/tr><tr><td><\/td><td><p><strong>44,40 \u20ac brutto<\/strong><\/p><\/td><\/tr><tr><td><\/td><td><\/td><\/tr><tr><td>Wechselung nicht gleichzeitig mit dem Turnuswechsel des Hauptz\u00e4hlers:<\/td><td><p>67,21 \u20ac netto<\/p><\/td><\/tr><tr><td><\/td><td><p><strong>79,98 \u20ac brutto<\/strong><\/p><\/td><\/tr><\/tbody><\/table>\n            <\/div><\/div>\t\t\t\t<\/div>\n\t\t\t\t<\/div>\n\t\t\t\t<div class=\"elementor-element elementor-element-e308570 elementor-widget elementor-widget-spacer\" data-id=\"e308570\" data-element_type=\"widget\" data-e-type=\"widget\" data-widget_type=\"spacer.default\">\n\t\t\t\t<div class=\"elementor-widget-container\">\n\t\t\t\t\t\t\t<div class=\"elementor-spacer\">\n\t\t\t<div class=\"elementor-spacer-inner\"><\/div>\n\t\t<\/div>\n\t\t\t\t\t\t<\/div>\n\t\t\t\t<\/div>\n\t\t\t\t<div class=\"elementor-element elementor-element-1000aa7 elementor-widget elementor-widget-text-editor\" data-id=\"1000aa7\" data-element_type=\"widget\" data-e-type=\"widget\" data-widget_type=\"text-editor.default\">\n\t\t\t\t<div class=\"elementor-widget-container\">\n\t\t\t\t\t\t\t\t\t<p>Gerne beraten wir Sie, welches der beiden Angebote speziell f\u00fcr Sie zutrifft. Die Lieferung des Gartenwasserz\u00e4hlers sowie die notwendige Verplombung des Gartenwasserz\u00e4hlers ist in beiden F\u00e4llen bereits im Preis enthalten.<\/p>\t\t\t\t\t\t\t\t<\/div>\n\t\t\t\t<\/div>\n\t\t\t\t<div class=\"elementor-element elementor-element-295d460 elementor-widget elementor-widget-spacer\" data-id=\"295d460\" data-element_type=\"widget\" data-e-type=\"widget\" data-widget_type=\"spacer.default\">\n\t\t\t\t<div class=\"elementor-widget-container\">\n\t\t\t\t\t\t\t<div class=\"elementor-spacer\">\n\t\t\t<div class=\"elementor-spacer-inner\"><\/div>\n\t\t<\/div>\n\t\t\t\t\t\t<\/div>\n\t\t\t\t<\/div>\n\t\t\t\t<div class=\"elementor-element elementor-element-1fcda19 elementor-widget elementor-widget-text-editor\" data-id=\"1fcda19\" data-element_type=\"widget\" data-e-type=\"widget\" data-widget_type=\"text-editor.default\">\n\t\t\t\t<div class=\"elementor-widget-container\">\n\t\t\t\t\t\t\t\t\t<p><b><u>Variante 2<br \/><\/u><\/b><\/p><p>Sie beauftragen eine zugelassene Installationsfirma. Eine \u00dcbersicht aller bei der FWA mbH eingetragenen Fachfirmen entnehmen Sie bitte dem \u201e<a href=\"\/wp2\/trinkwasser\/installateurverzeichnis\/\">Installateurfachverzeichnis<\/a>\u201c. Dort sind die Installationsunternehmen, die die Leistung Ersteinbau\/Wechslung der Gartenwasserz\u00e4hler einschlie\u00dflich Plombierung des Gartenwasserz\u00e4hlers anbieten, separat aufgef\u00fchrt.<\/p><p><b>Kosten:<\/b><br \/>entsprechend Angebot der Fachfirma<\/p>\t\t\t\t\t\t\t\t<\/div>\n\t\t\t\t<\/div>\n\t\t\t\t<div class=\"elementor-element elementor-element-6103ff8 elementor-widget elementor-widget-spacer\" data-id=\"6103ff8\" data-element_type=\"widget\" data-e-type=\"widget\" data-widget_type=\"spacer.default\">\n\t\t\t\t<div class=\"elementor-widget-container\">\n\t\t\t\t\t\t\t<div class=\"elementor-spacer\">\n\t\t\t<div class=\"elementor-spacer-inner\"><\/div>\n\t\t<\/div>\n\t\t\t\t\t\t<\/div>\n\t\t\t\t<\/div>\n\t\t\t\t<div class=\"elementor-element elementor-element-09958b3 elementor-widget elementor-widget-text-editor\" data-id=\"09958b3\" data-element_type=\"widget\" data-e-type=\"widget\" data-widget_type=\"text-editor.default\">\n\t\t\t\t<div class=\"elementor-widget-container\">\n\t\t\t\t\t\t\t\t\t<p><b><u>Variante 3<br \/><\/u><\/b><\/p><p>Sie beauftragen mit dem Wechsel des Gartenwasserz\u00e4hlers eine nicht von der FWA mbH zugelassene Installationsfirma bzw. eine zugelassene Installationsfirma, die die Leistung Verplombung des Gartenwasserz\u00e4hlers nicht anbietet.<br \/><br \/>In diesem Fall fallen neben den Kosten der Fachfirma weitere Kosten f\u00fcr die erforderliche Plombierung des Gartenz\u00e4hlers an.<br \/><br \/><b>Kosten:<\/b><br \/>entsprechend Angebot der Fachfirma zzgl. Kosten Verplombung<\/p>\t\t\t\t\t\t\t\t<\/div>\n\t\t\t\t<\/div>\n\t\t\t\t<div class=\"elementor-element elementor-element-636d038 elementor-widget elementor-widget-spacer\" data-id=\"636d038\" data-element_type=\"widget\" data-e-type=\"widget\" data-widget_type=\"spacer.default\">\n\t\t\t\t<div class=\"elementor-widget-container\">\n\t\t\t\t\t\t\t<div class=\"elementor-spacer\">\n\t\t\t<div class=\"elementor-spacer-inner\"><\/div>\n\t\t<\/div>\n\t\t\t\t\t\t<\/div>\n\t\t\t\t<\/div>\n\t\t\t\t<div class=\"elementor-element elementor-element-c9b2b1a elementor-widget elementor-widget-eael-advanced-data-table\" data-id=\"c9b2b1a\" data-element_type=\"widget\" data-e-type=\"widget\" data-widget_type=\"eael-advanced-data-table.default\">\n\t\t\t\t<div class=\"elementor-widget-container\">\n\t\t\t\t\t<div class=\"ea-advanced-data-table-wrap\" data-id=\"c9b2b1a\"><div class=\"ea-advanced-data-table-wrap-inner\">\n                <table class=\"ea-advanced-data-table ea-advanced-data-table-static ea-advanced-data-table-c9b2b1a\" data-id=\"c9b2b1a\"><tbody><tr><td>Verplombung durch FWA mbH:<\/td><td><p>32,59 \u20ac netto<\/p><\/td><\/tr><tr><td><\/td><td><p><strong>38,78 \u20ac brutto<\/strong><\/p><\/td><\/tr><\/tbody><\/table>\n            <\/div><\/div>\t\t\t\t<\/div>\n\t\t\t\t<\/div>\n\t\t\t\t<div class=\"elementor-element elementor-element-c7ccb7a elementor-widget elementor-widget-spacer\" data-id=\"c7ccb7a\" data-element_type=\"widget\" data-e-type=\"widget\" data-widget_type=\"spacer.default\">\n\t\t\t\t<div class=\"elementor-widget-container\">\n\t\t\t\t\t\t\t<div class=\"elementor-spacer\">\n\t\t\t<div class=\"elementor-spacer-inner\"><\/div>\n\t\t<\/div>\n\t\t\t\t\t\t<\/div>\n\t\t\t\t<\/div>\n\t\t\t\t<div class=\"elementor-element elementor-element-8b15989 elementor-widget elementor-widget-text-editor\" data-id=\"8b15989\" data-element_type=\"widget\" data-e-type=\"widget\" data-widget_type=\"text-editor.default\">\n\t\t\t\t<div class=\"elementor-widget-container\">\n\t\t\t\t\t\t\t\t\t<p>Die Verplombung ist nach dem Z\u00e4hlerwechsel bei der FWA mbH zu beauftragen. Nutzen Sie f\u00fcr die Auftragserteilung an die FWA mbH das Formular: \u201e<a href=\"https:\/\/www.fwa-ffo.de\/wp2\/wp-content\/uploads\/Formular_Kostenangebot_Auftragsbestaetigung_kundeneigener_Wasserzaehler.pdf\">Kostenangebot\/Autragsbest\u00e4tigung Wechselung\/Einbau\/Verplombung kundeneigener Wasserz\u00e4hler (Gartenwasserz\u00e4hler, Abwasserz\u00e4hler)<\/a>\u201c. <\/p><p>Ohne Plombe kann der Z\u00e4hler leider nicht anerkannt werden.<\/p>\t\t\t\t\t\t\t\t<\/div>\n\t\t\t\t<\/div>\n\t\t\t\t<div class=\"elementor-element elementor-element-29f2030 elementor-widget elementor-widget-spacer\" data-id=\"29f2030\" data-element_type=\"widget\" data-e-type=\"widget\" data-widget_type=\"spacer.default\">\n\t\t\t\t<div class=\"elementor-widget-container\">\n\t\t\t\t\t\t\t<div class=\"elementor-spacer\">\n\t\t\t<div class=\"elementor-spacer-inner\"><\/div>\n\t\t<\/div>\n\t\t\t\t\t\t<\/div>\n\t\t\t\t<\/div>\n\t\t\t\t<div class=\"elementor-element elementor-element-31c3f02 elementor-widget elementor-widget-text-editor\" data-id=\"31c3f02\" data-element_type=\"widget\" data-e-type=\"widget\" data-widget_type=\"text-editor.default\">\n\t\t\t\t<div class=\"elementor-widget-container\">\n\t\t\t\t\t\t\t\t\t<p><b><u>Variante 4<br \/><\/u><\/b><\/p><p>Sie wechseln den Gartenwasserz\u00e4hler selbst. Der von Ihnen angeschaffte Gartenwasserz\u00e4hler muss von der Eichbeh\u00f6rde oder den staatlich anerkannten Pr\u00fcfstellen durch den Hauptstempel als geeicht bzw. beglaubigt gekennzeichnet worden sein.<br \/><br \/><b>Kosten:<\/b><br \/>Preis Gartenwasserz\u00e4hler entsprechend Angebot (z. B. Baumarkt).<br \/><br \/>In diesem Fall fallen neben den Anschaffungskosten des Gartenwasserz\u00e4hlers weitere Kosten durch die erforderliche Plombierung des Gartenwasserz\u00e4hlers an:<\/p>\t\t\t\t\t\t\t\t<\/div>\n\t\t\t\t<\/div>\n\t\t\t\t<div class=\"elementor-element elementor-element-24389a4 elementor-widget elementor-widget-spacer\" data-id=\"24389a4\" data-element_type=\"widget\" data-e-type=\"widget\" data-widget_type=\"spacer.default\">\n\t\t\t\t<div class=\"elementor-widget-container\">\n\t\t\t\t\t\t\t<div class=\"elementor-spacer\">\n\t\t\t<div class=\"elementor-spacer-inner\"><\/div>\n\t\t<\/div>\n\t\t\t\t\t\t<\/div>\n\t\t\t\t<\/div>\n\t\t\t\t<div class=\"elementor-element elementor-element-5792f17 elementor-widget elementor-widget-eael-advanced-data-table\" data-id=\"5792f17\" data-element_type=\"widget\" data-e-type=\"widget\" data-widget_type=\"eael-advanced-data-table.default\">\n\t\t\t\t<div class=\"elementor-widget-container\">\n\t\t\t\t\t<div class=\"ea-advanced-data-table-wrap\" data-id=\"5792f17\"><div class=\"ea-advanced-data-table-wrap-inner\">\n                <table class=\"ea-advanced-data-table ea-advanced-data-table-static ea-advanced-data-table-5792f17\" data-id=\"5792f17\"><tbody><tr><td>Verplombung durch FWA mbH:<\/td><td><p>32,59 \u20ac netto<\/p><\/td><\/tr><tr><td><\/td><td><p><strong>38,78 \u20ac brutto<\/strong><\/p><\/td><\/tr><\/tbody><\/table>\n            <\/div><\/div>\t\t\t\t<\/div>\n\t\t\t\t<\/div>\n\t\t\t\t<div class=\"elementor-element elementor-element-33544fe elementor-widget elementor-widget-spacer\" data-id=\"33544fe\" data-element_type=\"widget\" data-e-type=\"widget\" data-widget_type=\"spacer.default\">\n\t\t\t\t<div class=\"elementor-widget-container\">\n\t\t\t\t\t\t\t<div class=\"elementor-spacer\">\n\t\t\t<div class=\"elementor-spacer-inner\"><\/div>\n\t\t<\/div>\n\t\t\t\t\t\t<\/div>\n\t\t\t\t<\/div>\n\t\t\t\t<div class=\"elementor-element elementor-element-4b42b8c elementor-widget elementor-widget-text-editor\" data-id=\"4b42b8c\" data-element_type=\"widget\" data-e-type=\"widget\" data-widget_type=\"text-editor.default\">\n\t\t\t\t<div class=\"elementor-widget-container\">\n\t\t\t\t\t\t\t\t\t<p>Die Verplombung ist nach dem Z\u00e4hlerwechsel bei der FWA mbH zu beauftragen. Nutzen Sie f\u00fcr die Auftragserteilung an die FWA mbH das Formular: \u201e<a href=\"https:\/\/www.fwa-ffo.de\/wp2\/wp-content\/uploads\/Formular_Kostenangebot_Auftragsbestaetigung_kundeneigener_Wasserzaehler.pdf\">Kostenangebot\/Autragsbest\u00e4tigung Wechselung\/Einbau\/Verplombung kundeneigener Wasserz\u00e4hler (Gartenwasserz\u00e4hler, Abwasserz\u00e4hler)<\/a>\u201c.<\/p><p>Ohne Plombe kann der Z\u00e4hler leider nicht anerkannt werden.<\/p>\t\t\t\t\t\t\t\t<\/div>\n\t\t\t\t<\/div>\n\t\t\t\t<div class=\"elementor-element elementor-element-7a86648 elementor-widget elementor-widget-spacer\" data-id=\"7a86648\" data-element_type=\"widget\" data-e-type=\"widget\" data-widget_type=\"spacer.default\">\n\t\t\t\t<div class=\"elementor-widget-container\">\n\t\t\t\t\t\t\t<div class=\"elementor-spacer\">\n\t\t\t<div class=\"elementor-spacer-inner\"><\/div>\n\t\t<\/div>\n\t\t\t\t\t\t<\/div>\n\t\t\t\t<\/div>\n\t\t\t\t<div class=\"elementor-element elementor-element-5aed93c elementor-widget elementor-widget-text-editor\" data-id=\"5aed93c\" data-element_type=\"widget\" data-e-type=\"widget\" data-widget_type=\"text-editor.default\">\n\t\t\t\t<div class=\"elementor-widget-container\">\n\t\t\t\t\t\t\t\t\t<p>Die ausgewiesenen Preise sind g\u00fcltig ab 01.01.2026.<\/p>\t\t\t\t\t\t\t\t<\/div>\n\t\t\t\t<\/div>\n\t\t\t\t<div class=\"elementor-element elementor-element-c89d113 elementor-widget elementor-widget-spacer\" data-id=\"c89d113\" data-element_type=\"widget\" data-e-type=\"widget\" data-widget_type=\"spacer.default\">\n\t\t\t\t<div class=\"elementor-widget-container\">\n\t\t\t\t\t\t\t<div class=\"elementor-spacer\">\n\t\t\t<div class=\"elementor-spacer-inner\"><\/div>\n\t\t<\/div>\n\t\t\t\t\t\t<\/div>\n\t\t\t\t<\/div>\n\t\t\t\t<div class=\"elementor-element elementor-element-58c854e elementor-widget elementor-widget-text-editor\" data-id=\"58c854e\" data-element_type=\"widget\" data-e-type=\"widget\" data-widget_type=\"text-editor.default\">\n\t\t\t\t<div class=\"elementor-widget-container\">\n\t\t\t\t\t\t\t\t\t<p><b>Hinweis:<br \/>Erfolgt der Wechsel des Gartenwasserz\u00e4hlers bis zum 31.12. des Eichablaufjahres nicht, kann dieser ab dem 01.01. des Folgejahres leider nicht mehr in der Rechnungslegung ber\u00fccksichtigt werden. Beachten Sie deshalb unbedingt die seitens der FWA mbH auf Ihrer Trink- und Schmutzwasserrechnung gegebenen Hinweise. Das hei\u00dft, in dem laufenden Kalenderjahr ist die Wechslung des Gartenwasserz\u00e4hlers, einschlie\u00dflich Plombierung vorzunehmen und der FWA mbH mittels des Formblattes \u201eInstallationsanzeige\/Z\u00e4hlerwechselbeleg f\u00fcr kundeneigene Wasserz\u00e4hler\u201c anzuzeigen.<\/b><\/p>\t\t\t\t\t\t\t\t<\/div>\n\t\t\t\t<\/div>\n\t\t\t\t<div class=\"elementor-element elementor-element-27c3158 elementor-widget elementor-widget-spacer\" data-id=\"27c3158\" data-element_type=\"widget\" data-e-type=\"widget\" data-widget_type=\"spacer.default\">\n\t\t\t\t<div class=\"elementor-widget-container\">\n\t\t\t\t\t\t\t<div class=\"elementor-spacer\">\n\t\t\t<div class=\"elementor-spacer-inner\"><\/div>\n\t\t<\/div>\n\t\t\t\t\t\t<\/div>\n\t\t\t\t<\/div>\n\t\t\t\t\t<\/div>\n\t\t<\/div>\n\t\t\t\t\t<\/div>\n\t\t<\/section>\n\t\t\t\t<\/div>\n\t\t","protected":false},"excerpt":{"rendered":"<p>Gartenwasserz\u00e4hler Das Abwasserentgelt wird nach dem Trinkwasserverbrauch berechnet. Trinkwasser, das f\u00fcr die Gartenbew\u00e4sserung genutzt und deshalb nicht als Abwasser in die Kanalisation eingeleitet wird, kann bei der Berechnung des Entw\u00e4sserungsentgelts auf Antrag abgesetzt werden. Der Nachweis hierf\u00fcr ist \u00fcber einen kundeneigenen Gartenwasserz\u00e4hler zu erbringen, der den Bestimmungen des Eichgesetzes entsprechen muss. Die Kosten f\u00fcr die [&hellip;]<\/p>\n","protected":false},"author":1,"featured_media":0,"parent":6567,"menu_order":0,"comment_status":"closed","ping_status":"closed","template":"","meta":{"footnotes":""},"class_list":["post-2293","page","type-page","status-publish","hentry"],"_links":{"self":[{"href":"https:\/\/www.fwa-ffo.de\/wp2\/wp-json\/wp\/v2\/pages\/2293","targetHints":{"allow":["GET"]}}],"collection":[{"href":"https:\/\/www.fwa-ffo.de\/wp2\/wp-json\/wp\/v2\/pages"}],"about":[{"href":"https:\/\/www.fwa-ffo.de\/wp2\/wp-json\/wp\/v2\/types\/page"}],"author":[{"embeddable":true,"href":"https:\/\/www.fwa-ffo.de\/wp2\/wp-json\/wp\/v2\/users\/1"}],"replies":[{"embeddable":true,"href":"https:\/\/www.fwa-ffo.de\/wp2\/wp-json\/wp\/v2\/comments?post=2293"}],"version-history":[{"count":0,"href":"https:\/\/www.fwa-ffo.de\/wp2\/wp-json\/wp\/v2\/pages\/2293\/revisions"}],"up":[{"embeddable":true,"href":"https:\/\/www.fwa-ffo.de\/wp2\/wp-json\/wp\/v2\/pages\/6567"}],"wp:attachment":[{"href":"https:\/\/www.fwa-ffo.de\/wp2\/wp-json\/wp\/v2\/media?parent=2293"}],"curies":[{"name":"wp","href":"https:\/\/api.w.org\/{rel}","templated":true}]}}