{"id":2287,"date":"2021-11-22T09:15:52","date_gmt":"2021-11-22T08:15:52","guid":{"rendered":"https:\/\/www.fwa-ffo.de\/wp2\/?page_id=2287"},"modified":"2025-04-02T07:45:18","modified_gmt":"2025-04-02T05:45:18","slug":"installateurverzeichnis","status":"publish","type":"page","link":"https:\/\/www.fwa-ffo.de\/wp2\/trinkwasser\/installateurverzeichnis\/","title":{"rendered":"Installateurverzeichnis"},"content":{"rendered":"\t\t<div data-elementor-type=\"wp-page\" data-elementor-id=\"2287\" class=\"elementor elementor-2287\" data-elementor-post-type=\"page\">\n\t\t\t\t\t\t<section class=\"elementor-section elementor-top-section elementor-element elementor-element-5e04ecd elementor-section-boxed elementor-section-height-default elementor-section-height-default\" data-id=\"5e04ecd\" data-element_type=\"section\" data-e-type=\"section\">\n\t\t\t\t\t\t<div class=\"elementor-container elementor-column-gap-default\">\n\t\t\t\t\t<div class=\"elementor-column elementor-col-100 elementor-top-column elementor-element elementor-element-82033d0\" data-id=\"82033d0\" data-element_type=\"column\" data-e-type=\"column\">\n\t\t\t<div class=\"elementor-widget-wrap elementor-element-populated\">\n\t\t\t\t\t\t<div class=\"elementor-element elementor-element-8ce3a71 elementor-widget elementor-widget-heading\" data-id=\"8ce3a71\" data-element_type=\"widget\" data-e-type=\"widget\" data-widget_type=\"heading.default\">\n\t\t\t\t<div class=\"elementor-widget-container\">\n\t\t\t\t\t<h2 class=\"elementor-heading-title elementor-size-default\">Installateurverzeichnis<\/h2>\t\t\t\t<\/div>\n\t\t\t\t<\/div>\n\t\t\t\t<div class=\"elementor-element elementor-element-8330b8e elementor-widget elementor-widget-spacer\" data-id=\"8330b8e\" data-element_type=\"widget\" data-e-type=\"widget\" data-widget_type=\"spacer.default\">\n\t\t\t\t<div class=\"elementor-widget-container\">\n\t\t\t\t\t\t\t<div class=\"elementor-spacer\">\n\t\t\t<div class=\"elementor-spacer-inner\"><\/div>\n\t\t<\/div>\n\t\t\t\t\t\t<\/div>\n\t\t\t\t<\/div>\n\t\t\t\t<div class=\"elementor-element elementor-element-6091a6d elementor-widget elementor-widget-text-editor\" data-id=\"6091a6d\" data-element_type=\"widget\" data-e-type=\"widget\" data-widget_type=\"text-editor.default\">\n\t\t\t\t<div class=\"elementor-widget-container\">\n\t\t\t\t\t\t\t\t\t<p><b>Ihre Kundenanlage soll errichtet, erweitert oder ver\u00e4ndert werden?<\/b><br \/><br \/>Das darf nur ein Installateur.<br \/><br \/>Nach \u00a7 12 (2) der AVBWasserV (Verordnung \u00fcber allgemeine Bedingungen f\u00fcr die Versorgung mit Wasser), d\u00fcrfen nur Installationsunternehmen, die in einem Installateurverzeichnis eines Wasserversorgungsunternehmens eingetragen sind, Arbeiten an der Trinkwasserhausinstallation ausf\u00fchren.<br \/><br \/>Eine \u00dcbersicht aller bei der Frankfurter Wasser- und Abwassergesellschaft mbH (FWA mbH) eingetragenen Installateurunternehmen finden Sie in der folgenden \u00dcbersicht:<\/p>\t\t\t\t\t\t\t\t<\/div>\n\t\t\t\t<\/div>\n\t\t\t\t<div class=\"elementor-element elementor-element-7a675e2 elementor-widget elementor-widget-spacer\" data-id=\"7a675e2\" data-element_type=\"widget\" data-e-type=\"widget\" data-widget_type=\"spacer.default\">\n\t\t\t\t<div class=\"elementor-widget-container\">\n\t\t\t\t\t\t\t<div class=\"elementor-spacer\">\n\t\t\t<div class=\"elementor-spacer-inner\"><\/div>\n\t\t<\/div>\n\t\t\t\t\t\t<\/div>\n\t\t\t\t<\/div>\n\t\t\t\t<div class=\"elementor-element elementor-element-7139aed elementor-widget elementor-widget-spacer\" data-id=\"7139aed\" data-element_type=\"widget\" data-e-type=\"widget\" data-widget_type=\"spacer.default\">\n\t\t\t\t<div class=\"elementor-widget-container\">\n\t\t\t\t\t\t\t<div class=\"elementor-spacer\">\n\t\t\t<div class=\"elementor-spacer-inner\"><\/div>\n\t\t<\/div>\n\t\t\t\t\t\t<\/div>\n\t\t\t\t<\/div>\n\t\t\t\t<div class=\"elementor-element elementor-element-2bf7157 elementor-widget elementor-widget-button\" data-id=\"2bf7157\" data-element_type=\"widget\" data-e-type=\"widget\" data-widget_type=\"button.default\">\n\t\t\t\t<div class=\"elementor-widget-container\">\n\t\t\t\t\t\t\t\t\t<div class=\"elementor-button-wrapper\">\n\t\t\t\t\t<a class=\"elementor-button elementor-button-link elementor-size-sm\" href=\"https:\/\/www.fwa-ffo.de\/wp2\/wp-content\/uploads\/Installateurverzeichnis_20250402.pdf\" target=\"_blank\">\n\t\t\t\t\t\t<span class=\"elementor-button-content-wrapper\">\n\t\t\t\t\t\t<span class=\"elementor-button-icon\">\n\t\t\t\t<i aria-hidden=\"true\" class=\"far fa-file-pdf\"><\/i>\t\t\t<\/span>\n\t\t\t\t\t\t\t\t\t<span class=\"elementor-button-text\">Installateurverzeichnis<\/span>\n\t\t\t\t\t<\/span>\n\t\t\t\t\t<\/a>\n\t\t\t\t<\/div>\n\t\t\t\t\t\t\t\t<\/div>\n\t\t\t\t<\/div>\n\t\t\t\t<div class=\"elementor-element elementor-element-675288e elementor-widget elementor-widget-text-editor\" data-id=\"675288e\" data-element_type=\"widget\" data-e-type=\"widget\" data-widget_type=\"text-editor.default\">\n\t\t\t\t<div class=\"elementor-widget-container\">\n\t\t\t\t\t\t\t\t\t<p><b>Sie sind ein Installateurbetrieb und wollen sich in unserem Installateurverzeichnis listen lassen?<\/b><\/p>\t\t\t\t\t\t\t\t<\/div>\n\t\t\t\t<\/div>\n\t\t\t\t<div class=\"elementor-element elementor-element-0b45246 elementor-widget elementor-widget-spacer\" data-id=\"0b45246\" data-element_type=\"widget\" data-e-type=\"widget\" data-widget_type=\"spacer.default\">\n\t\t\t\t<div class=\"elementor-widget-container\">\n\t\t\t\t\t\t\t<div class=\"elementor-spacer\">\n\t\t\t<div class=\"elementor-spacer-inner\"><\/div>\n\t\t<\/div>\n\t\t\t\t\t\t<\/div>\n\t\t\t\t<\/div>\n\t\t\t\t<div class=\"elementor-element elementor-element-d43f166 elementor-widget elementor-widget-button\" data-id=\"d43f166\" data-element_type=\"widget\" data-e-type=\"widget\" data-widget_type=\"button.default\">\n\t\t\t\t<div class=\"elementor-widget-container\">\n\t\t\t\t\t\t\t\t\t<div class=\"elementor-button-wrapper\">\n\t\t\t\t\t<a class=\"elementor-button elementor-button-link elementor-size-sm\" href=\"https:\/\/www.fwa-ffo.de\/wp2\/wp-content\/uploads\/Formular_Antrag_Eintragung_Installateursverzeichnis.pdf\">\n\t\t\t\t\t\t<span class=\"elementor-button-content-wrapper\">\n\t\t\t\t\t\t<span class=\"elementor-button-icon\">\n\t\t\t\t<i aria-hidden=\"true\" class=\"far fa-file-pdf\"><\/i>\t\t\t<\/span>\n\t\t\t\t\t\t\t\t\t<span class=\"elementor-button-text\">Antrag auf Eintragung in das Installateurverzeichnis der FWA mbH <\/span>\n\t\t\t\t\t<\/span>\n\t\t\t\t\t<\/a>\n\t\t\t\t<\/div>\n\t\t\t\t\t\t\t\t<\/div>\n\t\t\t\t<\/div>\n\t\t\t\t<div class=\"elementor-element elementor-element-7a43616 elementor-widget elementor-widget-spacer\" data-id=\"7a43616\" data-element_type=\"widget\" data-e-type=\"widget\" data-widget_type=\"spacer.default\">\n\t\t\t\t<div class=\"elementor-widget-container\">\n\t\t\t\t\t\t\t<div class=\"elementor-spacer\">\n\t\t\t<div class=\"elementor-spacer-inner\"><\/div>\n\t\t<\/div>\n\t\t\t\t\t\t<\/div>\n\t\t\t\t<\/div>\n\t\t\t\t<div class=\"elementor-element elementor-element-77f7565 elementor-widget elementor-widget-text-editor\" data-id=\"77f7565\" data-element_type=\"widget\" data-e-type=\"widget\" data-widget_type=\"text-editor.default\">\n\t\t\t\t<div class=\"elementor-widget-container\">\n\t\t\t\t\t\t\t\t\t<p>Sie k\u00f6nnen sich nat\u00fcrlich auch gern direkt mit uns in Verbindung setzen. Wir helfen Ihnen bei Fragen oder Problemen gern weiter.<br \/>Unter Kontakt finden Sie unser Kontaktformular bzw. unsere Ansprechpartner mit der jeweiligen Telefonnummer.<\/p><p><b>Ein Gartenwasserz\u00e4hler soll eingebaut oder gewechselt werden?<\/b><\/p><p>Hinweise zur Antragstellung, Einbau bzw. Wechsel eines Gartenwasserz\u00e4hlers finden Sie unter<br \/>dem Punkt \u201e<a href=\"\/wp2\/trinkwasser\/gartenwasserzaehler\/\">Trinkwasser -&gt; Gartenwasserz\u00e4hler<\/a>\u201c auf dieser Webseite.<\/p>\t\t\t\t\t\t\t\t<\/div>\n\t\t\t\t<\/div>\n\t\t\t\t<div class=\"elementor-element elementor-element-323da70 elementor-widget elementor-widget-spacer\" data-id=\"323da70\" data-element_type=\"widget\" data-e-type=\"widget\" data-widget_type=\"spacer.default\">\n\t\t\t\t<div class=\"elementor-widget-container\">\n\t\t\t\t\t\t\t<div class=\"elementor-spacer\">\n\t\t\t<div class=\"elementor-spacer-inner\"><\/div>\n\t\t<\/div>\n\t\t\t\t\t\t<\/div>\n\t\t\t\t<\/div>\n\t\t\t\t\t<\/div>\n\t\t<\/div>\n\t\t\t\t\t<\/div>\n\t\t<\/section>\n\t\t\t\t<\/div>\n\t\t","protected":false},"excerpt":{"rendered":"<p>Installateurverzeichnis Ihre Kundenanlage soll errichtet, erweitert oder ver\u00e4ndert werden? Das darf nur ein Installateur. Nach \u00a7 12 (2) der AVBWasserV (Verordnung \u00fcber allgemeine Bedingungen f\u00fcr die Versorgung mit Wasser), d\u00fcrfen nur Installationsunternehmen, die in einem Installateurverzeichnis eines Wasserversorgungsunternehmens eingetragen sind, Arbeiten an der Trinkwasserhausinstallation ausf\u00fchren. Eine \u00dcbersicht aller bei der Frankfurter Wasser- und Abwassergesellschaft mbH [&hellip;]<\/p>\n","protected":false},"author":1,"featured_media":0,"parent":6567,"menu_order":0,"comment_status":"closed","ping_status":"closed","template":"","meta":{"footnotes":""},"class_list":["post-2287","page","type-page","status-publish","hentry"],"_links":{"self":[{"href":"https:\/\/www.fwa-ffo.de\/wp2\/wp-json\/wp\/v2\/pages\/2287","targetHints":{"allow":["GET"]}}],"collection":[{"href":"https:\/\/www.fwa-ffo.de\/wp2\/wp-json\/wp\/v2\/pages"}],"about":[{"href":"https:\/\/www.fwa-ffo.de\/wp2\/wp-json\/wp\/v2\/types\/page"}],"author":[{"embeddable":true,"href":"https:\/\/www.fwa-ffo.de\/wp2\/wp-json\/wp\/v2\/users\/1"}],"replies":[{"embeddable":true,"href":"https:\/\/www.fwa-ffo.de\/wp2\/wp-json\/wp\/v2\/comments?post=2287"}],"version-history":[{"count":0,"href":"https:\/\/www.fwa-ffo.de\/wp2\/wp-json\/wp\/v2\/pages\/2287\/revisions"}],"up":[{"embeddable":true,"href":"https:\/\/www.fwa-ffo.de\/wp2\/wp-json\/wp\/v2\/pages\/6567"}],"wp:attachment":[{"href":"https:\/\/www.fwa-ffo.de\/wp2\/wp-json\/wp\/v2\/media?parent=2287"}],"curies":[{"name":"wp","href":"https:\/\/api.w.org\/{rel}","templated":true}]}}