{"id":2163,"date":"2021-11-18T09:07:09","date_gmt":"2021-11-18T08:07:09","guid":{"rendered":"https:\/\/www.fwa-ffo.de\/wp2\/?page_id=2163"},"modified":"2022-03-21T11:46:40","modified_gmt":"2022-03-21T10:46:40","slug":"eigenwassernutzung","status":"publish","type":"page","link":"https:\/\/www.fwa-ffo.de\/wp2\/trinkwasser\/eigenwassernutzung\/","title":{"rendered":"Eigenwassernutzung"},"content":{"rendered":"\t\t<div data-elementor-type=\"wp-page\" data-elementor-id=\"2163\" class=\"elementor elementor-2163\" data-elementor-post-type=\"page\">\n\t\t\t\t\t\t<section class=\"elementor-section elementor-top-section elementor-element elementor-element-c1db28e elementor-section-boxed elementor-section-height-default elementor-section-height-default\" data-id=\"c1db28e\" data-element_type=\"section\" data-e-type=\"section\">\n\t\t\t\t\t\t<div class=\"elementor-container elementor-column-gap-default\">\n\t\t\t\t\t<div class=\"elementor-column elementor-col-100 elementor-top-column elementor-element elementor-element-81b1ef7\" data-id=\"81b1ef7\" data-element_type=\"column\" data-e-type=\"column\">\n\t\t\t<div class=\"elementor-widget-wrap elementor-element-populated\">\n\t\t\t\t\t\t<div class=\"elementor-element elementor-element-4dfdcb9 elementor-widget elementor-widget-heading\" data-id=\"4dfdcb9\" data-element_type=\"widget\" data-e-type=\"widget\" data-widget_type=\"heading.default\">\n\t\t\t\t<div class=\"elementor-widget-container\">\n\t\t\t\t\t<h2 class=\"elementor-heading-title elementor-size-default\">Eigenwassernutzung<\/h2>\t\t\t\t<\/div>\n\t\t\t\t<\/div>\n\t\t\t\t<div class=\"elementor-element elementor-element-79ee6fc elementor-widget elementor-widget-spacer\" data-id=\"79ee6fc\" data-element_type=\"widget\" data-e-type=\"widget\" data-widget_type=\"spacer.default\">\n\t\t\t\t<div class=\"elementor-widget-container\">\n\t\t\t\t\t\t\t<div class=\"elementor-spacer\">\n\t\t\t<div class=\"elementor-spacer-inner\"><\/div>\n\t\t<\/div>\n\t\t\t\t\t\t<\/div>\n\t\t\t\t<\/div>\n\t\t\t\t<div class=\"elementor-element elementor-element-8c5cfaf elementor-widget elementor-widget-text-editor\" data-id=\"8c5cfaf\" data-element_type=\"widget\" data-e-type=\"widget\" data-widget_type=\"text-editor.default\">\n\t\t\t\t<div class=\"elementor-widget-container\">\n\t\t\t\t\t\t\t\t\t<p>Bei der genehmigten Nutzung von Eigenwasser (Brunnen, Regenwasser) im Haushalt muss der Kunde eigene Wasserz\u00e4hler installieren, um seine Abwassereinleitungen aus der Regenwassernutzung bzw. Eigenwassernutzung nachzuweisen.<\/p>\n<p>Auch hier tr\u00e4gt der Kunde die Kosten f\u00fcr die Anschaffung, Wartung und Installation der Wasserz\u00e4hler.<br>Die Abrechnung erfolgt ebenfalls durch die FWA mbH.<\/p>Der Einbau des kundeneigenen Wasserz\u00e4hlers ist durch ein Formblatt \u201e<a href=\"https:\/\/www.fwa-ffo.de\/wp2\/wp-content\/uploads\/Formular_Installation_Wechsel_kundeneigener_Zaehler.pdf\">Installationsanzeige\/Z\u00e4hlerwechselbeleg f\u00fcr kundeneigene Wasserz\u00e4hler<\/a>\u201c bei der FWA mbH anzumelden.\t\t\t\t\t\t\t\t<\/div>\n\t\t\t\t<\/div>\n\t\t\t\t<div class=\"elementor-element elementor-element-82b32d5 elementor-widget elementor-widget-spacer\" data-id=\"82b32d5\" data-element_type=\"widget\" data-e-type=\"widget\" data-widget_type=\"spacer.default\">\n\t\t\t\t<div class=\"elementor-widget-container\">\n\t\t\t\t\t\t\t<div class=\"elementor-spacer\">\n\t\t\t<div class=\"elementor-spacer-inner\"><\/div>\n\t\t<\/div>\n\t\t\t\t\t\t<\/div>\n\t\t\t\t<\/div>\n\t\t\t\t\t<\/div>\n\t\t<\/div>\n\t\t\t\t\t<\/div>\n\t\t<\/section>\n\t\t\t\t<\/div>\n\t\t","protected":false},"excerpt":{"rendered":"<p>Eigenwassernutzung Bei der genehmigten Nutzung von Eigenwasser (Brunnen, Regenwasser) im Haushalt muss der Kunde eigene Wasserz\u00e4hler installieren, um seine Abwassereinleitungen aus der Regenwassernutzung bzw. Eigenwassernutzung nachzuweisen. Auch hier tr\u00e4gt der Kunde die Kosten f\u00fcr die Anschaffung, Wartung und Installation der Wasserz\u00e4hler.Die Abrechnung erfolgt ebenfalls durch die FWA mbH. Der Einbau des kundeneigenen Wasserz\u00e4hlers ist durch [&hellip;]<\/p>\n","protected":false},"author":1,"featured_media":0,"parent":6567,"menu_order":0,"comment_status":"closed","ping_status":"closed","template":"","meta":{"footnotes":""},"class_list":["post-2163","page","type-page","status-publish","hentry"],"_links":{"self":[{"href":"https:\/\/www.fwa-ffo.de\/wp2\/wp-json\/wp\/v2\/pages\/2163","targetHints":{"allow":["GET"]}}],"collection":[{"href":"https:\/\/www.fwa-ffo.de\/wp2\/wp-json\/wp\/v2\/pages"}],"about":[{"href":"https:\/\/www.fwa-ffo.de\/wp2\/wp-json\/wp\/v2\/types\/page"}],"author":[{"embeddable":true,"href":"https:\/\/www.fwa-ffo.de\/wp2\/wp-json\/wp\/v2\/users\/1"}],"replies":[{"embeddable":true,"href":"https:\/\/www.fwa-ffo.de\/wp2\/wp-json\/wp\/v2\/comments?post=2163"}],"version-history":[{"count":0,"href":"https:\/\/www.fwa-ffo.de\/wp2\/wp-json\/wp\/v2\/pages\/2163\/revisions"}],"up":[{"embeddable":true,"href":"https:\/\/www.fwa-ffo.de\/wp2\/wp-json\/wp\/v2\/pages\/6567"}],"wp:attachment":[{"href":"https:\/\/www.fwa-ffo.de\/wp2\/wp-json\/wp\/v2\/media?parent=2163"}],"curies":[{"name":"wp","href":"https:\/\/api.w.org\/{rel}","templated":true}]}}