{"id":2058,"date":"2021-11-10T12:42:44","date_gmt":"2021-11-10T11:42:44","guid":{"rendered":"https:\/\/www.fwa-ffo.de\/wp2\/?page_id=2058"},"modified":"2023-07-27T09:13:38","modified_gmt":"2023-07-27T07:13:38","slug":"checkliste-neuanschluss-trinkwasser","status":"publish","type":"page","link":"https:\/\/www.fwa-ffo.de\/wp2\/trinkwasser\/checkliste-neuanschluss-trinkwasser\/","title":{"rendered":"Checkliste Neuanschluss Trinkwasser"},"content":{"rendered":"\t\t<div data-elementor-type=\"wp-page\" data-elementor-id=\"2058\" class=\"elementor elementor-2058\" data-elementor-post-type=\"page\">\n\t\t\t\t\t\t<section class=\"elementor-section elementor-top-section elementor-element elementor-element-c0d64fa elementor-section-boxed elementor-section-height-default elementor-section-height-default\" data-id=\"c0d64fa\" data-element_type=\"section\" data-e-type=\"section\">\n\t\t\t\t\t\t<div class=\"elementor-container elementor-column-gap-default\">\n\t\t\t\t\t<div class=\"elementor-column elementor-col-100 elementor-top-column elementor-element elementor-element-c5ae1e6\" data-id=\"c5ae1e6\" data-element_type=\"column\" data-e-type=\"column\">\n\t\t\t<div class=\"elementor-widget-wrap elementor-element-populated\">\n\t\t\t\t\t\t<div class=\"elementor-element elementor-element-88db621 elementor-widget elementor-widget-heading\" data-id=\"88db621\" data-element_type=\"widget\" data-e-type=\"widget\" data-widget_type=\"heading.default\">\n\t\t\t\t<div class=\"elementor-widget-container\">\n\t\t\t\t\t<h2 class=\"elementor-heading-title elementor-size-default\">Checkliste Neuanschluss Trinkwasser<\/h2>\t\t\t\t<\/div>\n\t\t\t\t<\/div>\n\t\t\t\t<div class=\"elementor-element elementor-element-6b47a98 elementor-widget elementor-widget-spacer\" data-id=\"6b47a98\" data-element_type=\"widget\" data-e-type=\"widget\" data-widget_type=\"spacer.default\">\n\t\t\t\t<div class=\"elementor-widget-container\">\n\t\t\t\t\t\t\t<div class=\"elementor-spacer\">\n\t\t\t<div class=\"elementor-spacer-inner\"><\/div>\n\t\t<\/div>\n\t\t\t\t\t\t<\/div>\n\t\t\t\t<\/div>\n\t\t\t\t<section class=\"elementor-section elementor-inner-section elementor-element elementor-element-60f8ac6 elementor-section-boxed elementor-section-height-default elementor-section-height-default\" data-id=\"60f8ac6\" data-element_type=\"section\" data-e-type=\"section\">\n\t\t\t\t\t\t<div class=\"elementor-container elementor-column-gap-default\">\n\t\t\t\t\t<div class=\"elementor-column elementor-col-25 elementor-inner-column elementor-element elementor-element-1b200aa\" data-id=\"1b200aa\" data-element_type=\"column\" data-e-type=\"column\">\n\t\t\t<div class=\"elementor-widget-wrap elementor-element-populated\">\n\t\t\t\t\t\t<div class=\"elementor-element elementor-element-5f5c9b1 elementor-view-default elementor-widget elementor-widget-icon\" data-id=\"5f5c9b1\" data-element_type=\"widget\" data-e-type=\"widget\" data-widget_type=\"icon.default\">\n\t\t\t\t<div class=\"elementor-widget-container\">\n\t\t\t\t\t\t\t<div class=\"elementor-icon-wrapper\">\n\t\t\t<a class=\"elementor-icon\" href=\"#Antrag\">\n\t\t\t<i aria-hidden=\"true\" class=\"far fa-edit\"><\/i>\t\t\t<\/a>\n\t\t<\/div>\n\t\t\t\t\t\t<\/div>\n\t\t\t\t<\/div>\n\t\t\t\t<div class=\"elementor-element elementor-element-460a47d elementor-widget elementor-widget-heading\" data-id=\"460a47d\" data-element_type=\"widget\" data-e-type=\"widget\" data-widget_type=\"heading.default\">\n\t\t\t\t<div class=\"elementor-widget-container\">\n\t\t\t\t\t<h2 class=\"elementor-heading-title elementor-size-default\"><b>1. Schritt:<br>Antrag stellen<\/b><\/h2>\t\t\t\t<\/div>\n\t\t\t\t<\/div>\n\t\t\t\t\t<\/div>\n\t\t<\/div>\n\t\t\t\t<div class=\"elementor-column elementor-col-25 elementor-inner-column elementor-element elementor-element-cb54cbd\" data-id=\"cb54cbd\" data-element_type=\"column\" data-e-type=\"column\">\n\t\t\t<div class=\"elementor-widget-wrap elementor-element-populated\">\n\t\t\t\t\t\t<div class=\"elementor-element elementor-element-e16c8f8 elementor-view-default elementor-widget elementor-widget-icon\" data-id=\"e16c8f8\" data-element_type=\"widget\" data-e-type=\"widget\" data-widget_type=\"icon.default\">\n\t\t\t\t<div class=\"elementor-widget-container\">\n\t\t\t\t\t\t\t<div class=\"elementor-icon-wrapper\">\n\t\t\t<a class=\"elementor-icon\" href=\"#Pruefung\">\n\t\t\t<i aria-hidden=\"true\" class=\"fas fa-search\"><\/i>\t\t\t<\/a>\n\t\t<\/div>\n\t\t\t\t\t\t<\/div>\n\t\t\t\t<\/div>\n\t\t\t\t<div class=\"elementor-element elementor-element-3a2671f elementor-widget elementor-widget-heading\" data-id=\"3a2671f\" data-element_type=\"widget\" data-e-type=\"widget\" data-widget_type=\"heading.default\">\n\t\t\t\t<div class=\"elementor-widget-container\">\n\t\t\t\t\t<h2 class=\"elementor-heading-title elementor-size-default\"><b>2. Schritt: <br>Pr\u00fcfen des Antrags<\/b><\/h2>\t\t\t\t<\/div>\n\t\t\t\t<\/div>\n\t\t\t\t\t<\/div>\n\t\t<\/div>\n\t\t\t\t<div class=\"elementor-column elementor-col-25 elementor-inner-column elementor-element elementor-element-cdeb8bc\" data-id=\"cdeb8bc\" data-element_type=\"column\" data-e-type=\"column\">\n\t\t\t<div class=\"elementor-widget-wrap elementor-element-populated\">\n\t\t\t\t\t\t<div class=\"elementor-element elementor-element-abffa6d elementor-view-default elementor-widget elementor-widget-icon\" data-id=\"abffa6d\" data-element_type=\"widget\" data-e-type=\"widget\" data-widget_type=\"icon.default\">\n\t\t\t\t<div class=\"elementor-widget-container\">\n\t\t\t\t\t\t\t<div class=\"elementor-icon-wrapper\">\n\t\t\t<a class=\"elementor-icon\" href=\"#Angebot\">\n\t\t\t<i aria-hidden=\"true\" class=\"far fa-envelope\"><\/i>\t\t\t<\/a>\n\t\t<\/div>\n\t\t\t\t\t\t<\/div>\n\t\t\t\t<\/div>\n\t\t\t\t<div class=\"elementor-element elementor-element-5c93e41 elementor-widget elementor-widget-heading\" data-id=\"5c93e41\" data-element_type=\"widget\" data-e-type=\"widget\" data-widget_type=\"heading.default\">\n\t\t\t\t<div class=\"elementor-widget-container\">\n\t\t\t\t\t<h2 class=\"elementor-heading-title elementor-size-default\"><b>3. Schritt:<br>Kostenangebot<\/b><\/h2>\t\t\t\t<\/div>\n\t\t\t\t<\/div>\n\t\t\t\t\t<\/div>\n\t\t<\/div>\n\t\t\t\t<div class=\"elementor-column elementor-col-25 elementor-inner-column elementor-element elementor-element-ddd135b\" data-id=\"ddd135b\" data-element_type=\"column\" data-e-type=\"column\">\n\t\t\t<div class=\"elementor-widget-wrap elementor-element-populated\">\n\t\t\t\t\t\t<div class=\"elementor-element elementor-element-0ce19f0 elementor-view-default elementor-widget elementor-widget-icon\" data-id=\"0ce19f0\" data-element_type=\"widget\" data-e-type=\"widget\" data-widget_type=\"icon.default\">\n\t\t\t\t<div class=\"elementor-widget-container\">\n\t\t\t\t\t\t\t<div class=\"elementor-icon-wrapper\">\n\t\t\t<a class=\"elementor-icon\" href=\"#Auftrag\">\n\t\t\t<i aria-hidden=\"true\" class=\"fas fa-check-circle\"><\/i>\t\t\t<\/a>\n\t\t<\/div>\n\t\t\t\t\t\t<\/div>\n\t\t\t\t<\/div>\n\t\t\t\t<div class=\"elementor-element elementor-element-221e94e elementor-widget elementor-widget-heading\" data-id=\"221e94e\" data-element_type=\"widget\" data-e-type=\"widget\" data-widget_type=\"heading.default\">\n\t\t\t\t<div class=\"elementor-widget-container\">\n\t\t\t\t\t<h2 class=\"elementor-heading-title elementor-size-default\"><b>4. Schritt:<br>Auftragserteilung<\/b><\/h2>\t\t\t\t<\/div>\n\t\t\t\t<\/div>\n\t\t\t\t\t<\/div>\n\t\t<\/div>\n\t\t\t\t\t<\/div>\n\t\t<\/section>\n\t\t\t\t<div class=\"elementor-element elementor-element-6934b48 elementor-widget elementor-widget-spacer\" data-id=\"6934b48\" data-element_type=\"widget\" data-e-type=\"widget\" data-widget_type=\"spacer.default\">\n\t\t\t\t<div class=\"elementor-widget-container\">\n\t\t\t\t\t\t\t<div class=\"elementor-spacer\">\n\t\t\t<div class=\"elementor-spacer-inner\"><\/div>\n\t\t<\/div>\n\t\t\t\t\t\t<\/div>\n\t\t\t\t<\/div>\n\t\t\t\t\t<\/div>\n\t\t<\/div>\n\t\t\t\t\t<\/div>\n\t\t<\/section>\n\t\t\t\t<section class=\"elementor-section elementor-top-section elementor-element elementor-element-d8ac64e elementor-section-boxed elementor-section-height-default elementor-section-height-default\" data-id=\"d8ac64e\" data-element_type=\"section\" data-e-type=\"section\">\n\t\t\t\t\t\t<div class=\"elementor-container elementor-column-gap-default\">\n\t\t\t\t\t<div class=\"elementor-column elementor-col-100 elementor-top-column elementor-element elementor-element-a421a80\" data-id=\"a421a80\" data-element_type=\"column\" data-e-type=\"column\">\n\t\t\t<div class=\"elementor-widget-wrap elementor-element-populated\">\n\t\t\t\t\t\t<div class=\"elementor-element elementor-element-a3b98db elementor-widget elementor-widget-menu-anchor\" data-id=\"a3b98db\" data-element_type=\"widget\" data-e-type=\"widget\" data-widget_type=\"menu-anchor.default\">\n\t\t\t\t<div class=\"elementor-widget-container\">\n\t\t\t\t\t\t\t<div class=\"elementor-menu-anchor\" id=\"Antrag\"><\/div>\n\t\t\t\t\t\t<\/div>\n\t\t\t\t<\/div>\n\t\t\t\t<div class=\"elementor-element elementor-element-9c360dd elementor-widget elementor-widget-heading\" data-id=\"9c360dd\" data-element_type=\"widget\" data-e-type=\"widget\" data-widget_type=\"heading.default\">\n\t\t\t\t<div class=\"elementor-widget-container\">\n\t\t\t\t\t<h2 class=\"elementor-heading-title elementor-size-default\"><b>1. Schritt: Antrag stellen<\/b><\/h2>\t\t\t\t<\/div>\n\t\t\t\t<\/div>\n\t\t\t\t<div class=\"elementor-element elementor-element-80fdcd0 elementor-widget elementor-widget-text-editor\" data-id=\"80fdcd0\" data-element_type=\"widget\" data-e-type=\"widget\" data-widget_type=\"text-editor.default\">\n\t\t\t\t<div class=\"elementor-widget-container\">\n\t\t\t\t\t\t\t\t\t<p>Zur Antragstellung nutzen Sie bitte das Formular &#8222;<a href=\"\/wp2\/wp-content\/uploads\/Formular_Antrag_auf_Anschluss_an_das_Trinkwassernetz_Bauwasserzaehlerbereitstellung.pdf\">Antrag auf Anschluss an das Trinkwassernetz\/ Bauwasserz\u00e4hlerbereitstellung<\/a>\u201c.<\/p><div>Das Formular erhalten Sie pers\u00f6nlich bei der FWA mbH oder auf unserer Webseite unter dem Punkt &#8222;<a href=\"https:\/\/www.fwa-ffo.de\/wp2\/formulare\/\" target=\"_blank\" rel=\"noopener\">Formulare<\/a>&#8222;. <br><\/div><p>F\u00fcgen Sie dem Antrag die erforderlichen Planunterlagen (Kopie des amtlichen Lageplans, Grundriss des Geb\u00e4udes mit Darstellung des Kellers bzw. des Hausanschlussraumes, Schnittzeichnung) bei. Die vom Bauherrn vorgesehene Trasse der Hausanschlussleitung und der Standort der Wasserz\u00e4hleranlage m\u00fcssen im Lageplan und im Grundriss eingetragen sein. Stellen Sie den Antrag rechtzeitig, sp\u00e4testens aber zw\u00f6lf Wochen vor der geplanten Ausf\u00fchrung. Beachten Sie bitte, dass alle Unterlagen vollst\u00e4ndig vorliegen m\u00fcssen. Mit dem Antrag k\u00f6nnen Sie auch das Setzen eines Z\u00e4hlers f\u00fcr die Bauwasserbereitstellung veranlassen.<\/p><div>Der Bauwasserz\u00e4hler wird nach \u00dcberweisung der Kaution (siehe Preisblatt) und \u00dcbersendung des \u00dcberweisungsbeleges mit dem gew\u00fcnschten Aufstellungsdatum an \u201eAnschlusswesen&commat;fwa-ffo&period;de\u201c durch die FWA mbH eingebaut.<\/div><p>Nach Fertigstellung des Hausanschlusses wird der Bauwasserz\u00e4hler abgebaut und an die FWA mbH zur\u00fcckgegeben. Das erfolgt entweder durch die FWA mbH nach Information vom Mieter oder durch den Mieter selbst. Die R\u00fcckerstattung der Kaution erfolgt auf die im Antrag angegebene Kontoverbindung.<\/p>\t\t\t\t\t\t\t\t<\/div>\n\t\t\t\t<\/div>\n\t\t\t\t<div class=\"elementor-element elementor-element-62c9be1 elementor-widget elementor-widget-spacer\" data-id=\"62c9be1\" data-element_type=\"widget\" data-e-type=\"widget\" data-widget_type=\"spacer.default\">\n\t\t\t\t<div class=\"elementor-widget-container\">\n\t\t\t\t\t\t\t<div class=\"elementor-spacer\">\n\t\t\t<div class=\"elementor-spacer-inner\"><\/div>\n\t\t<\/div>\n\t\t\t\t\t\t<\/div>\n\t\t\t\t<\/div>\n\t\t\t\t<div class=\"elementor-element elementor-element-7eafb15 elementor-widget elementor-widget-menu-anchor\" data-id=\"7eafb15\" data-element_type=\"widget\" data-e-type=\"widget\" data-widget_type=\"menu-anchor.default\">\n\t\t\t\t<div class=\"elementor-widget-container\">\n\t\t\t\t\t\t\t<div class=\"elementor-menu-anchor\" id=\"Pruefung\"><\/div>\n\t\t\t\t\t\t<\/div>\n\t\t\t\t<\/div>\n\t\t\t\t<div class=\"elementor-element elementor-element-00c7fb8 elementor-widget elementor-widget-heading\" data-id=\"00c7fb8\" data-element_type=\"widget\" data-e-type=\"widget\" data-widget_type=\"heading.default\">\n\t\t\t\t<div class=\"elementor-widget-container\">\n\t\t\t\t\t<h2 class=\"elementor-heading-title elementor-size-default\"><b>2. Schritt: Pr\u00fcfen des Antrags<\/b><\/h2>\t\t\t\t<\/div>\n\t\t\t\t<\/div>\n\t\t\t\t<div class=\"elementor-element elementor-element-d8b0278 elementor-widget elementor-widget-text-editor\" data-id=\"d8b0278\" data-element_type=\"widget\" data-e-type=\"widget\" data-widget_type=\"text-editor.default\">\n\t\t\t\t<div class=\"elementor-widget-container\">\n\t\t\t\t\t\t\t\t\t<p>Die FWA mbH pr\u00fcft, ob der Grundst\u00fccksanschluss entsprechend Ihres Antrags realisierbar ist. Dies kann auch einen Vor-Ort-Termin einschlie\u00dfen. Dabei werden im Wesentlichen die Lage des Anschlusses und der Standort der Wasserz\u00e4hleranlage ermittelt.<\/p>\t\t\t\t\t\t\t\t<\/div>\n\t\t\t\t<\/div>\n\t\t\t\t<div class=\"elementor-element elementor-element-96e1ffd elementor-widget elementor-widget-spacer\" data-id=\"96e1ffd\" data-element_type=\"widget\" data-e-type=\"widget\" data-widget_type=\"spacer.default\">\n\t\t\t\t<div class=\"elementor-widget-container\">\n\t\t\t\t\t\t\t<div class=\"elementor-spacer\">\n\t\t\t<div class=\"elementor-spacer-inner\"><\/div>\n\t\t<\/div>\n\t\t\t\t\t\t<\/div>\n\t\t\t\t<\/div>\n\t\t\t\t<div class=\"elementor-element elementor-element-1420074 elementor-widget elementor-widget-menu-anchor\" data-id=\"1420074\" data-element_type=\"widget\" data-e-type=\"widget\" data-widget_type=\"menu-anchor.default\">\n\t\t\t\t<div class=\"elementor-widget-container\">\n\t\t\t\t\t\t\t<div class=\"elementor-menu-anchor\" id=\"Angebot\"><\/div>\n\t\t\t\t\t\t<\/div>\n\t\t\t\t<\/div>\n\t\t\t\t<div class=\"elementor-element elementor-element-d64aa49 elementor-widget elementor-widget-heading\" data-id=\"d64aa49\" data-element_type=\"widget\" data-e-type=\"widget\" data-widget_type=\"heading.default\">\n\t\t\t\t<div class=\"elementor-widget-container\">\n\t\t\t\t\t<h2 class=\"elementor-heading-title elementor-size-default\"><b>3. Schritt: Kostenangebot<\/b><\/h2>\t\t\t\t<\/div>\n\t\t\t\t<\/div>\n\t\t\t\t<div class=\"elementor-element elementor-element-b677ddb elementor-widget elementor-widget-text-editor\" data-id=\"b677ddb\" data-element_type=\"widget\" data-e-type=\"widget\" data-widget_type=\"text-editor.default\">\n\t\t\t\t<div class=\"elementor-widget-container\">\n\t\t\t\t\t\t\t\t\t<p>Ist der Anschluss des betreffenden Grundst\u00fccks an das \u00f6ffentliche Versorgungsnetz m\u00f6glich, unterbreitet die FWA mbH Ihnen ein konkretes Kostenangebot unter Ber\u00fccksichtigung gew\u00fcnschter Eigenleistungen. Die Eigenleistung besteht aus den Ausschachtungsarbeiten f\u00fcr den Rohrgraben auf dem privaten Grundst\u00fcck und dem Setzen der Mehrsparteneinf\u00fchrung. Die Rohrleitungen sollten in einer frostfreien Tiefe von 1,50 m liegen.<\/p>\t\t\t\t\t\t\t\t<\/div>\n\t\t\t\t<\/div>\n\t\t\t\t<div class=\"elementor-element elementor-element-bb425a2 elementor-widget elementor-widget-spacer\" data-id=\"bb425a2\" data-element_type=\"widget\" data-e-type=\"widget\" data-widget_type=\"spacer.default\">\n\t\t\t\t<div class=\"elementor-widget-container\">\n\t\t\t\t\t\t\t<div class=\"elementor-spacer\">\n\t\t\t<div class=\"elementor-spacer-inner\"><\/div>\n\t\t<\/div>\n\t\t\t\t\t\t<\/div>\n\t\t\t\t<\/div>\n\t\t\t\t<div class=\"elementor-element elementor-element-12fa416 elementor-widget elementor-widget-menu-anchor\" data-id=\"12fa416\" data-element_type=\"widget\" data-e-type=\"widget\" data-widget_type=\"menu-anchor.default\">\n\t\t\t\t<div class=\"elementor-widget-container\">\n\t\t\t\t\t\t\t<div class=\"elementor-menu-anchor\" id=\"Auftrag\"><\/div>\n\t\t\t\t\t\t<\/div>\n\t\t\t\t<\/div>\n\t\t\t\t<div class=\"elementor-element elementor-element-53297dd elementor-widget elementor-widget-heading\" data-id=\"53297dd\" data-element_type=\"widget\" data-e-type=\"widget\" data-widget_type=\"heading.default\">\n\t\t\t\t<div class=\"elementor-widget-container\">\n\t\t\t\t\t<h2 class=\"elementor-heading-title elementor-size-default\"><b>4. Schritt: Auftragserteilung<\/b><\/h2>\t\t\t\t<\/div>\n\t\t\t\t<\/div>\n\t\t\t\t<div class=\"elementor-element elementor-element-77f837a elementor-widget elementor-widget-text-editor\" data-id=\"77f837a\" data-element_type=\"widget\" data-e-type=\"widget\" data-widget_type=\"text-editor.default\">\n\t\t\t\t<div class=\"elementor-widget-container\">\n\t\t\t\t\t\t\t\t\t<p>M\u00f6chten Sie, dass der Anschluss entsprechend des Kostenangebots gebaut wird, teilen Sie das der FWA mbH in Form des \u201eAuftrages zum Anschluss an das Trinkwassernetz\u201c mit. Nach dieser Auftragserteilung erfolgt die Ausf\u00fchrung durch die FWA mbH und\/oder einer Vertragsfirma der FWA mbH.<\/p>\t\t\t\t\t\t\t\t<\/div>\n\t\t\t\t<\/div>\n\t\t\t\t<div class=\"elementor-element elementor-element-3c3c56e elementor-widget elementor-widget-spacer\" data-id=\"3c3c56e\" data-element_type=\"widget\" data-e-type=\"widget\" data-widget_type=\"spacer.default\">\n\t\t\t\t<div class=\"elementor-widget-container\">\n\t\t\t\t\t\t\t<div class=\"elementor-spacer\">\n\t\t\t<div class=\"elementor-spacer-inner\"><\/div>\n\t\t<\/div>\n\t\t\t\t\t\t<\/div>\n\t\t\t\t<\/div>\n\t\t\t\t<div class=\"elementor-element elementor-element-6a89fb0 elementor-widget elementor-widget-heading\" data-id=\"6a89fb0\" data-element_type=\"widget\" data-e-type=\"widget\" data-widget_type=\"heading.default\">\n\t\t\t\t<div class=\"elementor-widget-container\">\n\t\t\t\t\t<h2 class=\"elementor-heading-title elementor-size-default\"><b>Kosten<\/b><\/h2>\t\t\t\t<\/div>\n\t\t\t\t<\/div>\n\t\t\t\t<div class=\"elementor-element elementor-element-085e34d elementor-widget elementor-widget-text-editor\" data-id=\"085e34d\" data-element_type=\"widget\" data-e-type=\"widget\" data-widget_type=\"text-editor.default\">\n\t\t\t\t<div class=\"elementor-widget-container\">\n\t\t\t\t\t\t\t\t\t<p>Der Antragsteller muss die Kosten der Herstellung des Trinkwasserhausanschlusses und die Bereitstellung von Bauwasser gem\u00e4\u00df des g\u00fcltigen Preisblattes der Kommune bezahlen. In H\u00e4rtef\u00e4llen k\u00f6nnen mit der FWA mbH individuelle Ratenzahlungsvereinbarungen getroffen werden.<\/p>\t\t\t\t\t\t\t\t<\/div>\n\t\t\t\t<\/div>\n\t\t\t\t<div class=\"elementor-element elementor-element-8544454 elementor-widget elementor-widget-spacer\" data-id=\"8544454\" data-element_type=\"widget\" data-e-type=\"widget\" data-widget_type=\"spacer.default\">\n\t\t\t\t<div class=\"elementor-widget-container\">\n\t\t\t\t\t\t\t<div class=\"elementor-spacer\">\n\t\t\t<div class=\"elementor-spacer-inner\"><\/div>\n\t\t<\/div>\n\t\t\t\t\t\t<\/div>\n\t\t\t\t<\/div>\n\t\t\t\t<div class=\"elementor-element elementor-element-998157d elementor-widget elementor-widget-heading\" data-id=\"998157d\" data-element_type=\"widget\" data-e-type=\"widget\" data-widget_type=\"heading.default\">\n\t\t\t\t<div class=\"elementor-widget-container\">\n\t\t\t\t\t<h2 class=\"elementor-heading-title elementor-size-default\"><b>Rechtsgrundlagen<\/b><\/h2>\t\t\t\t<\/div>\n\t\t\t\t<\/div>\n\t\t\t\t<div class=\"elementor-element elementor-element-0da4afb elementor-widget elementor-widget-text-editor\" data-id=\"0da4afb\" data-element_type=\"widget\" data-e-type=\"widget\" data-widget_type=\"text-editor.default\">\n\t\t\t\t<div class=\"elementor-widget-container\">\n\t\t\t\t\t\t\t\t\t<p><a href=\"https:\/\/www.fwa-ffo.de\/wp2\/trinkwasser\/rechtsgrundlagen\/avbwasserv\/\">Allgemeine Versorgungsbedingungen f\u00fcr Wasser<\/a><br \/><a href=\"https:\/\/www.fwa-ffo.de\/wp2\/trinkwasser\/rechtsgrundlagen\/ergaenzende-versorgungsbedingungen-fuer-wasser\/\">Erg\u00e4nzende Versorgungsbedingungen f\u00fcr Wasser<\/a><br \/><a href=\"https:\/\/www.fwa-ffo.de\/wp2\/trinkwasser\/rechtsgrundlagen\/trinkwasserverordnung\/\">Trinkwasserverordnung<\/a><br \/><a href=\"https:\/\/www.fwa-ffo.de\/wp2\/trinkwasser\/rechtsgrundlagen\/satzungen\/\">Satzungen<\/a><\/p>\t\t\t\t\t\t\t\t<\/div>\n\t\t\t\t<\/div>\n\t\t\t\t<div class=\"elementor-element elementor-element-ca1d496 elementor-widget elementor-widget-spacer\" data-id=\"ca1d496\" data-element_type=\"widget\" data-e-type=\"widget\" data-widget_type=\"spacer.default\">\n\t\t\t\t<div class=\"elementor-widget-container\">\n\t\t\t\t\t\t\t<div class=\"elementor-spacer\">\n\t\t\t<div class=\"elementor-spacer-inner\"><\/div>\n\t\t<\/div>\n\t\t\t\t\t\t<\/div>\n\t\t\t\t<\/div>\n\t\t\t\t\t<\/div>\n\t\t<\/div>\n\t\t\t\t\t<\/div>\n\t\t<\/section>\n\t\t\t\t<\/div>\n\t\t","protected":false},"excerpt":{"rendered":"<p>Checkliste Neuanschluss Trinkwasser 1. Schritt:Antrag stellen 2. Schritt: Pr\u00fcfen des Antrags 3. Schritt:Kostenangebot 4. Schritt:Auftragserteilung 1. Schritt: Antrag stellen Zur Antragstellung nutzen Sie bitte das Formular &#8222;Antrag auf Anschluss an das Trinkwassernetz\/ Bauwasserz\u00e4hlerbereitstellung\u201c. Das Formular erhalten Sie pers\u00f6nlich bei der FWA mbH oder auf unserer Webseite unter dem Punkt &#8222;Formulare&#8222;. F\u00fcgen Sie dem Antrag die [&hellip;]<\/p>\n","protected":false},"author":1,"featured_media":0,"parent":6567,"menu_order":0,"comment_status":"closed","ping_status":"closed","template":"","meta":{"footnotes":""},"class_list":["post-2058","page","type-page","status-publish","hentry"],"_links":{"self":[{"href":"https:\/\/www.fwa-ffo.de\/wp2\/wp-json\/wp\/v2\/pages\/2058","targetHints":{"allow":["GET"]}}],"collection":[{"href":"https:\/\/www.fwa-ffo.de\/wp2\/wp-json\/wp\/v2\/pages"}],"about":[{"href":"https:\/\/www.fwa-ffo.de\/wp2\/wp-json\/wp\/v2\/types\/page"}],"author":[{"embeddable":true,"href":"https:\/\/www.fwa-ffo.de\/wp2\/wp-json\/wp\/v2\/users\/1"}],"replies":[{"embeddable":true,"href":"https:\/\/www.fwa-ffo.de\/wp2\/wp-json\/wp\/v2\/comments?post=2058"}],"version-history":[{"count":0,"href":"https:\/\/www.fwa-ffo.de\/wp2\/wp-json\/wp\/v2\/pages\/2058\/revisions"}],"up":[{"embeddable":true,"href":"https:\/\/www.fwa-ffo.de\/wp2\/wp-json\/wp\/v2\/pages\/6567"}],"wp:attachment":[{"href":"https:\/\/www.fwa-ffo.de\/wp2\/wp-json\/wp\/v2\/media?parent=2058"}],"curies":[{"name":"wp","href":"https:\/\/api.w.org\/{rel}","templated":true}]}}