{"id":1811,"date":"2021-11-10T09:16:21","date_gmt":"2021-11-10T08:16:21","guid":{"rendered":"https:\/\/www.fwa-ffo.de\/wp2\/?page_id=1811"},"modified":"2022-06-07T08:44:04","modified_gmt":"2022-06-07T06:44:04","slug":"kennzahlen-1994-2002","status":"publish","type":"page","link":"https:\/\/www.fwa-ffo.de\/wp2\/ueber-uns\/kennzahlen\/kennzahlen-1994-2002\/","title":{"rendered":"Kennzahlen 1994 &#8211; 2002"},"content":{"rendered":"\t\t<div data-elementor-type=\"wp-page\" data-elementor-id=\"1811\" class=\"elementor elementor-1811\" data-elementor-post-type=\"page\">\n\t\t\t\t\t\t<section class=\"elementor-section elementor-top-section elementor-element elementor-element-995c154 elementor-section-boxed elementor-section-height-default elementor-section-height-default\" data-id=\"995c154\" data-element_type=\"section\" data-e-type=\"section\">\n\t\t\t\t\t\t<div class=\"elementor-container elementor-column-gap-default\">\n\t\t\t\t\t<div class=\"elementor-column elementor-col-100 elementor-top-column elementor-element elementor-element-09a606b\" data-id=\"09a606b\" data-element_type=\"column\" data-e-type=\"column\">\n\t\t\t<div class=\"elementor-widget-wrap elementor-element-populated\">\n\t\t\t\t\t\t<div class=\"elementor-element elementor-element-255d4e2 elementor-widget elementor-widget-heading\" data-id=\"255d4e2\" data-element_type=\"widget\" data-e-type=\"widget\" data-widget_type=\"heading.default\">\n\t\t\t\t<div class=\"elementor-widget-container\">\n\t\t\t\t\t<h2 class=\"elementor-heading-title elementor-size-default\">Kennzahlen 1994 - 2002<\/h2>\t\t\t\t<\/div>\n\t\t\t\t<\/div>\n\t\t\t\t<div class=\"elementor-element elementor-element-94145b9 elementor-widget elementor-widget-spacer\" data-id=\"94145b9\" data-element_type=\"widget\" data-e-type=\"widget\" data-widget_type=\"spacer.default\">\n\t\t\t\t<div class=\"elementor-widget-container\">\n\t\t\t\t\t\t\t<div class=\"elementor-spacer\">\n\t\t\t<div class=\"elementor-spacer-inner\"><\/div>\n\t\t<\/div>\n\t\t\t\t\t\t<\/div>\n\t\t\t\t<\/div>\n\t\t\t\t<div class=\"elementor-element elementor-element-6926bd5 elementor-widget elementor-widget-eael-advanced-data-table\" data-id=\"6926bd5\" data-element_type=\"widget\" data-e-type=\"widget\" data-widget_type=\"eael-advanced-data-table.default\">\n\t\t\t\t<div class=\"elementor-widget-container\">\n\t\t\t\t\t<div class=\"ea-advanced-data-table-wrap\" data-id=\"6926bd5\"><div class=\"ea-advanced-data-table-wrap-inner\">\n                <table class=\"ea-advanced-data-table ea-advanced-data-table-static ea-advanced-data-table-6926bd5\" data-id=\"6926bd5\"><thead><tr><th><p><\/p><\/th><th><p><\/p><\/th><th><p>1994<\/p><\/th><th><p>1995<\/p><\/th><th><p>1996<\/p><\/th><th><p>1997<\/p><\/th><th><p>1998<\/p><\/th><th><p>1999<\/p><\/th><th><p>2000<\/p><\/th><th><p>2001<\/p><\/th><th><p>2002<\/p><\/th><\/tr><\/thead><tbody><tr><td><p><strong>Personal<\/strong><\/p><\/td><td><\/td><td><\/td><td><\/td><td><\/td><td><\/td><td><\/td><td><\/td><td><\/td><td><\/td><td><\/td><\/tr><tr><td>Gesamt (mit Azubi)<\/td><td>Personen<\/td><td>154<\/td><td>147<\/td><td>147<\/td><td>146<\/td><td>132<\/td><td>128<\/td><td>128<\/td><td>128<\/td><td>128<\/td><\/tr><tr><td>Gesch\u00e4ftsf\u00fchrer<\/td><td>Personen<\/td><td>3<\/td><td>1<\/td><td>1<\/td><td>1<\/td><td>1<\/td><td>1<\/td><td>1<\/td><td>1<\/td><td>1<\/td><\/tr><tr><td>Angestellte<\/td><td>Personen<\/td><td>71<\/td><td>66<\/td><td>67<\/td><td>68<\/td><td>62<\/td><td>61<\/td><td>60<\/td><td>60<\/td><td>58<\/td><\/tr><tr><td>Gewerblich T\u00e4tige<\/td><td>Personen<\/td><td>79<\/td><td>75<\/td><td>75<\/td><td>69<\/td><td>59<\/td><td>54<\/td><td>54<\/td><td>54<\/td><td>55<\/td><\/tr><tr><td>Auszubildende<\/td><td>Personen<\/td><td>3<\/td><td>5<\/td><td>4<\/td><td>8<\/td><td>10<\/td><td>12<\/td><td>13<\/td><td>13<\/td><td>14<\/td><\/tr><tr><td><p><strong>Versorgungsgebiet<\/strong><\/p><\/td><td><\/td><td><\/td><td><\/td><td><\/td><td><\/td><td><\/td><td><\/td><td><\/td><td><\/td><td><\/td><\/tr><tr><td>Einwohner des Versorgungsgebietes<\/td><td>Personen<\/td><td>88637<\/td><td>85494<\/td><td>84449<\/td><td>83062<\/td><td>81237<\/td><td>79492<\/td><td>77934<\/td><td>76408<\/td><td>74450<\/td><\/tr><tr><td>St\u00e4dte im Versorgungsgebiet<\/td><td>Anzahl<\/td><td>2<\/td><td>2<\/td><td>2<\/td><td>2<\/td><td>2<\/td><td>2<\/td><td>2<\/td><td>2<\/td><td>2<\/td><\/tr><tr><td>Gemeinden im Versorgungsgebiet<\/td><td>Anzahl<\/td><td>5<\/td><td>5<\/td><td>5<\/td><td>5<\/td><td>5<\/td><td>3<\/td><td>3<\/td><td>3<\/td><td>3<\/td><\/tr><tr><td>Gesamtfl\u00e4che<\/td><td>ha<\/td><td>27901<\/td><td>27901<\/td><td>27901<\/td><td>27901<\/td><td>27901<\/td><td>27901<\/td><td>27901<\/td><td>27901<\/td><td>27901<\/td><\/tr><tr><td><p><strong>Trinkwasserversorgung<\/strong><\/p><\/td><td><\/td><td><\/td><td><\/td><td><\/td><td><\/td><td><\/td><td><\/td><td><\/td><td><\/td><td><\/td><\/tr><tr><td>mit Trinkwasser versorgte Einwohner<\/td><td>Personen<\/td><td>88177<\/td><td>85188<\/td><td>84086<\/td><td>82901<\/td><td>81060<\/td><td>79307<\/td><td>77820<\/td><td>76302<\/td><td>74346<\/td><\/tr><tr><td>Trinkwasseranschlussgrad<\/td><td>%<\/td><td>99,5<\/td><td>99,6<\/td><td>99,6<\/td><td>99,8<\/td><td>99,8<\/td><td>99,8<\/td><td>99,9<\/td><td>99,9<\/td><td>99,9<\/td><\/tr><tr><td>Anzahl der Wasserwerke<\/td><td>St\u00fcck<\/td><td>2<\/td><td>2<\/td><td>2<\/td><td>2<\/td><td>1<\/td><td>1<\/td><td>1<\/td><td>1<\/td><td>2**<\/td><\/tr><tr><td>Kapazit\u00e4t (Q max.) der Wasserwerke<\/td><td>m\u00b3\/Tag<\/td><td>45200<\/td><td>45200<\/td><td>45200<\/td><td>26220*<\/td><td>26220<\/td><td>26220<\/td><td>26220<\/td><td>26220<\/td><td>27600<\/td><\/tr><tr><td>Druckerh\u00f6hungsanlagen im Rohrnetz<\/td><td>St\u00fcck<\/td><td>9<\/td><td>9<\/td><td>9<\/td><td>9<\/td><td>10<\/td><td>11<\/td><td>11<\/td><td>12<\/td><td>13<\/td><\/tr><tr><td>Trinkwasserbeh\u00e4lter im Rohrnetz - Anzahl<\/td><td>St\u00fcck<\/td><td>7<\/td><td>7<\/td><td>7<\/td><td>7<\/td><td>7<\/td><td>7<\/td><td>7<\/td><td>7<\/td><td>9<\/td><\/tr><tr><td>Speichervolumen im Rohrnetz<\/td><td>m\u00b3<\/td><td>26620<\/td><td>26620<\/td><td>26620<\/td><td>26620<\/td><td>26620<\/td><td>26620<\/td><td>26620<\/td><td>26620<\/td><td>28620<\/td><\/tr><tr><td>L\u00e4nge Trinkwassernetz (einschlie\u00dflich Hausanschl\u00fcsse)<\/td><td>km<\/td><td>358<\/td><td>375<\/td><td>387<\/td><td>392<\/td><td>411<\/td><td>415<\/td><td>416,9<\/td><td>428,53<\/td><td>450,2<\/td><\/tr><tr><td><p><strong>Abwasserentsorgung<\/strong><\/p><\/td><td><\/td><td><\/td><td><\/td><td><\/td><td><\/td><td><\/td><td><\/td><td><\/td><td><\/td><td><\/td><\/tr><tr><td>von Abwasser entsorgte Einwohner<\/td><td>Personen<\/td><td>83671<\/td><td>80963<\/td><td>79447<\/td><td>78648<\/td><td>77128<\/td><td>75479<\/td><td>74162<\/td><td>72667<\/td><td>71005<\/td><\/tr><tr><td><p>Abwasseranschlussgrad<\/p><\/td><td>%<\/td><td>94,4<\/td><td>94,7<\/td><td>94,1<\/td><td>94,7<\/td><td>94,9<\/td><td>95,0<\/td><td>95,2<\/td><td>95,1<\/td><td>95,4<\/td><\/tr><tr><td>Anzahl Kl\u00e4ranlagen<\/td><td>St\u00fcck<\/td><td>2<\/td><td>2<\/td><td>2<\/td><td>2<\/td><td>2<\/td><td>1<\/td><td>1<\/td><td>1<\/td><td>1<\/td><\/tr><tr><td><p>Kapazit\u00e4t Trockenwetterabfluss<\/p><\/td><td>m\u00b3\/h<\/td><td>1870<\/td><td>1870<\/td><td>1690<\/td><td>1690<\/td><td>1690<\/td><td>1630<\/td><td>1630<\/td><td>1630<\/td><td>1630<\/td><\/tr><tr><td><p>Kapazit\u00e4t Regenwetterabfluss<\/p><\/td><td>m\u00b3\/h<\/td><td>&nbsp;<\/td><td>&nbsp;<\/td><td>3360<\/td><td>3360<\/td><td>3360<\/td><td>3360<\/td><td>3260<\/td><td>3260<\/td><td>3260<\/td><\/tr><tr><td>Pumpwerke im Kanalnetz<\/td><td>St\u00fcck<\/td><td>30<\/td><td>36<\/td><td>55<\/td><td>65<\/td><td>72<\/td><td>80<\/td><td>83<\/td><td>90<\/td><td>93<\/td><\/tr><tr><td>L\u00e4nge Kanalnetz (einschl. Hausanschl\u00fcsse und Abwasserdruckleitungen)<\/td><td>km<\/td><td>313<\/td><td>324<\/td><td>396<\/td><td>405<\/td><td>425<\/td><td>434<\/td><td>446,7<\/td><td>476,57<\/td><td>488,6<\/td><\/tr><\/tbody><\/table>\n            <\/div><\/div>\t\t\t\t<\/div>\n\t\t\t\t<\/div>\n\t\t\t\t<div class=\"elementor-element elementor-element-6d6957a elementor-widget elementor-widget-text-editor\" data-id=\"6d6957a\" data-element_type=\"widget\" data-e-type=\"widget\" data-widget_type=\"text-editor.default\">\n\t\t\t\t<div class=\"elementor-widget-container\">\n\t\t\t\t\t\t\t\t\t<div>\u00a0<\/div><div>* Reduzierung bedingt durch die Au\u00dferbetriebnahme des Frankfurter Wasserwerkes<\/div><div>** \u00dcbernahme des Wasserwerkes M\u00fcllrose von der FIS GmbH<\/div>\t\t\t\t\t\t\t\t<\/div>\n\t\t\t\t<\/div>\n\t\t\t\t<div class=\"elementor-element elementor-element-40c4bf9 elementor-widget elementor-widget-spacer\" data-id=\"40c4bf9\" data-element_type=\"widget\" data-e-type=\"widget\" data-widget_type=\"spacer.default\">\n\t\t\t\t<div class=\"elementor-widget-container\">\n\t\t\t\t\t\t\t<div class=\"elementor-spacer\">\n\t\t\t<div class=\"elementor-spacer-inner\"><\/div>\n\t\t<\/div>\n\t\t\t\t\t\t<\/div>\n\t\t\t\t<\/div>\n\t\t\t\t\t<\/div>\n\t\t<\/div>\n\t\t\t\t\t<\/div>\n\t\t<\/section>\n\t\t\t\t<\/div>\n\t\t","protected":false},"excerpt":{"rendered":"<p>Kennzahlen 1994 &#8211; 2002 1994 1995 1996 1997 1998 1999 2000 2001 2002 Personal Gesamt (mit Azubi) Personen 154 147 147 146 132 128 128 128 128 Gesch\u00e4ftsf\u00fchrer Personen 3 1 1 1 1 1 1 1 1 Angestellte Personen 71 66 67 68 62 61 60 60 58 Gewerblich T\u00e4tige Personen 79 75 75 [&hellip;]<\/p>\n","protected":false},"author":1,"featured_media":0,"parent":6589,"menu_order":0,"comment_status":"closed","ping_status":"closed","template":"","meta":{"footnotes":""},"class_list":["post-1811","page","type-page","status-publish","hentry"],"_links":{"self":[{"href":"https:\/\/www.fwa-ffo.de\/wp2\/wp-json\/wp\/v2\/pages\/1811","targetHints":{"allow":["GET"]}}],"collection":[{"href":"https:\/\/www.fwa-ffo.de\/wp2\/wp-json\/wp\/v2\/pages"}],"about":[{"href":"https:\/\/www.fwa-ffo.de\/wp2\/wp-json\/wp\/v2\/types\/page"}],"author":[{"embeddable":true,"href":"https:\/\/www.fwa-ffo.de\/wp2\/wp-json\/wp\/v2\/users\/1"}],"replies":[{"embeddable":true,"href":"https:\/\/www.fwa-ffo.de\/wp2\/wp-json\/wp\/v2\/comments?post=1811"}],"version-history":[{"count":0,"href":"https:\/\/www.fwa-ffo.de\/wp2\/wp-json\/wp\/v2\/pages\/1811\/revisions"}],"up":[{"embeddable":true,"href":"https:\/\/www.fwa-ffo.de\/wp2\/wp-json\/wp\/v2\/pages\/6589"}],"wp:attachment":[{"href":"https:\/\/www.fwa-ffo.de\/wp2\/wp-json\/wp\/v2\/media?parent=1811"}],"curies":[{"name":"wp","href":"https:\/\/api.w.org\/{rel}","templated":true}]}}