{"id":10647,"date":"2025-05-08T10:02:17","date_gmt":"2025-05-08T08:02:17","guid":{"rendered":"https:\/\/www.fwa-ffo.de\/wp2\/?page_id=10647"},"modified":"2025-05-12T09:52:33","modified_gmt":"2025-05-12T07:52:33","slug":"barrierefreiheit","status":"publish","type":"page","link":"https:\/\/www.fwa-ffo.de\/wp2\/barrierefreiheit\/","title":{"rendered":"Barrierefreiheit"},"content":{"rendered":"\t\t<div data-elementor-type=\"wp-page\" data-elementor-id=\"10647\" class=\"elementor elementor-10647\" data-elementor-post-type=\"page\">\n\t\t\t\t\t\t<section class=\"elementor-section elementor-top-section elementor-element elementor-element-7a7dfaf elementor-section-boxed elementor-section-height-default elementor-section-height-default\" data-id=\"7a7dfaf\" data-element_type=\"section\" data-e-type=\"section\">\n\t\t\t\t\t\t<div class=\"elementor-container elementor-column-gap-default\">\n\t\t\t\t\t<div class=\"elementor-column elementor-col-100 elementor-top-column elementor-element elementor-element-14901e8\" data-id=\"14901e8\" data-element_type=\"column\" data-e-type=\"column\">\n\t\t\t<div class=\"elementor-widget-wrap elementor-element-populated\">\n\t\t\t\t\t\t<div class=\"elementor-element elementor-element-0da2446 elementor-widget elementor-widget-heading\" data-id=\"0da2446\" data-element_type=\"widget\" data-e-type=\"widget\" data-widget_type=\"heading.default\">\n\t\t\t\t<div class=\"elementor-widget-container\">\n\t\t\t\t\t<h2 class=\"elementor-heading-title elementor-size-default\">Barrierefreiheit<\/h2>\t\t\t\t<\/div>\n\t\t\t\t<\/div>\n\t\t\t\t<div class=\"elementor-element elementor-element-b3387e1 elementor-widget elementor-widget-spacer\" data-id=\"b3387e1\" data-element_type=\"widget\" data-e-type=\"widget\" data-widget_type=\"spacer.default\">\n\t\t\t\t<div class=\"elementor-widget-container\">\n\t\t\t\t\t\t\t<div class=\"elementor-spacer\">\n\t\t\t<div class=\"elementor-spacer-inner\"><\/div>\n\t\t<\/div>\n\t\t\t\t\t\t<\/div>\n\t\t\t\t<\/div>\n\t\t\t\t<div class=\"elementor-element elementor-element-fa919be elementor-widget elementor-widget-text-editor\" data-id=\"fa919be\" data-element_type=\"widget\" data-e-type=\"widget\" data-widget_type=\"text-editor.default\">\n\t\t\t\t<div class=\"elementor-widget-container\">\n\t\t\t\t\t\t\t\t\t<h2><strong>Erkl\u00e4rung zur Barrierefreiheit<\/strong><\/h2>\n<h3><strong>Voraussetzungen<\/strong><\/h3>\n<p>Diese Erkl\u00e4rung zur Barrierefreiheit gilt f\u00fcr die unter https:\/\/www.fwa-ffo.de ver\u00f6ffentlichte Website der FWA Frankfurter Wasser- und Abwassergesellschaft mbH.<\/p>\n<p>Als Unternehmen sind wir bem\u00fcht, unsere Websites und mobilen Anwendungen im Einklang mit den Bestimmungen des Barrierefreiheitsst\u00e4rkungsgesetz (BFSG) sowie der Verordnung zum Barrierefreiheitsst\u00e4rkungsgesetz (BFSGV) zur Umsetzung <br>der europ\u00e4ischen Barrierefreiheitsrichtlinie (Richtlinie (EU) 2019\/882 \u00fcber die Barrierefreiheitsanforderungen f\u00fcr Produkte und Dienstleistungen) barrierefrei zug\u00e4nglich zu machen.<\/p>\n<h3>F\u00fcr uns gelten folgende Rechtsvorschriften:<\/h3>\n<p>Gesetz des Landes Brandenburg zur Gleichstellung von Menschen mit Behinderungen (Brandenburgisches Behindertengleichstellungsgesetz &#8211; BbgBGG) und Brandenburgische Barrierefreie Informationstechnik-<br>Verordnung (BbgBITV)<\/p>\n<h3>Sprache<\/h3>\n<p>Wir sind bem\u00fcht, unsere Artikel einfach zu schreiben, sodass diese auch von Personen verstanden werden, die mit dem Thema nicht vertraut sind.<\/p>\n<h3>System- und technische Voraussetzungen<\/h3>\n<p>Diese Webseite basiert auf HTML, CSS und Javascript. F\u00fcr die vollst\u00e4ndige Darstellung der Seiten wird ein aktueller Web-Browser mit CSS-Unterst\u00fctzung ben\u00f6tigt. Das f\u00fcr die Navigation auf der Webseite verwendete Men\u00fc erfordert die Aktivierung von JavaScript im Browser. Einige Informationen und insbesondere die Formulare in unserem Onlineangebot liegen im PDF (Portable Document Format) vor. Zu deren Darstellung ben\u00f6tigen Sie einen PDF Reader.<\/p>\n<p>Unsere Seiten sind einheitlich aufgebaut und gliedern sich in folgende Bereiche:<\/p>\n<ul>\n<li>&#8222;Brotkrumen-Navigation&#8220; am oberen Bildschirmrand als Orientierungshilfe, feststehend,<\/li>\n<li>Logo und Navigationsbereich (inkl. Verlinkung zum Kundenportal) in der Kopfzeile, feststehend,<\/li>\n<li>Hauptnavigation \u00fcber ein sogenanntes Hamburger-Men\u00fc &#8222;3 \u00fcbereinanderliegende Balken&#8220; im rechten Bereich der Kopfzeile,<\/li>\n<li>Inhaltsbereich in der Bildschirmmitte,<\/li>\n<li>Sprungmarken in der unteren rechten Ecke der Fu\u00dfzeile erm\u00f6glichen es an den Seitenanfang (nach oben) zu springen<\/li>\n<li>Fu\u00dfzeile (mit Kontakt und Serviceinformationen) am Ende des Inhaltsbereiches, feststehend.<\/li>\n<\/ul>\n<h3>Links<\/h3>\n<p>Interne und externe Links werden durch eine hellblaue Schrift bzw. besondere Hervorhebung kenntlich gemacht. <br>Sobald die Maus \u00fcber einen Link positioniert wird, \u00e4ndert sich zus\u00e4tzlich der Mauszeiger.<\/p>\n<h3>Bedienung mit der Tastatur<\/h3>\n<p>Mit der Tabulatortaste (TAB) wird die Navigation ohne Maus erm\u00f6glicht. Der angesteuerte Link wird markiert und <br>durch Dr\u00fccken der Entertaste aktiviert.<\/p>\n<h3>Vergr\u00f6\u00dferung der Schrift<\/h3>\n<p>Die angezeigte Schriftgr\u00f6\u00dfe kann wie folgt ge\u00e4ndert werden:<\/p>\n<p>im Microsoft Edge \u00fcber: Men\u00fc &#8222;&#8230;&#8220; &gt; &#8222;Zoomen&#8220; &gt; &#8222;+&#8220; oder &#8222;-&#8220; oder durch Dr\u00fccken der <br>Tastenkombination &#8222;STRG&#8220; und &#8222;+&#8220; oder &#8222;STRG&#8220; und &#8222;-&#8220; (f\u00fcr Windows). <br>Die Tastenkombination &#8222;STRG&#8220; und &#8222;0&#8220; stellt den Ursprungszustand wieder her.<\/p>\n<p>in Mozilla Firefox \u00fcber: Men\u00fc &#8222;Ansicht&#8220; &gt; &#8222;Zoom&#8220; &gt; &#8222;Verkleiner&#8220; bzw. &#8222;Vergr\u00f6\u00dfern&#8220; oder mit der Tastatur <br>durch Dr\u00fccken der Tastenkombination &#8222;STRG&#8220; und &#8222;+&#8220; oder &#8222;STRG&#8220; und &#8222;-&#8220; (f\u00fcr Windows). <br>Die Tastenkombination &#8222;STRG&#8220; und &#8222;0&#8220; stellt den Ursprungszustand wieder her.<\/p>\n<p>Dar\u00fcber hinaus lassen sich Kontrast und Schriftfarben in jedem Browser \u00fcber die Internetoptionen individuell anpassen.<\/p>\n<h3>Stand der Vereinbarkeit mit den Anforderungen<\/h3>\n<p>Diese Website ist nicht vollst\u00e4ndig mit den f\u00fcr uns geltenden Vorschriften zur Barrierefreiheit vereinbar.<\/p>\n<p><span style=\"text-decoration: underline;\">Im Einzelnen:<\/span><\/p>\n<p>Unvereinbarkeit mit den Rechtsvorschriften zur Barrierefreiheit<\/p>\n<p>Die nachstehend aufgef\u00fchrten Inhalte sind nicht mit den einschl\u00e4gigen gesetzlichen Vorschriften zur<br>Barrierefreiheit vereinbar:<\/p>\n<ul>\n<li>Die Bereitstellung von Videos auf der Webseite erfolgt ohne Untertitel und Audiodeskription<\/li>\n<li>Teilweise sind die Beschreibungen von Links noch unvollst\u00e4ndig<\/li>\n<li>Nicht alle PDF-Dokumente entsprechen den Vorgaben der Barrierefreiheit<\/li>\n<li>Das Kontrastverh\u00e4ltnis von Hintergrund- und Vordergrundfarben ist an einigen Stellen, <br>aufgrund unseres Corporate Designs (Firmendesignvorgaben), nicht ausreichend<\/li>\n<\/ul>\n<h3>Evaluationsmethode<\/h3>\n<p>Die \u00dcberpr\u00fcfung der digitalen Barrierefreiheit wurde durch uns selbst durchgef\u00fchrt.<\/p>\n<h3>Feedback und Kontaktangaben<\/h3>\n<p>Sind Ihnen M\u00e4ngel beim barrierefreien Zugang zu Inhalten auf unserer Website aufgefallen oder haben Sie<br>Anmerkungen sowie Fragen zum barrierefreien Zugang? Melden Sie sich gerne bei uns unter:<\/p>\n<p><em>FWA Frankfurter Wasser- und Abwassergesellschaft mbH<\/em><br><em>Buschm\u00fchlenweg 171<\/em><br><em>15230 Frankfurt (Oder)<\/em><br><em>Tel. 0335 55869 0<\/em><br><em>E-Mail: kontakt@fwa-ffo.de<\/em><\/p>\n<h3>Durchsetzungsverfahren<\/h3>\n<p>Sollten Sie der Ansicht sein, dass Sie durch eine nicht ausreichende barrierefreie Gestaltung unserer<br>Website benachteiligt sind, k\u00f6nnen Sie sich an die zust\u00e4ndige Durchsetzungsstelle wenden. <br>Diese erreichen Sie unter:<\/p>\n<p><em>Ministerium f\u00fcr Soziales, Gesundheit, <\/em><br><em>Integration und Verbraucherschutz <\/em><br><em>des Landes Brandenburg<\/em><br><em>Landesbehindertenbeauftragte | Durchsetzungsstelle<\/em><br><em>Henning-von-Tresckow-Stra\u00dfe 2-13, Haus S<\/em><br><em>14467 Potsdam<\/em><\/p>\n<p>E-Mail: durchsetzung.bit@msgiv.brandenburg.de<\/p>\n<h3>Erstellung dieser Erkl\u00e4rung zur Barrierefreiheit<\/h3>\n<p>Diese Erkl\u00e4rung wurde am 08.05.2025 erstellt.<br>Die Erkl\u00e4rung wurde zuletzt am 08.05.2025 \u00fcberpr\u00fcft.<\/p>\t\t\t\t\t\t\t\t<\/div>\n\t\t\t\t<\/div>\n\t\t\t\t<div class=\"elementor-element elementor-element-3f60a4b elementor-widget elementor-widget-spacer\" data-id=\"3f60a4b\" data-element_type=\"widget\" data-e-type=\"widget\" data-widget_type=\"spacer.default\">\n\t\t\t\t<div class=\"elementor-widget-container\">\n\t\t\t\t\t\t\t<div class=\"elementor-spacer\">\n\t\t\t<div class=\"elementor-spacer-inner\"><\/div>\n\t\t<\/div>\n\t\t\t\t\t\t<\/div>\n\t\t\t\t<\/div>\n\t\t\t\t\t<\/div>\n\t\t<\/div>\n\t\t\t\t\t<\/div>\n\t\t<\/section>\n\t\t\t\t<\/div>\n\t\t","protected":false},"excerpt":{"rendered":"<p>Barrierefreiheit Erkl\u00e4rung zur Barrierefreiheit Voraussetzungen Diese Erkl\u00e4rung zur Barrierefreiheit gilt f\u00fcr die unter https:\/\/www.fwa-ffo.de ver\u00f6ffentlichte Website der FWA Frankfurter Wasser- und Abwassergesellschaft mbH. Als Unternehmen sind wir bem\u00fcht, unsere Websites und mobilen Anwendungen im Einklang mit den Bestimmungen des Barrierefreiheitsst\u00e4rkungsgesetz (BFSG) sowie der Verordnung zum Barrierefreiheitsst\u00e4rkungsgesetz (BFSGV) zur Umsetzung der europ\u00e4ischen Barrierefreiheitsrichtlinie (Richtlinie (EU) 2019\/882 [&hellip;]<\/p>\n","protected":false},"author":1,"featured_media":0,"parent":0,"menu_order":0,"comment_status":"closed","ping_status":"closed","template":"","meta":{"footnotes":""},"class_list":["post-10647","page","type-page","status-publish","hentry"],"_links":{"self":[{"href":"https:\/\/www.fwa-ffo.de\/wp2\/wp-json\/wp\/v2\/pages\/10647","targetHints":{"allow":["GET"]}}],"collection":[{"href":"https:\/\/www.fwa-ffo.de\/wp2\/wp-json\/wp\/v2\/pages"}],"about":[{"href":"https:\/\/www.fwa-ffo.de\/wp2\/wp-json\/wp\/v2\/types\/page"}],"author":[{"embeddable":true,"href":"https:\/\/www.fwa-ffo.de\/wp2\/wp-json\/wp\/v2\/users\/1"}],"replies":[{"embeddable":true,"href":"https:\/\/www.fwa-ffo.de\/wp2\/wp-json\/wp\/v2\/comments?post=10647"}],"version-history":[{"count":0,"href":"https:\/\/www.fwa-ffo.de\/wp2\/wp-json\/wp\/v2\/pages\/10647\/revisions"}],"wp:attachment":[{"href":"https:\/\/www.fwa-ffo.de\/wp2\/wp-json\/wp\/v2\/media?parent=10647"}],"curies":[{"name":"wp","href":"https:\/\/api.w.org\/{rel}","templated":true}]}}